{"id":4647,"date":"2020-12-10T14:17:32","date_gmt":"2020-12-10T14:17:32","guid":{"rendered":"http:\/\/trieste.green\/prodotto\/vitovska-2018-075lt-cacovich\/"},"modified":"2020-12-10T14:17:32","modified_gmt":"2020-12-10T14:17:32","slug":"vitovska-2018-075lt-cacovich","status":"publish","type":"product","link":"https:\/\/trieste.green\/sl\/prodotto\/vitovska-2018-075lt-cacovich\/","title":{"rendered":"Vitovska 2018 0,75lt &#8211; Cacovich"},"content":{"rendered":"<p>Metoda pridelave vina: \u0161tiridnevna fermentacija poteka v odprtih sodih brez nadzorovanja temperature. Aromati\u010dno, odlo\u010dno in polno vino z mineralnim zna\u010dajem in sve\u017eino. Vino zori v nerjave\u010dih posodah in nato 6 mesecev v steklenicah. Primerna temperatura za\u00a0serviranje vina\u00a0je 14\u201315 \u00b0C.<\/p>\n","protected":false},"excerpt":{"rendered":"<p class=\"p1\">Metoda pridelave vina: \u0161tiridnevna fermentacija poteka v odprtih sodih brez nadzorovanja temperature. Aromati\u010dno, odlo\u010dno in polno vino z mineralnim zna\u010dajem in sve\u017eino.<\/p>\n","protected":false},"featured_media":8645,"comment_status":"closed","ping_status":"closed","template":"","meta":[],"product_brand":[],"product_cat":[302],"product_tag":[343],"class_list":{"0":"post-4647","1":"product","2":"type-product","3":"status-publish","4":"has-post-thumbnail","6":"product_cat-vino-sl","7":"product_tag-kmetija-cacovich","8":"territorio-trst","9":"one-third","11":"first","12":"instock","13":"taxable","14":"shipping-taxable","15":"purchasable","16":"product-type-simple"},"yoast_head":"<!-- This site is optimized with the Yoast SEO plugin v26.6 - https:\/\/yoast.com\/wordpress\/plugins\/seo\/ -->\n<title>Vitovska 2018 0,75lt - Cacovich - Trieste Green<\/title>\n<meta name=\"robots\" content=\"index, follow, max-snippet:-1, max-image-preview:large, max-video-preview:-1\" \/>\n<link rel=\"canonical\" href=\"https:\/\/trieste.green\/sl\/prodotto\/vitovska-2018-075lt-cacovich\/\" \/>\n<meta property=\"og:locale\" content=\"sl_SI\" \/>\n<meta property=\"og:type\" content=\"article\" \/>\n<meta property=\"og:title\" content=\"Vitovska 2018 0,75lt - Cacovich - Trieste Green\" \/>\n<meta property=\"og:description\" content=\"Metoda pridelave vina: \u0161tiridnevna fermentacija poteka v odprtih sodih brez nadzorovanja temperature. Aromati\u010dno, odlo\u010dno in polno vino z mineralnim zna\u010dajem in sve\u017eino.\" \/>\n<meta property=\"og:url\" content=\"https:\/\/trieste.green\/sl\/prodotto\/vitovska-2018-075lt-cacovich\/\" \/>\n<meta property=\"og:site_name\" content=\"Trieste Green\" \/>\n<meta property=\"og:image\" content=\"https:\/\/trieste.green\/wp-content\/uploads\/2020\/12\/VitovskaCacovich-1.png\" \/>\n\t<meta property=\"og:image:width\" content=\"1920\" \/>\n\t<meta property=\"og:image:height\" content=\"1920\" \/>\n\t<meta property=\"og:image:type\" content=\"image\/png\" \/>\n<meta name=\"twitter:card\" content=\"summary_large_image\" \/>\n<script type=\"application\/ld+json\" class=\"yoast-schema-graph\">{\"@context\":\"https:\/\/schema.org\",\"@graph\":[{\"@type\":\"WebPage\",\"@id\":\"https:\/\/trieste.green\/sl\/prodotto\/vitovska-2018-075lt-cacovich\/\",\"url\":\"https:\/\/trieste.green\/sl\/prodotto\/vitovska-2018-075lt-cacovich\/\",\"name\":\"Vitovska 2018 0,75lt - Cacovich - Trieste Green\",\"isPartOf\":{\"@id\":\"https:\/\/trieste.green\/sl\/#website\"},\"primaryImageOfPage\":{\"@id\":\"https:\/\/trieste.green\/sl\/prodotto\/vitovska-2018-075lt-cacovich\/#primaryimage\"},\"image\":{\"@id\":\"https:\/\/trieste.green\/sl\/prodotto\/vitovska-2018-075lt-cacovich\/#primaryimage\"},\"thumbnailUrl\":\"https:\/\/trieste.green\/wp-content\/uploads\/2020\/12\/VitovskaCacovich-1.png\",\"datePublished\":\"2020-12-10T14:17:32+00:00\",\"breadcrumb\":{\"@id\":\"https:\/\/trieste.green\/sl\/prodotto\/vitovska-2018-075lt-cacovich\/#breadcrumb\"},\"inLanguage\":\"sl-SI\",\"potentialAction\":[{\"@type\":\"ReadAction\",\"target\":[\"https:\/\/trieste.green\/sl\/prodotto\/vitovska-2018-075lt-cacovich\/\"]}]},{\"@type\":\"ImageObject\",\"inLanguage\":\"sl-SI\",\"@id\":\"https:\/\/trieste.green\/sl\/prodotto\/vitovska-2018-075lt-cacovich\/#primaryimage\",\"url\":\"https:\/\/trieste.green\/wp-content\/uploads\/2020\/12\/VitovskaCacovich-1.png\",\"contentUrl\":\"https:\/\/trieste.green\/wp-content\/uploads\/2020\/12\/VitovskaCacovich-1.png\",\"width\":1920,\"height\":1920},{\"@type\":\"BreadcrumbList\",\"@id\":\"https:\/\/trieste.green\/sl\/prodotto\/vitovska-2018-075lt-cacovich\/#breadcrumb\",\"itemListElement\":[{\"@type\":\"ListItem\",\"position\":1,\"name\":\"Home\",\"item\":\"https:\/\/trieste.green\/sl\/\"},{\"@type\":\"ListItem\",\"position\":2,\"name\":\"Shop\",\"item\":\"https:\/\/trieste.green\/botega\/\"},{\"@type\":\"ListItem\",\"position\":3,\"name\":\"Vino\",\"item\":\"https:\/\/trieste.green\/sl\/categoria-prodotto\/vino-sl\/\"},{\"@type\":\"ListItem\",\"position\":4,\"name\":\"Vitovska 2018 0,75lt &#8211; Cacovich\"}]},{\"@type\":\"WebSite\",\"@id\":\"https:\/\/trieste.green\/sl\/#website\",\"url\":\"https:\/\/trieste.green\/sl\/\",\"name\":\"Trieste Green\",\"description\":\"\",\"publisher\":{\"@id\":\"https:\/\/trieste.green\/sl\/#organization\"},\"potentialAction\":[{\"@type\":\"SearchAction\",\"target\":{\"@type\":\"EntryPoint\",\"urlTemplate\":\"https:\/\/trieste.green\/sl\/?s={search_term_string}\"},\"query-input\":{\"@type\":\"PropertyValueSpecification\",\"valueRequired\":true,\"valueName\":\"search_term_string\"}}],\"inLanguage\":\"sl-SI\"},{\"@type\":\"Organization\",\"@id\":\"https:\/\/trieste.green\/sl\/#organization\",\"name\":\"Trieste Green\",\"url\":\"https:\/\/trieste.green\/sl\/\",\"logo\":{\"@type\":\"ImageObject\",\"inLanguage\":\"sl-SI\",\"@id\":\"https:\/\/trieste.green\/sl\/#\/schema\/logo\/image\/\",\"url\":\"http:\/\/trieste.green\/wp-content\/uploads\/2020\/08\/logo-tsgreen-1-128h.png\",\"contentUrl\":\"http:\/\/trieste.green\/wp-content\/uploads\/2020\/08\/logo-tsgreen-1-128h.png\",\"width\":128,\"height\":128,\"caption\":\"Trieste Green\"},\"image\":{\"@id\":\"https:\/\/trieste.green\/sl\/#\/schema\/logo\/image\/\"}}]}<\/script>\n<!-- \/ Yoast SEO plugin. -->","yoast_head_json":{"title":"Vitovska 2018 0,75lt - Cacovich - Trieste Green","robots":{"index":"index","follow":"follow","max-snippet":"max-snippet:-1","max-image-preview":"max-image-preview:large","max-video-preview":"max-video-preview:-1"},"canonical":"https:\/\/trieste.green\/sl\/prodotto\/vitovska-2018-075lt-cacovich\/","og_locale":"sl_SI","og_type":"article","og_title":"Vitovska 2018 0,75lt - Cacovich - Trieste Green","og_description":"Metoda pridelave vina: \u0161tiridnevna fermentacija poteka v odprtih sodih brez nadzorovanja temperature. Aromati\u010dno, odlo\u010dno in polno vino z mineralnim zna\u010dajem in sve\u017eino.","og_url":"https:\/\/trieste.green\/sl\/prodotto\/vitovska-2018-075lt-cacovich\/","og_site_name":"Trieste Green","og_image":[{"width":1920,"height":1920,"url":"https:\/\/trieste.green\/wp-content\/uploads\/2020\/12\/VitovskaCacovich-1.png","type":"image\/png"}],"twitter_card":"summary_large_image","schema":{"@context":"https:\/\/schema.org","@graph":[{"@type":"WebPage","@id":"https:\/\/trieste.green\/sl\/prodotto\/vitovska-2018-075lt-cacovich\/","url":"https:\/\/trieste.green\/sl\/prodotto\/vitovska-2018-075lt-cacovich\/","name":"Vitovska 2018 0,75lt - Cacovich - Trieste Green","isPartOf":{"@id":"https:\/\/trieste.green\/sl\/#website"},"primaryImageOfPage":{"@id":"https:\/\/trieste.green\/sl\/prodotto\/vitovska-2018-075lt-cacovich\/#primaryimage"},"image":{"@id":"https:\/\/trieste.green\/sl\/prodotto\/vitovska-2018-075lt-cacovich\/#primaryimage"},"thumbnailUrl":"https:\/\/trieste.green\/wp-content\/uploads\/2020\/12\/VitovskaCacovich-1.png","datePublished":"2020-12-10T14:17:32+00:00","breadcrumb":{"@id":"https:\/\/trieste.green\/sl\/prodotto\/vitovska-2018-075lt-cacovich\/#breadcrumb"},"inLanguage":"sl-SI","potentialAction":[{"@type":"ReadAction","target":["https:\/\/trieste.green\/sl\/prodotto\/vitovska-2018-075lt-cacovich\/"]}]},{"@type":"ImageObject","inLanguage":"sl-SI","@id":"https:\/\/trieste.green\/sl\/prodotto\/vitovska-2018-075lt-cacovich\/#primaryimage","url":"https:\/\/trieste.green\/wp-content\/uploads\/2020\/12\/VitovskaCacovich-1.png","contentUrl":"https:\/\/trieste.green\/wp-content\/uploads\/2020\/12\/VitovskaCacovich-1.png","width":1920,"height":1920},{"@type":"BreadcrumbList","@id":"https:\/\/trieste.green\/sl\/prodotto\/vitovska-2018-075lt-cacovich\/#breadcrumb","itemListElement":[{"@type":"ListItem","position":1,"name":"Home","item":"https:\/\/trieste.green\/sl\/"},{"@type":"ListItem","position":2,"name":"Shop","item":"https:\/\/trieste.green\/botega\/"},{"@type":"ListItem","position":3,"name":"Vino","item":"https:\/\/trieste.green\/sl\/categoria-prodotto\/vino-sl\/"},{"@type":"ListItem","position":4,"name":"Vitovska 2018 0,75lt &#8211; Cacovich"}]},{"@type":"WebSite","@id":"https:\/\/trieste.green\/sl\/#website","url":"https:\/\/trieste.green\/sl\/","name":"Trieste Green","description":"","publisher":{"@id":"https:\/\/trieste.green\/sl\/#organization"},"potentialAction":[{"@type":"SearchAction","target":{"@type":"EntryPoint","urlTemplate":"https:\/\/trieste.green\/sl\/?s={search_term_string}"},"query-input":{"@type":"PropertyValueSpecification","valueRequired":true,"valueName":"search_term_string"}}],"inLanguage":"sl-SI"},{"@type":"Organization","@id":"https:\/\/trieste.green\/sl\/#organization","name":"Trieste Green","url":"https:\/\/trieste.green\/sl\/","logo":{"@type":"ImageObject","inLanguage":"sl-SI","@id":"https:\/\/trieste.green\/sl\/#\/schema\/logo\/image\/","url":"http:\/\/trieste.green\/wp-content\/uploads\/2020\/08\/logo-tsgreen-1-128h.png","contentUrl":"http:\/\/trieste.green\/wp-content\/uploads\/2020\/08\/logo-tsgreen-1-128h.png","width":128,"height":128,"caption":"Trieste Green"},"image":{"@id":"https:\/\/trieste.green\/sl\/#\/schema\/logo\/image\/"}}]}},"_links":{"self":[{"href":"https:\/\/trieste.green\/sl\/wp-json\/wp\/v2\/product\/4647","targetHints":{"allow":["GET"]}}],"collection":[{"href":"https:\/\/trieste.green\/sl\/wp-json\/wp\/v2\/product"}],"about":[{"href":"https:\/\/trieste.green\/sl\/wp-json\/wp\/v2\/types\/product"}],"replies":[{"embeddable":true,"href":"https:\/\/trieste.green\/sl\/wp-json\/wp\/v2\/comments?post=4647"}],"wp:featuredmedia":[{"embeddable":true,"href":"https:\/\/trieste.green\/sl\/wp-json\/wp\/v2\/media\/8645"}],"wp:attachment":[{"href":"https:\/\/trieste.green\/sl\/wp-json\/wp\/v2\/media?parent=4647"}],"wp:term":[{"taxonomy":"product_brand","embeddable":true,"href":"https:\/\/trieste.green\/sl\/wp-json\/wp\/v2\/product_brand?post=4647"},{"taxonomy":"product_cat","embeddable":true,"href":"https:\/\/trieste.green\/sl\/wp-json\/wp\/v2\/product_cat?post=4647"},{"taxonomy":"product_tag","embeddable":true,"href":"https:\/\/trieste.green\/sl\/wp-json\/wp\/v2\/product_tag?post=4647"}],"curies":[{"name":"wp","href":"https:\/\/api.w.org\/{rel}","templated":true}]}}