{"id":4641,"date":"2020-12-10T14:48:50","date_gmt":"2020-12-10T14:48:50","guid":{"rendered":"http:\/\/trieste.green\/prodotto\/teran-2018-075lt-skerlj\/"},"modified":"2020-12-10T14:48:50","modified_gmt":"2020-12-10T14:48:50","slug":"teran-2018-075lt-skerlj","status":"publish","type":"product","link":"https:\/\/trieste.green\/sl\/prodotto\/teran-2018-075lt-skerlj\/","title":{"rendered":"Teran 2018 0,75lt &#8211; Skerlj"},"content":{"rendered":"<p>Sve\u017ee, \u017eivahno in mineralno. Teran Skerlja je rezultat sortne karakteristike vina, vpliv podro\u010dja, na katerem raste trta, minimalnih posegov v kleti in skrbne ter ro\u010dne obdelave vinograda. Vino se macerira 3 tedne, da bi tako pri\u0161le do izraza vse zna\u010dilnosti okoli\u0161a, v katerem se je rodilo. Kra\u0161ka zemlja daje vinu kislino, ta pa nudi zna\u010dilen sve\u017e in rahlo kisel okus, ki ni po godu vsem, a predstavlja avtenti\u010dno du\u0161o Krasa.<\/p>\n","protected":false},"excerpt":{"rendered":"<p class=\"p1\">Vino je rezultat minimalnih posegov v kleti in skrbne ter ro\u010dne obdelave vinograda. Zori 3 tedne na lastnih dro\u017eeh v majhnih sodih. Rezultat odra\u017ea posebnosti lokalnega vinorodnega okoli\u0161a.<\/p>\n","protected":false},"featured_media":13961,"comment_status":"closed","ping_status":"closed","template":"","meta":[],"product_brand":[],"product_cat":[335,302],"product_tag":[354],"class_list":{"0":"post-4641","1":"product","2":"type-product","3":"status-publish","4":"has-post-thumbnail","6":"product_cat-rdece-vino","7":"product_cat-vino-sl","8":"product_tag-kmecki-turizem-skerlj","9":"territorio-zgonik","10":"one-third","12":"first","13":"outofstock","14":"taxable","15":"shipping-taxable","16":"purchasable","17":"product-type-simple"},"yoast_head":"<!-- This site is optimized with the Yoast SEO plugin v26.6 - https:\/\/yoast.com\/wordpress\/plugins\/seo\/ -->\n<title>Teran 2018 0,75lt - Skerlj - Trieste Green<\/title>\n<meta name=\"robots\" content=\"index, follow, max-snippet:-1, max-image-preview:large, max-video-preview:-1\" \/>\n<link rel=\"canonical\" href=\"https:\/\/trieste.green\/sl\/prodotto\/teran-2018-075lt-skerlj\/\" \/>\n<meta property=\"og:locale\" content=\"sl_SI\" \/>\n<meta property=\"og:type\" content=\"article\" \/>\n<meta property=\"og:title\" content=\"Teran 2018 0,75lt - Skerlj - Trieste Green\" \/>\n<meta property=\"og:description\" content=\"Vino je rezultat minimalnih posegov v kleti in skrbne ter ro\u010dne obdelave vinograda. Zori 3 tedne na lastnih dro\u017eeh v majhnih sodih. Rezultat odra\u017ea posebnosti lokalnega vinorodnega okoli\u0161a.\" \/>\n<meta property=\"og:url\" content=\"https:\/\/trieste.green\/sl\/prodotto\/teran-2018-075lt-skerlj\/\" \/>\n<meta property=\"og:site_name\" content=\"Trieste Green\" \/>\n<meta property=\"og:image\" content=\"https:\/\/trieste.green\/wp-content\/uploads\/2020\/12\/terrano-skerlj.png\" \/>\n\t<meta property=\"og:image:width\" content=\"2000\" \/>\n\t<meta property=\"og:image:height\" content=\"2000\" \/>\n\t<meta property=\"og:image:type\" content=\"image\/png\" \/>\n<meta name=\"twitter:card\" content=\"summary_large_image\" \/>\n<script type=\"application\/ld+json\" class=\"yoast-schema-graph\">{\"@context\":\"https:\/\/schema.org\",\"@graph\":[{\"@type\":\"WebPage\",\"@id\":\"https:\/\/trieste.green\/sl\/prodotto\/teran-2018-075lt-skerlj\/\",\"url\":\"https:\/\/trieste.green\/sl\/prodotto\/teran-2018-075lt-skerlj\/\",\"name\":\"Teran 2018 0,75lt - Skerlj - Trieste Green\",\"isPartOf\":{\"@id\":\"https:\/\/trieste.green\/sl\/#website\"},\"primaryImageOfPage\":{\"@id\":\"https:\/\/trieste.green\/sl\/prodotto\/teran-2018-075lt-skerlj\/#primaryimage\"},\"image\":{\"@id\":\"https:\/\/trieste.green\/sl\/prodotto\/teran-2018-075lt-skerlj\/#primaryimage\"},\"thumbnailUrl\":\"https:\/\/trieste.green\/wp-content\/uploads\/2020\/12\/terrano-skerlj.png\",\"datePublished\":\"2020-12-10T14:48:50+00:00\",\"breadcrumb\":{\"@id\":\"https:\/\/trieste.green\/sl\/prodotto\/teran-2018-075lt-skerlj\/#breadcrumb\"},\"inLanguage\":\"sl-SI\",\"potentialAction\":[{\"@type\":\"ReadAction\",\"target\":[\"https:\/\/trieste.green\/sl\/prodotto\/teran-2018-075lt-skerlj\/\"]}]},{\"@type\":\"ImageObject\",\"inLanguage\":\"sl-SI\",\"@id\":\"https:\/\/trieste.green\/sl\/prodotto\/teran-2018-075lt-skerlj\/#primaryimage\",\"url\":\"https:\/\/trieste.green\/wp-content\/uploads\/2020\/12\/terrano-skerlj.png\",\"contentUrl\":\"https:\/\/trieste.green\/wp-content\/uploads\/2020\/12\/terrano-skerlj.png\",\"width\":2000,\"height\":2000},{\"@type\":\"BreadcrumbList\",\"@id\":\"https:\/\/trieste.green\/sl\/prodotto\/teran-2018-075lt-skerlj\/#breadcrumb\",\"itemListElement\":[{\"@type\":\"ListItem\",\"position\":1,\"name\":\"Home\",\"item\":\"https:\/\/trieste.green\/sl\/\"},{\"@type\":\"ListItem\",\"position\":2,\"name\":\"Shop\",\"item\":\"https:\/\/trieste.green\/botega\/\"},{\"@type\":\"ListItem\",\"position\":3,\"name\":\"Vino\",\"item\":\"https:\/\/trieste.green\/sl\/categoria-prodotto\/vino-sl\/\"},{\"@type\":\"ListItem\",\"position\":4,\"name\":\"Rde\u010de Vino\",\"item\":\"https:\/\/trieste.green\/sl\/categoria-prodotto\/vino-sl\/rdece-vino\/\"},{\"@type\":\"ListItem\",\"position\":5,\"name\":\"Teran 2018 0,75lt &#8211; Skerlj\"}]},{\"@type\":\"WebSite\",\"@id\":\"https:\/\/trieste.green\/sl\/#website\",\"url\":\"https:\/\/trieste.green\/sl\/\",\"name\":\"Trieste Green\",\"description\":\"\",\"publisher\":{\"@id\":\"https:\/\/trieste.green\/sl\/#organization\"},\"potentialAction\":[{\"@type\":\"SearchAction\",\"target\":{\"@type\":\"EntryPoint\",\"urlTemplate\":\"https:\/\/trieste.green\/sl\/?s={search_term_string}\"},\"query-input\":{\"@type\":\"PropertyValueSpecification\",\"valueRequired\":true,\"valueName\":\"search_term_string\"}}],\"inLanguage\":\"sl-SI\"},{\"@type\":\"Organization\",\"@id\":\"https:\/\/trieste.green\/sl\/#organization\",\"name\":\"Trieste Green\",\"url\":\"https:\/\/trieste.green\/sl\/\",\"logo\":{\"@type\":\"ImageObject\",\"inLanguage\":\"sl-SI\",\"@id\":\"https:\/\/trieste.green\/sl\/#\/schema\/logo\/image\/\",\"url\":\"http:\/\/trieste.green\/wp-content\/uploads\/2020\/08\/logo-tsgreen-1-128h.png\",\"contentUrl\":\"http:\/\/trieste.green\/wp-content\/uploads\/2020\/08\/logo-tsgreen-1-128h.png\",\"width\":128,\"height\":128,\"caption\":\"Trieste Green\"},\"image\":{\"@id\":\"https:\/\/trieste.green\/sl\/#\/schema\/logo\/image\/\"}}]}<\/script>\n<!-- \/ Yoast SEO plugin. -->","yoast_head_json":{"title":"Teran 2018 0,75lt - Skerlj - Trieste Green","robots":{"index":"index","follow":"follow","max-snippet":"max-snippet:-1","max-image-preview":"max-image-preview:large","max-video-preview":"max-video-preview:-1"},"canonical":"https:\/\/trieste.green\/sl\/prodotto\/teran-2018-075lt-skerlj\/","og_locale":"sl_SI","og_type":"article","og_title":"Teran 2018 0,75lt - Skerlj - Trieste Green","og_description":"Vino je rezultat minimalnih posegov v kleti in skrbne ter ro\u010dne obdelave vinograda. Zori 3 tedne na lastnih dro\u017eeh v majhnih sodih. Rezultat odra\u017ea posebnosti lokalnega vinorodnega okoli\u0161a.","og_url":"https:\/\/trieste.green\/sl\/prodotto\/teran-2018-075lt-skerlj\/","og_site_name":"Trieste Green","og_image":[{"width":2000,"height":2000,"url":"https:\/\/trieste.green\/wp-content\/uploads\/2020\/12\/terrano-skerlj.png","type":"image\/png"}],"twitter_card":"summary_large_image","schema":{"@context":"https:\/\/schema.org","@graph":[{"@type":"WebPage","@id":"https:\/\/trieste.green\/sl\/prodotto\/teran-2018-075lt-skerlj\/","url":"https:\/\/trieste.green\/sl\/prodotto\/teran-2018-075lt-skerlj\/","name":"Teran 2018 0,75lt - Skerlj - Trieste Green","isPartOf":{"@id":"https:\/\/trieste.green\/sl\/#website"},"primaryImageOfPage":{"@id":"https:\/\/trieste.green\/sl\/prodotto\/teran-2018-075lt-skerlj\/#primaryimage"},"image":{"@id":"https:\/\/trieste.green\/sl\/prodotto\/teran-2018-075lt-skerlj\/#primaryimage"},"thumbnailUrl":"https:\/\/trieste.green\/wp-content\/uploads\/2020\/12\/terrano-skerlj.png","datePublished":"2020-12-10T14:48:50+00:00","breadcrumb":{"@id":"https:\/\/trieste.green\/sl\/prodotto\/teran-2018-075lt-skerlj\/#breadcrumb"},"inLanguage":"sl-SI","potentialAction":[{"@type":"ReadAction","target":["https:\/\/trieste.green\/sl\/prodotto\/teran-2018-075lt-skerlj\/"]}]},{"@type":"ImageObject","inLanguage":"sl-SI","@id":"https:\/\/trieste.green\/sl\/prodotto\/teran-2018-075lt-skerlj\/#primaryimage","url":"https:\/\/trieste.green\/wp-content\/uploads\/2020\/12\/terrano-skerlj.png","contentUrl":"https:\/\/trieste.green\/wp-content\/uploads\/2020\/12\/terrano-skerlj.png","width":2000,"height":2000},{"@type":"BreadcrumbList","@id":"https:\/\/trieste.green\/sl\/prodotto\/teran-2018-075lt-skerlj\/#breadcrumb","itemListElement":[{"@type":"ListItem","position":1,"name":"Home","item":"https:\/\/trieste.green\/sl\/"},{"@type":"ListItem","position":2,"name":"Shop","item":"https:\/\/trieste.green\/botega\/"},{"@type":"ListItem","position":3,"name":"Vino","item":"https:\/\/trieste.green\/sl\/categoria-prodotto\/vino-sl\/"},{"@type":"ListItem","position":4,"name":"Rde\u010de Vino","item":"https:\/\/trieste.green\/sl\/categoria-prodotto\/vino-sl\/rdece-vino\/"},{"@type":"ListItem","position":5,"name":"Teran 2018 0,75lt &#8211; Skerlj"}]},{"@type":"WebSite","@id":"https:\/\/trieste.green\/sl\/#website","url":"https:\/\/trieste.green\/sl\/","name":"Trieste Green","description":"","publisher":{"@id":"https:\/\/trieste.green\/sl\/#organization"},"potentialAction":[{"@type":"SearchAction","target":{"@type":"EntryPoint","urlTemplate":"https:\/\/trieste.green\/sl\/?s={search_term_string}"},"query-input":{"@type":"PropertyValueSpecification","valueRequired":true,"valueName":"search_term_string"}}],"inLanguage":"sl-SI"},{"@type":"Organization","@id":"https:\/\/trieste.green\/sl\/#organization","name":"Trieste Green","url":"https:\/\/trieste.green\/sl\/","logo":{"@type":"ImageObject","inLanguage":"sl-SI","@id":"https:\/\/trieste.green\/sl\/#\/schema\/logo\/image\/","url":"http:\/\/trieste.green\/wp-content\/uploads\/2020\/08\/logo-tsgreen-1-128h.png","contentUrl":"http:\/\/trieste.green\/wp-content\/uploads\/2020\/08\/logo-tsgreen-1-128h.png","width":128,"height":128,"caption":"Trieste Green"},"image":{"@id":"https:\/\/trieste.green\/sl\/#\/schema\/logo\/image\/"}}]}},"_links":{"self":[{"href":"https:\/\/trieste.green\/sl\/wp-json\/wp\/v2\/product\/4641","targetHints":{"allow":["GET"]}}],"collection":[{"href":"https:\/\/trieste.green\/sl\/wp-json\/wp\/v2\/product"}],"about":[{"href":"https:\/\/trieste.green\/sl\/wp-json\/wp\/v2\/types\/product"}],"replies":[{"embeddable":true,"href":"https:\/\/trieste.green\/sl\/wp-json\/wp\/v2\/comments?post=4641"}],"wp:featuredmedia":[{"embeddable":true,"href":"https:\/\/trieste.green\/sl\/wp-json\/wp\/v2\/media\/13961"}],"wp:attachment":[{"href":"https:\/\/trieste.green\/sl\/wp-json\/wp\/v2\/media?parent=4641"}],"wp:term":[{"taxonomy":"product_brand","embeddable":true,"href":"https:\/\/trieste.green\/sl\/wp-json\/wp\/v2\/product_brand?post=4641"},{"taxonomy":"product_cat","embeddable":true,"href":"https:\/\/trieste.green\/sl\/wp-json\/wp\/v2\/product_cat?post=4641"},{"taxonomy":"product_tag","embeddable":true,"href":"https:\/\/trieste.green\/sl\/wp-json\/wp\/v2\/product_tag?post=4641"}],"curies":[{"name":"wp","href":"https:\/\/api.w.org\/{rel}","templated":true}]}}