{"id":4638,"date":"2020-12-14T10:54:05","date_gmt":"2020-12-14T10:54:05","guid":{"rendered":"http:\/\/trieste.green\/prodotto\/paket-ekstra-deviskih-oljcnih-olj\/"},"modified":"2020-12-14T10:54:05","modified_gmt":"2020-12-14T10:54:05","slug":"paket-ekstra-deviskih-oljcnih-olj","status":"publish","type":"product","link":"https:\/\/trieste.green\/sl\/prodotto\/paket-ekstra-deviskih-oljcnih-olj\/","title":{"rendered":"Paket ekstra devi\u0161kih olj\u010dnih olj"},"content":{"rendered":"<p>Ekskluzivni paket lokalnih ekstra devi\u0161kih olj\u010dnih olj. Ko\u0161ara vsebuje olja Bruna Lenardona (v ospredju je belica, nato \u0161e \u010drnica, leccino, pendolino in frantoio). Avtohtono belico kmetije Merlak poznano in cenjeno zaradi visoke vsebnosti polifenolov in izrazito pikantnih, rahlo aromati\u010dnih not in Kocjan\u010di\u010devo me\u0161anico (predvsem belica in buga), narejeno iz oljk, ki so pre\u017eivele pozebo leta 1929. Paket vsebuje 3 steklenice po 500ml.<\/p>\n","protected":false},"excerpt":{"rendered":"<p>Ekskluzivni paket lokalnih ekstra devi\u0161kih olj\u010dnih olj. Ko\u0161ara vsebuje olja Bruna Lenardona (v ospredju je belica), avtohtono belico kmetije Merlak in Kocjan\u010di\u010devo me\u0161anico, narejeno iz oljk, ki so pre\u017eivele pozebo leta 1929.<\/p>\n<p>La box contiene 3 bottiglie da 0,5lt.<\/p>\n","protected":false},"featured_media":6648,"comment_status":"closed","ping_status":"closed","template":"","meta":[],"product_brand":[],"product_cat":[303,325],"product_tag":[304,342,351],"class_list":{"0":"post-4638","1":"product","2":"type-product","3":"status-publish","4":"has-post-thumbnail","6":"product_cat-darilni-paket","7":"product_cat-ekstra-devisko-oljcno-olje","8":"product_tag-kmetija-kocjancic-rado","9":"product_tag-kmetija-lenardon-bruno","10":"product_tag-kmetija-merlak","11":"territorio-dolina","12":"territorio-milje","13":"one-third","15":"first","16":"instock","17":"taxable","18":"shipping-taxable","19":"purchasable","20":"product-type-simple"},"yoast_head":"<!-- This site is optimized with the Yoast SEO plugin v26.6 - https:\/\/yoast.com\/wordpress\/plugins\/seo\/ -->\n<title>Paket ekstra devi\u0161kih olj\u010dnih olj - Trieste Green<\/title>\n<meta name=\"robots\" content=\"index, follow, max-snippet:-1, max-image-preview:large, max-video-preview:-1\" \/>\n<link rel=\"canonical\" href=\"https:\/\/trieste.green\/sl\/prodotto\/paket-ekstra-deviskih-oljcnih-olj\/\" \/>\n<meta property=\"og:locale\" content=\"sl_SI\" \/>\n<meta property=\"og:type\" content=\"article\" \/>\n<meta property=\"og:title\" content=\"Paket ekstra devi\u0161kih olj\u010dnih olj - Trieste Green\" \/>\n<meta property=\"og:description\" content=\"Ekskluzivni paket lokalnih ekstra devi\u0161kih olj\u010dnih olj. Ko\u0161ara vsebuje olja Bruna Lenardona (v ospredju je belica), avtohtono belico kmetije Merlak in Kocjan\u010di\u010devo me\u0161anico, narejeno iz oljk, ki so pre\u017eivele pozebo leta 1929.  La box contiene 3 bottiglie da 0,5lt.\" \/>\n<meta property=\"og:url\" content=\"https:\/\/trieste.green\/sl\/prodotto\/paket-ekstra-deviskih-oljcnih-olj\/\" \/>\n<meta property=\"og:site_name\" content=\"Trieste Green\" \/>\n<meta property=\"og:image\" content=\"https:\/\/trieste.green\/wp-content\/uploads\/2020\/12\/box-olio-1-1024x795.png\" \/>\n\t<meta property=\"og:image:width\" content=\"1024\" \/>\n\t<meta property=\"og:image:height\" content=\"795\" \/>\n\t<meta property=\"og:image:type\" content=\"image\/png\" \/>\n<meta name=\"twitter:card\" content=\"summary_large_image\" \/>\n<script type=\"application\/ld+json\" class=\"yoast-schema-graph\">{\"@context\":\"https:\/\/schema.org\",\"@graph\":[{\"@type\":\"WebPage\",\"@id\":\"https:\/\/trieste.green\/sl\/prodotto\/paket-ekstra-deviskih-oljcnih-olj\/\",\"url\":\"https:\/\/trieste.green\/sl\/prodotto\/paket-ekstra-deviskih-oljcnih-olj\/\",\"name\":\"Paket ekstra devi\u0161kih olj\u010dnih olj - Trieste Green\",\"isPartOf\":{\"@id\":\"https:\/\/trieste.green\/sl\/#website\"},\"primaryImageOfPage\":{\"@id\":\"https:\/\/trieste.green\/sl\/prodotto\/paket-ekstra-deviskih-oljcnih-olj\/#primaryimage\"},\"image\":{\"@id\":\"https:\/\/trieste.green\/sl\/prodotto\/paket-ekstra-deviskih-oljcnih-olj\/#primaryimage\"},\"thumbnailUrl\":\"https:\/\/trieste.green\/wp-content\/uploads\/2020\/12\/box-olio-1.png\",\"datePublished\":\"2020-12-14T10:54:05+00:00\",\"breadcrumb\":{\"@id\":\"https:\/\/trieste.green\/sl\/prodotto\/paket-ekstra-deviskih-oljcnih-olj\/#breadcrumb\"},\"inLanguage\":\"sl-SI\",\"potentialAction\":[{\"@type\":\"ReadAction\",\"target\":[\"https:\/\/trieste.green\/sl\/prodotto\/paket-ekstra-deviskih-oljcnih-olj\/\"]}]},{\"@type\":\"ImageObject\",\"inLanguage\":\"sl-SI\",\"@id\":\"https:\/\/trieste.green\/sl\/prodotto\/paket-ekstra-deviskih-oljcnih-olj\/#primaryimage\",\"url\":\"https:\/\/trieste.green\/wp-content\/uploads\/2020\/12\/box-olio-1.png\",\"contentUrl\":\"https:\/\/trieste.green\/wp-content\/uploads\/2020\/12\/box-olio-1.png\",\"width\":3000,\"height\":2328},{\"@type\":\"BreadcrumbList\",\"@id\":\"https:\/\/trieste.green\/sl\/prodotto\/paket-ekstra-deviskih-oljcnih-olj\/#breadcrumb\",\"itemListElement\":[{\"@type\":\"ListItem\",\"position\":1,\"name\":\"Home\",\"item\":\"https:\/\/trieste.green\/sl\/\"},{\"@type\":\"ListItem\",\"position\":2,\"name\":\"Shop\",\"item\":\"https:\/\/trieste.green\/botega\/\"},{\"@type\":\"ListItem\",\"position\":3,\"name\":\"Darilni Paket\",\"item\":\"https:\/\/trieste.green\/sl\/categoria-prodotto\/darilni-paket\/\"},{\"@type\":\"ListItem\",\"position\":4,\"name\":\"Paket ekstra devi\u0161kih olj\u010dnih olj\"}]},{\"@type\":\"WebSite\",\"@id\":\"https:\/\/trieste.green\/sl\/#website\",\"url\":\"https:\/\/trieste.green\/sl\/\",\"name\":\"Trieste Green\",\"description\":\"\",\"publisher\":{\"@id\":\"https:\/\/trieste.green\/sl\/#organization\"},\"potentialAction\":[{\"@type\":\"SearchAction\",\"target\":{\"@type\":\"EntryPoint\",\"urlTemplate\":\"https:\/\/trieste.green\/sl\/?s={search_term_string}\"},\"query-input\":{\"@type\":\"PropertyValueSpecification\",\"valueRequired\":true,\"valueName\":\"search_term_string\"}}],\"inLanguage\":\"sl-SI\"},{\"@type\":\"Organization\",\"@id\":\"https:\/\/trieste.green\/sl\/#organization\",\"name\":\"Trieste Green\",\"url\":\"https:\/\/trieste.green\/sl\/\",\"logo\":{\"@type\":\"ImageObject\",\"inLanguage\":\"sl-SI\",\"@id\":\"https:\/\/trieste.green\/sl\/#\/schema\/logo\/image\/\",\"url\":\"http:\/\/trieste.green\/wp-content\/uploads\/2020\/08\/logo-tsgreen-1-128h.png\",\"contentUrl\":\"http:\/\/trieste.green\/wp-content\/uploads\/2020\/08\/logo-tsgreen-1-128h.png\",\"width\":128,\"height\":128,\"caption\":\"Trieste Green\"},\"image\":{\"@id\":\"https:\/\/trieste.green\/sl\/#\/schema\/logo\/image\/\"}}]}<\/script>\n<!-- \/ Yoast SEO plugin. -->","yoast_head_json":{"title":"Paket ekstra devi\u0161kih olj\u010dnih olj - Trieste Green","robots":{"index":"index","follow":"follow","max-snippet":"max-snippet:-1","max-image-preview":"max-image-preview:large","max-video-preview":"max-video-preview:-1"},"canonical":"https:\/\/trieste.green\/sl\/prodotto\/paket-ekstra-deviskih-oljcnih-olj\/","og_locale":"sl_SI","og_type":"article","og_title":"Paket ekstra devi\u0161kih olj\u010dnih olj - Trieste Green","og_description":"Ekskluzivni paket lokalnih ekstra devi\u0161kih olj\u010dnih olj. Ko\u0161ara vsebuje olja Bruna Lenardona (v ospredju je belica), avtohtono belico kmetije Merlak in Kocjan\u010di\u010devo me\u0161anico, narejeno iz oljk, ki so pre\u017eivele pozebo leta 1929.  La box contiene 3 bottiglie da 0,5lt.","og_url":"https:\/\/trieste.green\/sl\/prodotto\/paket-ekstra-deviskih-oljcnih-olj\/","og_site_name":"Trieste Green","og_image":[{"width":1024,"height":795,"url":"https:\/\/trieste.green\/wp-content\/uploads\/2020\/12\/box-olio-1-1024x795.png","type":"image\/png"}],"twitter_card":"summary_large_image","schema":{"@context":"https:\/\/schema.org","@graph":[{"@type":"WebPage","@id":"https:\/\/trieste.green\/sl\/prodotto\/paket-ekstra-deviskih-oljcnih-olj\/","url":"https:\/\/trieste.green\/sl\/prodotto\/paket-ekstra-deviskih-oljcnih-olj\/","name":"Paket ekstra devi\u0161kih olj\u010dnih olj - Trieste Green","isPartOf":{"@id":"https:\/\/trieste.green\/sl\/#website"},"primaryImageOfPage":{"@id":"https:\/\/trieste.green\/sl\/prodotto\/paket-ekstra-deviskih-oljcnih-olj\/#primaryimage"},"image":{"@id":"https:\/\/trieste.green\/sl\/prodotto\/paket-ekstra-deviskih-oljcnih-olj\/#primaryimage"},"thumbnailUrl":"https:\/\/trieste.green\/wp-content\/uploads\/2020\/12\/box-olio-1.png","datePublished":"2020-12-14T10:54:05+00:00","breadcrumb":{"@id":"https:\/\/trieste.green\/sl\/prodotto\/paket-ekstra-deviskih-oljcnih-olj\/#breadcrumb"},"inLanguage":"sl-SI","potentialAction":[{"@type":"ReadAction","target":["https:\/\/trieste.green\/sl\/prodotto\/paket-ekstra-deviskih-oljcnih-olj\/"]}]},{"@type":"ImageObject","inLanguage":"sl-SI","@id":"https:\/\/trieste.green\/sl\/prodotto\/paket-ekstra-deviskih-oljcnih-olj\/#primaryimage","url":"https:\/\/trieste.green\/wp-content\/uploads\/2020\/12\/box-olio-1.png","contentUrl":"https:\/\/trieste.green\/wp-content\/uploads\/2020\/12\/box-olio-1.png","width":3000,"height":2328},{"@type":"BreadcrumbList","@id":"https:\/\/trieste.green\/sl\/prodotto\/paket-ekstra-deviskih-oljcnih-olj\/#breadcrumb","itemListElement":[{"@type":"ListItem","position":1,"name":"Home","item":"https:\/\/trieste.green\/sl\/"},{"@type":"ListItem","position":2,"name":"Shop","item":"https:\/\/trieste.green\/botega\/"},{"@type":"ListItem","position":3,"name":"Darilni Paket","item":"https:\/\/trieste.green\/sl\/categoria-prodotto\/darilni-paket\/"},{"@type":"ListItem","position":4,"name":"Paket ekstra devi\u0161kih olj\u010dnih olj"}]},{"@type":"WebSite","@id":"https:\/\/trieste.green\/sl\/#website","url":"https:\/\/trieste.green\/sl\/","name":"Trieste Green","description":"","publisher":{"@id":"https:\/\/trieste.green\/sl\/#organization"},"potentialAction":[{"@type":"SearchAction","target":{"@type":"EntryPoint","urlTemplate":"https:\/\/trieste.green\/sl\/?s={search_term_string}"},"query-input":{"@type":"PropertyValueSpecification","valueRequired":true,"valueName":"search_term_string"}}],"inLanguage":"sl-SI"},{"@type":"Organization","@id":"https:\/\/trieste.green\/sl\/#organization","name":"Trieste Green","url":"https:\/\/trieste.green\/sl\/","logo":{"@type":"ImageObject","inLanguage":"sl-SI","@id":"https:\/\/trieste.green\/sl\/#\/schema\/logo\/image\/","url":"http:\/\/trieste.green\/wp-content\/uploads\/2020\/08\/logo-tsgreen-1-128h.png","contentUrl":"http:\/\/trieste.green\/wp-content\/uploads\/2020\/08\/logo-tsgreen-1-128h.png","width":128,"height":128,"caption":"Trieste Green"},"image":{"@id":"https:\/\/trieste.green\/sl\/#\/schema\/logo\/image\/"}}]}},"_links":{"self":[{"href":"https:\/\/trieste.green\/sl\/wp-json\/wp\/v2\/product\/4638","targetHints":{"allow":["GET"]}}],"collection":[{"href":"https:\/\/trieste.green\/sl\/wp-json\/wp\/v2\/product"}],"about":[{"href":"https:\/\/trieste.green\/sl\/wp-json\/wp\/v2\/types\/product"}],"replies":[{"embeddable":true,"href":"https:\/\/trieste.green\/sl\/wp-json\/wp\/v2\/comments?post=4638"}],"wp:featuredmedia":[{"embeddable":true,"href":"https:\/\/trieste.green\/sl\/wp-json\/wp\/v2\/media\/6648"}],"wp:attachment":[{"href":"https:\/\/trieste.green\/sl\/wp-json\/wp\/v2\/media?parent=4638"}],"wp:term":[{"taxonomy":"product_brand","embeddable":true,"href":"https:\/\/trieste.green\/sl\/wp-json\/wp\/v2\/product_brand?post=4638"},{"taxonomy":"product_cat","embeddable":true,"href":"https:\/\/trieste.green\/sl\/wp-json\/wp\/v2\/product_cat?post=4638"},{"taxonomy":"product_tag","embeddable":true,"href":"https:\/\/trieste.green\/sl\/wp-json\/wp\/v2\/product_tag?post=4638"}],"curies":[{"name":"wp","href":"https:\/\/api.w.org\/{rel}","templated":true}]}}