{"id":4636,"date":"2020-12-15T14:23:54","date_gmt":"2020-12-15T14:23:54","guid":{"rendered":"http:\/\/trieste.green\/prodotto\/praznicni-paket\/"},"modified":"2020-12-15T14:23:54","modified_gmt":"2020-12-15T14:23:54","slug":"praznicni-paket","status":"publish","type":"product","link":"https:\/\/trieste.green\/sl\/prodotto\/praznicni-paket\/","title":{"rendered":"Prazni\u010dni paket"},"content":{"rendered":"<p>Darilni paket je primeren za raznovrstna darila. Vsebuje najbolj\u0161e lokalne pridelke in\u00a0 izdelke. Z\u00a0nakupom lokalno\u00a0pridelane hrane podpremo lokalne kmete in celotno lokalno gospodarstvo, ki se naslanja na naraven na\u010din pridelave. Paket vsebuje vina z naravnim pridihom, ekstra devi\u0161ka olj\u010dna olja pridobljena iz avtohtonih oljk, med pridelan iz panjev, postavljenih na prostem, suhomesnate izdelke in zeli\u0161\u010dne \u010daje. Pristnost, obrtnost, trajnost in edinstveni okusi. Paket vsebuje: 3 konfekcije \u010daja Erikinega vrta (vsaka po 20gr), kos slanine (300gr) in salamo (500gr) Bajte, ekstra devi\u0161ko olj\u010dno olje Merlaka (500ml), steklenico TerraRoza Bajte (0,75lt), steklenico Loze Budina (0,75lt), teran 2018 IGP Damijana Mili\u010da (0,75lt) in lipov med Cacovicha (250gr).<\/p>\n","protected":false},"excerpt":{"rendered":"<p class=\"p1\">Darilni paket je primeren za raznovrstna darila. Vsebuje najbolj\u0161e lokalne pridelke in izdelke. Z\u00a0nakupom lokalno\u00a0pridelane hrane podpremo lokalne kmete in celotno lokalno gospodarstvo, ki se naslanja na naraven na\u010din pridelave.<\/p>\n","protected":false},"featured_media":4637,"comment_status":"closed","ping_status":"closed","template":"","meta":[],"product_brand":[],"product_cat":[303,325,324,327,302,331],"product_tag":[305,346,343,352,351,344],"class_list":{"0":"post-4636","1":"product","2":"type-product","3":"status-publish","4":"has-post-thumbnail","6":"product_cat-darilni-paket","7":"product_cat-ekstra-devisko-oljcno-olje","8":"product_cat-med","9":"product_cat-suhomesnati-izdelki","10":"product_cat-vino-sl","11":"product_cat-zeliscni-caji","12":"product_tag-kmetija-bajta","13":"product_tag-kmetija-budin","14":"product_tag-kmetija-cacovich","15":"product_tag-kmetija-erikin-vrt-il-giardino-di-erica","16":"product_tag-kmetija-merlak","17":"product_tag-kmetija-milic-damijan","18":"territorio-dolina","19":"territorio-repentabor","20":"territorio-trst","21":"territorio-zgonik","22":"one-third","24":"first","25":"instock","26":"taxable","27":"shipping-taxable","28":"purchasable","29":"product-type-simple"},"yoast_head":"<!-- This site is optimized with the Yoast SEO plugin v26.6 - https:\/\/yoast.com\/wordpress\/plugins\/seo\/ -->\n<title>Prazni\u010dni paket - Trieste Green<\/title>\n<meta name=\"robots\" content=\"index, follow, max-snippet:-1, max-image-preview:large, max-video-preview:-1\" \/>\n<link rel=\"canonical\" href=\"https:\/\/trieste.green\/sl\/prodotto\/praznicni-paket\/\" \/>\n<meta property=\"og:locale\" content=\"sl_SI\" \/>\n<meta property=\"og:type\" content=\"article\" \/>\n<meta property=\"og:title\" content=\"Prazni\u010dni paket - Trieste Green\" \/>\n<meta property=\"og:description\" content=\"Darilni paket je primeren za raznovrstna darila. Vsebuje najbolj\u0161e lokalne pridelke in izdelke. Z\u00a0nakupom lokalno\u00a0pridelane hrane podpremo lokalne kmete in celotno lokalno gospodarstvo, ki se naslanja na naraven na\u010din pridelave.\" \/>\n<meta property=\"og:url\" content=\"https:\/\/trieste.green\/sl\/prodotto\/praznicni-paket\/\" \/>\n<meta property=\"og:site_name\" content=\"Trieste Green\" \/>\n<meta property=\"og:image\" content=\"https:\/\/trieste.green\/wp-content\/uploads\/2020\/12\/box-delle-feste.png\" \/>\n\t<meta property=\"og:image:width\" content=\"1080\" \/>\n\t<meta property=\"og:image:height\" content=\"1080\" \/>\n\t<meta property=\"og:image:type\" content=\"image\/png\" \/>\n<meta name=\"twitter:card\" content=\"summary_large_image\" \/>\n<meta name=\"twitter:label1\" content=\"Est. reading time\" \/>\n\t<meta name=\"twitter:data1\" content=\"1 minuta\" \/>\n<script type=\"application\/ld+json\" class=\"yoast-schema-graph\">{\"@context\":\"https:\/\/schema.org\",\"@graph\":[{\"@type\":\"WebPage\",\"@id\":\"https:\/\/trieste.green\/sl\/prodotto\/praznicni-paket\/\",\"url\":\"https:\/\/trieste.green\/sl\/prodotto\/praznicni-paket\/\",\"name\":\"Prazni\u010dni paket - Trieste Green\",\"isPartOf\":{\"@id\":\"https:\/\/trieste.green\/sl\/#website\"},\"primaryImageOfPage\":{\"@id\":\"https:\/\/trieste.green\/sl\/prodotto\/praznicni-paket\/#primaryimage\"},\"image\":{\"@id\":\"https:\/\/trieste.green\/sl\/prodotto\/praznicni-paket\/#primaryimage\"},\"thumbnailUrl\":\"https:\/\/trieste.green\/wp-content\/uploads\/2020\/12\/box-delle-feste.png\",\"datePublished\":\"2020-12-15T14:23:54+00:00\",\"breadcrumb\":{\"@id\":\"https:\/\/trieste.green\/sl\/prodotto\/praznicni-paket\/#breadcrumb\"},\"inLanguage\":\"sl-SI\",\"potentialAction\":[{\"@type\":\"ReadAction\",\"target\":[\"https:\/\/trieste.green\/sl\/prodotto\/praznicni-paket\/\"]}]},{\"@type\":\"ImageObject\",\"inLanguage\":\"sl-SI\",\"@id\":\"https:\/\/trieste.green\/sl\/prodotto\/praznicni-paket\/#primaryimage\",\"url\":\"https:\/\/trieste.green\/wp-content\/uploads\/2020\/12\/box-delle-feste.png\",\"contentUrl\":\"https:\/\/trieste.green\/wp-content\/uploads\/2020\/12\/box-delle-feste.png\",\"width\":1080,\"height\":1080},{\"@type\":\"BreadcrumbList\",\"@id\":\"https:\/\/trieste.green\/sl\/prodotto\/praznicni-paket\/#breadcrumb\",\"itemListElement\":[{\"@type\":\"ListItem\",\"position\":1,\"name\":\"Home\",\"item\":\"https:\/\/trieste.green\/sl\/\"},{\"@type\":\"ListItem\",\"position\":2,\"name\":\"Shop\",\"item\":\"https:\/\/trieste.green\/botega\/\"},{\"@type\":\"ListItem\",\"position\":3,\"name\":\"Darilni Paket\",\"item\":\"https:\/\/trieste.green\/sl\/categoria-prodotto\/darilni-paket\/\"},{\"@type\":\"ListItem\",\"position\":4,\"name\":\"Prazni\u010dni paket\"}]},{\"@type\":\"WebSite\",\"@id\":\"https:\/\/trieste.green\/sl\/#website\",\"url\":\"https:\/\/trieste.green\/sl\/\",\"name\":\"Trieste Green\",\"description\":\"\",\"publisher\":{\"@id\":\"https:\/\/trieste.green\/sl\/#organization\"},\"potentialAction\":[{\"@type\":\"SearchAction\",\"target\":{\"@type\":\"EntryPoint\",\"urlTemplate\":\"https:\/\/trieste.green\/sl\/?s={search_term_string}\"},\"query-input\":{\"@type\":\"PropertyValueSpecification\",\"valueRequired\":true,\"valueName\":\"search_term_string\"}}],\"inLanguage\":\"sl-SI\"},{\"@type\":\"Organization\",\"@id\":\"https:\/\/trieste.green\/sl\/#organization\",\"name\":\"Trieste Green\",\"url\":\"https:\/\/trieste.green\/sl\/\",\"logo\":{\"@type\":\"ImageObject\",\"inLanguage\":\"sl-SI\",\"@id\":\"https:\/\/trieste.green\/sl\/#\/schema\/logo\/image\/\",\"url\":\"http:\/\/trieste.green\/wp-content\/uploads\/2020\/08\/logo-tsgreen-1-128h.png\",\"contentUrl\":\"http:\/\/trieste.green\/wp-content\/uploads\/2020\/08\/logo-tsgreen-1-128h.png\",\"width\":128,\"height\":128,\"caption\":\"Trieste Green\"},\"image\":{\"@id\":\"https:\/\/trieste.green\/sl\/#\/schema\/logo\/image\/\"}}]}<\/script>\n<!-- \/ Yoast SEO plugin. -->","yoast_head_json":{"title":"Prazni\u010dni paket - Trieste Green","robots":{"index":"index","follow":"follow","max-snippet":"max-snippet:-1","max-image-preview":"max-image-preview:large","max-video-preview":"max-video-preview:-1"},"canonical":"https:\/\/trieste.green\/sl\/prodotto\/praznicni-paket\/","og_locale":"sl_SI","og_type":"article","og_title":"Prazni\u010dni paket - Trieste Green","og_description":"Darilni paket je primeren za raznovrstna darila. Vsebuje najbolj\u0161e lokalne pridelke in izdelke. Z\u00a0nakupom lokalno\u00a0pridelane hrane podpremo lokalne kmete in celotno lokalno gospodarstvo, ki se naslanja na naraven na\u010din pridelave.","og_url":"https:\/\/trieste.green\/sl\/prodotto\/praznicni-paket\/","og_site_name":"Trieste Green","og_image":[{"width":1080,"height":1080,"url":"https:\/\/trieste.green\/wp-content\/uploads\/2020\/12\/box-delle-feste.png","type":"image\/png"}],"twitter_card":"summary_large_image","twitter_misc":{"Est. reading time":"1 minuta"},"schema":{"@context":"https:\/\/schema.org","@graph":[{"@type":"WebPage","@id":"https:\/\/trieste.green\/sl\/prodotto\/praznicni-paket\/","url":"https:\/\/trieste.green\/sl\/prodotto\/praznicni-paket\/","name":"Prazni\u010dni paket - Trieste Green","isPartOf":{"@id":"https:\/\/trieste.green\/sl\/#website"},"primaryImageOfPage":{"@id":"https:\/\/trieste.green\/sl\/prodotto\/praznicni-paket\/#primaryimage"},"image":{"@id":"https:\/\/trieste.green\/sl\/prodotto\/praznicni-paket\/#primaryimage"},"thumbnailUrl":"https:\/\/trieste.green\/wp-content\/uploads\/2020\/12\/box-delle-feste.png","datePublished":"2020-12-15T14:23:54+00:00","breadcrumb":{"@id":"https:\/\/trieste.green\/sl\/prodotto\/praznicni-paket\/#breadcrumb"},"inLanguage":"sl-SI","potentialAction":[{"@type":"ReadAction","target":["https:\/\/trieste.green\/sl\/prodotto\/praznicni-paket\/"]}]},{"@type":"ImageObject","inLanguage":"sl-SI","@id":"https:\/\/trieste.green\/sl\/prodotto\/praznicni-paket\/#primaryimage","url":"https:\/\/trieste.green\/wp-content\/uploads\/2020\/12\/box-delle-feste.png","contentUrl":"https:\/\/trieste.green\/wp-content\/uploads\/2020\/12\/box-delle-feste.png","width":1080,"height":1080},{"@type":"BreadcrumbList","@id":"https:\/\/trieste.green\/sl\/prodotto\/praznicni-paket\/#breadcrumb","itemListElement":[{"@type":"ListItem","position":1,"name":"Home","item":"https:\/\/trieste.green\/sl\/"},{"@type":"ListItem","position":2,"name":"Shop","item":"https:\/\/trieste.green\/botega\/"},{"@type":"ListItem","position":3,"name":"Darilni Paket","item":"https:\/\/trieste.green\/sl\/categoria-prodotto\/darilni-paket\/"},{"@type":"ListItem","position":4,"name":"Prazni\u010dni paket"}]},{"@type":"WebSite","@id":"https:\/\/trieste.green\/sl\/#website","url":"https:\/\/trieste.green\/sl\/","name":"Trieste Green","description":"","publisher":{"@id":"https:\/\/trieste.green\/sl\/#organization"},"potentialAction":[{"@type":"SearchAction","target":{"@type":"EntryPoint","urlTemplate":"https:\/\/trieste.green\/sl\/?s={search_term_string}"},"query-input":{"@type":"PropertyValueSpecification","valueRequired":true,"valueName":"search_term_string"}}],"inLanguage":"sl-SI"},{"@type":"Organization","@id":"https:\/\/trieste.green\/sl\/#organization","name":"Trieste Green","url":"https:\/\/trieste.green\/sl\/","logo":{"@type":"ImageObject","inLanguage":"sl-SI","@id":"https:\/\/trieste.green\/sl\/#\/schema\/logo\/image\/","url":"http:\/\/trieste.green\/wp-content\/uploads\/2020\/08\/logo-tsgreen-1-128h.png","contentUrl":"http:\/\/trieste.green\/wp-content\/uploads\/2020\/08\/logo-tsgreen-1-128h.png","width":128,"height":128,"caption":"Trieste Green"},"image":{"@id":"https:\/\/trieste.green\/sl\/#\/schema\/logo\/image\/"}}]}},"_links":{"self":[{"href":"https:\/\/trieste.green\/sl\/wp-json\/wp\/v2\/product\/4636","targetHints":{"allow":["GET"]}}],"collection":[{"href":"https:\/\/trieste.green\/sl\/wp-json\/wp\/v2\/product"}],"about":[{"href":"https:\/\/trieste.green\/sl\/wp-json\/wp\/v2\/types\/product"}],"replies":[{"embeddable":true,"href":"https:\/\/trieste.green\/sl\/wp-json\/wp\/v2\/comments?post=4636"}],"wp:featuredmedia":[{"embeddable":true,"href":"https:\/\/trieste.green\/sl\/wp-json\/wp\/v2\/media\/4637"}],"wp:attachment":[{"href":"https:\/\/trieste.green\/sl\/wp-json\/wp\/v2\/media?parent=4636"}],"wp:term":[{"taxonomy":"product_brand","embeddable":true,"href":"https:\/\/trieste.green\/sl\/wp-json\/wp\/v2\/product_brand?post=4636"},{"taxonomy":"product_cat","embeddable":true,"href":"https:\/\/trieste.green\/sl\/wp-json\/wp\/v2\/product_cat?post=4636"},{"taxonomy":"product_tag","embeddable":true,"href":"https:\/\/trieste.green\/sl\/wp-json\/wp\/v2\/product_tag?post=4636"}],"curies":[{"name":"wp","href":"https:\/\/api.w.org\/{rel}","templated":true}]}}