{"id":4633,"date":"2020-12-15T08:41:12","date_gmt":"2020-12-15T08:41:12","guid":{"rendered":"http:\/\/trieste.green\/prodotto\/paket-dobro-pocutje\/"},"modified":"2021-03-19T14:15:53","modified_gmt":"2021-03-19T14:15:53","slug":"paket-dobro-pocutje","status":"publish","type":"product","link":"https:\/\/trieste.green\/sl\/prodotto\/paket-dobro-pocutje\/","title":{"rendered":"Paket Dobro po\u010dutje"},"content":{"rendered":"<p>Trenutek sprostitve s kra\u0161kim pridihom. Paket vsebuje tri razli\u010dne me\u0161anice zdravilnih zeli\u0161\u010d s pomirjujo\u010dim in protistresnim delovanjem in ki se jih priporo\u010da ob povi\u0161ani temperaturi in prehladu. Lipov med s pomirjujo\u010dimi lastnostmi, sve\u017eim okusom, ne\u017enimi balzami\u010dnimi notami in vonjem po aromati\u010dnih zeli\u0161\u010dih in agrumih. Akacijev med, ki je prijetnega\u00a0okusa in ne\u017enega vonja in ne prekriva okusov drugih jedi. Ter ro\u010dno izdelano milo s sestavinami naravnega izvora in biorazgradljivimi povr\u0161insko aktivnimi snovmi. Paket vsebuje: 250 gr akacijevega medu in 250 gr lipovega medu kmetije Cacovich, 200ml mila podjetja The Officinal in 3 konfekcije \u010daja Erikinega vrta (vsaka po 20gr).<\/p>\n","protected":false},"excerpt":{"rendered":"<p>Trenutek sprostitve s kra\u0161kim pridihom. Tri razli\u010dne me\u0161anice zdravilnih zeli\u0161\u010d, akacijev in lipov med ter ro\u010dno izdelano milo s sestavinami naravnega izvora in biorazgradljivimi povr\u0161insko aktivnimi snovmi.<\/p>\n","protected":false},"featured_media":4634,"comment_status":"closed","ping_status":"closed","template":"","meta":[],"product_brand":[],"product_cat":[303,300,324,331],"product_tag":[343,352,301],"class_list":{"0":"post-4633","1":"product","2":"type-product","3":"status-publish","4":"has-post-thumbnail","6":"product_cat-darilni-paket","7":"product_cat-kozmetika","8":"product_cat-med","9":"product_cat-zeliscni-caji","10":"product_tag-kmetija-cacovich","11":"product_tag-kmetija-erikin-vrt-il-giardino-di-erica","12":"product_tag-the-officinal-sl","13":"territorio-dolina","14":"territorio-trst","15":"one-third","17":"first","18":"outofstock","19":"taxable","20":"shipping-taxable","21":"purchasable","22":"product-type-simple"},"yoast_head":"<!-- This site is optimized with the Yoast SEO plugin v26.6 - https:\/\/yoast.com\/wordpress\/plugins\/seo\/ -->\n<title>Paket Dobro po\u010dutje - Trieste Green<\/title>\n<meta name=\"robots\" content=\"index, follow, max-snippet:-1, max-image-preview:large, max-video-preview:-1\" \/>\n<link rel=\"canonical\" href=\"https:\/\/trieste.green\/sl\/prodotto\/paket-dobro-pocutje\/\" \/>\n<meta property=\"og:locale\" content=\"sl_SI\" \/>\n<meta property=\"og:type\" content=\"article\" \/>\n<meta property=\"og:title\" content=\"Paket Dobro po\u010dutje - Trieste Green\" \/>\n<meta property=\"og:description\" content=\"Trenutek sprostitve s kra\u0161kim pridihom. Tri razli\u010dne me\u0161anice zdravilnih zeli\u0161\u010d, akacijev in lipov med ter ro\u010dno izdelano milo s sestavinami naravnega izvora in biorazgradljivimi povr\u0161insko aktivnimi snovmi.\" \/>\n<meta property=\"og:url\" content=\"https:\/\/trieste.green\/sl\/prodotto\/paket-dobro-pocutje\/\" \/>\n<meta property=\"og:site_name\" content=\"Trieste Green\" \/>\n<meta property=\"article:modified_time\" content=\"2021-03-19T14:15:53+00:00\" \/>\n<meta property=\"og:image\" content=\"https:\/\/trieste.green\/wp-content\/uploads\/2020\/12\/box-benessere-1.png\" \/>\n\t<meta property=\"og:image:width\" content=\"1080\" \/>\n\t<meta property=\"og:image:height\" content=\"1080\" \/>\n\t<meta property=\"og:image:type\" content=\"image\/png\" \/>\n<meta name=\"twitter:card\" content=\"summary_large_image\" \/>\n<meta name=\"twitter:label1\" content=\"Est. reading time\" \/>\n\t<meta name=\"twitter:data1\" content=\"1 minuta\" \/>\n<script type=\"application\/ld+json\" class=\"yoast-schema-graph\">{\"@context\":\"https:\/\/schema.org\",\"@graph\":[{\"@type\":\"WebPage\",\"@id\":\"https:\/\/trieste.green\/sl\/prodotto\/paket-dobro-pocutje\/\",\"url\":\"https:\/\/trieste.green\/sl\/prodotto\/paket-dobro-pocutje\/\",\"name\":\"Paket Dobro po\u010dutje - Trieste Green\",\"isPartOf\":{\"@id\":\"https:\/\/trieste.green\/sl\/#website\"},\"primaryImageOfPage\":{\"@id\":\"https:\/\/trieste.green\/sl\/prodotto\/paket-dobro-pocutje\/#primaryimage\"},\"image\":{\"@id\":\"https:\/\/trieste.green\/sl\/prodotto\/paket-dobro-pocutje\/#primaryimage\"},\"thumbnailUrl\":\"https:\/\/trieste.green\/wp-content\/uploads\/2020\/12\/box-benessere-1.png\",\"datePublished\":\"2020-12-15T08:41:12+00:00\",\"dateModified\":\"2021-03-19T14:15:53+00:00\",\"breadcrumb\":{\"@id\":\"https:\/\/trieste.green\/sl\/prodotto\/paket-dobro-pocutje\/#breadcrumb\"},\"inLanguage\":\"sl-SI\",\"potentialAction\":[{\"@type\":\"ReadAction\",\"target\":[\"https:\/\/trieste.green\/sl\/prodotto\/paket-dobro-pocutje\/\"]}]},{\"@type\":\"ImageObject\",\"inLanguage\":\"sl-SI\",\"@id\":\"https:\/\/trieste.green\/sl\/prodotto\/paket-dobro-pocutje\/#primaryimage\",\"url\":\"https:\/\/trieste.green\/wp-content\/uploads\/2020\/12\/box-benessere-1.png\",\"contentUrl\":\"https:\/\/trieste.green\/wp-content\/uploads\/2020\/12\/box-benessere-1.png\",\"width\":1080,\"height\":1080},{\"@type\":\"BreadcrumbList\",\"@id\":\"https:\/\/trieste.green\/sl\/prodotto\/paket-dobro-pocutje\/#breadcrumb\",\"itemListElement\":[{\"@type\":\"ListItem\",\"position\":1,\"name\":\"Home\",\"item\":\"https:\/\/trieste.green\/sl\/\"},{\"@type\":\"ListItem\",\"position\":2,\"name\":\"Shop\",\"item\":\"https:\/\/trieste.green\/botega\/\"},{\"@type\":\"ListItem\",\"position\":3,\"name\":\"Darilni Paket\",\"item\":\"https:\/\/trieste.green\/sl\/categoria-prodotto\/darilni-paket\/\"},{\"@type\":\"ListItem\",\"position\":4,\"name\":\"Paket Dobro po\u010dutje\"}]},{\"@type\":\"WebSite\",\"@id\":\"https:\/\/trieste.green\/sl\/#website\",\"url\":\"https:\/\/trieste.green\/sl\/\",\"name\":\"Trieste Green\",\"description\":\"\",\"publisher\":{\"@id\":\"https:\/\/trieste.green\/sl\/#organization\"},\"potentialAction\":[{\"@type\":\"SearchAction\",\"target\":{\"@type\":\"EntryPoint\",\"urlTemplate\":\"https:\/\/trieste.green\/sl\/?s={search_term_string}\"},\"query-input\":{\"@type\":\"PropertyValueSpecification\",\"valueRequired\":true,\"valueName\":\"search_term_string\"}}],\"inLanguage\":\"sl-SI\"},{\"@type\":\"Organization\",\"@id\":\"https:\/\/trieste.green\/sl\/#organization\",\"name\":\"Trieste Green\",\"url\":\"https:\/\/trieste.green\/sl\/\",\"logo\":{\"@type\":\"ImageObject\",\"inLanguage\":\"sl-SI\",\"@id\":\"https:\/\/trieste.green\/sl\/#\/schema\/logo\/image\/\",\"url\":\"http:\/\/trieste.green\/wp-content\/uploads\/2020\/08\/logo-tsgreen-1-128h.png\",\"contentUrl\":\"http:\/\/trieste.green\/wp-content\/uploads\/2020\/08\/logo-tsgreen-1-128h.png\",\"width\":128,\"height\":128,\"caption\":\"Trieste Green\"},\"image\":{\"@id\":\"https:\/\/trieste.green\/sl\/#\/schema\/logo\/image\/\"}}]}<\/script>\n<!-- \/ Yoast SEO plugin. -->","yoast_head_json":{"title":"Paket Dobro po\u010dutje - Trieste Green","robots":{"index":"index","follow":"follow","max-snippet":"max-snippet:-1","max-image-preview":"max-image-preview:large","max-video-preview":"max-video-preview:-1"},"canonical":"https:\/\/trieste.green\/sl\/prodotto\/paket-dobro-pocutje\/","og_locale":"sl_SI","og_type":"article","og_title":"Paket Dobro po\u010dutje - Trieste Green","og_description":"Trenutek sprostitve s kra\u0161kim pridihom. Tri razli\u010dne me\u0161anice zdravilnih zeli\u0161\u010d, akacijev in lipov med ter ro\u010dno izdelano milo s sestavinami naravnega izvora in biorazgradljivimi povr\u0161insko aktivnimi snovmi.","og_url":"https:\/\/trieste.green\/sl\/prodotto\/paket-dobro-pocutje\/","og_site_name":"Trieste Green","article_modified_time":"2021-03-19T14:15:53+00:00","og_image":[{"width":1080,"height":1080,"url":"https:\/\/trieste.green\/wp-content\/uploads\/2020\/12\/box-benessere-1.png","type":"image\/png"}],"twitter_card":"summary_large_image","twitter_misc":{"Est. reading time":"1 minuta"},"schema":{"@context":"https:\/\/schema.org","@graph":[{"@type":"WebPage","@id":"https:\/\/trieste.green\/sl\/prodotto\/paket-dobro-pocutje\/","url":"https:\/\/trieste.green\/sl\/prodotto\/paket-dobro-pocutje\/","name":"Paket Dobro po\u010dutje - Trieste Green","isPartOf":{"@id":"https:\/\/trieste.green\/sl\/#website"},"primaryImageOfPage":{"@id":"https:\/\/trieste.green\/sl\/prodotto\/paket-dobro-pocutje\/#primaryimage"},"image":{"@id":"https:\/\/trieste.green\/sl\/prodotto\/paket-dobro-pocutje\/#primaryimage"},"thumbnailUrl":"https:\/\/trieste.green\/wp-content\/uploads\/2020\/12\/box-benessere-1.png","datePublished":"2020-12-15T08:41:12+00:00","dateModified":"2021-03-19T14:15:53+00:00","breadcrumb":{"@id":"https:\/\/trieste.green\/sl\/prodotto\/paket-dobro-pocutje\/#breadcrumb"},"inLanguage":"sl-SI","potentialAction":[{"@type":"ReadAction","target":["https:\/\/trieste.green\/sl\/prodotto\/paket-dobro-pocutje\/"]}]},{"@type":"ImageObject","inLanguage":"sl-SI","@id":"https:\/\/trieste.green\/sl\/prodotto\/paket-dobro-pocutje\/#primaryimage","url":"https:\/\/trieste.green\/wp-content\/uploads\/2020\/12\/box-benessere-1.png","contentUrl":"https:\/\/trieste.green\/wp-content\/uploads\/2020\/12\/box-benessere-1.png","width":1080,"height":1080},{"@type":"BreadcrumbList","@id":"https:\/\/trieste.green\/sl\/prodotto\/paket-dobro-pocutje\/#breadcrumb","itemListElement":[{"@type":"ListItem","position":1,"name":"Home","item":"https:\/\/trieste.green\/sl\/"},{"@type":"ListItem","position":2,"name":"Shop","item":"https:\/\/trieste.green\/botega\/"},{"@type":"ListItem","position":3,"name":"Darilni Paket","item":"https:\/\/trieste.green\/sl\/categoria-prodotto\/darilni-paket\/"},{"@type":"ListItem","position":4,"name":"Paket Dobro po\u010dutje"}]},{"@type":"WebSite","@id":"https:\/\/trieste.green\/sl\/#website","url":"https:\/\/trieste.green\/sl\/","name":"Trieste Green","description":"","publisher":{"@id":"https:\/\/trieste.green\/sl\/#organization"},"potentialAction":[{"@type":"SearchAction","target":{"@type":"EntryPoint","urlTemplate":"https:\/\/trieste.green\/sl\/?s={search_term_string}"},"query-input":{"@type":"PropertyValueSpecification","valueRequired":true,"valueName":"search_term_string"}}],"inLanguage":"sl-SI"},{"@type":"Organization","@id":"https:\/\/trieste.green\/sl\/#organization","name":"Trieste Green","url":"https:\/\/trieste.green\/sl\/","logo":{"@type":"ImageObject","inLanguage":"sl-SI","@id":"https:\/\/trieste.green\/sl\/#\/schema\/logo\/image\/","url":"http:\/\/trieste.green\/wp-content\/uploads\/2020\/08\/logo-tsgreen-1-128h.png","contentUrl":"http:\/\/trieste.green\/wp-content\/uploads\/2020\/08\/logo-tsgreen-1-128h.png","width":128,"height":128,"caption":"Trieste Green"},"image":{"@id":"https:\/\/trieste.green\/sl\/#\/schema\/logo\/image\/"}}]}},"_links":{"self":[{"href":"https:\/\/trieste.green\/sl\/wp-json\/wp\/v2\/product\/4633","targetHints":{"allow":["GET"]}}],"collection":[{"href":"https:\/\/trieste.green\/sl\/wp-json\/wp\/v2\/product"}],"about":[{"href":"https:\/\/trieste.green\/sl\/wp-json\/wp\/v2\/types\/product"}],"replies":[{"embeddable":true,"href":"https:\/\/trieste.green\/sl\/wp-json\/wp\/v2\/comments?post=4633"}],"wp:featuredmedia":[{"embeddable":true,"href":"https:\/\/trieste.green\/sl\/wp-json\/wp\/v2\/media\/4634"}],"wp:attachment":[{"href":"https:\/\/trieste.green\/sl\/wp-json\/wp\/v2\/media?parent=4633"}],"wp:term":[{"taxonomy":"product_brand","embeddable":true,"href":"https:\/\/trieste.green\/sl\/wp-json\/wp\/v2\/product_brand?post=4633"},{"taxonomy":"product_cat","embeddable":true,"href":"https:\/\/trieste.green\/sl\/wp-json\/wp\/v2\/product_cat?post=4633"},{"taxonomy":"product_tag","embeddable":true,"href":"https:\/\/trieste.green\/sl\/wp-json\/wp\/v2\/product_tag?post=4633"}],"curies":[{"name":"wp","href":"https:\/\/api.w.org\/{rel}","templated":true}]}}