{"id":4629,"date":"2020-12-15T14:15:45","date_gmt":"2020-12-15T14:15:45","guid":{"rendered":"http:\/\/trieste.green\/prodotto\/paket-kombinacija-vin-in-hrane\/"},"modified":"2020-12-15T14:15:45","modified_gmt":"2020-12-15T14:15:45","slug":"paket-kombinacija-vin-in-hrane","status":"publish","type":"product","link":"https:\/\/trieste.green\/sl\/prodotto\/paket-kombinacija-vin-in-hrane\/","title":{"rendered":"Paket Kombinacija vin in hrane"},"content":{"rendered":"<p>Degustacijski paket bo popestril vsak obrok. U\u017eivajte z istrskimi in kra\u0161kimi vini in jih kombinirajte s svojimi recepti. Za\u010dnimo v Zagradcu s penino Carpe Diem, ki je pridelana po metodi charmat iz grozdja istrske malvazije, sauvignona in chardonnaya. Iz Milje prihaja en beli suhi mu\u0161kat, iz Brega pa ena macerirana malvazija in en refo\u0161k. Paket vsebuje Carpe Diem Ostrouske, Aurum letnik 2019 Bruna Lenardona, Malvazija Merlaka in Refo\u0161k 2018 Grgi\u010da.<\/p>\n","protected":false},"excerpt":{"rendered":"<p class=\"p1\">Degustacijski paket bo popestril vsak obrok. U\u017eivajte z istrskimi in kra\u0161kimi vini in jih kombinirajte s svojimi recepti.<\/p>\n","protected":false},"featured_media":6645,"comment_status":"closed","ping_status":"closed","template":"","meta":[],"product_brand":[],"product_cat":[303,302],"product_tag":[345,342,351,306],"class_list":{"0":"post-4629","1":"product","2":"type-product","3":"status-publish","4":"has-post-thumbnail","6":"product_cat-darilni-paket","7":"product_cat-vino-sl","8":"product_tag-kmecki-turizem-grgic","9":"product_tag-kmetija-lenardon-bruno","10":"product_tag-kmetija-merlak","11":"product_tag-kmetija-ostrouska","12":"territorio-dolina","13":"territorio-milje","14":"territorio-trst","15":"territorio-zgonik","16":"one-third","18":"first","19":"instock","20":"taxable","21":"shipping-taxable","22":"purchasable","23":"product-type-simple"},"yoast_head":"<!-- This site is optimized with the Yoast SEO plugin v26.6 - https:\/\/yoast.com\/wordpress\/plugins\/seo\/ -->\n<title>Paket Kombinacija vin in hrane - Trieste Green<\/title>\n<meta name=\"robots\" content=\"index, follow, max-snippet:-1, max-image-preview:large, max-video-preview:-1\" \/>\n<link rel=\"canonical\" href=\"https:\/\/trieste.green\/sl\/prodotto\/paket-kombinacija-vin-in-hrane\/\" \/>\n<meta property=\"og:locale\" content=\"sl_SI\" \/>\n<meta property=\"og:type\" content=\"article\" \/>\n<meta property=\"og:title\" content=\"Paket Kombinacija vin in hrane - Trieste Green\" \/>\n<meta property=\"og:description\" content=\"Degustacijski paket bo popestril vsak obrok. U\u017eivajte z istrskimi in kra\u0161kimi vini in jih kombinirajte s svojimi recepti.\" \/>\n<meta property=\"og:url\" content=\"https:\/\/trieste.green\/sl\/prodotto\/paket-kombinacija-vin-in-hrane\/\" \/>\n<meta property=\"og:site_name\" content=\"Trieste Green\" \/>\n<meta property=\"og:image\" content=\"https:\/\/trieste.green\/wp-content\/uploads\/2020\/12\/ABBINAMENTOVINI-1024x798.png\" \/>\n\t<meta property=\"og:image:width\" content=\"1024\" \/>\n\t<meta property=\"og:image:height\" content=\"798\" \/>\n\t<meta property=\"og:image:type\" content=\"image\/png\" \/>\n<meta name=\"twitter:card\" content=\"summary_large_image\" \/>\n<script type=\"application\/ld+json\" class=\"yoast-schema-graph\">{\"@context\":\"https:\/\/schema.org\",\"@graph\":[{\"@type\":\"WebPage\",\"@id\":\"https:\/\/trieste.green\/sl\/prodotto\/paket-kombinacija-vin-in-hrane\/\",\"url\":\"https:\/\/trieste.green\/sl\/prodotto\/paket-kombinacija-vin-in-hrane\/\",\"name\":\"Paket Kombinacija vin in hrane - Trieste Green\",\"isPartOf\":{\"@id\":\"https:\/\/trieste.green\/sl\/#website\"},\"primaryImageOfPage\":{\"@id\":\"https:\/\/trieste.green\/sl\/prodotto\/paket-kombinacija-vin-in-hrane\/#primaryimage\"},\"image\":{\"@id\":\"https:\/\/trieste.green\/sl\/prodotto\/paket-kombinacija-vin-in-hrane\/#primaryimage\"},\"thumbnailUrl\":\"https:\/\/trieste.green\/wp-content\/uploads\/2020\/12\/ABBINAMENTOVINI.png\",\"datePublished\":\"2020-12-15T14:15:45+00:00\",\"breadcrumb\":{\"@id\":\"https:\/\/trieste.green\/sl\/prodotto\/paket-kombinacija-vin-in-hrane\/#breadcrumb\"},\"inLanguage\":\"sl-SI\",\"potentialAction\":[{\"@type\":\"ReadAction\",\"target\":[\"https:\/\/trieste.green\/sl\/prodotto\/paket-kombinacija-vin-in-hrane\/\"]}]},{\"@type\":\"ImageObject\",\"inLanguage\":\"sl-SI\",\"@id\":\"https:\/\/trieste.green\/sl\/prodotto\/paket-kombinacija-vin-in-hrane\/#primaryimage\",\"url\":\"https:\/\/trieste.green\/wp-content\/uploads\/2020\/12\/ABBINAMENTOVINI.png\",\"contentUrl\":\"https:\/\/trieste.green\/wp-content\/uploads\/2020\/12\/ABBINAMENTOVINI.png\",\"width\":3000,\"height\":2339},{\"@type\":\"BreadcrumbList\",\"@id\":\"https:\/\/trieste.green\/sl\/prodotto\/paket-kombinacija-vin-in-hrane\/#breadcrumb\",\"itemListElement\":[{\"@type\":\"ListItem\",\"position\":1,\"name\":\"Home\",\"item\":\"https:\/\/trieste.green\/sl\/\"},{\"@type\":\"ListItem\",\"position\":2,\"name\":\"Shop\",\"item\":\"https:\/\/trieste.green\/botega\/\"},{\"@type\":\"ListItem\",\"position\":3,\"name\":\"Darilni Paket\",\"item\":\"https:\/\/trieste.green\/sl\/categoria-prodotto\/darilni-paket\/\"},{\"@type\":\"ListItem\",\"position\":4,\"name\":\"Paket Kombinacija vin in hrane\"}]},{\"@type\":\"WebSite\",\"@id\":\"https:\/\/trieste.green\/sl\/#website\",\"url\":\"https:\/\/trieste.green\/sl\/\",\"name\":\"Trieste Green\",\"description\":\"\",\"publisher\":{\"@id\":\"https:\/\/trieste.green\/sl\/#organization\"},\"potentialAction\":[{\"@type\":\"SearchAction\",\"target\":{\"@type\":\"EntryPoint\",\"urlTemplate\":\"https:\/\/trieste.green\/sl\/?s={search_term_string}\"},\"query-input\":{\"@type\":\"PropertyValueSpecification\",\"valueRequired\":true,\"valueName\":\"search_term_string\"}}],\"inLanguage\":\"sl-SI\"},{\"@type\":\"Organization\",\"@id\":\"https:\/\/trieste.green\/sl\/#organization\",\"name\":\"Trieste Green\",\"url\":\"https:\/\/trieste.green\/sl\/\",\"logo\":{\"@type\":\"ImageObject\",\"inLanguage\":\"sl-SI\",\"@id\":\"https:\/\/trieste.green\/sl\/#\/schema\/logo\/image\/\",\"url\":\"http:\/\/trieste.green\/wp-content\/uploads\/2020\/08\/logo-tsgreen-1-128h.png\",\"contentUrl\":\"http:\/\/trieste.green\/wp-content\/uploads\/2020\/08\/logo-tsgreen-1-128h.png\",\"width\":128,\"height\":128,\"caption\":\"Trieste Green\"},\"image\":{\"@id\":\"https:\/\/trieste.green\/sl\/#\/schema\/logo\/image\/\"}}]}<\/script>\n<!-- \/ Yoast SEO plugin. -->","yoast_head_json":{"title":"Paket Kombinacija vin in hrane - Trieste Green","robots":{"index":"index","follow":"follow","max-snippet":"max-snippet:-1","max-image-preview":"max-image-preview:large","max-video-preview":"max-video-preview:-1"},"canonical":"https:\/\/trieste.green\/sl\/prodotto\/paket-kombinacija-vin-in-hrane\/","og_locale":"sl_SI","og_type":"article","og_title":"Paket Kombinacija vin in hrane - Trieste Green","og_description":"Degustacijski paket bo popestril vsak obrok. U\u017eivajte z istrskimi in kra\u0161kimi vini in jih kombinirajte s svojimi recepti.","og_url":"https:\/\/trieste.green\/sl\/prodotto\/paket-kombinacija-vin-in-hrane\/","og_site_name":"Trieste Green","og_image":[{"width":1024,"height":798,"url":"https:\/\/trieste.green\/wp-content\/uploads\/2020\/12\/ABBINAMENTOVINI-1024x798.png","type":"image\/png"}],"twitter_card":"summary_large_image","schema":{"@context":"https:\/\/schema.org","@graph":[{"@type":"WebPage","@id":"https:\/\/trieste.green\/sl\/prodotto\/paket-kombinacija-vin-in-hrane\/","url":"https:\/\/trieste.green\/sl\/prodotto\/paket-kombinacija-vin-in-hrane\/","name":"Paket Kombinacija vin in hrane - Trieste Green","isPartOf":{"@id":"https:\/\/trieste.green\/sl\/#website"},"primaryImageOfPage":{"@id":"https:\/\/trieste.green\/sl\/prodotto\/paket-kombinacija-vin-in-hrane\/#primaryimage"},"image":{"@id":"https:\/\/trieste.green\/sl\/prodotto\/paket-kombinacija-vin-in-hrane\/#primaryimage"},"thumbnailUrl":"https:\/\/trieste.green\/wp-content\/uploads\/2020\/12\/ABBINAMENTOVINI.png","datePublished":"2020-12-15T14:15:45+00:00","breadcrumb":{"@id":"https:\/\/trieste.green\/sl\/prodotto\/paket-kombinacija-vin-in-hrane\/#breadcrumb"},"inLanguage":"sl-SI","potentialAction":[{"@type":"ReadAction","target":["https:\/\/trieste.green\/sl\/prodotto\/paket-kombinacija-vin-in-hrane\/"]}]},{"@type":"ImageObject","inLanguage":"sl-SI","@id":"https:\/\/trieste.green\/sl\/prodotto\/paket-kombinacija-vin-in-hrane\/#primaryimage","url":"https:\/\/trieste.green\/wp-content\/uploads\/2020\/12\/ABBINAMENTOVINI.png","contentUrl":"https:\/\/trieste.green\/wp-content\/uploads\/2020\/12\/ABBINAMENTOVINI.png","width":3000,"height":2339},{"@type":"BreadcrumbList","@id":"https:\/\/trieste.green\/sl\/prodotto\/paket-kombinacija-vin-in-hrane\/#breadcrumb","itemListElement":[{"@type":"ListItem","position":1,"name":"Home","item":"https:\/\/trieste.green\/sl\/"},{"@type":"ListItem","position":2,"name":"Shop","item":"https:\/\/trieste.green\/botega\/"},{"@type":"ListItem","position":3,"name":"Darilni Paket","item":"https:\/\/trieste.green\/sl\/categoria-prodotto\/darilni-paket\/"},{"@type":"ListItem","position":4,"name":"Paket Kombinacija vin in hrane"}]},{"@type":"WebSite","@id":"https:\/\/trieste.green\/sl\/#website","url":"https:\/\/trieste.green\/sl\/","name":"Trieste Green","description":"","publisher":{"@id":"https:\/\/trieste.green\/sl\/#organization"},"potentialAction":[{"@type":"SearchAction","target":{"@type":"EntryPoint","urlTemplate":"https:\/\/trieste.green\/sl\/?s={search_term_string}"},"query-input":{"@type":"PropertyValueSpecification","valueRequired":true,"valueName":"search_term_string"}}],"inLanguage":"sl-SI"},{"@type":"Organization","@id":"https:\/\/trieste.green\/sl\/#organization","name":"Trieste Green","url":"https:\/\/trieste.green\/sl\/","logo":{"@type":"ImageObject","inLanguage":"sl-SI","@id":"https:\/\/trieste.green\/sl\/#\/schema\/logo\/image\/","url":"http:\/\/trieste.green\/wp-content\/uploads\/2020\/08\/logo-tsgreen-1-128h.png","contentUrl":"http:\/\/trieste.green\/wp-content\/uploads\/2020\/08\/logo-tsgreen-1-128h.png","width":128,"height":128,"caption":"Trieste Green"},"image":{"@id":"https:\/\/trieste.green\/sl\/#\/schema\/logo\/image\/"}}]}},"_links":{"self":[{"href":"https:\/\/trieste.green\/sl\/wp-json\/wp\/v2\/product\/4629","targetHints":{"allow":["GET"]}}],"collection":[{"href":"https:\/\/trieste.green\/sl\/wp-json\/wp\/v2\/product"}],"about":[{"href":"https:\/\/trieste.green\/sl\/wp-json\/wp\/v2\/types\/product"}],"replies":[{"embeddable":true,"href":"https:\/\/trieste.green\/sl\/wp-json\/wp\/v2\/comments?post=4629"}],"wp:featuredmedia":[{"embeddable":true,"href":"https:\/\/trieste.green\/sl\/wp-json\/wp\/v2\/media\/6645"}],"wp:attachment":[{"href":"https:\/\/trieste.green\/sl\/wp-json\/wp\/v2\/media?parent=4629"}],"wp:term":[{"taxonomy":"product_brand","embeddable":true,"href":"https:\/\/trieste.green\/sl\/wp-json\/wp\/v2\/product_brand?post=4629"},{"taxonomy":"product_cat","embeddable":true,"href":"https:\/\/trieste.green\/sl\/wp-json\/wp\/v2\/product_cat?post=4629"},{"taxonomy":"product_tag","embeddable":true,"href":"https:\/\/trieste.green\/sl\/wp-json\/wp\/v2\/product_tag?post=4629"}],"curies":[{"name":"wp","href":"https:\/\/api.w.org\/{rel}","templated":true}]}}