{"id":4623,"date":"2020-12-11T14:27:40","date_gmt":"2020-12-11T14:27:40","guid":{"rendered":"http:\/\/trieste.green\/prodotto\/paket-kamen\/"},"modified":"2020-12-11T14:27:40","modified_gmt":"2020-12-11T14:27:40","slug":"paket-kamen","status":"publish","type":"product","link":"https:\/\/trieste.green\/sl\/prodotto\/paket-kamen\/","title":{"rendered":"Paket Kamen"},"content":{"rendered":"<p class=\"p1\">Tri krajevne odli\u010dnosti, ki pripovedujejo o kra\u0161kem kamnu in o te\u017eavah, ravno tako pripovedujejo tudi o uspehu krajevnih pridelovalcev. Zidari\u010dev Jamar, pravi simbol Krasa, zori v jami na globini 72 metrov. Zidarichev kamen je vinificiran v kamnitih posodah in Skerljeva Vitovska 67, ki se leto dni macerira v sodih iz nabre\u017einskega kamna. Trgatev je iz leta 2018 in predstavlja prvo tovrstno polnitev nasploh. Skratka, tri razli\u010dne zgodbe Krasa. Paket vsebuje Kamen 0,75lt, Vitovsko 67 0,75lt in kos Jamarja (300gr).<\/p>\n","protected":false},"excerpt":{"rendered":"<p class=\"p1\">Tri krajevne odli\u010dnosti, ki pripovedujejo o kra\u0161kem kamnu: Zidari\u010dev Jamar zori v jami na globini 72 metrov. Zidari\u010dev kamen je vinificiran v kamnitih posodah. Skerljeva Vitovska 67 pa se leto dni macerira v kamnitih kadeh.<\/p>\n","protected":false},"featured_media":13715,"comment_status":"closed","ping_status":"closed","template":"","meta":[],"product_brand":[],"product_cat":[334,303,319,323,302],"product_tag":[354,350,355],"class_list":{"0":"post-4623","1":"product","2":"type-product","3":"status-publish","4":"has-post-thumbnail","6":"product_cat-belo-vino","7":"product_cat-darilni-paket","8":"product_cat-mleko-siri-in-mlecni-izdelki","9":"product_cat-skuta","10":"product_cat-vino-sl","11":"product_tag-kmecki-turizem-skerlj","12":"product_tag-kmetija-zidarich","13":"product_tag-zidaric-sl","14":"territorio-devin-nabrezina","15":"territorio-zgonik","16":"one-third","18":"first","19":"instock","20":"taxable","21":"shipping-taxable","22":"purchasable","23":"product-type-woosb"},"yoast_head":"<!-- This site is optimized with the Yoast SEO plugin v26.6 - https:\/\/yoast.com\/wordpress\/plugins\/seo\/ -->\n<title>Paket Kamen - Trieste Green<\/title>\n<meta name=\"robots\" content=\"index, follow, max-snippet:-1, max-image-preview:large, max-video-preview:-1\" \/>\n<link rel=\"canonical\" href=\"https:\/\/trieste.green\/sl\/prodotto\/paket-kamen\/\" \/>\n<meta property=\"og:locale\" content=\"sl_SI\" \/>\n<meta property=\"og:type\" content=\"article\" \/>\n<meta property=\"og:title\" content=\"Paket Kamen - Trieste Green\" \/>\n<meta property=\"og:description\" content=\"Tri krajevne odli\u010dnosti, ki pripovedujejo o kra\u0161kem kamnu: Zidari\u010dev Jamar zori v jami na globini 72 metrov. Zidari\u010dev kamen je vinificiran v kamnitih posodah. Skerljeva Vitovska 67 pa se leto dni macerira v kamnitih kadeh.\" \/>\n<meta property=\"og:url\" content=\"https:\/\/trieste.green\/sl\/prodotto\/paket-kamen\/\" \/>\n<meta property=\"og:site_name\" content=\"Trieste Green\" \/>\n<meta property=\"og:image\" content=\"https:\/\/trieste.green\/wp-content\/uploads\/2020\/12\/PIETRA-NEW-1024x932.png\" \/>\n\t<meta property=\"og:image:width\" content=\"1024\" \/>\n\t<meta property=\"og:image:height\" content=\"932\" \/>\n\t<meta property=\"og:image:type\" content=\"image\/png\" \/>\n<meta name=\"twitter:card\" content=\"summary_large_image\" \/>\n<script type=\"application\/ld+json\" class=\"yoast-schema-graph\">{\"@context\":\"https:\/\/schema.org\",\"@graph\":[{\"@type\":\"WebPage\",\"@id\":\"https:\/\/trieste.green\/sl\/prodotto\/paket-kamen\/\",\"url\":\"https:\/\/trieste.green\/sl\/prodotto\/paket-kamen\/\",\"name\":\"Paket Kamen - Trieste Green\",\"isPartOf\":{\"@id\":\"https:\/\/trieste.green\/sl\/#website\"},\"primaryImageOfPage\":{\"@id\":\"https:\/\/trieste.green\/sl\/prodotto\/paket-kamen\/#primaryimage\"},\"image\":{\"@id\":\"https:\/\/trieste.green\/sl\/prodotto\/paket-kamen\/#primaryimage\"},\"thumbnailUrl\":\"https:\/\/trieste.green\/wp-content\/uploads\/2020\/12\/PIETRA-NEW.png\",\"datePublished\":\"2020-12-11T14:27:40+00:00\",\"breadcrumb\":{\"@id\":\"https:\/\/trieste.green\/sl\/prodotto\/paket-kamen\/#breadcrumb\"},\"inLanguage\":\"sl-SI\",\"potentialAction\":[{\"@type\":\"ReadAction\",\"target\":[\"https:\/\/trieste.green\/sl\/prodotto\/paket-kamen\/\"]}]},{\"@type\":\"ImageObject\",\"inLanguage\":\"sl-SI\",\"@id\":\"https:\/\/trieste.green\/sl\/prodotto\/paket-kamen\/#primaryimage\",\"url\":\"https:\/\/trieste.green\/wp-content\/uploads\/2020\/12\/PIETRA-NEW.png\",\"contentUrl\":\"https:\/\/trieste.green\/wp-content\/uploads\/2020\/12\/PIETRA-NEW.png\",\"width\":1920,\"height\":1747},{\"@type\":\"BreadcrumbList\",\"@id\":\"https:\/\/trieste.green\/sl\/prodotto\/paket-kamen\/#breadcrumb\",\"itemListElement\":[{\"@type\":\"ListItem\",\"position\":1,\"name\":\"Home\",\"item\":\"https:\/\/trieste.green\/sl\/\"},{\"@type\":\"ListItem\",\"position\":2,\"name\":\"Shop\",\"item\":\"https:\/\/trieste.green\/botega\/\"},{\"@type\":\"ListItem\",\"position\":3,\"name\":\"Vino\",\"item\":\"https:\/\/trieste.green\/sl\/categoria-prodotto\/vino-sl\/\"},{\"@type\":\"ListItem\",\"position\":4,\"name\":\"Belo vino\",\"item\":\"https:\/\/trieste.green\/sl\/categoria-prodotto\/vino-sl\/belo-vino\/\"},{\"@type\":\"ListItem\",\"position\":5,\"name\":\"Paket Kamen\"}]},{\"@type\":\"WebSite\",\"@id\":\"https:\/\/trieste.green\/sl\/#website\",\"url\":\"https:\/\/trieste.green\/sl\/\",\"name\":\"Trieste Green\",\"description\":\"\",\"publisher\":{\"@id\":\"https:\/\/trieste.green\/sl\/#organization\"},\"potentialAction\":[{\"@type\":\"SearchAction\",\"target\":{\"@type\":\"EntryPoint\",\"urlTemplate\":\"https:\/\/trieste.green\/sl\/?s={search_term_string}\"},\"query-input\":{\"@type\":\"PropertyValueSpecification\",\"valueRequired\":true,\"valueName\":\"search_term_string\"}}],\"inLanguage\":\"sl-SI\"},{\"@type\":\"Organization\",\"@id\":\"https:\/\/trieste.green\/sl\/#organization\",\"name\":\"Trieste Green\",\"url\":\"https:\/\/trieste.green\/sl\/\",\"logo\":{\"@type\":\"ImageObject\",\"inLanguage\":\"sl-SI\",\"@id\":\"https:\/\/trieste.green\/sl\/#\/schema\/logo\/image\/\",\"url\":\"http:\/\/trieste.green\/wp-content\/uploads\/2020\/08\/logo-tsgreen-1-128h.png\",\"contentUrl\":\"http:\/\/trieste.green\/wp-content\/uploads\/2020\/08\/logo-tsgreen-1-128h.png\",\"width\":128,\"height\":128,\"caption\":\"Trieste Green\"},\"image\":{\"@id\":\"https:\/\/trieste.green\/sl\/#\/schema\/logo\/image\/\"}}]}<\/script>\n<!-- \/ Yoast SEO plugin. -->","yoast_head_json":{"title":"Paket Kamen - Trieste Green","robots":{"index":"index","follow":"follow","max-snippet":"max-snippet:-1","max-image-preview":"max-image-preview:large","max-video-preview":"max-video-preview:-1"},"canonical":"https:\/\/trieste.green\/sl\/prodotto\/paket-kamen\/","og_locale":"sl_SI","og_type":"article","og_title":"Paket Kamen - Trieste Green","og_description":"Tri krajevne odli\u010dnosti, ki pripovedujejo o kra\u0161kem kamnu: Zidari\u010dev Jamar zori v jami na globini 72 metrov. Zidari\u010dev kamen je vinificiran v kamnitih posodah. Skerljeva Vitovska 67 pa se leto dni macerira v kamnitih kadeh.","og_url":"https:\/\/trieste.green\/sl\/prodotto\/paket-kamen\/","og_site_name":"Trieste Green","og_image":[{"width":1024,"height":932,"url":"https:\/\/trieste.green\/wp-content\/uploads\/2020\/12\/PIETRA-NEW-1024x932.png","type":"image\/png"}],"twitter_card":"summary_large_image","schema":{"@context":"https:\/\/schema.org","@graph":[{"@type":"WebPage","@id":"https:\/\/trieste.green\/sl\/prodotto\/paket-kamen\/","url":"https:\/\/trieste.green\/sl\/prodotto\/paket-kamen\/","name":"Paket Kamen - Trieste Green","isPartOf":{"@id":"https:\/\/trieste.green\/sl\/#website"},"primaryImageOfPage":{"@id":"https:\/\/trieste.green\/sl\/prodotto\/paket-kamen\/#primaryimage"},"image":{"@id":"https:\/\/trieste.green\/sl\/prodotto\/paket-kamen\/#primaryimage"},"thumbnailUrl":"https:\/\/trieste.green\/wp-content\/uploads\/2020\/12\/PIETRA-NEW.png","datePublished":"2020-12-11T14:27:40+00:00","breadcrumb":{"@id":"https:\/\/trieste.green\/sl\/prodotto\/paket-kamen\/#breadcrumb"},"inLanguage":"sl-SI","potentialAction":[{"@type":"ReadAction","target":["https:\/\/trieste.green\/sl\/prodotto\/paket-kamen\/"]}]},{"@type":"ImageObject","inLanguage":"sl-SI","@id":"https:\/\/trieste.green\/sl\/prodotto\/paket-kamen\/#primaryimage","url":"https:\/\/trieste.green\/wp-content\/uploads\/2020\/12\/PIETRA-NEW.png","contentUrl":"https:\/\/trieste.green\/wp-content\/uploads\/2020\/12\/PIETRA-NEW.png","width":1920,"height":1747},{"@type":"BreadcrumbList","@id":"https:\/\/trieste.green\/sl\/prodotto\/paket-kamen\/#breadcrumb","itemListElement":[{"@type":"ListItem","position":1,"name":"Home","item":"https:\/\/trieste.green\/sl\/"},{"@type":"ListItem","position":2,"name":"Shop","item":"https:\/\/trieste.green\/botega\/"},{"@type":"ListItem","position":3,"name":"Vino","item":"https:\/\/trieste.green\/sl\/categoria-prodotto\/vino-sl\/"},{"@type":"ListItem","position":4,"name":"Belo vino","item":"https:\/\/trieste.green\/sl\/categoria-prodotto\/vino-sl\/belo-vino\/"},{"@type":"ListItem","position":5,"name":"Paket Kamen"}]},{"@type":"WebSite","@id":"https:\/\/trieste.green\/sl\/#website","url":"https:\/\/trieste.green\/sl\/","name":"Trieste Green","description":"","publisher":{"@id":"https:\/\/trieste.green\/sl\/#organization"},"potentialAction":[{"@type":"SearchAction","target":{"@type":"EntryPoint","urlTemplate":"https:\/\/trieste.green\/sl\/?s={search_term_string}"},"query-input":{"@type":"PropertyValueSpecification","valueRequired":true,"valueName":"search_term_string"}}],"inLanguage":"sl-SI"},{"@type":"Organization","@id":"https:\/\/trieste.green\/sl\/#organization","name":"Trieste Green","url":"https:\/\/trieste.green\/sl\/","logo":{"@type":"ImageObject","inLanguage":"sl-SI","@id":"https:\/\/trieste.green\/sl\/#\/schema\/logo\/image\/","url":"http:\/\/trieste.green\/wp-content\/uploads\/2020\/08\/logo-tsgreen-1-128h.png","contentUrl":"http:\/\/trieste.green\/wp-content\/uploads\/2020\/08\/logo-tsgreen-1-128h.png","width":128,"height":128,"caption":"Trieste Green"},"image":{"@id":"https:\/\/trieste.green\/sl\/#\/schema\/logo\/image\/"}}]}},"_links":{"self":[{"href":"https:\/\/trieste.green\/sl\/wp-json\/wp\/v2\/product\/4623","targetHints":{"allow":["GET"]}}],"collection":[{"href":"https:\/\/trieste.green\/sl\/wp-json\/wp\/v2\/product"}],"about":[{"href":"https:\/\/trieste.green\/sl\/wp-json\/wp\/v2\/types\/product"}],"replies":[{"embeddable":true,"href":"https:\/\/trieste.green\/sl\/wp-json\/wp\/v2\/comments?post=4623"}],"wp:featuredmedia":[{"embeddable":true,"href":"https:\/\/trieste.green\/sl\/wp-json\/wp\/v2\/media\/13715"}],"wp:attachment":[{"href":"https:\/\/trieste.green\/sl\/wp-json\/wp\/v2\/media?parent=4623"}],"wp:term":[{"taxonomy":"product_brand","embeddable":true,"href":"https:\/\/trieste.green\/sl\/wp-json\/wp\/v2\/product_brand?post=4623"},{"taxonomy":"product_cat","embeddable":true,"href":"https:\/\/trieste.green\/sl\/wp-json\/wp\/v2\/product_cat?post=4623"},{"taxonomy":"product_tag","embeddable":true,"href":"https:\/\/trieste.green\/sl\/wp-json\/wp\/v2\/product_tag?post=4623"}],"curies":[{"name":"wp","href":"https:\/\/api.w.org\/{rel}","templated":true}]}}