{"id":4612,"date":"2020-12-14T10:35:31","date_gmt":"2020-12-14T10:35:31","guid":{"rendered":"http:\/\/trieste.green\/prodotto\/dimljen-losos-kos-200g-zobec\/"},"modified":"2020-12-14T10:35:31","modified_gmt":"2020-12-14T10:35:31","slug":"dimljen-losos-kos-200g-zobec","status":"publish","type":"product","link":"https:\/\/trieste.green\/sl\/prodotto\/dimljen-losos-kos-200g-zobec\/","title":{"rendered":"Dimljen losos &#8211; kos &#8211; 200g &#8211; Zobec"},"content":{"rendered":"<p class=\"p1\">Lososov zrezek, pridobljen iz ribe, stare najmanj 3 leta, vzgojene v Boljuncu z naravnimi metodami. Ro\u010dno soljen in hladno dimljen s pravim lesom. Da ne bi pri\u0161lo do izrazite menjave okusov, se sol in dim zmerno uporabljata. Pripravljen za uporabo, priporo\u010damo ga kar na ope\u010dencu (svetujemo u\u017eivanje brez masla, saj se kar topi se v ustih). Uporablja se ga lahko tudi pri pripravi razli\u010dnih receptov, na primer v kombinaciji s testeninami.<\/p>\n","protected":false},"excerpt":{"rendered":"<p class=\"p1\">Lososov zrezek, pridobljen iz ribe, stare najmanj 3 leta, vzgojene v Boljuncu z naravnimi metodami. Ro\u010dno soljen in hladno dimljen s pravim lesom. Pripravljen za uporabo, priporo\u010damo ga kar na ope\u010dencu (svetujemo u\u017eivanje brez masla, saj se kar topi se v ustih).<\/p>\n","protected":false},"featured_media":13996,"comment_status":"closed","ping_status":"closed","template":"","meta":[],"product_brand":[],"product_cat":[326],"product_tag":[353],"class_list":{"0":"post-4612","1":"product","2":"type-product","3":"status-publish","4":"has-post-thumbnail","6":"product_cat-ribe","7":"product_tag-kmetija-zobec","8":"territorio-dolina","9":"one-third","11":"first","12":"instock","13":"sold-individually","14":"taxable","15":"shipping-taxable","16":"purchasable","17":"product-type-simple"},"yoast_head":"<!-- This site is optimized with the Yoast SEO plugin v26.6 - https:\/\/yoast.com\/wordpress\/plugins\/seo\/ -->\n<title>Dimljen losos - kos - 200g - Zobec - Trieste Green<\/title>\n<meta name=\"robots\" content=\"index, follow, max-snippet:-1, max-image-preview:large, max-video-preview:-1\" \/>\n<link rel=\"canonical\" href=\"https:\/\/trieste.green\/sl\/prodotto\/dimljen-losos-kos-200g-zobec\/\" \/>\n<meta property=\"og:locale\" content=\"sl_SI\" \/>\n<meta property=\"og:type\" content=\"article\" \/>\n<meta property=\"og:title\" content=\"Dimljen losos - kos - 200g - Zobec - Trieste Green\" \/>\n<meta property=\"og:description\" content=\"Lososov zrezek, pridobljen iz ribe, stare najmanj 3 leta, vzgojene v Boljuncu z naravnimi metodami. Ro\u010dno soljen in hladno dimljen s pravim lesom. Pripravljen za uporabo, priporo\u010damo ga kar na ope\u010dencu (svetujemo u\u017eivanje brez masla, saj se kar topi se v ustih).\" \/>\n<meta property=\"og:url\" content=\"https:\/\/trieste.green\/sl\/prodotto\/dimljen-losos-kos-200g-zobec\/\" \/>\n<meta property=\"og:site_name\" content=\"Trieste Green\" \/>\n<meta property=\"og:image\" content=\"https:\/\/trieste.green\/wp-content\/uploads\/2020\/12\/trancio-zobec-1.png\" \/>\n\t<meta property=\"og:image:width\" content=\"2000\" \/>\n\t<meta property=\"og:image:height\" content=\"2000\" \/>\n\t<meta property=\"og:image:type\" content=\"image\/png\" \/>\n<meta name=\"twitter:card\" content=\"summary_large_image\" \/>\n<script type=\"application\/ld+json\" class=\"yoast-schema-graph\">{\"@context\":\"https:\/\/schema.org\",\"@graph\":[{\"@type\":\"WebPage\",\"@id\":\"https:\/\/trieste.green\/sl\/prodotto\/dimljen-losos-kos-200g-zobec\/\",\"url\":\"https:\/\/trieste.green\/sl\/prodotto\/dimljen-losos-kos-200g-zobec\/\",\"name\":\"Dimljen losos - kos - 200g - Zobec - Trieste Green\",\"isPartOf\":{\"@id\":\"https:\/\/trieste.green\/sl\/#website\"},\"primaryImageOfPage\":{\"@id\":\"https:\/\/trieste.green\/sl\/prodotto\/dimljen-losos-kos-200g-zobec\/#primaryimage\"},\"image\":{\"@id\":\"https:\/\/trieste.green\/sl\/prodotto\/dimljen-losos-kos-200g-zobec\/#primaryimage\"},\"thumbnailUrl\":\"https:\/\/trieste.green\/wp-content\/uploads\/2020\/12\/trancio-zobec-1.png\",\"datePublished\":\"2020-12-14T10:35:31+00:00\",\"breadcrumb\":{\"@id\":\"https:\/\/trieste.green\/sl\/prodotto\/dimljen-losos-kos-200g-zobec\/#breadcrumb\"},\"inLanguage\":\"sl-SI\",\"potentialAction\":[{\"@type\":\"ReadAction\",\"target\":[\"https:\/\/trieste.green\/sl\/prodotto\/dimljen-losos-kos-200g-zobec\/\"]}]},{\"@type\":\"ImageObject\",\"inLanguage\":\"sl-SI\",\"@id\":\"https:\/\/trieste.green\/sl\/prodotto\/dimljen-losos-kos-200g-zobec\/#primaryimage\",\"url\":\"https:\/\/trieste.green\/wp-content\/uploads\/2020\/12\/trancio-zobec-1.png\",\"contentUrl\":\"https:\/\/trieste.green\/wp-content\/uploads\/2020\/12\/trancio-zobec-1.png\",\"width\":2000,\"height\":2000},{\"@type\":\"BreadcrumbList\",\"@id\":\"https:\/\/trieste.green\/sl\/prodotto\/dimljen-losos-kos-200g-zobec\/#breadcrumb\",\"itemListElement\":[{\"@type\":\"ListItem\",\"position\":1,\"name\":\"Home\",\"item\":\"https:\/\/trieste.green\/sl\/\"},{\"@type\":\"ListItem\",\"position\":2,\"name\":\"Shop\",\"item\":\"https:\/\/trieste.green\/botega\/\"},{\"@type\":\"ListItem\",\"position\":3,\"name\":\"Ribe\",\"item\":\"https:\/\/trieste.green\/sl\/categoria-prodotto\/ribe\/\"},{\"@type\":\"ListItem\",\"position\":4,\"name\":\"Dimljen losos &#8211; kos &#8211; 200g &#8211; Zobec\"}]},{\"@type\":\"WebSite\",\"@id\":\"https:\/\/trieste.green\/sl\/#website\",\"url\":\"https:\/\/trieste.green\/sl\/\",\"name\":\"Trieste Green\",\"description\":\"\",\"publisher\":{\"@id\":\"https:\/\/trieste.green\/sl\/#organization\"},\"potentialAction\":[{\"@type\":\"SearchAction\",\"target\":{\"@type\":\"EntryPoint\",\"urlTemplate\":\"https:\/\/trieste.green\/sl\/?s={search_term_string}\"},\"query-input\":{\"@type\":\"PropertyValueSpecification\",\"valueRequired\":true,\"valueName\":\"search_term_string\"}}],\"inLanguage\":\"sl-SI\"},{\"@type\":\"Organization\",\"@id\":\"https:\/\/trieste.green\/sl\/#organization\",\"name\":\"Trieste Green\",\"url\":\"https:\/\/trieste.green\/sl\/\",\"logo\":{\"@type\":\"ImageObject\",\"inLanguage\":\"sl-SI\",\"@id\":\"https:\/\/trieste.green\/sl\/#\/schema\/logo\/image\/\",\"url\":\"http:\/\/trieste.green\/wp-content\/uploads\/2020\/08\/logo-tsgreen-1-128h.png\",\"contentUrl\":\"http:\/\/trieste.green\/wp-content\/uploads\/2020\/08\/logo-tsgreen-1-128h.png\",\"width\":128,\"height\":128,\"caption\":\"Trieste Green\"},\"image\":{\"@id\":\"https:\/\/trieste.green\/sl\/#\/schema\/logo\/image\/\"}}]}<\/script>\n<!-- \/ Yoast SEO plugin. -->","yoast_head_json":{"title":"Dimljen losos - kos - 200g - Zobec - Trieste Green","robots":{"index":"index","follow":"follow","max-snippet":"max-snippet:-1","max-image-preview":"max-image-preview:large","max-video-preview":"max-video-preview:-1"},"canonical":"https:\/\/trieste.green\/sl\/prodotto\/dimljen-losos-kos-200g-zobec\/","og_locale":"sl_SI","og_type":"article","og_title":"Dimljen losos - kos - 200g - Zobec - Trieste Green","og_description":"Lososov zrezek, pridobljen iz ribe, stare najmanj 3 leta, vzgojene v Boljuncu z naravnimi metodami. Ro\u010dno soljen in hladno dimljen s pravim lesom. Pripravljen za uporabo, priporo\u010damo ga kar na ope\u010dencu (svetujemo u\u017eivanje brez masla, saj se kar topi se v ustih).","og_url":"https:\/\/trieste.green\/sl\/prodotto\/dimljen-losos-kos-200g-zobec\/","og_site_name":"Trieste Green","og_image":[{"width":2000,"height":2000,"url":"https:\/\/trieste.green\/wp-content\/uploads\/2020\/12\/trancio-zobec-1.png","type":"image\/png"}],"twitter_card":"summary_large_image","schema":{"@context":"https:\/\/schema.org","@graph":[{"@type":"WebPage","@id":"https:\/\/trieste.green\/sl\/prodotto\/dimljen-losos-kos-200g-zobec\/","url":"https:\/\/trieste.green\/sl\/prodotto\/dimljen-losos-kos-200g-zobec\/","name":"Dimljen losos - kos - 200g - Zobec - Trieste Green","isPartOf":{"@id":"https:\/\/trieste.green\/sl\/#website"},"primaryImageOfPage":{"@id":"https:\/\/trieste.green\/sl\/prodotto\/dimljen-losos-kos-200g-zobec\/#primaryimage"},"image":{"@id":"https:\/\/trieste.green\/sl\/prodotto\/dimljen-losos-kos-200g-zobec\/#primaryimage"},"thumbnailUrl":"https:\/\/trieste.green\/wp-content\/uploads\/2020\/12\/trancio-zobec-1.png","datePublished":"2020-12-14T10:35:31+00:00","breadcrumb":{"@id":"https:\/\/trieste.green\/sl\/prodotto\/dimljen-losos-kos-200g-zobec\/#breadcrumb"},"inLanguage":"sl-SI","potentialAction":[{"@type":"ReadAction","target":["https:\/\/trieste.green\/sl\/prodotto\/dimljen-losos-kos-200g-zobec\/"]}]},{"@type":"ImageObject","inLanguage":"sl-SI","@id":"https:\/\/trieste.green\/sl\/prodotto\/dimljen-losos-kos-200g-zobec\/#primaryimage","url":"https:\/\/trieste.green\/wp-content\/uploads\/2020\/12\/trancio-zobec-1.png","contentUrl":"https:\/\/trieste.green\/wp-content\/uploads\/2020\/12\/trancio-zobec-1.png","width":2000,"height":2000},{"@type":"BreadcrumbList","@id":"https:\/\/trieste.green\/sl\/prodotto\/dimljen-losos-kos-200g-zobec\/#breadcrumb","itemListElement":[{"@type":"ListItem","position":1,"name":"Home","item":"https:\/\/trieste.green\/sl\/"},{"@type":"ListItem","position":2,"name":"Shop","item":"https:\/\/trieste.green\/botega\/"},{"@type":"ListItem","position":3,"name":"Ribe","item":"https:\/\/trieste.green\/sl\/categoria-prodotto\/ribe\/"},{"@type":"ListItem","position":4,"name":"Dimljen losos &#8211; kos &#8211; 200g &#8211; Zobec"}]},{"@type":"WebSite","@id":"https:\/\/trieste.green\/sl\/#website","url":"https:\/\/trieste.green\/sl\/","name":"Trieste Green","description":"","publisher":{"@id":"https:\/\/trieste.green\/sl\/#organization"},"potentialAction":[{"@type":"SearchAction","target":{"@type":"EntryPoint","urlTemplate":"https:\/\/trieste.green\/sl\/?s={search_term_string}"},"query-input":{"@type":"PropertyValueSpecification","valueRequired":true,"valueName":"search_term_string"}}],"inLanguage":"sl-SI"},{"@type":"Organization","@id":"https:\/\/trieste.green\/sl\/#organization","name":"Trieste Green","url":"https:\/\/trieste.green\/sl\/","logo":{"@type":"ImageObject","inLanguage":"sl-SI","@id":"https:\/\/trieste.green\/sl\/#\/schema\/logo\/image\/","url":"http:\/\/trieste.green\/wp-content\/uploads\/2020\/08\/logo-tsgreen-1-128h.png","contentUrl":"http:\/\/trieste.green\/wp-content\/uploads\/2020\/08\/logo-tsgreen-1-128h.png","width":128,"height":128,"caption":"Trieste Green"},"image":{"@id":"https:\/\/trieste.green\/sl\/#\/schema\/logo\/image\/"}}]}},"_links":{"self":[{"href":"https:\/\/trieste.green\/sl\/wp-json\/wp\/v2\/product\/4612","targetHints":{"allow":["GET"]}}],"collection":[{"href":"https:\/\/trieste.green\/sl\/wp-json\/wp\/v2\/product"}],"about":[{"href":"https:\/\/trieste.green\/sl\/wp-json\/wp\/v2\/types\/product"}],"replies":[{"embeddable":true,"href":"https:\/\/trieste.green\/sl\/wp-json\/wp\/v2\/comments?post=4612"}],"wp:featuredmedia":[{"embeddable":true,"href":"https:\/\/trieste.green\/sl\/wp-json\/wp\/v2\/media\/13996"}],"wp:attachment":[{"href":"https:\/\/trieste.green\/sl\/wp-json\/wp\/v2\/media?parent=4612"}],"wp:term":[{"taxonomy":"product_brand","embeddable":true,"href":"https:\/\/trieste.green\/sl\/wp-json\/wp\/v2\/product_brand?post=4612"},{"taxonomy":"product_cat","embeddable":true,"href":"https:\/\/trieste.green\/sl\/wp-json\/wp\/v2\/product_cat?post=4612"},{"taxonomy":"product_tag","embeddable":true,"href":"https:\/\/trieste.green\/sl\/wp-json\/wp\/v2\/product_tag?post=4612"}],"curies":[{"name":"wp","href":"https:\/\/api.w.org\/{rel}","templated":true}]}}