{"id":4604,"date":"2020-12-10T15:06:35","date_gmt":"2020-12-10T15:06:35","guid":{"rendered":"http:\/\/trieste.green\/prodotto\/zeliscni-caj-burja-il-giardino-di-erika\/"},"modified":"2021-03-22T10:02:53","modified_gmt":"2021-03-22T10:02:53","slug":"zeliscni-caj-burja-il-giardino-di-erica","status":"publish","type":"product","link":"https:\/\/trieste.green\/sl\/prodotto\/zeliscni-caj-burja-il-giardino-di-erica\/","title":{"rendered":"Zeli\u0161\u010dni \u010daj Burja 20g &#8211; Il giardino di Erica"},"content":{"rendered":"<p class=\"p1\">Zeli\u0161\u010dna me\u0161anica se priporo\u010da ob povi\u0161ani temperaturi in prehladu. Zaradi svojih zdravilnih lastnosti ima \u0161tevilne blagodejne\u00a0u\u010dinke na sluznico dihal. Listi bezga in monarde pomagajo pri izlo\u010danju toksinov, ehinaceja pa pomaga krepiti imunski sistem. Priprava \u010daja: uporabiti eno \u010dajno \u017eli\u010dko na skodelico, prelijte z vrelo vodo in pustite mirovati 5 do 10 minut.<\/p>\n","protected":false},"excerpt":{"rendered":"<p class=\"p1\">Zeli\u0161\u010dna me\u0161anica se priporo\u010da ob povi\u0161ani temperaturi in prehladu. Zaradi svojih zdravilnih lastnosti ima \u0161tevilne blagodejne\u00a0u\u010dinke na sluznico dihal. Listi bezga in monarde pomagajo pri izlo\u010danju toksinov, ehinaceja pa pomaga krepiti imunski sistem.<\/p>\n","protected":false},"featured_media":14039,"comment_status":"closed","ping_status":"closed","template":"","meta":[],"product_brand":[],"product_cat":[331],"product_tag":[352],"class_list":{"0":"post-4604","1":"product","2":"type-product","3":"status-publish","4":"has-post-thumbnail","6":"product_cat-zeliscni-caji","7":"product_tag-kmetija-erikin-vrt-il-giardino-di-erica","8":"territorio-dolina","9":"one-third","11":"first","12":"outofstock","13":"taxable","14":"shipping-taxable","15":"purchasable","16":"product-type-simple"},"yoast_head":"<!-- This site is optimized with the Yoast SEO plugin v26.6 - https:\/\/yoast.com\/wordpress\/plugins\/seo\/ -->\n<title>Zeli\u0161\u010dni \u010daj Burja 20g - Il giardino di Erica - Trieste Green<\/title>\n<meta name=\"robots\" content=\"index, follow, max-snippet:-1, max-image-preview:large, max-video-preview:-1\" \/>\n<link rel=\"canonical\" href=\"https:\/\/trieste.green\/sl\/prodotto\/zeliscni-caj-burja-il-giardino-di-erica\/\" \/>\n<meta property=\"og:locale\" content=\"sl_SI\" \/>\n<meta property=\"og:type\" content=\"article\" \/>\n<meta property=\"og:title\" content=\"Zeli\u0161\u010dni \u010daj Burja 20g - Il giardino di Erica - Trieste Green\" \/>\n<meta property=\"og:description\" content=\"Zeli\u0161\u010dna me\u0161anica se priporo\u010da ob povi\u0161ani temperaturi in prehladu. Zaradi svojih zdravilnih lastnosti ima \u0161tevilne blagodejne\u00a0u\u010dinke na sluznico dihal. Listi bezga in monarde pomagajo pri izlo\u010danju toksinov, ehinaceja pa pomaga krepiti imunski sistem.\" \/>\n<meta property=\"og:url\" content=\"https:\/\/trieste.green\/sl\/prodotto\/zeliscni-caj-burja-il-giardino-di-erica\/\" \/>\n<meta property=\"og:site_name\" content=\"Trieste Green\" \/>\n<meta property=\"article:modified_time\" content=\"2021-03-22T10:02:53+00:00\" \/>\n<meta property=\"og:image\" content=\"https:\/\/trieste.green\/wp-content\/uploads\/2020\/12\/burja-erika.png\" \/>\n\t<meta property=\"og:image:width\" content=\"2000\" \/>\n\t<meta property=\"og:image:height\" content=\"2000\" \/>\n\t<meta property=\"og:image:type\" content=\"image\/png\" \/>\n<meta name=\"twitter:card\" content=\"summary_large_image\" \/>\n<script type=\"application\/ld+json\" class=\"yoast-schema-graph\">{\"@context\":\"https:\/\/schema.org\",\"@graph\":[{\"@type\":\"WebPage\",\"@id\":\"https:\/\/trieste.green\/sl\/prodotto\/zeliscni-caj-burja-il-giardino-di-erica\/\",\"url\":\"https:\/\/trieste.green\/sl\/prodotto\/zeliscni-caj-burja-il-giardino-di-erica\/\",\"name\":\"Zeli\u0161\u010dni \u010daj Burja 20g - Il giardino di Erica - Trieste Green\",\"isPartOf\":{\"@id\":\"https:\/\/trieste.green\/sl\/#website\"},\"primaryImageOfPage\":{\"@id\":\"https:\/\/trieste.green\/sl\/prodotto\/zeliscni-caj-burja-il-giardino-di-erica\/#primaryimage\"},\"image\":{\"@id\":\"https:\/\/trieste.green\/sl\/prodotto\/zeliscni-caj-burja-il-giardino-di-erica\/#primaryimage\"},\"thumbnailUrl\":\"https:\/\/trieste.green\/wp-content\/uploads\/2020\/12\/burja-erika.png\",\"datePublished\":\"2020-12-10T15:06:35+00:00\",\"dateModified\":\"2021-03-22T10:02:53+00:00\",\"breadcrumb\":{\"@id\":\"https:\/\/trieste.green\/sl\/prodotto\/zeliscni-caj-burja-il-giardino-di-erica\/#breadcrumb\"},\"inLanguage\":\"sl-SI\",\"potentialAction\":[{\"@type\":\"ReadAction\",\"target\":[\"https:\/\/trieste.green\/sl\/prodotto\/zeliscni-caj-burja-il-giardino-di-erica\/\"]}]},{\"@type\":\"ImageObject\",\"inLanguage\":\"sl-SI\",\"@id\":\"https:\/\/trieste.green\/sl\/prodotto\/zeliscni-caj-burja-il-giardino-di-erica\/#primaryimage\",\"url\":\"https:\/\/trieste.green\/wp-content\/uploads\/2020\/12\/burja-erika.png\",\"contentUrl\":\"https:\/\/trieste.green\/wp-content\/uploads\/2020\/12\/burja-erika.png\",\"width\":2000,\"height\":2000},{\"@type\":\"BreadcrumbList\",\"@id\":\"https:\/\/trieste.green\/sl\/prodotto\/zeliscni-caj-burja-il-giardino-di-erica\/#breadcrumb\",\"itemListElement\":[{\"@type\":\"ListItem\",\"position\":1,\"name\":\"Home\",\"item\":\"https:\/\/trieste.green\/sl\/\"},{\"@type\":\"ListItem\",\"position\":2,\"name\":\"Shop\",\"item\":\"https:\/\/trieste.green\/botega\/\"},{\"@type\":\"ListItem\",\"position\":3,\"name\":\"Zeli\u0161\u010dni \u010caji\",\"item\":\"https:\/\/trieste.green\/sl\/categoria-prodotto\/zeliscni-caji\/\"},{\"@type\":\"ListItem\",\"position\":4,\"name\":\"Zeli\u0161\u010dni \u010daj Burja 20g &#8211; Il giardino di Erica\"}]},{\"@type\":\"WebSite\",\"@id\":\"https:\/\/trieste.green\/sl\/#website\",\"url\":\"https:\/\/trieste.green\/sl\/\",\"name\":\"Trieste Green\",\"description\":\"\",\"publisher\":{\"@id\":\"https:\/\/trieste.green\/sl\/#organization\"},\"potentialAction\":[{\"@type\":\"SearchAction\",\"target\":{\"@type\":\"EntryPoint\",\"urlTemplate\":\"https:\/\/trieste.green\/sl\/?s={search_term_string}\"},\"query-input\":{\"@type\":\"PropertyValueSpecification\",\"valueRequired\":true,\"valueName\":\"search_term_string\"}}],\"inLanguage\":\"sl-SI\"},{\"@type\":\"Organization\",\"@id\":\"https:\/\/trieste.green\/sl\/#organization\",\"name\":\"Trieste Green\",\"url\":\"https:\/\/trieste.green\/sl\/\",\"logo\":{\"@type\":\"ImageObject\",\"inLanguage\":\"sl-SI\",\"@id\":\"https:\/\/trieste.green\/sl\/#\/schema\/logo\/image\/\",\"url\":\"http:\/\/trieste.green\/wp-content\/uploads\/2020\/08\/logo-tsgreen-1-128h.png\",\"contentUrl\":\"http:\/\/trieste.green\/wp-content\/uploads\/2020\/08\/logo-tsgreen-1-128h.png\",\"width\":128,\"height\":128,\"caption\":\"Trieste Green\"},\"image\":{\"@id\":\"https:\/\/trieste.green\/sl\/#\/schema\/logo\/image\/\"}}]}<\/script>\n<!-- \/ Yoast SEO plugin. -->","yoast_head_json":{"title":"Zeli\u0161\u010dni \u010daj Burja 20g - Il giardino di Erica - Trieste Green","robots":{"index":"index","follow":"follow","max-snippet":"max-snippet:-1","max-image-preview":"max-image-preview:large","max-video-preview":"max-video-preview:-1"},"canonical":"https:\/\/trieste.green\/sl\/prodotto\/zeliscni-caj-burja-il-giardino-di-erica\/","og_locale":"sl_SI","og_type":"article","og_title":"Zeli\u0161\u010dni \u010daj Burja 20g - Il giardino di Erica - Trieste Green","og_description":"Zeli\u0161\u010dna me\u0161anica se priporo\u010da ob povi\u0161ani temperaturi in prehladu. Zaradi svojih zdravilnih lastnosti ima \u0161tevilne blagodejne\u00a0u\u010dinke na sluznico dihal. Listi bezga in monarde pomagajo pri izlo\u010danju toksinov, ehinaceja pa pomaga krepiti imunski sistem.","og_url":"https:\/\/trieste.green\/sl\/prodotto\/zeliscni-caj-burja-il-giardino-di-erica\/","og_site_name":"Trieste Green","article_modified_time":"2021-03-22T10:02:53+00:00","og_image":[{"width":2000,"height":2000,"url":"https:\/\/trieste.green\/wp-content\/uploads\/2020\/12\/burja-erika.png","type":"image\/png"}],"twitter_card":"summary_large_image","schema":{"@context":"https:\/\/schema.org","@graph":[{"@type":"WebPage","@id":"https:\/\/trieste.green\/sl\/prodotto\/zeliscni-caj-burja-il-giardino-di-erica\/","url":"https:\/\/trieste.green\/sl\/prodotto\/zeliscni-caj-burja-il-giardino-di-erica\/","name":"Zeli\u0161\u010dni \u010daj Burja 20g - Il giardino di Erica - Trieste Green","isPartOf":{"@id":"https:\/\/trieste.green\/sl\/#website"},"primaryImageOfPage":{"@id":"https:\/\/trieste.green\/sl\/prodotto\/zeliscni-caj-burja-il-giardino-di-erica\/#primaryimage"},"image":{"@id":"https:\/\/trieste.green\/sl\/prodotto\/zeliscni-caj-burja-il-giardino-di-erica\/#primaryimage"},"thumbnailUrl":"https:\/\/trieste.green\/wp-content\/uploads\/2020\/12\/burja-erika.png","datePublished":"2020-12-10T15:06:35+00:00","dateModified":"2021-03-22T10:02:53+00:00","breadcrumb":{"@id":"https:\/\/trieste.green\/sl\/prodotto\/zeliscni-caj-burja-il-giardino-di-erica\/#breadcrumb"},"inLanguage":"sl-SI","potentialAction":[{"@type":"ReadAction","target":["https:\/\/trieste.green\/sl\/prodotto\/zeliscni-caj-burja-il-giardino-di-erica\/"]}]},{"@type":"ImageObject","inLanguage":"sl-SI","@id":"https:\/\/trieste.green\/sl\/prodotto\/zeliscni-caj-burja-il-giardino-di-erica\/#primaryimage","url":"https:\/\/trieste.green\/wp-content\/uploads\/2020\/12\/burja-erika.png","contentUrl":"https:\/\/trieste.green\/wp-content\/uploads\/2020\/12\/burja-erika.png","width":2000,"height":2000},{"@type":"BreadcrumbList","@id":"https:\/\/trieste.green\/sl\/prodotto\/zeliscni-caj-burja-il-giardino-di-erica\/#breadcrumb","itemListElement":[{"@type":"ListItem","position":1,"name":"Home","item":"https:\/\/trieste.green\/sl\/"},{"@type":"ListItem","position":2,"name":"Shop","item":"https:\/\/trieste.green\/botega\/"},{"@type":"ListItem","position":3,"name":"Zeli\u0161\u010dni \u010caji","item":"https:\/\/trieste.green\/sl\/categoria-prodotto\/zeliscni-caji\/"},{"@type":"ListItem","position":4,"name":"Zeli\u0161\u010dni \u010daj Burja 20g &#8211; Il giardino di Erica"}]},{"@type":"WebSite","@id":"https:\/\/trieste.green\/sl\/#website","url":"https:\/\/trieste.green\/sl\/","name":"Trieste Green","description":"","publisher":{"@id":"https:\/\/trieste.green\/sl\/#organization"},"potentialAction":[{"@type":"SearchAction","target":{"@type":"EntryPoint","urlTemplate":"https:\/\/trieste.green\/sl\/?s={search_term_string}"},"query-input":{"@type":"PropertyValueSpecification","valueRequired":true,"valueName":"search_term_string"}}],"inLanguage":"sl-SI"},{"@type":"Organization","@id":"https:\/\/trieste.green\/sl\/#organization","name":"Trieste Green","url":"https:\/\/trieste.green\/sl\/","logo":{"@type":"ImageObject","inLanguage":"sl-SI","@id":"https:\/\/trieste.green\/sl\/#\/schema\/logo\/image\/","url":"http:\/\/trieste.green\/wp-content\/uploads\/2020\/08\/logo-tsgreen-1-128h.png","contentUrl":"http:\/\/trieste.green\/wp-content\/uploads\/2020\/08\/logo-tsgreen-1-128h.png","width":128,"height":128,"caption":"Trieste Green"},"image":{"@id":"https:\/\/trieste.green\/sl\/#\/schema\/logo\/image\/"}}]}},"_links":{"self":[{"href":"https:\/\/trieste.green\/sl\/wp-json\/wp\/v2\/product\/4604","targetHints":{"allow":["GET"]}}],"collection":[{"href":"https:\/\/trieste.green\/sl\/wp-json\/wp\/v2\/product"}],"about":[{"href":"https:\/\/trieste.green\/sl\/wp-json\/wp\/v2\/types\/product"}],"replies":[{"embeddable":true,"href":"https:\/\/trieste.green\/sl\/wp-json\/wp\/v2\/comments?post=4604"}],"wp:featuredmedia":[{"embeddable":true,"href":"https:\/\/trieste.green\/sl\/wp-json\/wp\/v2\/media\/14039"}],"wp:attachment":[{"href":"https:\/\/trieste.green\/sl\/wp-json\/wp\/v2\/media?parent=4604"}],"wp:term":[{"taxonomy":"product_brand","embeddable":true,"href":"https:\/\/trieste.green\/sl\/wp-json\/wp\/v2\/product_brand?post=4604"},{"taxonomy":"product_cat","embeddable":true,"href":"https:\/\/trieste.green\/sl\/wp-json\/wp\/v2\/product_cat?post=4604"},{"taxonomy":"product_tag","embeddable":true,"href":"https:\/\/trieste.green\/sl\/wp-json\/wp\/v2\/product_tag?post=4604"}],"curies":[{"name":"wp","href":"https:\/\/api.w.org\/{rel}","templated":true}]}}