{"id":4595,"date":"2020-12-11T10:20:36","date_gmt":"2020-12-11T10:20:36","guid":{"rendered":"http:\/\/trieste.green\/prodotto\/kamen-075lt-zidarich\/"},"modified":"2020-12-11T10:20:36","modified_gmt":"2020-12-11T10:20:36","slug":"kamen-075lt-zidarich","status":"publish","type":"product","link":"https:\/\/trieste.green\/sl\/prodotto\/kamen-075lt-zidarich\/","title":{"rendered":"Kamen 0,75lt &#8211; Zidarich"},"content":{"rendered":"<p class=\"p1\">Edinstveno vino, ki ohranja sve\u017eino in trajajo\u010d pookus. Sode, pridobljene iz lokalnega kamna, uporabljajo za maceracijo in fermentacijo grozdnih jagod. Vino se je rodilo kot eksperiment, kot vizija Benjamina Zidaricha, da uporabi kra\u0161ki kamen za zorenje svoje vitovske. Tovrstno vinogradni\u0161tvo se spogleduje s preteklostjo in \u017eeli koristi naravne prvine pokrajine. Postre\u017eemo pri 15 \u00b0 C.<\/p>\n","protected":false},"excerpt":{"rendered":"<p class=\"p1\">Edinstveno vino, pridobljeno z maceracijo in fermentacijo v kamnitih sodih, izdelanih iz lokalnega kamna. Velika sve\u017eina in obstojnost ter kompleksna mineralnost. Postre\u017eemo pri 15 \u00b0 C.<\/p>\n","protected":false},"featured_media":14002,"comment_status":"closed","ping_status":"closed","template":"","meta":[],"product_brand":[],"product_cat":[334,302],"product_tag":[350],"class_list":{"0":"post-4595","1":"product","2":"type-product","3":"status-publish","4":"has-post-thumbnail","6":"product_cat-belo-vino","7":"product_cat-vino-sl","8":"product_tag-kmetija-zidarich","9":"territorio-devin-nabrezina","10":"one-third","12":"first","13":"outofstock","14":"taxable","15":"shipping-taxable","16":"purchasable","17":"product-type-simple"},"yoast_head":"<!-- This site is optimized with the Yoast SEO plugin v26.6 - https:\/\/yoast.com\/wordpress\/plugins\/seo\/ -->\n<title>Kamen 0,75lt - Zidarich - Trieste Green<\/title>\n<meta name=\"robots\" content=\"index, follow, max-snippet:-1, max-image-preview:large, max-video-preview:-1\" \/>\n<link rel=\"canonical\" href=\"https:\/\/trieste.green\/sl\/prodotto\/kamen-075lt-zidarich\/\" \/>\n<meta property=\"og:locale\" content=\"sl_SI\" \/>\n<meta property=\"og:type\" content=\"article\" \/>\n<meta property=\"og:title\" content=\"Kamen 0,75lt - Zidarich - Trieste Green\" \/>\n<meta property=\"og:description\" content=\"Edinstveno vino, pridobljeno z maceracijo in fermentacijo v kamnitih sodih, izdelanih iz lokalnega kamna. Velika sve\u017eina in obstojnost ter kompleksna mineralnost. Postre\u017eemo pri 15 \u00b0 C.\" \/>\n<meta property=\"og:url\" content=\"https:\/\/trieste.green\/sl\/prodotto\/kamen-075lt-zidarich\/\" \/>\n<meta property=\"og:site_name\" content=\"Trieste Green\" \/>\n<meta property=\"og:image\" content=\"https:\/\/trieste.green\/wp-content\/uploads\/2020\/12\/kamen-zidarich.png\" \/>\n\t<meta property=\"og:image:width\" content=\"2000\" \/>\n\t<meta property=\"og:image:height\" content=\"2000\" \/>\n\t<meta property=\"og:image:type\" content=\"image\/png\" \/>\n<meta name=\"twitter:card\" content=\"summary_large_image\" \/>\n<script type=\"application\/ld+json\" class=\"yoast-schema-graph\">{\"@context\":\"https:\/\/schema.org\",\"@graph\":[{\"@type\":\"WebPage\",\"@id\":\"https:\/\/trieste.green\/sl\/prodotto\/kamen-075lt-zidarich\/\",\"url\":\"https:\/\/trieste.green\/sl\/prodotto\/kamen-075lt-zidarich\/\",\"name\":\"Kamen 0,75lt - Zidarich - Trieste Green\",\"isPartOf\":{\"@id\":\"https:\/\/trieste.green\/sl\/#website\"},\"primaryImageOfPage\":{\"@id\":\"https:\/\/trieste.green\/sl\/prodotto\/kamen-075lt-zidarich\/#primaryimage\"},\"image\":{\"@id\":\"https:\/\/trieste.green\/sl\/prodotto\/kamen-075lt-zidarich\/#primaryimage\"},\"thumbnailUrl\":\"https:\/\/trieste.green\/wp-content\/uploads\/2020\/12\/kamen-zidarich.png\",\"datePublished\":\"2020-12-11T10:20:36+00:00\",\"breadcrumb\":{\"@id\":\"https:\/\/trieste.green\/sl\/prodotto\/kamen-075lt-zidarich\/#breadcrumb\"},\"inLanguage\":\"sl-SI\",\"potentialAction\":[{\"@type\":\"ReadAction\",\"target\":[\"https:\/\/trieste.green\/sl\/prodotto\/kamen-075lt-zidarich\/\"]}]},{\"@type\":\"ImageObject\",\"inLanguage\":\"sl-SI\",\"@id\":\"https:\/\/trieste.green\/sl\/prodotto\/kamen-075lt-zidarich\/#primaryimage\",\"url\":\"https:\/\/trieste.green\/wp-content\/uploads\/2020\/12\/kamen-zidarich.png\",\"contentUrl\":\"https:\/\/trieste.green\/wp-content\/uploads\/2020\/12\/kamen-zidarich.png\",\"width\":2000,\"height\":2000},{\"@type\":\"BreadcrumbList\",\"@id\":\"https:\/\/trieste.green\/sl\/prodotto\/kamen-075lt-zidarich\/#breadcrumb\",\"itemListElement\":[{\"@type\":\"ListItem\",\"position\":1,\"name\":\"Home\",\"item\":\"https:\/\/trieste.green\/sl\/\"},{\"@type\":\"ListItem\",\"position\":2,\"name\":\"Shop\",\"item\":\"https:\/\/trieste.green\/botega\/\"},{\"@type\":\"ListItem\",\"position\":3,\"name\":\"Vino\",\"item\":\"https:\/\/trieste.green\/sl\/categoria-prodotto\/vino-sl\/\"},{\"@type\":\"ListItem\",\"position\":4,\"name\":\"Belo vino\",\"item\":\"https:\/\/trieste.green\/sl\/categoria-prodotto\/vino-sl\/belo-vino\/\"},{\"@type\":\"ListItem\",\"position\":5,\"name\":\"Kamen 0,75lt &#8211; Zidarich\"}]},{\"@type\":\"WebSite\",\"@id\":\"https:\/\/trieste.green\/sl\/#website\",\"url\":\"https:\/\/trieste.green\/sl\/\",\"name\":\"Trieste Green\",\"description\":\"\",\"publisher\":{\"@id\":\"https:\/\/trieste.green\/sl\/#organization\"},\"potentialAction\":[{\"@type\":\"SearchAction\",\"target\":{\"@type\":\"EntryPoint\",\"urlTemplate\":\"https:\/\/trieste.green\/sl\/?s={search_term_string}\"},\"query-input\":{\"@type\":\"PropertyValueSpecification\",\"valueRequired\":true,\"valueName\":\"search_term_string\"}}],\"inLanguage\":\"sl-SI\"},{\"@type\":\"Organization\",\"@id\":\"https:\/\/trieste.green\/sl\/#organization\",\"name\":\"Trieste Green\",\"url\":\"https:\/\/trieste.green\/sl\/\",\"logo\":{\"@type\":\"ImageObject\",\"inLanguage\":\"sl-SI\",\"@id\":\"https:\/\/trieste.green\/sl\/#\/schema\/logo\/image\/\",\"url\":\"http:\/\/trieste.green\/wp-content\/uploads\/2020\/08\/logo-tsgreen-1-128h.png\",\"contentUrl\":\"http:\/\/trieste.green\/wp-content\/uploads\/2020\/08\/logo-tsgreen-1-128h.png\",\"width\":128,\"height\":128,\"caption\":\"Trieste Green\"},\"image\":{\"@id\":\"https:\/\/trieste.green\/sl\/#\/schema\/logo\/image\/\"}}]}<\/script>\n<!-- \/ Yoast SEO plugin. -->","yoast_head_json":{"title":"Kamen 0,75lt - Zidarich - Trieste Green","robots":{"index":"index","follow":"follow","max-snippet":"max-snippet:-1","max-image-preview":"max-image-preview:large","max-video-preview":"max-video-preview:-1"},"canonical":"https:\/\/trieste.green\/sl\/prodotto\/kamen-075lt-zidarich\/","og_locale":"sl_SI","og_type":"article","og_title":"Kamen 0,75lt - Zidarich - Trieste Green","og_description":"Edinstveno vino, pridobljeno z maceracijo in fermentacijo v kamnitih sodih, izdelanih iz lokalnega kamna. Velika sve\u017eina in obstojnost ter kompleksna mineralnost. Postre\u017eemo pri 15 \u00b0 C.","og_url":"https:\/\/trieste.green\/sl\/prodotto\/kamen-075lt-zidarich\/","og_site_name":"Trieste Green","og_image":[{"width":2000,"height":2000,"url":"https:\/\/trieste.green\/wp-content\/uploads\/2020\/12\/kamen-zidarich.png","type":"image\/png"}],"twitter_card":"summary_large_image","schema":{"@context":"https:\/\/schema.org","@graph":[{"@type":"WebPage","@id":"https:\/\/trieste.green\/sl\/prodotto\/kamen-075lt-zidarich\/","url":"https:\/\/trieste.green\/sl\/prodotto\/kamen-075lt-zidarich\/","name":"Kamen 0,75lt - Zidarich - Trieste Green","isPartOf":{"@id":"https:\/\/trieste.green\/sl\/#website"},"primaryImageOfPage":{"@id":"https:\/\/trieste.green\/sl\/prodotto\/kamen-075lt-zidarich\/#primaryimage"},"image":{"@id":"https:\/\/trieste.green\/sl\/prodotto\/kamen-075lt-zidarich\/#primaryimage"},"thumbnailUrl":"https:\/\/trieste.green\/wp-content\/uploads\/2020\/12\/kamen-zidarich.png","datePublished":"2020-12-11T10:20:36+00:00","breadcrumb":{"@id":"https:\/\/trieste.green\/sl\/prodotto\/kamen-075lt-zidarich\/#breadcrumb"},"inLanguage":"sl-SI","potentialAction":[{"@type":"ReadAction","target":["https:\/\/trieste.green\/sl\/prodotto\/kamen-075lt-zidarich\/"]}]},{"@type":"ImageObject","inLanguage":"sl-SI","@id":"https:\/\/trieste.green\/sl\/prodotto\/kamen-075lt-zidarich\/#primaryimage","url":"https:\/\/trieste.green\/wp-content\/uploads\/2020\/12\/kamen-zidarich.png","contentUrl":"https:\/\/trieste.green\/wp-content\/uploads\/2020\/12\/kamen-zidarich.png","width":2000,"height":2000},{"@type":"BreadcrumbList","@id":"https:\/\/trieste.green\/sl\/prodotto\/kamen-075lt-zidarich\/#breadcrumb","itemListElement":[{"@type":"ListItem","position":1,"name":"Home","item":"https:\/\/trieste.green\/sl\/"},{"@type":"ListItem","position":2,"name":"Shop","item":"https:\/\/trieste.green\/botega\/"},{"@type":"ListItem","position":3,"name":"Vino","item":"https:\/\/trieste.green\/sl\/categoria-prodotto\/vino-sl\/"},{"@type":"ListItem","position":4,"name":"Belo vino","item":"https:\/\/trieste.green\/sl\/categoria-prodotto\/vino-sl\/belo-vino\/"},{"@type":"ListItem","position":5,"name":"Kamen 0,75lt &#8211; Zidarich"}]},{"@type":"WebSite","@id":"https:\/\/trieste.green\/sl\/#website","url":"https:\/\/trieste.green\/sl\/","name":"Trieste Green","description":"","publisher":{"@id":"https:\/\/trieste.green\/sl\/#organization"},"potentialAction":[{"@type":"SearchAction","target":{"@type":"EntryPoint","urlTemplate":"https:\/\/trieste.green\/sl\/?s={search_term_string}"},"query-input":{"@type":"PropertyValueSpecification","valueRequired":true,"valueName":"search_term_string"}}],"inLanguage":"sl-SI"},{"@type":"Organization","@id":"https:\/\/trieste.green\/sl\/#organization","name":"Trieste Green","url":"https:\/\/trieste.green\/sl\/","logo":{"@type":"ImageObject","inLanguage":"sl-SI","@id":"https:\/\/trieste.green\/sl\/#\/schema\/logo\/image\/","url":"http:\/\/trieste.green\/wp-content\/uploads\/2020\/08\/logo-tsgreen-1-128h.png","contentUrl":"http:\/\/trieste.green\/wp-content\/uploads\/2020\/08\/logo-tsgreen-1-128h.png","width":128,"height":128,"caption":"Trieste Green"},"image":{"@id":"https:\/\/trieste.green\/sl\/#\/schema\/logo\/image\/"}}]}},"_links":{"self":[{"href":"https:\/\/trieste.green\/sl\/wp-json\/wp\/v2\/product\/4595","targetHints":{"allow":["GET"]}}],"collection":[{"href":"https:\/\/trieste.green\/sl\/wp-json\/wp\/v2\/product"}],"about":[{"href":"https:\/\/trieste.green\/sl\/wp-json\/wp\/v2\/types\/product"}],"replies":[{"embeddable":true,"href":"https:\/\/trieste.green\/sl\/wp-json\/wp\/v2\/comments?post=4595"}],"wp:featuredmedia":[{"embeddable":true,"href":"https:\/\/trieste.green\/sl\/wp-json\/wp\/v2\/media\/14002"}],"wp:attachment":[{"href":"https:\/\/trieste.green\/sl\/wp-json\/wp\/v2\/media?parent=4595"}],"wp:term":[{"taxonomy":"product_brand","embeddable":true,"href":"https:\/\/trieste.green\/sl\/wp-json\/wp\/v2\/product_brand?post=4595"},{"taxonomy":"product_cat","embeddable":true,"href":"https:\/\/trieste.green\/sl\/wp-json\/wp\/v2\/product_cat?post=4595"},{"taxonomy":"product_tag","embeddable":true,"href":"https:\/\/trieste.green\/sl\/wp-json\/wp\/v2\/product_tag?post=4595"}],"curies":[{"name":"wp","href":"https:\/\/api.w.org\/{rel}","templated":true}]}}