{"id":4590,"date":"2020-12-10T14:59:08","date_gmt":"2020-12-10T14:59:08","guid":{"rendered":"http:\/\/trieste.green\/prodotto\/terra-roza-075lt-bajta\/"},"modified":"2020-12-10T14:59:08","modified_gmt":"2020-12-10T14:59:08","slug":"terra-roza-075lt-bajta","status":"publish","type":"product","link":"https:\/\/trieste.green\/sl\/prodotto\/terra-roza-075lt-bajta\/","title":{"rendered":"Terra Roza 0,75lt &#8211; Bajta"},"content":{"rendered":"<p class=\"p1\">Ta penina\u00a0je pridelana\u00a0po\u00a0klasi\u010dni metodi\u00a0iz 100-odstotnega\u00a0istrskega refo\u0161ka. Penina je suha, uravnote\u017eena, odlo\u010dna in okusna. Mo\u0161t fermentira v nerjeve\u010dih posodah do stekleni\u010denja. V spomladanskih mesecih se spro\u017ei sekundarno vrenje, staranje v steklenici pa traja 18 mesecev. Odli\u010dna je v kombinaciji s suhimi mesnimi izdelki, mastnimi ribami in paradi\u017enikovimi jedmi.<\/p>\n","protected":false},"excerpt":{"rendered":"<p class=\"p1\">Ta penina\u00a0je pridelana\u00a0po\u00a0klasi\u010dni metodi\u00a0iz 100-odstotnega\u00a0istrskega refo\u0161ka. Penina je suha, uravnote\u017eena, odlo\u010dna in okusna. Odli\u010dna je v kombinaciji s suhimi mesnimi izdelki, mastnimi ribami in paradi\u017enikovimi jedmi.<\/p>\n","protected":false},"featured_media":6693,"comment_status":"closed","ping_status":"closed","template":"","meta":[],"product_brand":[],"product_cat":[333,302],"product_tag":[305],"class_list":{"0":"post-4590","1":"product","2":"type-product","3":"status-publish","4":"has-post-thumbnail","6":"product_cat-penina","7":"product_cat-vino-sl","8":"product_tag-kmetija-bajta","9":"territorio-zgonik","10":"one-third","12":"first","13":"instock","14":"taxable","15":"shipping-taxable","16":"product-type-simple"},"yoast_head":"<!-- This site is optimized with the Yoast SEO plugin v26.6 - https:\/\/yoast.com\/wordpress\/plugins\/seo\/ -->\n<title>Terra Roza 0,75lt - Bajta - Trieste Green<\/title>\n<meta name=\"robots\" content=\"index, follow, max-snippet:-1, max-image-preview:large, max-video-preview:-1\" \/>\n<link rel=\"canonical\" href=\"https:\/\/trieste.green\/sl\/prodotto\/terra-roza-075lt-bajta\/\" \/>\n<meta property=\"og:locale\" content=\"sl_SI\" \/>\n<meta property=\"og:type\" content=\"article\" \/>\n<meta property=\"og:title\" content=\"Terra Roza 0,75lt - Bajta - Trieste Green\" \/>\n<meta property=\"og:description\" content=\"Ta penina\u00a0je pridelana\u00a0po\u00a0klasi\u010dni metodi\u00a0iz 100-odstotnega\u00a0istrskega refo\u0161ka. Penina je suha, uravnote\u017eena, odlo\u010dna in okusna. Odli\u010dna je v kombinaciji s suhimi mesnimi izdelki, mastnimi ribami in paradi\u017enikovimi jedmi.\" \/>\n<meta property=\"og:url\" content=\"https:\/\/trieste.green\/sl\/prodotto\/terra-roza-075lt-bajta\/\" \/>\n<meta property=\"og:site_name\" content=\"Trieste Green\" \/>\n<meta property=\"og:image\" content=\"https:\/\/trieste.green\/wp-content\/uploads\/2020\/12\/TERRAROZA.BAJTA_.png\" \/>\n\t<meta property=\"og:image:width\" content=\"2000\" \/>\n\t<meta property=\"og:image:height\" content=\"2091\" \/>\n\t<meta property=\"og:image:type\" content=\"image\/png\" \/>\n<meta name=\"twitter:card\" content=\"summary_large_image\" \/>\n<script type=\"application\/ld+json\" class=\"yoast-schema-graph\">{\"@context\":\"https:\/\/schema.org\",\"@graph\":[{\"@type\":\"WebPage\",\"@id\":\"https:\/\/trieste.green\/sl\/prodotto\/terra-roza-075lt-bajta\/\",\"url\":\"https:\/\/trieste.green\/sl\/prodotto\/terra-roza-075lt-bajta\/\",\"name\":\"Terra Roza 0,75lt - Bajta - Trieste Green\",\"isPartOf\":{\"@id\":\"https:\/\/trieste.green\/sl\/#website\"},\"primaryImageOfPage\":{\"@id\":\"https:\/\/trieste.green\/sl\/prodotto\/terra-roza-075lt-bajta\/#primaryimage\"},\"image\":{\"@id\":\"https:\/\/trieste.green\/sl\/prodotto\/terra-roza-075lt-bajta\/#primaryimage\"},\"thumbnailUrl\":\"https:\/\/trieste.green\/wp-content\/uploads\/2020\/12\/TERRAROZA.BAJTA_.png\",\"datePublished\":\"2020-12-10T14:59:08+00:00\",\"breadcrumb\":{\"@id\":\"https:\/\/trieste.green\/sl\/prodotto\/terra-roza-075lt-bajta\/#breadcrumb\"},\"inLanguage\":\"sl-SI\",\"potentialAction\":[{\"@type\":\"ReadAction\",\"target\":[\"https:\/\/trieste.green\/sl\/prodotto\/terra-roza-075lt-bajta\/\"]}]},{\"@type\":\"ImageObject\",\"inLanguage\":\"sl-SI\",\"@id\":\"https:\/\/trieste.green\/sl\/prodotto\/terra-roza-075lt-bajta\/#primaryimage\",\"url\":\"https:\/\/trieste.green\/wp-content\/uploads\/2020\/12\/TERRAROZA.BAJTA_.png\",\"contentUrl\":\"https:\/\/trieste.green\/wp-content\/uploads\/2020\/12\/TERRAROZA.BAJTA_.png\",\"width\":2000,\"height\":2091},{\"@type\":\"BreadcrumbList\",\"@id\":\"https:\/\/trieste.green\/sl\/prodotto\/terra-roza-075lt-bajta\/#breadcrumb\",\"itemListElement\":[{\"@type\":\"ListItem\",\"position\":1,\"name\":\"Home\",\"item\":\"https:\/\/trieste.green\/sl\/\"},{\"@type\":\"ListItem\",\"position\":2,\"name\":\"Shop\",\"item\":\"https:\/\/trieste.green\/botega\/\"},{\"@type\":\"ListItem\",\"position\":3,\"name\":\"Vino\",\"item\":\"https:\/\/trieste.green\/sl\/categoria-prodotto\/vino-sl\/\"},{\"@type\":\"ListItem\",\"position\":4,\"name\":\"Penina\",\"item\":\"https:\/\/trieste.green\/sl\/categoria-prodotto\/vino-sl\/penina\/\"},{\"@type\":\"ListItem\",\"position\":5,\"name\":\"Terra Roza 0,75lt &#8211; Bajta\"}]},{\"@type\":\"WebSite\",\"@id\":\"https:\/\/trieste.green\/sl\/#website\",\"url\":\"https:\/\/trieste.green\/sl\/\",\"name\":\"Trieste Green\",\"description\":\"\",\"publisher\":{\"@id\":\"https:\/\/trieste.green\/sl\/#organization\"},\"potentialAction\":[{\"@type\":\"SearchAction\",\"target\":{\"@type\":\"EntryPoint\",\"urlTemplate\":\"https:\/\/trieste.green\/sl\/?s={search_term_string}\"},\"query-input\":{\"@type\":\"PropertyValueSpecification\",\"valueRequired\":true,\"valueName\":\"search_term_string\"}}],\"inLanguage\":\"sl-SI\"},{\"@type\":\"Organization\",\"@id\":\"https:\/\/trieste.green\/sl\/#organization\",\"name\":\"Trieste Green\",\"url\":\"https:\/\/trieste.green\/sl\/\",\"logo\":{\"@type\":\"ImageObject\",\"inLanguage\":\"sl-SI\",\"@id\":\"https:\/\/trieste.green\/sl\/#\/schema\/logo\/image\/\",\"url\":\"http:\/\/trieste.green\/wp-content\/uploads\/2020\/08\/logo-tsgreen-1-128h.png\",\"contentUrl\":\"http:\/\/trieste.green\/wp-content\/uploads\/2020\/08\/logo-tsgreen-1-128h.png\",\"width\":128,\"height\":128,\"caption\":\"Trieste Green\"},\"image\":{\"@id\":\"https:\/\/trieste.green\/sl\/#\/schema\/logo\/image\/\"}}]}<\/script>\n<!-- \/ Yoast SEO plugin. -->","yoast_head_json":{"title":"Terra Roza 0,75lt - Bajta - Trieste Green","robots":{"index":"index","follow":"follow","max-snippet":"max-snippet:-1","max-image-preview":"max-image-preview:large","max-video-preview":"max-video-preview:-1"},"canonical":"https:\/\/trieste.green\/sl\/prodotto\/terra-roza-075lt-bajta\/","og_locale":"sl_SI","og_type":"article","og_title":"Terra Roza 0,75lt - Bajta - Trieste Green","og_description":"Ta penina\u00a0je pridelana\u00a0po\u00a0klasi\u010dni metodi\u00a0iz 100-odstotnega\u00a0istrskega refo\u0161ka. Penina je suha, uravnote\u017eena, odlo\u010dna in okusna. Odli\u010dna je v kombinaciji s suhimi mesnimi izdelki, mastnimi ribami in paradi\u017enikovimi jedmi.","og_url":"https:\/\/trieste.green\/sl\/prodotto\/terra-roza-075lt-bajta\/","og_site_name":"Trieste Green","og_image":[{"width":2000,"height":2091,"url":"https:\/\/trieste.green\/wp-content\/uploads\/2020\/12\/TERRAROZA.BAJTA_.png","type":"image\/png"}],"twitter_card":"summary_large_image","schema":{"@context":"https:\/\/schema.org","@graph":[{"@type":"WebPage","@id":"https:\/\/trieste.green\/sl\/prodotto\/terra-roza-075lt-bajta\/","url":"https:\/\/trieste.green\/sl\/prodotto\/terra-roza-075lt-bajta\/","name":"Terra Roza 0,75lt - Bajta - Trieste Green","isPartOf":{"@id":"https:\/\/trieste.green\/sl\/#website"},"primaryImageOfPage":{"@id":"https:\/\/trieste.green\/sl\/prodotto\/terra-roza-075lt-bajta\/#primaryimage"},"image":{"@id":"https:\/\/trieste.green\/sl\/prodotto\/terra-roza-075lt-bajta\/#primaryimage"},"thumbnailUrl":"https:\/\/trieste.green\/wp-content\/uploads\/2020\/12\/TERRAROZA.BAJTA_.png","datePublished":"2020-12-10T14:59:08+00:00","breadcrumb":{"@id":"https:\/\/trieste.green\/sl\/prodotto\/terra-roza-075lt-bajta\/#breadcrumb"},"inLanguage":"sl-SI","potentialAction":[{"@type":"ReadAction","target":["https:\/\/trieste.green\/sl\/prodotto\/terra-roza-075lt-bajta\/"]}]},{"@type":"ImageObject","inLanguage":"sl-SI","@id":"https:\/\/trieste.green\/sl\/prodotto\/terra-roza-075lt-bajta\/#primaryimage","url":"https:\/\/trieste.green\/wp-content\/uploads\/2020\/12\/TERRAROZA.BAJTA_.png","contentUrl":"https:\/\/trieste.green\/wp-content\/uploads\/2020\/12\/TERRAROZA.BAJTA_.png","width":2000,"height":2091},{"@type":"BreadcrumbList","@id":"https:\/\/trieste.green\/sl\/prodotto\/terra-roza-075lt-bajta\/#breadcrumb","itemListElement":[{"@type":"ListItem","position":1,"name":"Home","item":"https:\/\/trieste.green\/sl\/"},{"@type":"ListItem","position":2,"name":"Shop","item":"https:\/\/trieste.green\/botega\/"},{"@type":"ListItem","position":3,"name":"Vino","item":"https:\/\/trieste.green\/sl\/categoria-prodotto\/vino-sl\/"},{"@type":"ListItem","position":4,"name":"Penina","item":"https:\/\/trieste.green\/sl\/categoria-prodotto\/vino-sl\/penina\/"},{"@type":"ListItem","position":5,"name":"Terra Roza 0,75lt &#8211; Bajta"}]},{"@type":"WebSite","@id":"https:\/\/trieste.green\/sl\/#website","url":"https:\/\/trieste.green\/sl\/","name":"Trieste Green","description":"","publisher":{"@id":"https:\/\/trieste.green\/sl\/#organization"},"potentialAction":[{"@type":"SearchAction","target":{"@type":"EntryPoint","urlTemplate":"https:\/\/trieste.green\/sl\/?s={search_term_string}"},"query-input":{"@type":"PropertyValueSpecification","valueRequired":true,"valueName":"search_term_string"}}],"inLanguage":"sl-SI"},{"@type":"Organization","@id":"https:\/\/trieste.green\/sl\/#organization","name":"Trieste Green","url":"https:\/\/trieste.green\/sl\/","logo":{"@type":"ImageObject","inLanguage":"sl-SI","@id":"https:\/\/trieste.green\/sl\/#\/schema\/logo\/image\/","url":"http:\/\/trieste.green\/wp-content\/uploads\/2020\/08\/logo-tsgreen-1-128h.png","contentUrl":"http:\/\/trieste.green\/wp-content\/uploads\/2020\/08\/logo-tsgreen-1-128h.png","width":128,"height":128,"caption":"Trieste Green"},"image":{"@id":"https:\/\/trieste.green\/sl\/#\/schema\/logo\/image\/"}}]}},"_links":{"self":[{"href":"https:\/\/trieste.green\/sl\/wp-json\/wp\/v2\/product\/4590","targetHints":{"allow":["GET"]}}],"collection":[{"href":"https:\/\/trieste.green\/sl\/wp-json\/wp\/v2\/product"}],"about":[{"href":"https:\/\/trieste.green\/sl\/wp-json\/wp\/v2\/types\/product"}],"replies":[{"embeddable":true,"href":"https:\/\/trieste.green\/sl\/wp-json\/wp\/v2\/comments?post=4590"}],"wp:featuredmedia":[{"embeddable":true,"href":"https:\/\/trieste.green\/sl\/wp-json\/wp\/v2\/media\/6693"}],"wp:attachment":[{"href":"https:\/\/trieste.green\/sl\/wp-json\/wp\/v2\/media?parent=4590"}],"wp:term":[{"taxonomy":"product_brand","embeddable":true,"href":"https:\/\/trieste.green\/sl\/wp-json\/wp\/v2\/product_brand?post=4590"},{"taxonomy":"product_cat","embeddable":true,"href":"https:\/\/trieste.green\/sl\/wp-json\/wp\/v2\/product_cat?post=4590"},{"taxonomy":"product_tag","embeddable":true,"href":"https:\/\/trieste.green\/sl\/wp-json\/wp\/v2\/product_tag?post=4590"}],"curies":[{"name":"wp","href":"https:\/\/api.w.org\/{rel}","templated":true}]}}