{"id":4587,"date":"2020-12-15T14:05:49","date_gmt":"2020-12-15T14:05:49","guid":{"rendered":"http:\/\/trieste.green\/prodotto\/krodegin-bajta\/"},"modified":"2020-12-15T14:05:49","modified_gmt":"2020-12-15T14:05:49","slug":"krodegin-bajta","status":"publish","type":"product","link":"https:\/\/trieste.green\/sl\/prodotto\/krodegin-bajta\/","title":{"rendered":"Cotechino &#8211; Bajta"},"content":{"rendered":"<p class=\"p1\">S Krasa na mizo! Svinjski izdelek pridelan iz svinjine \u017eivali proste reje s podro\u010dja Sale\u017ea; te prosto rijejo pod hrasti, pod grmi ruja in divjega brina, pri tem pa lahko u\u017eivajo ob sunkih kra\u0161ke burje. Krodegin je hrustljav\u00a0in okusen, hkrati\u00a0tudi\u00a0mehak ter \u017eelatinast, kot veleva tradicija. Svetujemo vam, da se ga kuha v vodi in vinu, da ga postrezite \u0161e toplega z gor\u010dico, sve\u017ee naribanim hrenom in s kislim zeljem.<\/p>\n","protected":false},"excerpt":{"rendered":"<p class=\"p1\">Svinjski izdelek odli\u010dne kakovosti, pridelan iz \u017eivali proste reje s podro\u010dja Sale\u017ea. Krodegin je hrustljav\u00a0in okusen, hkrati\u00a0tudi\u00a0mehak ter \u017eelatinast, kot veleva tradicija.<\/p>\n","protected":false},"featured_media":6681,"comment_status":"closed","ping_status":"closed","template":"","meta":[],"product_brand":[],"product_cat":[329,313,327,310],"product_tag":[305],"class_list":{"0":"post-4587","1":"product","2":"type-product","3":"status-publish","4":"has-post-thumbnail","6":"product_cat-prasic-sl","7":"product_cat-prasic","8":"product_cat-suhomesnati-izdelki","9":"product_cat-sveze-meso","10":"product_tag-kmetija-bajta","11":"territorio-zgonik","12":"one-third","14":"first","15":"instock","16":"taxable","17":"shipping-taxable","18":"product-type-simple"},"yoast_head":"<!-- This site is optimized with the Yoast SEO plugin v26.6 - https:\/\/yoast.com\/wordpress\/plugins\/seo\/ -->\n<title>Cotechino - Bajta - Trieste Green<\/title>\n<meta name=\"robots\" content=\"index, follow, max-snippet:-1, max-image-preview:large, max-video-preview:-1\" \/>\n<link rel=\"canonical\" href=\"https:\/\/trieste.green\/sl\/prodotto\/krodegin-bajta\/\" \/>\n<meta property=\"og:locale\" content=\"sl_SI\" \/>\n<meta property=\"og:type\" content=\"article\" \/>\n<meta property=\"og:title\" content=\"Cotechino - Bajta - Trieste Green\" \/>\n<meta property=\"og:description\" content=\"Svinjski izdelek odli\u010dne kakovosti, pridelan iz \u017eivali proste reje s podro\u010dja Sale\u017ea. Krodegin je hrustljav\u00a0in okusen, hkrati\u00a0tudi\u00a0mehak ter \u017eelatinast, kot veleva tradicija.\" \/>\n<meta property=\"og:url\" content=\"https:\/\/trieste.green\/sl\/prodotto\/krodegin-bajta\/\" \/>\n<meta property=\"og:site_name\" content=\"Trieste Green\" \/>\n<meta property=\"og:image\" content=\"https:\/\/trieste.green\/wp-content\/uploads\/2020\/12\/COTECHINO.BAJTA_-1024x1024.png\" \/>\n\t<meta property=\"og:image:width\" content=\"1024\" \/>\n\t<meta property=\"og:image:height\" content=\"1024\" \/>\n\t<meta property=\"og:image:type\" content=\"image\/png\" \/>\n<meta name=\"twitter:card\" content=\"summary_large_image\" \/>\n<script type=\"application\/ld+json\" class=\"yoast-schema-graph\">{\"@context\":\"https:\/\/schema.org\",\"@graph\":[{\"@type\":\"WebPage\",\"@id\":\"https:\/\/trieste.green\/sl\/prodotto\/krodegin-bajta\/\",\"url\":\"https:\/\/trieste.green\/sl\/prodotto\/krodegin-bajta\/\",\"name\":\"Cotechino - Bajta - Trieste Green\",\"isPartOf\":{\"@id\":\"https:\/\/trieste.green\/sl\/#website\"},\"primaryImageOfPage\":{\"@id\":\"https:\/\/trieste.green\/sl\/prodotto\/krodegin-bajta\/#primaryimage\"},\"image\":{\"@id\":\"https:\/\/trieste.green\/sl\/prodotto\/krodegin-bajta\/#primaryimage\"},\"thumbnailUrl\":\"https:\/\/trieste.green\/wp-content\/uploads\/2020\/12\/COTECHINO.BAJTA_.png\",\"datePublished\":\"2020-12-15T14:05:49+00:00\",\"breadcrumb\":{\"@id\":\"https:\/\/trieste.green\/sl\/prodotto\/krodegin-bajta\/#breadcrumb\"},\"inLanguage\":\"sl-SI\",\"potentialAction\":[{\"@type\":\"ReadAction\",\"target\":[\"https:\/\/trieste.green\/sl\/prodotto\/krodegin-bajta\/\"]}]},{\"@type\":\"ImageObject\",\"inLanguage\":\"sl-SI\",\"@id\":\"https:\/\/trieste.green\/sl\/prodotto\/krodegin-bajta\/#primaryimage\",\"url\":\"https:\/\/trieste.green\/wp-content\/uploads\/2020\/12\/COTECHINO.BAJTA_.png\",\"contentUrl\":\"https:\/\/trieste.green\/wp-content\/uploads\/2020\/12\/COTECHINO.BAJTA_.png\",\"width\":3000,\"height\":3000},{\"@type\":\"BreadcrumbList\",\"@id\":\"https:\/\/trieste.green\/sl\/prodotto\/krodegin-bajta\/#breadcrumb\",\"itemListElement\":[{\"@type\":\"ListItem\",\"position\":1,\"name\":\"Home\",\"item\":\"https:\/\/trieste.green\/sl\/\"},{\"@type\":\"ListItem\",\"position\":2,\"name\":\"Shop\",\"item\":\"https:\/\/trieste.green\/botega\/\"},{\"@type\":\"ListItem\",\"position\":3,\"name\":\"Sve\u017ee meso\",\"item\":\"https:\/\/trieste.green\/sl\/categoria-prodotto\/sveze-meso\/\"},{\"@type\":\"ListItem\",\"position\":4,\"name\":\"Pra\u0161i\u010d\",\"item\":\"https:\/\/trieste.green\/sl\/categoria-prodotto\/sveze-meso\/prasic\/\"},{\"@type\":\"ListItem\",\"position\":5,\"name\":\"Cotechino &#8211; Bajta\"}]},{\"@type\":\"WebSite\",\"@id\":\"https:\/\/trieste.green\/sl\/#website\",\"url\":\"https:\/\/trieste.green\/sl\/\",\"name\":\"Trieste Green\",\"description\":\"\",\"publisher\":{\"@id\":\"https:\/\/trieste.green\/sl\/#organization\"},\"potentialAction\":[{\"@type\":\"SearchAction\",\"target\":{\"@type\":\"EntryPoint\",\"urlTemplate\":\"https:\/\/trieste.green\/sl\/?s={search_term_string}\"},\"query-input\":{\"@type\":\"PropertyValueSpecification\",\"valueRequired\":true,\"valueName\":\"search_term_string\"}}],\"inLanguage\":\"sl-SI\"},{\"@type\":\"Organization\",\"@id\":\"https:\/\/trieste.green\/sl\/#organization\",\"name\":\"Trieste Green\",\"url\":\"https:\/\/trieste.green\/sl\/\",\"logo\":{\"@type\":\"ImageObject\",\"inLanguage\":\"sl-SI\",\"@id\":\"https:\/\/trieste.green\/sl\/#\/schema\/logo\/image\/\",\"url\":\"http:\/\/trieste.green\/wp-content\/uploads\/2020\/08\/logo-tsgreen-1-128h.png\",\"contentUrl\":\"http:\/\/trieste.green\/wp-content\/uploads\/2020\/08\/logo-tsgreen-1-128h.png\",\"width\":128,\"height\":128,\"caption\":\"Trieste Green\"},\"image\":{\"@id\":\"https:\/\/trieste.green\/sl\/#\/schema\/logo\/image\/\"}}]}<\/script>\n<!-- \/ Yoast SEO plugin. -->","yoast_head_json":{"title":"Cotechino - Bajta - Trieste Green","robots":{"index":"index","follow":"follow","max-snippet":"max-snippet:-1","max-image-preview":"max-image-preview:large","max-video-preview":"max-video-preview:-1"},"canonical":"https:\/\/trieste.green\/sl\/prodotto\/krodegin-bajta\/","og_locale":"sl_SI","og_type":"article","og_title":"Cotechino - Bajta - Trieste Green","og_description":"Svinjski izdelek odli\u010dne kakovosti, pridelan iz \u017eivali proste reje s podro\u010dja Sale\u017ea. Krodegin je hrustljav\u00a0in okusen, hkrati\u00a0tudi\u00a0mehak ter \u017eelatinast, kot veleva tradicija.","og_url":"https:\/\/trieste.green\/sl\/prodotto\/krodegin-bajta\/","og_site_name":"Trieste Green","og_image":[{"width":1024,"height":1024,"url":"https:\/\/trieste.green\/wp-content\/uploads\/2020\/12\/COTECHINO.BAJTA_-1024x1024.png","type":"image\/png"}],"twitter_card":"summary_large_image","schema":{"@context":"https:\/\/schema.org","@graph":[{"@type":"WebPage","@id":"https:\/\/trieste.green\/sl\/prodotto\/krodegin-bajta\/","url":"https:\/\/trieste.green\/sl\/prodotto\/krodegin-bajta\/","name":"Cotechino - Bajta - Trieste Green","isPartOf":{"@id":"https:\/\/trieste.green\/sl\/#website"},"primaryImageOfPage":{"@id":"https:\/\/trieste.green\/sl\/prodotto\/krodegin-bajta\/#primaryimage"},"image":{"@id":"https:\/\/trieste.green\/sl\/prodotto\/krodegin-bajta\/#primaryimage"},"thumbnailUrl":"https:\/\/trieste.green\/wp-content\/uploads\/2020\/12\/COTECHINO.BAJTA_.png","datePublished":"2020-12-15T14:05:49+00:00","breadcrumb":{"@id":"https:\/\/trieste.green\/sl\/prodotto\/krodegin-bajta\/#breadcrumb"},"inLanguage":"sl-SI","potentialAction":[{"@type":"ReadAction","target":["https:\/\/trieste.green\/sl\/prodotto\/krodegin-bajta\/"]}]},{"@type":"ImageObject","inLanguage":"sl-SI","@id":"https:\/\/trieste.green\/sl\/prodotto\/krodegin-bajta\/#primaryimage","url":"https:\/\/trieste.green\/wp-content\/uploads\/2020\/12\/COTECHINO.BAJTA_.png","contentUrl":"https:\/\/trieste.green\/wp-content\/uploads\/2020\/12\/COTECHINO.BAJTA_.png","width":3000,"height":3000},{"@type":"BreadcrumbList","@id":"https:\/\/trieste.green\/sl\/prodotto\/krodegin-bajta\/#breadcrumb","itemListElement":[{"@type":"ListItem","position":1,"name":"Home","item":"https:\/\/trieste.green\/sl\/"},{"@type":"ListItem","position":2,"name":"Shop","item":"https:\/\/trieste.green\/botega\/"},{"@type":"ListItem","position":3,"name":"Sve\u017ee meso","item":"https:\/\/trieste.green\/sl\/categoria-prodotto\/sveze-meso\/"},{"@type":"ListItem","position":4,"name":"Pra\u0161i\u010d","item":"https:\/\/trieste.green\/sl\/categoria-prodotto\/sveze-meso\/prasic\/"},{"@type":"ListItem","position":5,"name":"Cotechino &#8211; Bajta"}]},{"@type":"WebSite","@id":"https:\/\/trieste.green\/sl\/#website","url":"https:\/\/trieste.green\/sl\/","name":"Trieste Green","description":"","publisher":{"@id":"https:\/\/trieste.green\/sl\/#organization"},"potentialAction":[{"@type":"SearchAction","target":{"@type":"EntryPoint","urlTemplate":"https:\/\/trieste.green\/sl\/?s={search_term_string}"},"query-input":{"@type":"PropertyValueSpecification","valueRequired":true,"valueName":"search_term_string"}}],"inLanguage":"sl-SI"},{"@type":"Organization","@id":"https:\/\/trieste.green\/sl\/#organization","name":"Trieste Green","url":"https:\/\/trieste.green\/sl\/","logo":{"@type":"ImageObject","inLanguage":"sl-SI","@id":"https:\/\/trieste.green\/sl\/#\/schema\/logo\/image\/","url":"http:\/\/trieste.green\/wp-content\/uploads\/2020\/08\/logo-tsgreen-1-128h.png","contentUrl":"http:\/\/trieste.green\/wp-content\/uploads\/2020\/08\/logo-tsgreen-1-128h.png","width":128,"height":128,"caption":"Trieste Green"},"image":{"@id":"https:\/\/trieste.green\/sl\/#\/schema\/logo\/image\/"}}]}},"_links":{"self":[{"href":"https:\/\/trieste.green\/sl\/wp-json\/wp\/v2\/product\/4587","targetHints":{"allow":["GET"]}}],"collection":[{"href":"https:\/\/trieste.green\/sl\/wp-json\/wp\/v2\/product"}],"about":[{"href":"https:\/\/trieste.green\/sl\/wp-json\/wp\/v2\/types\/product"}],"replies":[{"embeddable":true,"href":"https:\/\/trieste.green\/sl\/wp-json\/wp\/v2\/comments?post=4587"}],"wp:featuredmedia":[{"embeddable":true,"href":"https:\/\/trieste.green\/sl\/wp-json\/wp\/v2\/media\/6681"}],"wp:attachment":[{"href":"https:\/\/trieste.green\/sl\/wp-json\/wp\/v2\/media?parent=4587"}],"wp:term":[{"taxonomy":"product_brand","embeddable":true,"href":"https:\/\/trieste.green\/sl\/wp-json\/wp\/v2\/product_brand?post=4587"},{"taxonomy":"product_cat","embeddable":true,"href":"https:\/\/trieste.green\/sl\/wp-json\/wp\/v2\/product_cat?post=4587"},{"taxonomy":"product_tag","embeddable":true,"href":"https:\/\/trieste.green\/sl\/wp-json\/wp\/v2\/product_tag?post=4587"}],"curies":[{"name":"wp","href":"https:\/\/api.w.org\/{rel}","templated":true}]}}