{"id":4584,"date":"2020-12-15T14:03:41","date_gmt":"2020-12-15T14:03:41","guid":{"rendered":"http:\/\/trieste.green\/prodotto\/zampone-1kg-bajta\/"},"modified":"2020-12-15T14:03:41","modified_gmt":"2020-12-15T14:03:41","slug":"zampone-1kg-bajta","status":"publish","type":"product","link":"https:\/\/trieste.green\/sl\/prodotto\/zampone-1kg-bajta\/","title":{"rendered":"Zampone 1kg &#8211; Bajta"},"content":{"rendered":"<p class=\"p1\">S Krasa na mizo! Zampone, pridelan iz svinjine \u017eivali proste reje s podro\u010dja Sale\u017ea; te prosto rijejo pod hrasti, pod grmi ruja in divjega brina, pri tem pa lahko u\u017eivajo ob sunkih kra\u0161ke burje. Tradicionalna polnjena svinjska noga je aromatizirana z za\u010dimbami, ro\u010dno pa poteka tudi polnjenje. Postrezite ga z gor\u010dico, sve\u017ee naribanim hrenom in z le\u010do.<\/p>\n","protected":false},"excerpt":{"rendered":"<p class=\"p1\">Zampone, pridelan iz svinjine \u017eivali proste reje s podro\u010dja Sale\u017ea. Tradicionalna polnjena svinjska noga je aromatizirana z za\u010dimbami, ro\u010dno pa poteka tudi polnjenje. Postrezite ga z gor\u010dico, sve\u017ee naribanim hrenom in z le\u010do.<\/p>\n","protected":false},"featured_media":13584,"comment_status":"closed","ping_status":"closed","template":"","meta":[],"product_brand":[],"product_cat":[313,310],"product_tag":[305],"class_list":{"0":"post-4584","1":"product","2":"type-product","3":"status-publish","4":"has-post-thumbnail","6":"product_cat-prasic","7":"product_cat-sveze-meso","8":"product_tag-kmetija-bajta","9":"territorio-zgonik","10":"one-third","12":"first","13":"instock","14":"taxable","15":"shipping-taxable","16":"product-type-simple"},"yoast_head":"<!-- This site is optimized with the Yoast SEO plugin v26.6 - https:\/\/yoast.com\/wordpress\/plugins\/seo\/ -->\n<title>Zampone 1kg - Bajta - Trieste Green<\/title>\n<meta name=\"robots\" content=\"index, follow, max-snippet:-1, max-image-preview:large, max-video-preview:-1\" \/>\n<link rel=\"canonical\" href=\"https:\/\/trieste.green\/sl\/prodotto\/zampone-1kg-bajta\/\" \/>\n<meta property=\"og:locale\" content=\"sl_SI\" \/>\n<meta property=\"og:type\" content=\"article\" \/>\n<meta property=\"og:title\" content=\"Zampone 1kg - Bajta - Trieste Green\" \/>\n<meta property=\"og:description\" content=\"Zampone, pridelan iz svinjine \u017eivali proste reje s podro\u010dja Sale\u017ea. Tradicionalna polnjena svinjska noga je aromatizirana z za\u010dimbami, ro\u010dno pa poteka tudi polnjenje. Postrezite ga z gor\u010dico, sve\u017ee naribanim hrenom in z le\u010do.\" \/>\n<meta property=\"og:url\" content=\"https:\/\/trieste.green\/sl\/prodotto\/zampone-1kg-bajta\/\" \/>\n<meta property=\"og:site_name\" content=\"Trieste Green\" \/>\n<meta property=\"og:image\" content=\"https:\/\/trieste.green\/wp-content\/uploads\/2020\/12\/ZAMPONE.BAJTA-NEW-1024x1024.png\" \/>\n\t<meta property=\"og:image:width\" content=\"1024\" \/>\n\t<meta property=\"og:image:height\" content=\"1024\" \/>\n\t<meta property=\"og:image:type\" content=\"image\/png\" \/>\n<meta name=\"twitter:card\" content=\"summary_large_image\" \/>\n<script type=\"application\/ld+json\" class=\"yoast-schema-graph\">{\"@context\":\"https:\/\/schema.org\",\"@graph\":[{\"@type\":\"WebPage\",\"@id\":\"https:\/\/trieste.green\/sl\/prodotto\/zampone-1kg-bajta\/\",\"url\":\"https:\/\/trieste.green\/sl\/prodotto\/zampone-1kg-bajta\/\",\"name\":\"Zampone 1kg - Bajta - Trieste Green\",\"isPartOf\":{\"@id\":\"https:\/\/trieste.green\/sl\/#website\"},\"primaryImageOfPage\":{\"@id\":\"https:\/\/trieste.green\/sl\/prodotto\/zampone-1kg-bajta\/#primaryimage\"},\"image\":{\"@id\":\"https:\/\/trieste.green\/sl\/prodotto\/zampone-1kg-bajta\/#primaryimage\"},\"thumbnailUrl\":\"https:\/\/trieste.green\/wp-content\/uploads\/2020\/12\/ZAMPONE.BAJTA-NEW.png\",\"datePublished\":\"2020-12-15T14:03:41+00:00\",\"breadcrumb\":{\"@id\":\"https:\/\/trieste.green\/sl\/prodotto\/zampone-1kg-bajta\/#breadcrumb\"},\"inLanguage\":\"sl-SI\",\"potentialAction\":[{\"@type\":\"ReadAction\",\"target\":[\"https:\/\/trieste.green\/sl\/prodotto\/zampone-1kg-bajta\/\"]}]},{\"@type\":\"ImageObject\",\"inLanguage\":\"sl-SI\",\"@id\":\"https:\/\/trieste.green\/sl\/prodotto\/zampone-1kg-bajta\/#primaryimage\",\"url\":\"https:\/\/trieste.green\/wp-content\/uploads\/2020\/12\/ZAMPONE.BAJTA-NEW.png\",\"contentUrl\":\"https:\/\/trieste.green\/wp-content\/uploads\/2020\/12\/ZAMPONE.BAJTA-NEW.png\",\"width\":1920,\"height\":1920},{\"@type\":\"BreadcrumbList\",\"@id\":\"https:\/\/trieste.green\/sl\/prodotto\/zampone-1kg-bajta\/#breadcrumb\",\"itemListElement\":[{\"@type\":\"ListItem\",\"position\":1,\"name\":\"Home\",\"item\":\"https:\/\/trieste.green\/sl\/\"},{\"@type\":\"ListItem\",\"position\":2,\"name\":\"Shop\",\"item\":\"https:\/\/trieste.green\/botega\/\"},{\"@type\":\"ListItem\",\"position\":3,\"name\":\"Sve\u017ee meso\",\"item\":\"https:\/\/trieste.green\/sl\/categoria-prodotto\/sveze-meso\/\"},{\"@type\":\"ListItem\",\"position\":4,\"name\":\"Pra\u0161i\u010d\",\"item\":\"https:\/\/trieste.green\/sl\/categoria-prodotto\/sveze-meso\/prasic\/\"},{\"@type\":\"ListItem\",\"position\":5,\"name\":\"Zampone 1kg &#8211; Bajta\"}]},{\"@type\":\"WebSite\",\"@id\":\"https:\/\/trieste.green\/sl\/#website\",\"url\":\"https:\/\/trieste.green\/sl\/\",\"name\":\"Trieste Green\",\"description\":\"\",\"publisher\":{\"@id\":\"https:\/\/trieste.green\/sl\/#organization\"},\"potentialAction\":[{\"@type\":\"SearchAction\",\"target\":{\"@type\":\"EntryPoint\",\"urlTemplate\":\"https:\/\/trieste.green\/sl\/?s={search_term_string}\"},\"query-input\":{\"@type\":\"PropertyValueSpecification\",\"valueRequired\":true,\"valueName\":\"search_term_string\"}}],\"inLanguage\":\"sl-SI\"},{\"@type\":\"Organization\",\"@id\":\"https:\/\/trieste.green\/sl\/#organization\",\"name\":\"Trieste Green\",\"url\":\"https:\/\/trieste.green\/sl\/\",\"logo\":{\"@type\":\"ImageObject\",\"inLanguage\":\"sl-SI\",\"@id\":\"https:\/\/trieste.green\/sl\/#\/schema\/logo\/image\/\",\"url\":\"http:\/\/trieste.green\/wp-content\/uploads\/2020\/08\/logo-tsgreen-1-128h.png\",\"contentUrl\":\"http:\/\/trieste.green\/wp-content\/uploads\/2020\/08\/logo-tsgreen-1-128h.png\",\"width\":128,\"height\":128,\"caption\":\"Trieste Green\"},\"image\":{\"@id\":\"https:\/\/trieste.green\/sl\/#\/schema\/logo\/image\/\"}}]}<\/script>\n<!-- \/ Yoast SEO plugin. -->","yoast_head_json":{"title":"Zampone 1kg - Bajta - Trieste Green","robots":{"index":"index","follow":"follow","max-snippet":"max-snippet:-1","max-image-preview":"max-image-preview:large","max-video-preview":"max-video-preview:-1"},"canonical":"https:\/\/trieste.green\/sl\/prodotto\/zampone-1kg-bajta\/","og_locale":"sl_SI","og_type":"article","og_title":"Zampone 1kg - Bajta - Trieste Green","og_description":"Zampone, pridelan iz svinjine \u017eivali proste reje s podro\u010dja Sale\u017ea. Tradicionalna polnjena svinjska noga je aromatizirana z za\u010dimbami, ro\u010dno pa poteka tudi polnjenje. Postrezite ga z gor\u010dico, sve\u017ee naribanim hrenom in z le\u010do.","og_url":"https:\/\/trieste.green\/sl\/prodotto\/zampone-1kg-bajta\/","og_site_name":"Trieste Green","og_image":[{"width":1024,"height":1024,"url":"https:\/\/trieste.green\/wp-content\/uploads\/2020\/12\/ZAMPONE.BAJTA-NEW-1024x1024.png","type":"image\/png"}],"twitter_card":"summary_large_image","schema":{"@context":"https:\/\/schema.org","@graph":[{"@type":"WebPage","@id":"https:\/\/trieste.green\/sl\/prodotto\/zampone-1kg-bajta\/","url":"https:\/\/trieste.green\/sl\/prodotto\/zampone-1kg-bajta\/","name":"Zampone 1kg - Bajta - Trieste Green","isPartOf":{"@id":"https:\/\/trieste.green\/sl\/#website"},"primaryImageOfPage":{"@id":"https:\/\/trieste.green\/sl\/prodotto\/zampone-1kg-bajta\/#primaryimage"},"image":{"@id":"https:\/\/trieste.green\/sl\/prodotto\/zampone-1kg-bajta\/#primaryimage"},"thumbnailUrl":"https:\/\/trieste.green\/wp-content\/uploads\/2020\/12\/ZAMPONE.BAJTA-NEW.png","datePublished":"2020-12-15T14:03:41+00:00","breadcrumb":{"@id":"https:\/\/trieste.green\/sl\/prodotto\/zampone-1kg-bajta\/#breadcrumb"},"inLanguage":"sl-SI","potentialAction":[{"@type":"ReadAction","target":["https:\/\/trieste.green\/sl\/prodotto\/zampone-1kg-bajta\/"]}]},{"@type":"ImageObject","inLanguage":"sl-SI","@id":"https:\/\/trieste.green\/sl\/prodotto\/zampone-1kg-bajta\/#primaryimage","url":"https:\/\/trieste.green\/wp-content\/uploads\/2020\/12\/ZAMPONE.BAJTA-NEW.png","contentUrl":"https:\/\/trieste.green\/wp-content\/uploads\/2020\/12\/ZAMPONE.BAJTA-NEW.png","width":1920,"height":1920},{"@type":"BreadcrumbList","@id":"https:\/\/trieste.green\/sl\/prodotto\/zampone-1kg-bajta\/#breadcrumb","itemListElement":[{"@type":"ListItem","position":1,"name":"Home","item":"https:\/\/trieste.green\/sl\/"},{"@type":"ListItem","position":2,"name":"Shop","item":"https:\/\/trieste.green\/botega\/"},{"@type":"ListItem","position":3,"name":"Sve\u017ee meso","item":"https:\/\/trieste.green\/sl\/categoria-prodotto\/sveze-meso\/"},{"@type":"ListItem","position":4,"name":"Pra\u0161i\u010d","item":"https:\/\/trieste.green\/sl\/categoria-prodotto\/sveze-meso\/prasic\/"},{"@type":"ListItem","position":5,"name":"Zampone 1kg &#8211; Bajta"}]},{"@type":"WebSite","@id":"https:\/\/trieste.green\/sl\/#website","url":"https:\/\/trieste.green\/sl\/","name":"Trieste Green","description":"","publisher":{"@id":"https:\/\/trieste.green\/sl\/#organization"},"potentialAction":[{"@type":"SearchAction","target":{"@type":"EntryPoint","urlTemplate":"https:\/\/trieste.green\/sl\/?s={search_term_string}"},"query-input":{"@type":"PropertyValueSpecification","valueRequired":true,"valueName":"search_term_string"}}],"inLanguage":"sl-SI"},{"@type":"Organization","@id":"https:\/\/trieste.green\/sl\/#organization","name":"Trieste Green","url":"https:\/\/trieste.green\/sl\/","logo":{"@type":"ImageObject","inLanguage":"sl-SI","@id":"https:\/\/trieste.green\/sl\/#\/schema\/logo\/image\/","url":"http:\/\/trieste.green\/wp-content\/uploads\/2020\/08\/logo-tsgreen-1-128h.png","contentUrl":"http:\/\/trieste.green\/wp-content\/uploads\/2020\/08\/logo-tsgreen-1-128h.png","width":128,"height":128,"caption":"Trieste Green"},"image":{"@id":"https:\/\/trieste.green\/sl\/#\/schema\/logo\/image\/"}}]}},"_links":{"self":[{"href":"https:\/\/trieste.green\/sl\/wp-json\/wp\/v2\/product\/4584","targetHints":{"allow":["GET"]}}],"collection":[{"href":"https:\/\/trieste.green\/sl\/wp-json\/wp\/v2\/product"}],"about":[{"href":"https:\/\/trieste.green\/sl\/wp-json\/wp\/v2\/types\/product"}],"replies":[{"embeddable":true,"href":"https:\/\/trieste.green\/sl\/wp-json\/wp\/v2\/comments?post=4584"}],"wp:featuredmedia":[{"embeddable":true,"href":"https:\/\/trieste.green\/sl\/wp-json\/wp\/v2\/media\/13584"}],"wp:attachment":[{"href":"https:\/\/trieste.green\/sl\/wp-json\/wp\/v2\/media?parent=4584"}],"wp:term":[{"taxonomy":"product_brand","embeddable":true,"href":"https:\/\/trieste.green\/sl\/wp-json\/wp\/v2\/product_brand?post=4584"},{"taxonomy":"product_cat","embeddable":true,"href":"https:\/\/trieste.green\/sl\/wp-json\/wp\/v2\/product_cat?post=4584"},{"taxonomy":"product_tag","embeddable":true,"href":"https:\/\/trieste.green\/sl\/wp-json\/wp\/v2\/product_tag?post=4584"}],"curies":[{"name":"wp","href":"https:\/\/api.w.org\/{rel}","templated":true}]}}