{"id":4456,"date":"2020-12-16T15:30:06","date_gmt":"2020-12-16T15:30:06","guid":{"rendered":"http:\/\/trieste.green\/prodotto\/prsut-64kg-bajta\/"},"modified":"2020-12-16T15:30:06","modified_gmt":"2020-12-16T15:30:06","slug":"prsut-64kg-bajta","status":"publish","type":"product","link":"https:\/\/trieste.green\/sl\/prodotto\/prsut-64kg-bajta\/","title":{"rendered":"Pr\u0161ut 6,4kg &#8211; Bajta"},"content":{"rendered":"<p class=\"p1\">Pr\u0161ut je iz mesa \u017eivali, ki \u017eivijo na prostem na podro\u010dju Sale\u017ea; te prosto rijejo pod hrasti, pod grmi ruja in divjega brina, pri tem pa lahko u\u017eivajo ob sunkih kra\u0161ke burje. Za te pr\u0161ute je zna\u010dilno suho soljenje, dodajanje \u010desna in aromati\u010dnih rastlin. Zori in se su\u0161ij najmanj 20 mesecev. Vonjave pr\u0161uta spominjajo na kra\u0161ki gozd, po okusu je\u00a0so\u010den in rahlo slan, rezine se topijo v ustih in imajo primerno teksturo ma\u0161\u010dobnega pasu.<\/p>\n","protected":false},"excerpt":{"rendered":"<p class=\"p1\">Pr\u0161ut, pridelan iz svinjine \u017eivali proste reje s podro\u010dja Sale\u017ea, zori in se su\u0161ij najmanj 20 mesecev. Vonjave pr\u0161uta spominjajo na kra\u0161ki gozd, po okusu je\u00a0so\u010den in rahlo slan, rezine se topijo v ustih in imajo primerno teksturo ma\u0161\u010dobnega pasu.<\/p>\n","protected":false},"featured_media":4458,"comment_status":"closed","ping_status":"closed","template":"","meta":[],"product_brand":[],"product_cat":[329,327],"product_tag":[305],"class_list":{"0":"post-4456","1":"product","2":"type-product","3":"status-publish","4":"has-post-thumbnail","6":"product_cat-prasic-sl","7":"product_cat-suhomesnati-izdelki","8":"product_tag-kmetija-bajta","9":"territorio-zgonik","10":"one-third","12":"first","13":"instock","14":"sold-individually","15":"taxable","16":"shipping-taxable","17":"product-type-simple"},"yoast_head":"<!-- This site is optimized with the Yoast SEO plugin v26.6 - https:\/\/yoast.com\/wordpress\/plugins\/seo\/ -->\n<title>Pr\u0161ut 6,4kg - Bajta - Trieste Green<\/title>\n<meta name=\"robots\" content=\"index, follow, max-snippet:-1, max-image-preview:large, max-video-preview:-1\" \/>\n<link rel=\"canonical\" href=\"https:\/\/trieste.green\/sl\/prodotto\/prsut-64kg-bajta\/\" \/>\n<meta property=\"og:locale\" content=\"sl_SI\" \/>\n<meta property=\"og:type\" content=\"article\" \/>\n<meta property=\"og:title\" content=\"Pr\u0161ut 6,4kg - Bajta - Trieste Green\" \/>\n<meta property=\"og:description\" content=\"Pr\u0161ut, pridelan iz svinjine \u017eivali proste reje s podro\u010dja Sale\u017ea, zori in se su\u0161ij najmanj 20 mesecev. Vonjave pr\u0161uta spominjajo na kra\u0161ki gozd, po okusu je\u00a0so\u010den in rahlo slan, rezine se topijo v ustih in imajo primerno teksturo ma\u0161\u010dobnega pasu.\" \/>\n<meta property=\"og:url\" content=\"https:\/\/trieste.green\/sl\/prodotto\/prsut-64kg-bajta\/\" \/>\n<meta property=\"og:site_name\" content=\"Trieste Green\" \/>\n<meta property=\"og:image\" content=\"https:\/\/trieste.green\/wp-content\/uploads\/2020\/12\/ProsciuttoBajta.jpg\" \/>\n\t<meta property=\"og:image:width\" content=\"1667\" \/>\n\t<meta property=\"og:image:height\" content=\"2500\" \/>\n\t<meta property=\"og:image:type\" content=\"image\/jpeg\" \/>\n<meta name=\"twitter:card\" content=\"summary_large_image\" \/>\n<script type=\"application\/ld+json\" class=\"yoast-schema-graph\">{\"@context\":\"https:\/\/schema.org\",\"@graph\":[{\"@type\":\"WebPage\",\"@id\":\"https:\/\/trieste.green\/sl\/prodotto\/prsut-64kg-bajta\/\",\"url\":\"https:\/\/trieste.green\/sl\/prodotto\/prsut-64kg-bajta\/\",\"name\":\"Pr\u0161ut 6,4kg - Bajta - Trieste Green\",\"isPartOf\":{\"@id\":\"https:\/\/trieste.green\/sl\/#website\"},\"primaryImageOfPage\":{\"@id\":\"https:\/\/trieste.green\/sl\/prodotto\/prsut-64kg-bajta\/#primaryimage\"},\"image\":{\"@id\":\"https:\/\/trieste.green\/sl\/prodotto\/prsut-64kg-bajta\/#primaryimage\"},\"thumbnailUrl\":\"https:\/\/trieste.green\/wp-content\/uploads\/2020\/12\/ProsciuttoBajta.jpg\",\"datePublished\":\"2020-12-16T15:30:06+00:00\",\"breadcrumb\":{\"@id\":\"https:\/\/trieste.green\/sl\/prodotto\/prsut-64kg-bajta\/#breadcrumb\"},\"inLanguage\":\"sl-SI\",\"potentialAction\":[{\"@type\":\"ReadAction\",\"target\":[\"https:\/\/trieste.green\/sl\/prodotto\/prsut-64kg-bajta\/\"]}]},{\"@type\":\"ImageObject\",\"inLanguage\":\"sl-SI\",\"@id\":\"https:\/\/trieste.green\/sl\/prodotto\/prsut-64kg-bajta\/#primaryimage\",\"url\":\"https:\/\/trieste.green\/wp-content\/uploads\/2020\/12\/ProsciuttoBajta.jpg\",\"contentUrl\":\"https:\/\/trieste.green\/wp-content\/uploads\/2020\/12\/ProsciuttoBajta.jpg\",\"width\":1667,\"height\":2500},{\"@type\":\"BreadcrumbList\",\"@id\":\"https:\/\/trieste.green\/sl\/prodotto\/prsut-64kg-bajta\/#breadcrumb\",\"itemListElement\":[{\"@type\":\"ListItem\",\"position\":1,\"name\":\"Home\",\"item\":\"https:\/\/trieste.green\/sl\/\"},{\"@type\":\"ListItem\",\"position\":2,\"name\":\"Shop\",\"item\":\"https:\/\/trieste.green\/botega\/\"},{\"@type\":\"ListItem\",\"position\":3,\"name\":\"Suhomesnati Izdelki\",\"item\":\"https:\/\/trieste.green\/sl\/categoria-prodotto\/suhomesnati-izdelki\/\"},{\"@type\":\"ListItem\",\"position\":4,\"name\":\"Pra\u0161i\u010d\",\"item\":\"https:\/\/trieste.green\/sl\/categoria-prodotto\/suhomesnati-izdelki\/prasic-sl\/\"},{\"@type\":\"ListItem\",\"position\":5,\"name\":\"Pr\u0161ut 6,4kg &#8211; Bajta\"}]},{\"@type\":\"WebSite\",\"@id\":\"https:\/\/trieste.green\/sl\/#website\",\"url\":\"https:\/\/trieste.green\/sl\/\",\"name\":\"Trieste Green\",\"description\":\"\",\"publisher\":{\"@id\":\"https:\/\/trieste.green\/sl\/#organization\"},\"potentialAction\":[{\"@type\":\"SearchAction\",\"target\":{\"@type\":\"EntryPoint\",\"urlTemplate\":\"https:\/\/trieste.green\/sl\/?s={search_term_string}\"},\"query-input\":{\"@type\":\"PropertyValueSpecification\",\"valueRequired\":true,\"valueName\":\"search_term_string\"}}],\"inLanguage\":\"sl-SI\"},{\"@type\":\"Organization\",\"@id\":\"https:\/\/trieste.green\/sl\/#organization\",\"name\":\"Trieste Green\",\"url\":\"https:\/\/trieste.green\/sl\/\",\"logo\":{\"@type\":\"ImageObject\",\"inLanguage\":\"sl-SI\",\"@id\":\"https:\/\/trieste.green\/sl\/#\/schema\/logo\/image\/\",\"url\":\"http:\/\/trieste.green\/wp-content\/uploads\/2020\/08\/logo-tsgreen-1-128h.png\",\"contentUrl\":\"http:\/\/trieste.green\/wp-content\/uploads\/2020\/08\/logo-tsgreen-1-128h.png\",\"width\":128,\"height\":128,\"caption\":\"Trieste Green\"},\"image\":{\"@id\":\"https:\/\/trieste.green\/sl\/#\/schema\/logo\/image\/\"}}]}<\/script>\n<!-- \/ Yoast SEO plugin. -->","yoast_head_json":{"title":"Pr\u0161ut 6,4kg - Bajta - Trieste Green","robots":{"index":"index","follow":"follow","max-snippet":"max-snippet:-1","max-image-preview":"max-image-preview:large","max-video-preview":"max-video-preview:-1"},"canonical":"https:\/\/trieste.green\/sl\/prodotto\/prsut-64kg-bajta\/","og_locale":"sl_SI","og_type":"article","og_title":"Pr\u0161ut 6,4kg - Bajta - Trieste Green","og_description":"Pr\u0161ut, pridelan iz svinjine \u017eivali proste reje s podro\u010dja Sale\u017ea, zori in se su\u0161ij najmanj 20 mesecev. Vonjave pr\u0161uta spominjajo na kra\u0161ki gozd, po okusu je\u00a0so\u010den in rahlo slan, rezine se topijo v ustih in imajo primerno teksturo ma\u0161\u010dobnega pasu.","og_url":"https:\/\/trieste.green\/sl\/prodotto\/prsut-64kg-bajta\/","og_site_name":"Trieste Green","og_image":[{"width":1667,"height":2500,"url":"https:\/\/trieste.green\/wp-content\/uploads\/2020\/12\/ProsciuttoBajta.jpg","type":"image\/jpeg"}],"twitter_card":"summary_large_image","schema":{"@context":"https:\/\/schema.org","@graph":[{"@type":"WebPage","@id":"https:\/\/trieste.green\/sl\/prodotto\/prsut-64kg-bajta\/","url":"https:\/\/trieste.green\/sl\/prodotto\/prsut-64kg-bajta\/","name":"Pr\u0161ut 6,4kg - Bajta - Trieste Green","isPartOf":{"@id":"https:\/\/trieste.green\/sl\/#website"},"primaryImageOfPage":{"@id":"https:\/\/trieste.green\/sl\/prodotto\/prsut-64kg-bajta\/#primaryimage"},"image":{"@id":"https:\/\/trieste.green\/sl\/prodotto\/prsut-64kg-bajta\/#primaryimage"},"thumbnailUrl":"https:\/\/trieste.green\/wp-content\/uploads\/2020\/12\/ProsciuttoBajta.jpg","datePublished":"2020-12-16T15:30:06+00:00","breadcrumb":{"@id":"https:\/\/trieste.green\/sl\/prodotto\/prsut-64kg-bajta\/#breadcrumb"},"inLanguage":"sl-SI","potentialAction":[{"@type":"ReadAction","target":["https:\/\/trieste.green\/sl\/prodotto\/prsut-64kg-bajta\/"]}]},{"@type":"ImageObject","inLanguage":"sl-SI","@id":"https:\/\/trieste.green\/sl\/prodotto\/prsut-64kg-bajta\/#primaryimage","url":"https:\/\/trieste.green\/wp-content\/uploads\/2020\/12\/ProsciuttoBajta.jpg","contentUrl":"https:\/\/trieste.green\/wp-content\/uploads\/2020\/12\/ProsciuttoBajta.jpg","width":1667,"height":2500},{"@type":"BreadcrumbList","@id":"https:\/\/trieste.green\/sl\/prodotto\/prsut-64kg-bajta\/#breadcrumb","itemListElement":[{"@type":"ListItem","position":1,"name":"Home","item":"https:\/\/trieste.green\/sl\/"},{"@type":"ListItem","position":2,"name":"Shop","item":"https:\/\/trieste.green\/botega\/"},{"@type":"ListItem","position":3,"name":"Suhomesnati Izdelki","item":"https:\/\/trieste.green\/sl\/categoria-prodotto\/suhomesnati-izdelki\/"},{"@type":"ListItem","position":4,"name":"Pra\u0161i\u010d","item":"https:\/\/trieste.green\/sl\/categoria-prodotto\/suhomesnati-izdelki\/prasic-sl\/"},{"@type":"ListItem","position":5,"name":"Pr\u0161ut 6,4kg &#8211; Bajta"}]},{"@type":"WebSite","@id":"https:\/\/trieste.green\/sl\/#website","url":"https:\/\/trieste.green\/sl\/","name":"Trieste Green","description":"","publisher":{"@id":"https:\/\/trieste.green\/sl\/#organization"},"potentialAction":[{"@type":"SearchAction","target":{"@type":"EntryPoint","urlTemplate":"https:\/\/trieste.green\/sl\/?s={search_term_string}"},"query-input":{"@type":"PropertyValueSpecification","valueRequired":true,"valueName":"search_term_string"}}],"inLanguage":"sl-SI"},{"@type":"Organization","@id":"https:\/\/trieste.green\/sl\/#organization","name":"Trieste Green","url":"https:\/\/trieste.green\/sl\/","logo":{"@type":"ImageObject","inLanguage":"sl-SI","@id":"https:\/\/trieste.green\/sl\/#\/schema\/logo\/image\/","url":"http:\/\/trieste.green\/wp-content\/uploads\/2020\/08\/logo-tsgreen-1-128h.png","contentUrl":"http:\/\/trieste.green\/wp-content\/uploads\/2020\/08\/logo-tsgreen-1-128h.png","width":128,"height":128,"caption":"Trieste Green"},"image":{"@id":"https:\/\/trieste.green\/sl\/#\/schema\/logo\/image\/"}}]}},"_links":{"self":[{"href":"https:\/\/trieste.green\/sl\/wp-json\/wp\/v2\/product\/4456","targetHints":{"allow":["GET"]}}],"collection":[{"href":"https:\/\/trieste.green\/sl\/wp-json\/wp\/v2\/product"}],"about":[{"href":"https:\/\/trieste.green\/sl\/wp-json\/wp\/v2\/types\/product"}],"replies":[{"embeddable":true,"href":"https:\/\/trieste.green\/sl\/wp-json\/wp\/v2\/comments?post=4456"}],"wp:featuredmedia":[{"embeddable":true,"href":"https:\/\/trieste.green\/sl\/wp-json\/wp\/v2\/media\/4458"}],"wp:attachment":[{"href":"https:\/\/trieste.green\/sl\/wp-json\/wp\/v2\/media?parent=4456"}],"wp:term":[{"taxonomy":"product_brand","embeddable":true,"href":"https:\/\/trieste.green\/sl\/wp-json\/wp\/v2\/product_brand?post=4456"},{"taxonomy":"product_cat","embeddable":true,"href":"https:\/\/trieste.green\/sl\/wp-json\/wp\/v2\/product_cat?post=4456"},{"taxonomy":"product_tag","embeddable":true,"href":"https:\/\/trieste.green\/sl\/wp-json\/wp\/v2\/product_tag?post=4456"}],"curies":[{"name":"wp","href":"https:\/\/api.w.org\/{rel}","templated":true}]}}