{"id":4441,"date":"2020-12-10T14:45:36","date_gmt":"2020-12-10T14:45:36","guid":{"rendered":"http:\/\/trieste.green\/prodotto\/refosk-2018-075lt-grgic\/"},"modified":"2020-12-10T14:45:36","modified_gmt":"2020-12-10T14:45:36","slug":"refosk-2018-075lt-grgic","status":"publish","type":"product","link":"https:\/\/trieste.green\/sl\/prodotto\/refosk-2018-075lt-grgic\/","title":{"rendered":"Refo\u0161k 2018 0,75lt &#8211; Grgi\u010d"},"content":{"rendered":"<p>Intenzivna vijoli\u010dno rde\u010da barva, ki se s staranjem ponavadi razgraja. Pridelano iz vinogradov v Dolini iz tal laporjevega pe\u0161\u010denjaka. Vino je rezultat minimalnih posegov v kleti in je v celoti vinificirano v rabljenih lesenih sodih (18 mesecev). Primerno je v kombinaciji tako z rde\u010dim kot z belim mesom pa tudi s sirom.<\/p>\n","protected":false},"excerpt":{"rendered":"<p>Vino je rezultat minimalnih posegov v kleti in je v celoti vinificirano v rabljenih lesenih sodih (18 mesecev). Primerno je v kombinaciji tako z rde\u010dim kot z belim mesom pa tudi s sirom.<\/p>\n","protected":false},"featured_media":4442,"comment_status":"closed","ping_status":"closed","template":"","meta":[],"product_brand":[],"product_cat":[335,302],"product_tag":[345],"class_list":{"0":"post-4441","1":"product","2":"type-product","3":"status-publish","4":"has-post-thumbnail","6":"product_cat-rdece-vino","7":"product_cat-vino-sl","8":"product_tag-kmecki-turizem-grgic","9":"territorio-trst","10":"one-third","12":"first","13":"instock","14":"taxable","15":"shipping-taxable","16":"purchasable","17":"product-type-simple"},"yoast_head":"<!-- This site is optimized with the Yoast SEO plugin v26.6 - https:\/\/yoast.com\/wordpress\/plugins\/seo\/ -->\n<title>Refo\u0161k 2018 0,75lt - Grgi\u010d - Trieste Green<\/title>\n<meta name=\"robots\" content=\"index, follow, max-snippet:-1, max-image-preview:large, max-video-preview:-1\" \/>\n<link rel=\"canonical\" href=\"https:\/\/trieste.green\/sl\/prodotto\/refosk-2018-075lt-grgic\/\" \/>\n<meta property=\"og:locale\" content=\"sl_SI\" \/>\n<meta property=\"og:type\" content=\"article\" \/>\n<meta property=\"og:title\" content=\"Refo\u0161k 2018 0,75lt - Grgi\u010d - Trieste Green\" \/>\n<meta property=\"og:description\" content=\"Vino je rezultat minimalnih posegov v kleti in je v celoti vinificirano v rabljenih lesenih sodih (18 mesecev). Primerno je v kombinaciji tako z rde\u010dim kot z belim mesom pa tudi s sirom.\" \/>\n<meta property=\"og:url\" content=\"https:\/\/trieste.green\/sl\/prodotto\/refosk-2018-075lt-grgic\/\" \/>\n<meta property=\"og:site_name\" content=\"Trieste Green\" \/>\n<meta property=\"og:image\" content=\"https:\/\/trieste.green\/wp-content\/uploads\/2020\/12\/RefoscoGrgic-1024x1024.png\" \/>\n\t<meta property=\"og:image:width\" content=\"1024\" \/>\n\t<meta property=\"og:image:height\" content=\"1024\" \/>\n\t<meta property=\"og:image:type\" content=\"image\/png\" \/>\n<meta name=\"twitter:card\" content=\"summary_large_image\" \/>\n<script type=\"application\/ld+json\" class=\"yoast-schema-graph\">{\"@context\":\"https:\/\/schema.org\",\"@graph\":[{\"@type\":\"WebPage\",\"@id\":\"https:\/\/trieste.green\/sl\/prodotto\/refosk-2018-075lt-grgic\/\",\"url\":\"https:\/\/trieste.green\/sl\/prodotto\/refosk-2018-075lt-grgic\/\",\"name\":\"Refo\u0161k 2018 0,75lt - Grgi\u010d - Trieste Green\",\"isPartOf\":{\"@id\":\"https:\/\/trieste.green\/sl\/#website\"},\"primaryImageOfPage\":{\"@id\":\"https:\/\/trieste.green\/sl\/prodotto\/refosk-2018-075lt-grgic\/#primaryimage\"},\"image\":{\"@id\":\"https:\/\/trieste.green\/sl\/prodotto\/refosk-2018-075lt-grgic\/#primaryimage\"},\"thumbnailUrl\":\"https:\/\/trieste.green\/wp-content\/uploads\/2020\/12\/RefoscoGrgic.png\",\"datePublished\":\"2020-12-10T14:45:36+00:00\",\"breadcrumb\":{\"@id\":\"https:\/\/trieste.green\/sl\/prodotto\/refosk-2018-075lt-grgic\/#breadcrumb\"},\"inLanguage\":\"sl-SI\",\"potentialAction\":[{\"@type\":\"ReadAction\",\"target\":[\"https:\/\/trieste.green\/sl\/prodotto\/refosk-2018-075lt-grgic\/\"]}]},{\"@type\":\"ImageObject\",\"inLanguage\":\"sl-SI\",\"@id\":\"https:\/\/trieste.green\/sl\/prodotto\/refosk-2018-075lt-grgic\/#primaryimage\",\"url\":\"https:\/\/trieste.green\/wp-content\/uploads\/2020\/12\/RefoscoGrgic.png\",\"contentUrl\":\"https:\/\/trieste.green\/wp-content\/uploads\/2020\/12\/RefoscoGrgic.png\",\"width\":3000,\"height\":3000},{\"@type\":\"BreadcrumbList\",\"@id\":\"https:\/\/trieste.green\/sl\/prodotto\/refosk-2018-075lt-grgic\/#breadcrumb\",\"itemListElement\":[{\"@type\":\"ListItem\",\"position\":1,\"name\":\"Home\",\"item\":\"https:\/\/trieste.green\/sl\/\"},{\"@type\":\"ListItem\",\"position\":2,\"name\":\"Shop\",\"item\":\"https:\/\/trieste.green\/botega\/\"},{\"@type\":\"ListItem\",\"position\":3,\"name\":\"Vino\",\"item\":\"https:\/\/trieste.green\/sl\/categoria-prodotto\/vino-sl\/\"},{\"@type\":\"ListItem\",\"position\":4,\"name\":\"Rde\u010de Vino\",\"item\":\"https:\/\/trieste.green\/sl\/categoria-prodotto\/vino-sl\/rdece-vino\/\"},{\"@type\":\"ListItem\",\"position\":5,\"name\":\"Refo\u0161k 2018 0,75lt &#8211; Grgi\u010d\"}]},{\"@type\":\"WebSite\",\"@id\":\"https:\/\/trieste.green\/sl\/#website\",\"url\":\"https:\/\/trieste.green\/sl\/\",\"name\":\"Trieste Green\",\"description\":\"\",\"publisher\":{\"@id\":\"https:\/\/trieste.green\/sl\/#organization\"},\"potentialAction\":[{\"@type\":\"SearchAction\",\"target\":{\"@type\":\"EntryPoint\",\"urlTemplate\":\"https:\/\/trieste.green\/sl\/?s={search_term_string}\"},\"query-input\":{\"@type\":\"PropertyValueSpecification\",\"valueRequired\":true,\"valueName\":\"search_term_string\"}}],\"inLanguage\":\"sl-SI\"},{\"@type\":\"Organization\",\"@id\":\"https:\/\/trieste.green\/sl\/#organization\",\"name\":\"Trieste Green\",\"url\":\"https:\/\/trieste.green\/sl\/\",\"logo\":{\"@type\":\"ImageObject\",\"inLanguage\":\"sl-SI\",\"@id\":\"https:\/\/trieste.green\/sl\/#\/schema\/logo\/image\/\",\"url\":\"http:\/\/trieste.green\/wp-content\/uploads\/2020\/08\/logo-tsgreen-1-128h.png\",\"contentUrl\":\"http:\/\/trieste.green\/wp-content\/uploads\/2020\/08\/logo-tsgreen-1-128h.png\",\"width\":128,\"height\":128,\"caption\":\"Trieste Green\"},\"image\":{\"@id\":\"https:\/\/trieste.green\/sl\/#\/schema\/logo\/image\/\"}}]}<\/script>\n<!-- \/ Yoast SEO plugin. -->","yoast_head_json":{"title":"Refo\u0161k 2018 0,75lt - Grgi\u010d - Trieste Green","robots":{"index":"index","follow":"follow","max-snippet":"max-snippet:-1","max-image-preview":"max-image-preview:large","max-video-preview":"max-video-preview:-1"},"canonical":"https:\/\/trieste.green\/sl\/prodotto\/refosk-2018-075lt-grgic\/","og_locale":"sl_SI","og_type":"article","og_title":"Refo\u0161k 2018 0,75lt - Grgi\u010d - Trieste Green","og_description":"Vino je rezultat minimalnih posegov v kleti in je v celoti vinificirano v rabljenih lesenih sodih (18 mesecev). Primerno je v kombinaciji tako z rde\u010dim kot z belim mesom pa tudi s sirom.","og_url":"https:\/\/trieste.green\/sl\/prodotto\/refosk-2018-075lt-grgic\/","og_site_name":"Trieste Green","og_image":[{"width":1024,"height":1024,"url":"https:\/\/trieste.green\/wp-content\/uploads\/2020\/12\/RefoscoGrgic-1024x1024.png","type":"image\/png"}],"twitter_card":"summary_large_image","schema":{"@context":"https:\/\/schema.org","@graph":[{"@type":"WebPage","@id":"https:\/\/trieste.green\/sl\/prodotto\/refosk-2018-075lt-grgic\/","url":"https:\/\/trieste.green\/sl\/prodotto\/refosk-2018-075lt-grgic\/","name":"Refo\u0161k 2018 0,75lt - Grgi\u010d - Trieste Green","isPartOf":{"@id":"https:\/\/trieste.green\/sl\/#website"},"primaryImageOfPage":{"@id":"https:\/\/trieste.green\/sl\/prodotto\/refosk-2018-075lt-grgic\/#primaryimage"},"image":{"@id":"https:\/\/trieste.green\/sl\/prodotto\/refosk-2018-075lt-grgic\/#primaryimage"},"thumbnailUrl":"https:\/\/trieste.green\/wp-content\/uploads\/2020\/12\/RefoscoGrgic.png","datePublished":"2020-12-10T14:45:36+00:00","breadcrumb":{"@id":"https:\/\/trieste.green\/sl\/prodotto\/refosk-2018-075lt-grgic\/#breadcrumb"},"inLanguage":"sl-SI","potentialAction":[{"@type":"ReadAction","target":["https:\/\/trieste.green\/sl\/prodotto\/refosk-2018-075lt-grgic\/"]}]},{"@type":"ImageObject","inLanguage":"sl-SI","@id":"https:\/\/trieste.green\/sl\/prodotto\/refosk-2018-075lt-grgic\/#primaryimage","url":"https:\/\/trieste.green\/wp-content\/uploads\/2020\/12\/RefoscoGrgic.png","contentUrl":"https:\/\/trieste.green\/wp-content\/uploads\/2020\/12\/RefoscoGrgic.png","width":3000,"height":3000},{"@type":"BreadcrumbList","@id":"https:\/\/trieste.green\/sl\/prodotto\/refosk-2018-075lt-grgic\/#breadcrumb","itemListElement":[{"@type":"ListItem","position":1,"name":"Home","item":"https:\/\/trieste.green\/sl\/"},{"@type":"ListItem","position":2,"name":"Shop","item":"https:\/\/trieste.green\/botega\/"},{"@type":"ListItem","position":3,"name":"Vino","item":"https:\/\/trieste.green\/sl\/categoria-prodotto\/vino-sl\/"},{"@type":"ListItem","position":4,"name":"Rde\u010de Vino","item":"https:\/\/trieste.green\/sl\/categoria-prodotto\/vino-sl\/rdece-vino\/"},{"@type":"ListItem","position":5,"name":"Refo\u0161k 2018 0,75lt &#8211; Grgi\u010d"}]},{"@type":"WebSite","@id":"https:\/\/trieste.green\/sl\/#website","url":"https:\/\/trieste.green\/sl\/","name":"Trieste Green","description":"","publisher":{"@id":"https:\/\/trieste.green\/sl\/#organization"},"potentialAction":[{"@type":"SearchAction","target":{"@type":"EntryPoint","urlTemplate":"https:\/\/trieste.green\/sl\/?s={search_term_string}"},"query-input":{"@type":"PropertyValueSpecification","valueRequired":true,"valueName":"search_term_string"}}],"inLanguage":"sl-SI"},{"@type":"Organization","@id":"https:\/\/trieste.green\/sl\/#organization","name":"Trieste Green","url":"https:\/\/trieste.green\/sl\/","logo":{"@type":"ImageObject","inLanguage":"sl-SI","@id":"https:\/\/trieste.green\/sl\/#\/schema\/logo\/image\/","url":"http:\/\/trieste.green\/wp-content\/uploads\/2020\/08\/logo-tsgreen-1-128h.png","contentUrl":"http:\/\/trieste.green\/wp-content\/uploads\/2020\/08\/logo-tsgreen-1-128h.png","width":128,"height":128,"caption":"Trieste Green"},"image":{"@id":"https:\/\/trieste.green\/sl\/#\/schema\/logo\/image\/"}}]}},"_links":{"self":[{"href":"https:\/\/trieste.green\/sl\/wp-json\/wp\/v2\/product\/4441","targetHints":{"allow":["GET"]}}],"collection":[{"href":"https:\/\/trieste.green\/sl\/wp-json\/wp\/v2\/product"}],"about":[{"href":"https:\/\/trieste.green\/sl\/wp-json\/wp\/v2\/types\/product"}],"replies":[{"embeddable":true,"href":"https:\/\/trieste.green\/sl\/wp-json\/wp\/v2\/comments?post=4441"}],"wp:featuredmedia":[{"embeddable":true,"href":"https:\/\/trieste.green\/sl\/wp-json\/wp\/v2\/media\/4442"}],"wp:attachment":[{"href":"https:\/\/trieste.green\/sl\/wp-json\/wp\/v2\/media?parent=4441"}],"wp:term":[{"taxonomy":"product_brand","embeddable":true,"href":"https:\/\/trieste.green\/sl\/wp-json\/wp\/v2\/product_brand?post=4441"},{"taxonomy":"product_cat","embeddable":true,"href":"https:\/\/trieste.green\/sl\/wp-json\/wp\/v2\/product_cat?post=4441"},{"taxonomy":"product_tag","embeddable":true,"href":"https:\/\/trieste.green\/sl\/wp-json\/wp\/v2\/product_tag?post=4441"}],"curies":[{"name":"wp","href":"https:\/\/api.w.org\/{rel}","templated":true}]}}