{"id":4437,"date":"2020-12-10T14:37:30","date_gmt":"2020-12-10T14:37:30","guid":{"rendered":"http:\/\/trieste.green\/prodotto\/blend-ekstra-devisko-oljcno-olje-05lt-kocjancic\/"},"modified":"2020-12-10T14:37:30","modified_gmt":"2020-12-10T14:37:30","slug":"blend-ekstra-devisko-oljcno-olje-05lt-kocjancic","status":"publish","type":"product","link":"https:\/\/trieste.green\/sl\/prodotto\/blend-ekstra-devisko-oljcno-olje-05lt-kocjancic\/","title":{"rendered":"Blend ekstra devi\u0161ko olj\u010dno olje 0,5lt &#8211; Kocjan\u010di\u010d"},"content":{"rendered":"<p class=\"p1\">Oljke so bile obrane leta 2020. Pri ohranjanju 20 razli\u010dnih sort oljk, ki tvorijo to olje in ki so pre\u017eivele pozebo iz leta 1929, pomaga de\u017eelna agencija za razvoj ERSA (Agenzia regionale per lo Sviluppo Rurale). Olje je me\u0161anica starodavnih lokalnih sort, predvsem belice in buge. Odra\u017ea kompleksne in elegantne arome sve\u017ee poko\u0161ene trave, arti\u010dok in paradi\u017enikovih listov. Odli\u010dno ravnote\u017eje med sladkim, grenkim in pikantnim.<\/p>\n","protected":false},"excerpt":{"rendered":"<p class=\"p1\">Olje je me\u0161anica starodavnih lokalnih sort, predvsem belice in buge, ki so pre\u017eivele pozebo leta 1929. Odra\u017ea kompleksne in elegantne arome sve\u017ee poko\u0161ene trave, arti\u010dok in paradi\u017enikovih listov. Odli\u010dno ravnote\u017eje med sladkim, grenkim in pikantnim.<\/p>\n","protected":false},"featured_media":8728,"comment_status":"closed","ping_status":"closed","template":"","meta":[],"product_brand":[],"product_cat":[325],"product_tag":[304],"class_list":{"0":"post-4437","1":"product","2":"type-product","3":"status-publish","4":"has-post-thumbnail","6":"product_cat-ekstra-devisko-oljcno-olje","7":"product_tag-kmetija-kocjancic-rado","8":"territorio-dolina","9":"one-third","11":"first","12":"outofstock","13":"taxable","14":"shipping-taxable","15":"purchasable","16":"product-type-simple"},"yoast_head":"<!-- This site is optimized with the Yoast SEO plugin v26.6 - https:\/\/yoast.com\/wordpress\/plugins\/seo\/ -->\n<title>Blend ekstra devi\u0161ko olj\u010dno olje 0,5lt - Kocjan\u010di\u010d - Trieste Green<\/title>\n<meta name=\"robots\" content=\"index, follow, max-snippet:-1, max-image-preview:large, max-video-preview:-1\" \/>\n<link rel=\"canonical\" href=\"https:\/\/trieste.green\/sl\/prodotto\/blend-ekstra-devisko-oljcno-olje-05lt-kocjancic\/\" \/>\n<meta property=\"og:locale\" content=\"sl_SI\" \/>\n<meta property=\"og:type\" content=\"article\" \/>\n<meta property=\"og:title\" content=\"Blend ekstra devi\u0161ko olj\u010dno olje 0,5lt - Kocjan\u010di\u010d - Trieste Green\" \/>\n<meta property=\"og:description\" content=\"Olje je me\u0161anica starodavnih lokalnih sort, predvsem belice in buge, ki so pre\u017eivele pozebo leta 1929. Odra\u017ea kompleksne in elegantne arome sve\u017ee poko\u0161ene trave, arti\u010dok in paradi\u017enikovih listov. Odli\u010dno ravnote\u017eje med sladkim, grenkim in pikantnim.\" \/>\n<meta property=\"og:url\" content=\"https:\/\/trieste.green\/sl\/prodotto\/blend-ekstra-devisko-oljcno-olje-05lt-kocjancic\/\" \/>\n<meta property=\"og:site_name\" content=\"Trieste Green\" \/>\n<meta property=\"og:image\" content=\"https:\/\/trieste.green\/wp-content\/uploads\/2020\/12\/BLEND.KOCJANCIC.png\" \/>\n\t<meta property=\"og:image:width\" content=\"2000\" \/>\n\t<meta property=\"og:image:height\" content=\"2053\" \/>\n\t<meta property=\"og:image:type\" content=\"image\/png\" \/>\n<meta name=\"twitter:card\" content=\"summary_large_image\" \/>\n<script type=\"application\/ld+json\" class=\"yoast-schema-graph\">{\"@context\":\"https:\/\/schema.org\",\"@graph\":[{\"@type\":\"WebPage\",\"@id\":\"https:\/\/trieste.green\/sl\/prodotto\/blend-ekstra-devisko-oljcno-olje-05lt-kocjancic\/\",\"url\":\"https:\/\/trieste.green\/sl\/prodotto\/blend-ekstra-devisko-oljcno-olje-05lt-kocjancic\/\",\"name\":\"Blend ekstra devi\u0161ko olj\u010dno olje 0,5lt - Kocjan\u010di\u010d - Trieste Green\",\"isPartOf\":{\"@id\":\"https:\/\/trieste.green\/sl\/#website\"},\"primaryImageOfPage\":{\"@id\":\"https:\/\/trieste.green\/sl\/prodotto\/blend-ekstra-devisko-oljcno-olje-05lt-kocjancic\/#primaryimage\"},\"image\":{\"@id\":\"https:\/\/trieste.green\/sl\/prodotto\/blend-ekstra-devisko-oljcno-olje-05lt-kocjancic\/#primaryimage\"},\"thumbnailUrl\":\"https:\/\/trieste.green\/wp-content\/uploads\/2020\/12\/BLEND.KOCJANCIC.png\",\"datePublished\":\"2020-12-10T14:37:30+00:00\",\"breadcrumb\":{\"@id\":\"https:\/\/trieste.green\/sl\/prodotto\/blend-ekstra-devisko-oljcno-olje-05lt-kocjancic\/#breadcrumb\"},\"inLanguage\":\"sl-SI\",\"potentialAction\":[{\"@type\":\"ReadAction\",\"target\":[\"https:\/\/trieste.green\/sl\/prodotto\/blend-ekstra-devisko-oljcno-olje-05lt-kocjancic\/\"]}]},{\"@type\":\"ImageObject\",\"inLanguage\":\"sl-SI\",\"@id\":\"https:\/\/trieste.green\/sl\/prodotto\/blend-ekstra-devisko-oljcno-olje-05lt-kocjancic\/#primaryimage\",\"url\":\"https:\/\/trieste.green\/wp-content\/uploads\/2020\/12\/BLEND.KOCJANCIC.png\",\"contentUrl\":\"https:\/\/trieste.green\/wp-content\/uploads\/2020\/12\/BLEND.KOCJANCIC.png\",\"width\":2000,\"height\":2053},{\"@type\":\"BreadcrumbList\",\"@id\":\"https:\/\/trieste.green\/sl\/prodotto\/blend-ekstra-devisko-oljcno-olje-05lt-kocjancic\/#breadcrumb\",\"itemListElement\":[{\"@type\":\"ListItem\",\"position\":1,\"name\":\"Home\",\"item\":\"https:\/\/trieste.green\/sl\/\"},{\"@type\":\"ListItem\",\"position\":2,\"name\":\"Shop\",\"item\":\"https:\/\/trieste.green\/botega\/\"},{\"@type\":\"ListItem\",\"position\":3,\"name\":\"Ekstra Devi\u0161ko Olj\u010dno Olje\",\"item\":\"https:\/\/trieste.green\/sl\/categoria-prodotto\/ekstra-devisko-oljcno-olje\/\"},{\"@type\":\"ListItem\",\"position\":4,\"name\":\"Blend ekstra devi\u0161ko olj\u010dno olje 0,5lt &#8211; Kocjan\u010di\u010d\"}]},{\"@type\":\"WebSite\",\"@id\":\"https:\/\/trieste.green\/sl\/#website\",\"url\":\"https:\/\/trieste.green\/sl\/\",\"name\":\"Trieste Green\",\"description\":\"\",\"publisher\":{\"@id\":\"https:\/\/trieste.green\/sl\/#organization\"},\"potentialAction\":[{\"@type\":\"SearchAction\",\"target\":{\"@type\":\"EntryPoint\",\"urlTemplate\":\"https:\/\/trieste.green\/sl\/?s={search_term_string}\"},\"query-input\":{\"@type\":\"PropertyValueSpecification\",\"valueRequired\":true,\"valueName\":\"search_term_string\"}}],\"inLanguage\":\"sl-SI\"},{\"@type\":\"Organization\",\"@id\":\"https:\/\/trieste.green\/sl\/#organization\",\"name\":\"Trieste Green\",\"url\":\"https:\/\/trieste.green\/sl\/\",\"logo\":{\"@type\":\"ImageObject\",\"inLanguage\":\"sl-SI\",\"@id\":\"https:\/\/trieste.green\/sl\/#\/schema\/logo\/image\/\",\"url\":\"http:\/\/trieste.green\/wp-content\/uploads\/2020\/08\/logo-tsgreen-1-128h.png\",\"contentUrl\":\"http:\/\/trieste.green\/wp-content\/uploads\/2020\/08\/logo-tsgreen-1-128h.png\",\"width\":128,\"height\":128,\"caption\":\"Trieste Green\"},\"image\":{\"@id\":\"https:\/\/trieste.green\/sl\/#\/schema\/logo\/image\/\"}}]}<\/script>\n<!-- \/ Yoast SEO plugin. -->","yoast_head_json":{"title":"Blend ekstra devi\u0161ko olj\u010dno olje 0,5lt - Kocjan\u010di\u010d - Trieste Green","robots":{"index":"index","follow":"follow","max-snippet":"max-snippet:-1","max-image-preview":"max-image-preview:large","max-video-preview":"max-video-preview:-1"},"canonical":"https:\/\/trieste.green\/sl\/prodotto\/blend-ekstra-devisko-oljcno-olje-05lt-kocjancic\/","og_locale":"sl_SI","og_type":"article","og_title":"Blend ekstra devi\u0161ko olj\u010dno olje 0,5lt - Kocjan\u010di\u010d - Trieste Green","og_description":"Olje je me\u0161anica starodavnih lokalnih sort, predvsem belice in buge, ki so pre\u017eivele pozebo leta 1929. Odra\u017ea kompleksne in elegantne arome sve\u017ee poko\u0161ene trave, arti\u010dok in paradi\u017enikovih listov. Odli\u010dno ravnote\u017eje med sladkim, grenkim in pikantnim.","og_url":"https:\/\/trieste.green\/sl\/prodotto\/blend-ekstra-devisko-oljcno-olje-05lt-kocjancic\/","og_site_name":"Trieste Green","og_image":[{"width":2000,"height":2053,"url":"https:\/\/trieste.green\/wp-content\/uploads\/2020\/12\/BLEND.KOCJANCIC.png","type":"image\/png"}],"twitter_card":"summary_large_image","schema":{"@context":"https:\/\/schema.org","@graph":[{"@type":"WebPage","@id":"https:\/\/trieste.green\/sl\/prodotto\/blend-ekstra-devisko-oljcno-olje-05lt-kocjancic\/","url":"https:\/\/trieste.green\/sl\/prodotto\/blend-ekstra-devisko-oljcno-olje-05lt-kocjancic\/","name":"Blend ekstra devi\u0161ko olj\u010dno olje 0,5lt - Kocjan\u010di\u010d - Trieste Green","isPartOf":{"@id":"https:\/\/trieste.green\/sl\/#website"},"primaryImageOfPage":{"@id":"https:\/\/trieste.green\/sl\/prodotto\/blend-ekstra-devisko-oljcno-olje-05lt-kocjancic\/#primaryimage"},"image":{"@id":"https:\/\/trieste.green\/sl\/prodotto\/blend-ekstra-devisko-oljcno-olje-05lt-kocjancic\/#primaryimage"},"thumbnailUrl":"https:\/\/trieste.green\/wp-content\/uploads\/2020\/12\/BLEND.KOCJANCIC.png","datePublished":"2020-12-10T14:37:30+00:00","breadcrumb":{"@id":"https:\/\/trieste.green\/sl\/prodotto\/blend-ekstra-devisko-oljcno-olje-05lt-kocjancic\/#breadcrumb"},"inLanguage":"sl-SI","potentialAction":[{"@type":"ReadAction","target":["https:\/\/trieste.green\/sl\/prodotto\/blend-ekstra-devisko-oljcno-olje-05lt-kocjancic\/"]}]},{"@type":"ImageObject","inLanguage":"sl-SI","@id":"https:\/\/trieste.green\/sl\/prodotto\/blend-ekstra-devisko-oljcno-olje-05lt-kocjancic\/#primaryimage","url":"https:\/\/trieste.green\/wp-content\/uploads\/2020\/12\/BLEND.KOCJANCIC.png","contentUrl":"https:\/\/trieste.green\/wp-content\/uploads\/2020\/12\/BLEND.KOCJANCIC.png","width":2000,"height":2053},{"@type":"BreadcrumbList","@id":"https:\/\/trieste.green\/sl\/prodotto\/blend-ekstra-devisko-oljcno-olje-05lt-kocjancic\/#breadcrumb","itemListElement":[{"@type":"ListItem","position":1,"name":"Home","item":"https:\/\/trieste.green\/sl\/"},{"@type":"ListItem","position":2,"name":"Shop","item":"https:\/\/trieste.green\/botega\/"},{"@type":"ListItem","position":3,"name":"Ekstra Devi\u0161ko Olj\u010dno Olje","item":"https:\/\/trieste.green\/sl\/categoria-prodotto\/ekstra-devisko-oljcno-olje\/"},{"@type":"ListItem","position":4,"name":"Blend ekstra devi\u0161ko olj\u010dno olje 0,5lt &#8211; Kocjan\u010di\u010d"}]},{"@type":"WebSite","@id":"https:\/\/trieste.green\/sl\/#website","url":"https:\/\/trieste.green\/sl\/","name":"Trieste Green","description":"","publisher":{"@id":"https:\/\/trieste.green\/sl\/#organization"},"potentialAction":[{"@type":"SearchAction","target":{"@type":"EntryPoint","urlTemplate":"https:\/\/trieste.green\/sl\/?s={search_term_string}"},"query-input":{"@type":"PropertyValueSpecification","valueRequired":true,"valueName":"search_term_string"}}],"inLanguage":"sl-SI"},{"@type":"Organization","@id":"https:\/\/trieste.green\/sl\/#organization","name":"Trieste Green","url":"https:\/\/trieste.green\/sl\/","logo":{"@type":"ImageObject","inLanguage":"sl-SI","@id":"https:\/\/trieste.green\/sl\/#\/schema\/logo\/image\/","url":"http:\/\/trieste.green\/wp-content\/uploads\/2020\/08\/logo-tsgreen-1-128h.png","contentUrl":"http:\/\/trieste.green\/wp-content\/uploads\/2020\/08\/logo-tsgreen-1-128h.png","width":128,"height":128,"caption":"Trieste Green"},"image":{"@id":"https:\/\/trieste.green\/sl\/#\/schema\/logo\/image\/"}}]}},"_links":{"self":[{"href":"https:\/\/trieste.green\/sl\/wp-json\/wp\/v2\/product\/4437","targetHints":{"allow":["GET"]}}],"collection":[{"href":"https:\/\/trieste.green\/sl\/wp-json\/wp\/v2\/product"}],"about":[{"href":"https:\/\/trieste.green\/sl\/wp-json\/wp\/v2\/types\/product"}],"replies":[{"embeddable":true,"href":"https:\/\/trieste.green\/sl\/wp-json\/wp\/v2\/comments?post=4437"}],"wp:featuredmedia":[{"embeddable":true,"href":"https:\/\/trieste.green\/sl\/wp-json\/wp\/v2\/media\/8728"}],"wp:attachment":[{"href":"https:\/\/trieste.green\/sl\/wp-json\/wp\/v2\/media?parent=4437"}],"wp:term":[{"taxonomy":"product_brand","embeddable":true,"href":"https:\/\/trieste.green\/sl\/wp-json\/wp\/v2\/product_brand?post=4437"},{"taxonomy":"product_cat","embeddable":true,"href":"https:\/\/trieste.green\/sl\/wp-json\/wp\/v2\/product_cat?post=4437"},{"taxonomy":"product_tag","embeddable":true,"href":"https:\/\/trieste.green\/sl\/wp-json\/wp\/v2\/product_tag?post=4437"}],"curies":[{"name":"wp","href":"https:\/\/api.w.org\/{rel}","templated":true}]}}