{"id":4426,"date":"2020-12-10T14:26:00","date_gmt":"2020-12-10T14:26:00","guid":{"rendered":"http:\/\/trieste.green\/prodotto\/lipov-med-250g-cacovich\/"},"modified":"2020-12-10T14:26:00","modified_gmt":"2020-12-10T14:26:00","slug":"lipov-med-250g-cacovich","status":"publish","type":"product","link":"https:\/\/trieste.green\/sl\/prodotto\/lipov-med-250g-cacovich\/","title":{"rendered":"Lipov med 250g &#8211; Cacovich"},"content":{"rendered":"<p class=\"p1\">Ravno ljubezen do \u010debel je mladega Dimitrija pribli\u017eala zemlji: pri 15 letih je imel dva, danes pa upravlja kar 65 panjev. Ti so postavljeni v bli\u017eini vinogradov, tako da \u010debele prosto bren\u010dijo v naravi. Tako pridelajo cvetli\u010dni (spomladi in poleti), akacijev, lipov in re\u0161eljikov med. Lipov med ima pomirjujo\u010de lastnosti, sve\u017e okuso, ne\u017ene balzami\u010dne note in vonjave po aromati\u010dnih zeli\u0161\u010dih in agrumih. V lipovem medu je stopnja kristalizacije manj\u0161a.<\/p>\n","protected":false},"excerpt":{"rendered":"<p class=\"p1\">Med s pomirjujo\u010dimi lastnostmi, sve\u017eim okusom, ne\u017enimi balzami\u010dnimi notami in vonjem po aromati\u010dnih zeli\u0161\u010dih in agrumih. Pridelan iz panjev, postavljenih na prostem v bli\u017eini vinogradov. Je sad ekolo\u0161ke priprave in pridelave.<\/p>\n","protected":false},"featured_media":4427,"comment_status":"closed","ping_status":"closed","template":"","meta":[],"product_brand":[],"product_cat":[324],"product_tag":[343],"class_list":{"0":"post-4426","1":"product","2":"type-product","3":"status-publish","4":"has-post-thumbnail","6":"product_cat-med","7":"product_tag-kmetija-cacovich","8":"territorio-trst","9":"one-third","11":"first","12":"outofstock","13":"taxable","14":"shipping-taxable","15":"purchasable","16":"product-type-simple"},"yoast_head":"<!-- This site is optimized with the Yoast SEO plugin v26.6 - https:\/\/yoast.com\/wordpress\/plugins\/seo\/ -->\n<title>Lipov med 250g - Cacovich - Trieste Green<\/title>\n<meta name=\"robots\" content=\"index, follow, max-snippet:-1, max-image-preview:large, max-video-preview:-1\" \/>\n<link rel=\"canonical\" href=\"https:\/\/trieste.green\/sl\/prodotto\/lipov-med-250g-cacovich\/\" \/>\n<meta property=\"og:locale\" content=\"sl_SI\" \/>\n<meta property=\"og:type\" content=\"article\" \/>\n<meta property=\"og:title\" content=\"Lipov med 250g - Cacovich - Trieste Green\" \/>\n<meta property=\"og:description\" content=\"Med s pomirjujo\u010dimi lastnostmi, sve\u017eim okusom, ne\u017enimi balzami\u010dnimi notami in vonjem po aromati\u010dnih zeli\u0161\u010dih in agrumih. Pridelan iz panjev, postavljenih na prostem v bli\u017eini vinogradov. Je sad ekolo\u0161ke priprave in pridelave.\" \/>\n<meta property=\"og:url\" content=\"https:\/\/trieste.green\/sl\/prodotto\/lipov-med-250g-cacovich\/\" \/>\n<meta property=\"og:site_name\" content=\"Trieste Green\" \/>\n<meta property=\"og:image\" content=\"https:\/\/trieste.green\/wp-content\/uploads\/2020\/12\/TiglioCacovich-1024x893.png\" \/>\n\t<meta property=\"og:image:width\" content=\"1024\" \/>\n\t<meta property=\"og:image:height\" content=\"893\" \/>\n\t<meta property=\"og:image:type\" content=\"image\/png\" \/>\n<meta name=\"twitter:card\" content=\"summary_large_image\" \/>\n<script type=\"application\/ld+json\" class=\"yoast-schema-graph\">{\"@context\":\"https:\/\/schema.org\",\"@graph\":[{\"@type\":\"WebPage\",\"@id\":\"https:\/\/trieste.green\/sl\/prodotto\/lipov-med-250g-cacovich\/\",\"url\":\"https:\/\/trieste.green\/sl\/prodotto\/lipov-med-250g-cacovich\/\",\"name\":\"Lipov med 250g - Cacovich - Trieste Green\",\"isPartOf\":{\"@id\":\"https:\/\/trieste.green\/sl\/#website\"},\"primaryImageOfPage\":{\"@id\":\"https:\/\/trieste.green\/sl\/prodotto\/lipov-med-250g-cacovich\/#primaryimage\"},\"image\":{\"@id\":\"https:\/\/trieste.green\/sl\/prodotto\/lipov-med-250g-cacovich\/#primaryimage\"},\"thumbnailUrl\":\"https:\/\/trieste.green\/wp-content\/uploads\/2020\/12\/TiglioCacovich.png\",\"datePublished\":\"2020-12-10T14:26:00+00:00\",\"breadcrumb\":{\"@id\":\"https:\/\/trieste.green\/sl\/prodotto\/lipov-med-250g-cacovich\/#breadcrumb\"},\"inLanguage\":\"sl-SI\",\"potentialAction\":[{\"@type\":\"ReadAction\",\"target\":[\"https:\/\/trieste.green\/sl\/prodotto\/lipov-med-250g-cacovich\/\"]}]},{\"@type\":\"ImageObject\",\"inLanguage\":\"sl-SI\",\"@id\":\"https:\/\/trieste.green\/sl\/prodotto\/lipov-med-250g-cacovich\/#primaryimage\",\"url\":\"https:\/\/trieste.green\/wp-content\/uploads\/2020\/12\/TiglioCacovich.png\",\"contentUrl\":\"https:\/\/trieste.green\/wp-content\/uploads\/2020\/12\/TiglioCacovich.png\",\"width\":2000,\"height\":1744},{\"@type\":\"BreadcrumbList\",\"@id\":\"https:\/\/trieste.green\/sl\/prodotto\/lipov-med-250g-cacovich\/#breadcrumb\",\"itemListElement\":[{\"@type\":\"ListItem\",\"position\":1,\"name\":\"Home\",\"item\":\"https:\/\/trieste.green\/sl\/\"},{\"@type\":\"ListItem\",\"position\":2,\"name\":\"Shop\",\"item\":\"https:\/\/trieste.green\/botega\/\"},{\"@type\":\"ListItem\",\"position\":3,\"name\":\"Med\",\"item\":\"https:\/\/trieste.green\/sl\/categoria-prodotto\/med\/\"},{\"@type\":\"ListItem\",\"position\":4,\"name\":\"Lipov med 250g &#8211; Cacovich\"}]},{\"@type\":\"WebSite\",\"@id\":\"https:\/\/trieste.green\/sl\/#website\",\"url\":\"https:\/\/trieste.green\/sl\/\",\"name\":\"Trieste Green\",\"description\":\"\",\"publisher\":{\"@id\":\"https:\/\/trieste.green\/sl\/#organization\"},\"potentialAction\":[{\"@type\":\"SearchAction\",\"target\":{\"@type\":\"EntryPoint\",\"urlTemplate\":\"https:\/\/trieste.green\/sl\/?s={search_term_string}\"},\"query-input\":{\"@type\":\"PropertyValueSpecification\",\"valueRequired\":true,\"valueName\":\"search_term_string\"}}],\"inLanguage\":\"sl-SI\"},{\"@type\":\"Organization\",\"@id\":\"https:\/\/trieste.green\/sl\/#organization\",\"name\":\"Trieste Green\",\"url\":\"https:\/\/trieste.green\/sl\/\",\"logo\":{\"@type\":\"ImageObject\",\"inLanguage\":\"sl-SI\",\"@id\":\"https:\/\/trieste.green\/sl\/#\/schema\/logo\/image\/\",\"url\":\"http:\/\/trieste.green\/wp-content\/uploads\/2020\/08\/logo-tsgreen-1-128h.png\",\"contentUrl\":\"http:\/\/trieste.green\/wp-content\/uploads\/2020\/08\/logo-tsgreen-1-128h.png\",\"width\":128,\"height\":128,\"caption\":\"Trieste Green\"},\"image\":{\"@id\":\"https:\/\/trieste.green\/sl\/#\/schema\/logo\/image\/\"}}]}<\/script>\n<!-- \/ Yoast SEO plugin. -->","yoast_head_json":{"title":"Lipov med 250g - Cacovich - Trieste Green","robots":{"index":"index","follow":"follow","max-snippet":"max-snippet:-1","max-image-preview":"max-image-preview:large","max-video-preview":"max-video-preview:-1"},"canonical":"https:\/\/trieste.green\/sl\/prodotto\/lipov-med-250g-cacovich\/","og_locale":"sl_SI","og_type":"article","og_title":"Lipov med 250g - Cacovich - Trieste Green","og_description":"Med s pomirjujo\u010dimi lastnostmi, sve\u017eim okusom, ne\u017enimi balzami\u010dnimi notami in vonjem po aromati\u010dnih zeli\u0161\u010dih in agrumih. Pridelan iz panjev, postavljenih na prostem v bli\u017eini vinogradov. Je sad ekolo\u0161ke priprave in pridelave.","og_url":"https:\/\/trieste.green\/sl\/prodotto\/lipov-med-250g-cacovich\/","og_site_name":"Trieste Green","og_image":[{"width":1024,"height":893,"url":"https:\/\/trieste.green\/wp-content\/uploads\/2020\/12\/TiglioCacovich-1024x893.png","type":"image\/png"}],"twitter_card":"summary_large_image","schema":{"@context":"https:\/\/schema.org","@graph":[{"@type":"WebPage","@id":"https:\/\/trieste.green\/sl\/prodotto\/lipov-med-250g-cacovich\/","url":"https:\/\/trieste.green\/sl\/prodotto\/lipov-med-250g-cacovich\/","name":"Lipov med 250g - Cacovich - Trieste Green","isPartOf":{"@id":"https:\/\/trieste.green\/sl\/#website"},"primaryImageOfPage":{"@id":"https:\/\/trieste.green\/sl\/prodotto\/lipov-med-250g-cacovich\/#primaryimage"},"image":{"@id":"https:\/\/trieste.green\/sl\/prodotto\/lipov-med-250g-cacovich\/#primaryimage"},"thumbnailUrl":"https:\/\/trieste.green\/wp-content\/uploads\/2020\/12\/TiglioCacovich.png","datePublished":"2020-12-10T14:26:00+00:00","breadcrumb":{"@id":"https:\/\/trieste.green\/sl\/prodotto\/lipov-med-250g-cacovich\/#breadcrumb"},"inLanguage":"sl-SI","potentialAction":[{"@type":"ReadAction","target":["https:\/\/trieste.green\/sl\/prodotto\/lipov-med-250g-cacovich\/"]}]},{"@type":"ImageObject","inLanguage":"sl-SI","@id":"https:\/\/trieste.green\/sl\/prodotto\/lipov-med-250g-cacovich\/#primaryimage","url":"https:\/\/trieste.green\/wp-content\/uploads\/2020\/12\/TiglioCacovich.png","contentUrl":"https:\/\/trieste.green\/wp-content\/uploads\/2020\/12\/TiglioCacovich.png","width":2000,"height":1744},{"@type":"BreadcrumbList","@id":"https:\/\/trieste.green\/sl\/prodotto\/lipov-med-250g-cacovich\/#breadcrumb","itemListElement":[{"@type":"ListItem","position":1,"name":"Home","item":"https:\/\/trieste.green\/sl\/"},{"@type":"ListItem","position":2,"name":"Shop","item":"https:\/\/trieste.green\/botega\/"},{"@type":"ListItem","position":3,"name":"Med","item":"https:\/\/trieste.green\/sl\/categoria-prodotto\/med\/"},{"@type":"ListItem","position":4,"name":"Lipov med 250g &#8211; Cacovich"}]},{"@type":"WebSite","@id":"https:\/\/trieste.green\/sl\/#website","url":"https:\/\/trieste.green\/sl\/","name":"Trieste Green","description":"","publisher":{"@id":"https:\/\/trieste.green\/sl\/#organization"},"potentialAction":[{"@type":"SearchAction","target":{"@type":"EntryPoint","urlTemplate":"https:\/\/trieste.green\/sl\/?s={search_term_string}"},"query-input":{"@type":"PropertyValueSpecification","valueRequired":true,"valueName":"search_term_string"}}],"inLanguage":"sl-SI"},{"@type":"Organization","@id":"https:\/\/trieste.green\/sl\/#organization","name":"Trieste Green","url":"https:\/\/trieste.green\/sl\/","logo":{"@type":"ImageObject","inLanguage":"sl-SI","@id":"https:\/\/trieste.green\/sl\/#\/schema\/logo\/image\/","url":"http:\/\/trieste.green\/wp-content\/uploads\/2020\/08\/logo-tsgreen-1-128h.png","contentUrl":"http:\/\/trieste.green\/wp-content\/uploads\/2020\/08\/logo-tsgreen-1-128h.png","width":128,"height":128,"caption":"Trieste Green"},"image":{"@id":"https:\/\/trieste.green\/sl\/#\/schema\/logo\/image\/"}}]}},"_links":{"self":[{"href":"https:\/\/trieste.green\/sl\/wp-json\/wp\/v2\/product\/4426","targetHints":{"allow":["GET"]}}],"collection":[{"href":"https:\/\/trieste.green\/sl\/wp-json\/wp\/v2\/product"}],"about":[{"href":"https:\/\/trieste.green\/sl\/wp-json\/wp\/v2\/types\/product"}],"replies":[{"embeddable":true,"href":"https:\/\/trieste.green\/sl\/wp-json\/wp\/v2\/comments?post=4426"}],"wp:featuredmedia":[{"embeddable":true,"href":"https:\/\/trieste.green\/sl\/wp-json\/wp\/v2\/media\/4427"}],"wp:attachment":[{"href":"https:\/\/trieste.green\/sl\/wp-json\/wp\/v2\/media?parent=4426"}],"wp:term":[{"taxonomy":"product_brand","embeddable":true,"href":"https:\/\/trieste.green\/sl\/wp-json\/wp\/v2\/product_brand?post=4426"},{"taxonomy":"product_cat","embeddable":true,"href":"https:\/\/trieste.green\/sl\/wp-json\/wp\/v2\/product_cat?post=4426"},{"taxonomy":"product_tag","embeddable":true,"href":"https:\/\/trieste.green\/sl\/wp-json\/wp\/v2\/product_tag?post=4426"}],"curies":[{"name":"wp","href":"https:\/\/api.w.org\/{rel}","templated":true}]}}