{"id":4423,"date":"2020-12-10T14:21:31","date_gmt":"2020-12-10T14:21:31","guid":{"rendered":"http:\/\/trieste.green\/prodotto\/akacijev-med-250g-cacovich\/"},"modified":"2020-12-10T14:21:31","modified_gmt":"2020-12-10T14:21:31","slug":"akacijev-med-250g-cacovich","status":"publish","type":"product","link":"https:\/\/trieste.green\/sl\/prodotto\/akacijev-med-250g-cacovich\/","title":{"rendered":"Akacijev med 250g &#8211; Cacovich"},"content":{"rendered":"<p>Ravno ljubezen do \u010debel je mladega Dimitrija pribli\u017eala zemlji: pri 15 letih je imel dva, danes pa upravlja kar 65 panjev. Ti so postavljeni v bli\u017eini vinogradov, tako da \u010debele prosto bren\u010dijo v naravi. Tako pridelajo cvetli\u010dni (spomladi in poleti), akacijev, lipov in re\u0161eljikov med. Akacijev med je prijetnega\u00a0okusa in ne\u017enega vonja in ne prekriva okusov drugih jedi. \u0160e zlasti ga priporo\u010damo tistim, ki ne marajo premo\u010dnih vrst medu.<\/p>\n","protected":false},"excerpt":{"rendered":"<p class=\"p1\">Akacijev med je prijetnega\u00a0okusa in ne\u017enega vonja in ne prekriva okusov drugih jedi. \u0160e zlasti ga priporo\u010damo tistim, ki ne marajo premo\u010dnih vrst medu.<\/p>\n","protected":false},"featured_media":4424,"comment_status":"closed","ping_status":"closed","template":"","meta":[],"product_brand":[],"product_cat":[324],"product_tag":[343],"class_list":{"0":"post-4423","1":"product","2":"type-product","3":"status-publish","4":"has-post-thumbnail","6":"product_cat-med","7":"product_tag-kmetija-cacovich","8":"territorio-trst","9":"one-third","11":"first","12":"outofstock","13":"taxable","14":"shipping-taxable","15":"purchasable","16":"product-type-simple"},"yoast_head":"<!-- This site is optimized with the Yoast SEO plugin v26.6 - https:\/\/yoast.com\/wordpress\/plugins\/seo\/ -->\n<title>Akacijev med 250g - Cacovich - Trieste Green<\/title>\n<meta name=\"robots\" content=\"index, follow, max-snippet:-1, max-image-preview:large, max-video-preview:-1\" \/>\n<link rel=\"canonical\" href=\"https:\/\/trieste.green\/sl\/prodotto\/akacijev-med-250g-cacovich\/\" \/>\n<meta property=\"og:locale\" content=\"sl_SI\" \/>\n<meta property=\"og:type\" content=\"article\" \/>\n<meta property=\"og:title\" content=\"Akacijev med 250g - Cacovich - Trieste Green\" \/>\n<meta property=\"og:description\" content=\"Akacijev med je prijetnega\u00a0okusa in ne\u017enega vonja in ne prekriva okusov drugih jedi. \u0160e zlasti ga priporo\u010damo tistim, ki ne marajo premo\u010dnih vrst medu.\" \/>\n<meta property=\"og:url\" content=\"https:\/\/trieste.green\/sl\/prodotto\/akacijev-med-250g-cacovich\/\" \/>\n<meta property=\"og:site_name\" content=\"Trieste Green\" \/>\n<meta property=\"og:image\" content=\"https:\/\/trieste.green\/wp-content\/uploads\/2020\/12\/AcaciaCacovich.png\" \/>\n\t<meta property=\"og:image:width\" content=\"2000\" \/>\n\t<meta property=\"og:image:height\" content=\"1735\" \/>\n\t<meta property=\"og:image:type\" content=\"image\/png\" \/>\n<meta name=\"twitter:card\" content=\"summary_large_image\" \/>\n<script type=\"application\/ld+json\" class=\"yoast-schema-graph\">{\"@context\":\"https:\/\/schema.org\",\"@graph\":[{\"@type\":\"WebPage\",\"@id\":\"https:\/\/trieste.green\/sl\/prodotto\/akacijev-med-250g-cacovich\/\",\"url\":\"https:\/\/trieste.green\/sl\/prodotto\/akacijev-med-250g-cacovich\/\",\"name\":\"Akacijev med 250g - Cacovich - Trieste Green\",\"isPartOf\":{\"@id\":\"https:\/\/trieste.green\/sl\/#website\"},\"primaryImageOfPage\":{\"@id\":\"https:\/\/trieste.green\/sl\/prodotto\/akacijev-med-250g-cacovich\/#primaryimage\"},\"image\":{\"@id\":\"https:\/\/trieste.green\/sl\/prodotto\/akacijev-med-250g-cacovich\/#primaryimage\"},\"thumbnailUrl\":\"https:\/\/trieste.green\/wp-content\/uploads\/2020\/12\/AcaciaCacovich.png\",\"datePublished\":\"2020-12-10T14:21:31+00:00\",\"breadcrumb\":{\"@id\":\"https:\/\/trieste.green\/sl\/prodotto\/akacijev-med-250g-cacovich\/#breadcrumb\"},\"inLanguage\":\"sl-SI\",\"potentialAction\":[{\"@type\":\"ReadAction\",\"target\":[\"https:\/\/trieste.green\/sl\/prodotto\/akacijev-med-250g-cacovich\/\"]}]},{\"@type\":\"ImageObject\",\"inLanguage\":\"sl-SI\",\"@id\":\"https:\/\/trieste.green\/sl\/prodotto\/akacijev-med-250g-cacovich\/#primaryimage\",\"url\":\"https:\/\/trieste.green\/wp-content\/uploads\/2020\/12\/AcaciaCacovich.png\",\"contentUrl\":\"https:\/\/trieste.green\/wp-content\/uploads\/2020\/12\/AcaciaCacovich.png\",\"width\":2000,\"height\":1735},{\"@type\":\"BreadcrumbList\",\"@id\":\"https:\/\/trieste.green\/sl\/prodotto\/akacijev-med-250g-cacovich\/#breadcrumb\",\"itemListElement\":[{\"@type\":\"ListItem\",\"position\":1,\"name\":\"Home\",\"item\":\"https:\/\/trieste.green\/sl\/\"},{\"@type\":\"ListItem\",\"position\":2,\"name\":\"Shop\",\"item\":\"https:\/\/trieste.green\/botega\/\"},{\"@type\":\"ListItem\",\"position\":3,\"name\":\"Med\",\"item\":\"https:\/\/trieste.green\/sl\/categoria-prodotto\/med\/\"},{\"@type\":\"ListItem\",\"position\":4,\"name\":\"Akacijev med 250g &#8211; Cacovich\"}]},{\"@type\":\"WebSite\",\"@id\":\"https:\/\/trieste.green\/sl\/#website\",\"url\":\"https:\/\/trieste.green\/sl\/\",\"name\":\"Trieste Green\",\"description\":\"\",\"publisher\":{\"@id\":\"https:\/\/trieste.green\/sl\/#organization\"},\"potentialAction\":[{\"@type\":\"SearchAction\",\"target\":{\"@type\":\"EntryPoint\",\"urlTemplate\":\"https:\/\/trieste.green\/sl\/?s={search_term_string}\"},\"query-input\":{\"@type\":\"PropertyValueSpecification\",\"valueRequired\":true,\"valueName\":\"search_term_string\"}}],\"inLanguage\":\"sl-SI\"},{\"@type\":\"Organization\",\"@id\":\"https:\/\/trieste.green\/sl\/#organization\",\"name\":\"Trieste Green\",\"url\":\"https:\/\/trieste.green\/sl\/\",\"logo\":{\"@type\":\"ImageObject\",\"inLanguage\":\"sl-SI\",\"@id\":\"https:\/\/trieste.green\/sl\/#\/schema\/logo\/image\/\",\"url\":\"http:\/\/trieste.green\/wp-content\/uploads\/2020\/08\/logo-tsgreen-1-128h.png\",\"contentUrl\":\"http:\/\/trieste.green\/wp-content\/uploads\/2020\/08\/logo-tsgreen-1-128h.png\",\"width\":128,\"height\":128,\"caption\":\"Trieste Green\"},\"image\":{\"@id\":\"https:\/\/trieste.green\/sl\/#\/schema\/logo\/image\/\"}}]}<\/script>\n<!-- \/ Yoast SEO plugin. -->","yoast_head_json":{"title":"Akacijev med 250g - Cacovich - Trieste Green","robots":{"index":"index","follow":"follow","max-snippet":"max-snippet:-1","max-image-preview":"max-image-preview:large","max-video-preview":"max-video-preview:-1"},"canonical":"https:\/\/trieste.green\/sl\/prodotto\/akacijev-med-250g-cacovich\/","og_locale":"sl_SI","og_type":"article","og_title":"Akacijev med 250g - Cacovich - Trieste Green","og_description":"Akacijev med je prijetnega\u00a0okusa in ne\u017enega vonja in ne prekriva okusov drugih jedi. \u0160e zlasti ga priporo\u010damo tistim, ki ne marajo premo\u010dnih vrst medu.","og_url":"https:\/\/trieste.green\/sl\/prodotto\/akacijev-med-250g-cacovich\/","og_site_name":"Trieste Green","og_image":[{"width":2000,"height":1735,"url":"https:\/\/trieste.green\/wp-content\/uploads\/2020\/12\/AcaciaCacovich.png","type":"image\/png"}],"twitter_card":"summary_large_image","schema":{"@context":"https:\/\/schema.org","@graph":[{"@type":"WebPage","@id":"https:\/\/trieste.green\/sl\/prodotto\/akacijev-med-250g-cacovich\/","url":"https:\/\/trieste.green\/sl\/prodotto\/akacijev-med-250g-cacovich\/","name":"Akacijev med 250g - Cacovich - Trieste Green","isPartOf":{"@id":"https:\/\/trieste.green\/sl\/#website"},"primaryImageOfPage":{"@id":"https:\/\/trieste.green\/sl\/prodotto\/akacijev-med-250g-cacovich\/#primaryimage"},"image":{"@id":"https:\/\/trieste.green\/sl\/prodotto\/akacijev-med-250g-cacovich\/#primaryimage"},"thumbnailUrl":"https:\/\/trieste.green\/wp-content\/uploads\/2020\/12\/AcaciaCacovich.png","datePublished":"2020-12-10T14:21:31+00:00","breadcrumb":{"@id":"https:\/\/trieste.green\/sl\/prodotto\/akacijev-med-250g-cacovich\/#breadcrumb"},"inLanguage":"sl-SI","potentialAction":[{"@type":"ReadAction","target":["https:\/\/trieste.green\/sl\/prodotto\/akacijev-med-250g-cacovich\/"]}]},{"@type":"ImageObject","inLanguage":"sl-SI","@id":"https:\/\/trieste.green\/sl\/prodotto\/akacijev-med-250g-cacovich\/#primaryimage","url":"https:\/\/trieste.green\/wp-content\/uploads\/2020\/12\/AcaciaCacovich.png","contentUrl":"https:\/\/trieste.green\/wp-content\/uploads\/2020\/12\/AcaciaCacovich.png","width":2000,"height":1735},{"@type":"BreadcrumbList","@id":"https:\/\/trieste.green\/sl\/prodotto\/akacijev-med-250g-cacovich\/#breadcrumb","itemListElement":[{"@type":"ListItem","position":1,"name":"Home","item":"https:\/\/trieste.green\/sl\/"},{"@type":"ListItem","position":2,"name":"Shop","item":"https:\/\/trieste.green\/botega\/"},{"@type":"ListItem","position":3,"name":"Med","item":"https:\/\/trieste.green\/sl\/categoria-prodotto\/med\/"},{"@type":"ListItem","position":4,"name":"Akacijev med 250g &#8211; Cacovich"}]},{"@type":"WebSite","@id":"https:\/\/trieste.green\/sl\/#website","url":"https:\/\/trieste.green\/sl\/","name":"Trieste Green","description":"","publisher":{"@id":"https:\/\/trieste.green\/sl\/#organization"},"potentialAction":[{"@type":"SearchAction","target":{"@type":"EntryPoint","urlTemplate":"https:\/\/trieste.green\/sl\/?s={search_term_string}"},"query-input":{"@type":"PropertyValueSpecification","valueRequired":true,"valueName":"search_term_string"}}],"inLanguage":"sl-SI"},{"@type":"Organization","@id":"https:\/\/trieste.green\/sl\/#organization","name":"Trieste Green","url":"https:\/\/trieste.green\/sl\/","logo":{"@type":"ImageObject","inLanguage":"sl-SI","@id":"https:\/\/trieste.green\/sl\/#\/schema\/logo\/image\/","url":"http:\/\/trieste.green\/wp-content\/uploads\/2020\/08\/logo-tsgreen-1-128h.png","contentUrl":"http:\/\/trieste.green\/wp-content\/uploads\/2020\/08\/logo-tsgreen-1-128h.png","width":128,"height":128,"caption":"Trieste Green"},"image":{"@id":"https:\/\/trieste.green\/sl\/#\/schema\/logo\/image\/"}}]}},"_links":{"self":[{"href":"https:\/\/trieste.green\/sl\/wp-json\/wp\/v2\/product\/4423","targetHints":{"allow":["GET"]}}],"collection":[{"href":"https:\/\/trieste.green\/sl\/wp-json\/wp\/v2\/product"}],"about":[{"href":"https:\/\/trieste.green\/sl\/wp-json\/wp\/v2\/types\/product"}],"replies":[{"embeddable":true,"href":"https:\/\/trieste.green\/sl\/wp-json\/wp\/v2\/comments?post=4423"}],"wp:featuredmedia":[{"embeddable":true,"href":"https:\/\/trieste.green\/sl\/wp-json\/wp\/v2\/media\/4424"}],"wp:attachment":[{"href":"https:\/\/trieste.green\/sl\/wp-json\/wp\/v2\/media?parent=4423"}],"wp:term":[{"taxonomy":"product_brand","embeddable":true,"href":"https:\/\/trieste.green\/sl\/wp-json\/wp\/v2\/product_brand?post=4423"},{"taxonomy":"product_cat","embeddable":true,"href":"https:\/\/trieste.green\/sl\/wp-json\/wp\/v2\/product_cat?post=4423"},{"taxonomy":"product_tag","embeddable":true,"href":"https:\/\/trieste.green\/sl\/wp-json\/wp\/v2\/product_tag?post=4423"}],"curies":[{"name":"wp","href":"https:\/\/api.w.org\/{rel}","templated":true}]}}