{"id":4417,"date":"2020-09-08T13:18:41","date_gmt":"2020-09-08T13:18:41","guid":{"rendered":"http:\/\/trieste.green\/prodotto\/tergeste-dop-ekstra-devisko-oljcnoolje-05lt-lenardon\/"},"modified":"2024-07-08T17:00:26","modified_gmt":"2024-07-08T15:00:26","slug":"tergeste-dop-ekstra-devisko-oljcnoolje-05lt-lenardon","status":"publish","type":"product","link":"https:\/\/trieste.green\/sl\/prodotto\/tergeste-dop-ekstra-devisko-oljcnoolje-05lt-lenardon\/","title":{"rendered":"Tergeste DOP ekstra devi\u0161ko olj\u010dno olje 0,5lt &#8211; Lenardon"},"content":{"rendered":"<p>Bruno Lenardon na svoje etikete zapi\u0161e tudi rezultate kemijske analize, da bi tako strankam nudil popolno preglednost. Ta je sinonim za najvi\u0161jo kakovost. Olje je me\u0161anica razli\u010dnih sort: 80 % je avtohtone belice, preostale sorte so \u010drnica, leccino, pendolino in frantoio. Olje je srednje sadno, zelo uravnote\u017eenega okusa, z rahlo grenkimi in pikantnimi notami. Poleg tega prikli\u010de aromo arti\u010dok, mandljev, jabolk in aromati\u010dnih zeli\u0161\u010d. Olje je bogato s polifenoli, vsebuje tudi ve\u010d kot 74 % oleinske kisline. Primerno je za u\u017eivanje z ribjimi jedmi. Proizvodnja je omejena: oljkar ima 162 oljk za 1.200\u20131.500 steklenic olja na leto.<\/p>\n","protected":false},"excerpt":{"rendered":"<p>Manj\u0161a produkcija daje odli\u010dno ekstra devi\u0161ko olj\u010dno olje. To je srednje sadnega, zelo uravnote\u017eenega okusa, z rahlo zaznavnimi grenkimi in pikantnimi notami. Etiketa nas seznani z letnico obiranja oljk in rezultati kemijske analize, to pa sta informaciji za preverjanje kakovosti olja. Olje je bogato s polifenoli, z oleinsko kislino, ki je vsebuje ve\u010d kot 74 %.<\/p>\n","protected":false},"featured_media":8709,"comment_status":"open","ping_status":"closed","template":"","meta":[],"product_brand":[],"product_cat":[325],"product_tag":[342],"class_list":{"0":"post-4417","1":"product","2":"type-product","3":"status-publish","4":"has-post-thumbnail","6":"product_cat-ekstra-devisko-oljcno-olje","7":"product_tag-kmetija-lenardon-bruno","8":"territorio-milje","9":"one-third","11":"first","12":"outofstock","13":"taxable","14":"shipping-taxable","15":"purchasable","16":"product-type-simple"},"yoast_head":"<!-- This site is optimized with the Yoast SEO plugin v26.6 - https:\/\/yoast.com\/wordpress\/plugins\/seo\/ -->\n<title>Tergeste DOP ekstra devi\u0161ko olj\u010dno olje 0,5lt - Lenardon - Trieste Green<\/title>\n<meta name=\"robots\" content=\"index, follow, max-snippet:-1, max-image-preview:large, max-video-preview:-1\" \/>\n<link rel=\"canonical\" href=\"https:\/\/trieste.green\/sl\/prodotto\/tergeste-dop-ekstra-devisko-oljcnoolje-05lt-lenardon\/\" \/>\n<meta property=\"og:locale\" content=\"sl_SI\" \/>\n<meta property=\"og:type\" content=\"article\" \/>\n<meta property=\"og:title\" content=\"Tergeste DOP ekstra devi\u0161ko olj\u010dno olje 0,5lt - Lenardon - Trieste Green\" \/>\n<meta property=\"og:description\" content=\"Manj\u0161a produkcija daje odli\u010dno ekstra devi\u0161ko olj\u010dno olje. To je srednje sadnega, zelo uravnote\u017eenega okusa, z rahlo zaznavnimi grenkimi in pikantnimi notami. Etiketa nas seznani z letnico obiranja oljk in rezultati kemijske analize, to pa sta informaciji za preverjanje kakovosti olja. Olje je bogato s polifenoli, z oleinsko kislino, ki je vsebuje ve\u010d kot 74 %.\" \/>\n<meta property=\"og:url\" content=\"https:\/\/trieste.green\/sl\/prodotto\/tergeste-dop-ekstra-devisko-oljcnoolje-05lt-lenardon\/\" \/>\n<meta property=\"og:site_name\" content=\"Trieste Green\" \/>\n<meta property=\"article:modified_time\" content=\"2024-07-08T15:00:26+00:00\" \/>\n<meta property=\"og:image\" content=\"https:\/\/trieste.green\/wp-content\/uploads\/2020\/09\/DOPTERGESTE.LENARDON-1.png\" \/>\n\t<meta property=\"og:image:width\" content=\"2000\" \/>\n\t<meta property=\"og:image:height\" content=\"2053\" \/>\n\t<meta property=\"og:image:type\" content=\"image\/png\" \/>\n<meta name=\"twitter:card\" content=\"summary_large_image\" \/>\n<meta name=\"twitter:label1\" content=\"Est. reading time\" \/>\n\t<meta name=\"twitter:data1\" content=\"1 minuta\" \/>\n<script type=\"application\/ld+json\" class=\"yoast-schema-graph\">{\"@context\":\"https:\/\/schema.org\",\"@graph\":[{\"@type\":\"WebPage\",\"@id\":\"https:\/\/trieste.green\/sl\/prodotto\/tergeste-dop-ekstra-devisko-oljcnoolje-05lt-lenardon\/\",\"url\":\"https:\/\/trieste.green\/sl\/prodotto\/tergeste-dop-ekstra-devisko-oljcnoolje-05lt-lenardon\/\",\"name\":\"Tergeste DOP ekstra devi\u0161ko olj\u010dno olje 0,5lt - Lenardon - Trieste Green\",\"isPartOf\":{\"@id\":\"https:\/\/trieste.green\/sl\/#website\"},\"primaryImageOfPage\":{\"@id\":\"https:\/\/trieste.green\/sl\/prodotto\/tergeste-dop-ekstra-devisko-oljcnoolje-05lt-lenardon\/#primaryimage\"},\"image\":{\"@id\":\"https:\/\/trieste.green\/sl\/prodotto\/tergeste-dop-ekstra-devisko-oljcnoolje-05lt-lenardon\/#primaryimage\"},\"thumbnailUrl\":\"https:\/\/trieste.green\/wp-content\/uploads\/2020\/09\/DOPTERGESTE.LENARDON-1.png\",\"datePublished\":\"2020-09-08T13:18:41+00:00\",\"dateModified\":\"2024-07-08T15:00:26+00:00\",\"breadcrumb\":{\"@id\":\"https:\/\/trieste.green\/sl\/prodotto\/tergeste-dop-ekstra-devisko-oljcnoolje-05lt-lenardon\/#breadcrumb\"},\"inLanguage\":\"sl-SI\",\"potentialAction\":[{\"@type\":\"ReadAction\",\"target\":[\"https:\/\/trieste.green\/sl\/prodotto\/tergeste-dop-ekstra-devisko-oljcnoolje-05lt-lenardon\/\"]}]},{\"@type\":\"ImageObject\",\"inLanguage\":\"sl-SI\",\"@id\":\"https:\/\/trieste.green\/sl\/prodotto\/tergeste-dop-ekstra-devisko-oljcnoolje-05lt-lenardon\/#primaryimage\",\"url\":\"https:\/\/trieste.green\/wp-content\/uploads\/2020\/09\/DOPTERGESTE.LENARDON-1.png\",\"contentUrl\":\"https:\/\/trieste.green\/wp-content\/uploads\/2020\/09\/DOPTERGESTE.LENARDON-1.png\",\"width\":2000,\"height\":2053},{\"@type\":\"BreadcrumbList\",\"@id\":\"https:\/\/trieste.green\/sl\/prodotto\/tergeste-dop-ekstra-devisko-oljcnoolje-05lt-lenardon\/#breadcrumb\",\"itemListElement\":[{\"@type\":\"ListItem\",\"position\":1,\"name\":\"Home\",\"item\":\"https:\/\/trieste.green\/sl\/\"},{\"@type\":\"ListItem\",\"position\":2,\"name\":\"Shop\",\"item\":\"https:\/\/trieste.green\/botega\/\"},{\"@type\":\"ListItem\",\"position\":3,\"name\":\"Ekstra Devi\u0161ko Olj\u010dno Olje\",\"item\":\"https:\/\/trieste.green\/sl\/categoria-prodotto\/ekstra-devisko-oljcno-olje\/\"},{\"@type\":\"ListItem\",\"position\":4,\"name\":\"Tergeste DOP ekstra devi\u0161ko olj\u010dno olje 0,5lt &#8211; Lenardon\"}]},{\"@type\":\"WebSite\",\"@id\":\"https:\/\/trieste.green\/sl\/#website\",\"url\":\"https:\/\/trieste.green\/sl\/\",\"name\":\"Trieste Green\",\"description\":\"\",\"publisher\":{\"@id\":\"https:\/\/trieste.green\/sl\/#organization\"},\"potentialAction\":[{\"@type\":\"SearchAction\",\"target\":{\"@type\":\"EntryPoint\",\"urlTemplate\":\"https:\/\/trieste.green\/sl\/?s={search_term_string}\"},\"query-input\":{\"@type\":\"PropertyValueSpecification\",\"valueRequired\":true,\"valueName\":\"search_term_string\"}}],\"inLanguage\":\"sl-SI\"},{\"@type\":\"Organization\",\"@id\":\"https:\/\/trieste.green\/sl\/#organization\",\"name\":\"Trieste Green\",\"url\":\"https:\/\/trieste.green\/sl\/\",\"logo\":{\"@type\":\"ImageObject\",\"inLanguage\":\"sl-SI\",\"@id\":\"https:\/\/trieste.green\/sl\/#\/schema\/logo\/image\/\",\"url\":\"http:\/\/trieste.green\/wp-content\/uploads\/2020\/08\/logo-tsgreen-1-128h.png\",\"contentUrl\":\"http:\/\/trieste.green\/wp-content\/uploads\/2020\/08\/logo-tsgreen-1-128h.png\",\"width\":128,\"height\":128,\"caption\":\"Trieste Green\"},\"image\":{\"@id\":\"https:\/\/trieste.green\/sl\/#\/schema\/logo\/image\/\"}}]}<\/script>\n<!-- \/ Yoast SEO plugin. -->","yoast_head_json":{"title":"Tergeste DOP ekstra devi\u0161ko olj\u010dno olje 0,5lt - Lenardon - Trieste Green","robots":{"index":"index","follow":"follow","max-snippet":"max-snippet:-1","max-image-preview":"max-image-preview:large","max-video-preview":"max-video-preview:-1"},"canonical":"https:\/\/trieste.green\/sl\/prodotto\/tergeste-dop-ekstra-devisko-oljcnoolje-05lt-lenardon\/","og_locale":"sl_SI","og_type":"article","og_title":"Tergeste DOP ekstra devi\u0161ko olj\u010dno olje 0,5lt - Lenardon - Trieste Green","og_description":"Manj\u0161a produkcija daje odli\u010dno ekstra devi\u0161ko olj\u010dno olje. To je srednje sadnega, zelo uravnote\u017eenega okusa, z rahlo zaznavnimi grenkimi in pikantnimi notami. Etiketa nas seznani z letnico obiranja oljk in rezultati kemijske analize, to pa sta informaciji za preverjanje kakovosti olja. Olje je bogato s polifenoli, z oleinsko kislino, ki je vsebuje ve\u010d kot 74 %.","og_url":"https:\/\/trieste.green\/sl\/prodotto\/tergeste-dop-ekstra-devisko-oljcnoolje-05lt-lenardon\/","og_site_name":"Trieste Green","article_modified_time":"2024-07-08T15:00:26+00:00","og_image":[{"width":2000,"height":2053,"url":"https:\/\/trieste.green\/wp-content\/uploads\/2020\/09\/DOPTERGESTE.LENARDON-1.png","type":"image\/png"}],"twitter_card":"summary_large_image","twitter_misc":{"Est. reading time":"1 minuta"},"schema":{"@context":"https:\/\/schema.org","@graph":[{"@type":"WebPage","@id":"https:\/\/trieste.green\/sl\/prodotto\/tergeste-dop-ekstra-devisko-oljcnoolje-05lt-lenardon\/","url":"https:\/\/trieste.green\/sl\/prodotto\/tergeste-dop-ekstra-devisko-oljcnoolje-05lt-lenardon\/","name":"Tergeste DOP ekstra devi\u0161ko olj\u010dno olje 0,5lt - Lenardon - Trieste Green","isPartOf":{"@id":"https:\/\/trieste.green\/sl\/#website"},"primaryImageOfPage":{"@id":"https:\/\/trieste.green\/sl\/prodotto\/tergeste-dop-ekstra-devisko-oljcnoolje-05lt-lenardon\/#primaryimage"},"image":{"@id":"https:\/\/trieste.green\/sl\/prodotto\/tergeste-dop-ekstra-devisko-oljcnoolje-05lt-lenardon\/#primaryimage"},"thumbnailUrl":"https:\/\/trieste.green\/wp-content\/uploads\/2020\/09\/DOPTERGESTE.LENARDON-1.png","datePublished":"2020-09-08T13:18:41+00:00","dateModified":"2024-07-08T15:00:26+00:00","breadcrumb":{"@id":"https:\/\/trieste.green\/sl\/prodotto\/tergeste-dop-ekstra-devisko-oljcnoolje-05lt-lenardon\/#breadcrumb"},"inLanguage":"sl-SI","potentialAction":[{"@type":"ReadAction","target":["https:\/\/trieste.green\/sl\/prodotto\/tergeste-dop-ekstra-devisko-oljcnoolje-05lt-lenardon\/"]}]},{"@type":"ImageObject","inLanguage":"sl-SI","@id":"https:\/\/trieste.green\/sl\/prodotto\/tergeste-dop-ekstra-devisko-oljcnoolje-05lt-lenardon\/#primaryimage","url":"https:\/\/trieste.green\/wp-content\/uploads\/2020\/09\/DOPTERGESTE.LENARDON-1.png","contentUrl":"https:\/\/trieste.green\/wp-content\/uploads\/2020\/09\/DOPTERGESTE.LENARDON-1.png","width":2000,"height":2053},{"@type":"BreadcrumbList","@id":"https:\/\/trieste.green\/sl\/prodotto\/tergeste-dop-ekstra-devisko-oljcnoolje-05lt-lenardon\/#breadcrumb","itemListElement":[{"@type":"ListItem","position":1,"name":"Home","item":"https:\/\/trieste.green\/sl\/"},{"@type":"ListItem","position":2,"name":"Shop","item":"https:\/\/trieste.green\/botega\/"},{"@type":"ListItem","position":3,"name":"Ekstra Devi\u0161ko Olj\u010dno Olje","item":"https:\/\/trieste.green\/sl\/categoria-prodotto\/ekstra-devisko-oljcno-olje\/"},{"@type":"ListItem","position":4,"name":"Tergeste DOP ekstra devi\u0161ko olj\u010dno olje 0,5lt &#8211; Lenardon"}]},{"@type":"WebSite","@id":"https:\/\/trieste.green\/sl\/#website","url":"https:\/\/trieste.green\/sl\/","name":"Trieste Green","description":"","publisher":{"@id":"https:\/\/trieste.green\/sl\/#organization"},"potentialAction":[{"@type":"SearchAction","target":{"@type":"EntryPoint","urlTemplate":"https:\/\/trieste.green\/sl\/?s={search_term_string}"},"query-input":{"@type":"PropertyValueSpecification","valueRequired":true,"valueName":"search_term_string"}}],"inLanguage":"sl-SI"},{"@type":"Organization","@id":"https:\/\/trieste.green\/sl\/#organization","name":"Trieste Green","url":"https:\/\/trieste.green\/sl\/","logo":{"@type":"ImageObject","inLanguage":"sl-SI","@id":"https:\/\/trieste.green\/sl\/#\/schema\/logo\/image\/","url":"http:\/\/trieste.green\/wp-content\/uploads\/2020\/08\/logo-tsgreen-1-128h.png","contentUrl":"http:\/\/trieste.green\/wp-content\/uploads\/2020\/08\/logo-tsgreen-1-128h.png","width":128,"height":128,"caption":"Trieste Green"},"image":{"@id":"https:\/\/trieste.green\/sl\/#\/schema\/logo\/image\/"}}]}},"_links":{"self":[{"href":"https:\/\/trieste.green\/sl\/wp-json\/wp\/v2\/product\/4417","targetHints":{"allow":["GET"]}}],"collection":[{"href":"https:\/\/trieste.green\/sl\/wp-json\/wp\/v2\/product"}],"about":[{"href":"https:\/\/trieste.green\/sl\/wp-json\/wp\/v2\/types\/product"}],"replies":[{"embeddable":true,"href":"https:\/\/trieste.green\/sl\/wp-json\/wp\/v2\/comments?post=4417"}],"wp:featuredmedia":[{"embeddable":true,"href":"https:\/\/trieste.green\/sl\/wp-json\/wp\/v2\/media\/8709"}],"wp:attachment":[{"href":"https:\/\/trieste.green\/sl\/wp-json\/wp\/v2\/media?parent=4417"}],"wp:term":[{"taxonomy":"product_brand","embeddable":true,"href":"https:\/\/trieste.green\/sl\/wp-json\/wp\/v2\/product_brand?post=4417"},{"taxonomy":"product_cat","embeddable":true,"href":"https:\/\/trieste.green\/sl\/wp-json\/wp\/v2\/product_cat?post=4417"},{"taxonomy":"product_tag","embeddable":true,"href":"https:\/\/trieste.green\/sl\/wp-json\/wp\/v2\/product_tag?post=4417"}],"curies":[{"name":"wp","href":"https:\/\/api.w.org\/{rel}","templated":true}]}}