{"id":4410,"date":"2020-12-15T13:58:03","date_gmt":"2020-12-15T13:58:03","guid":{"rendered":"http:\/\/trieste.green\/prodotto\/salama-500g-bajta\/"},"modified":"2020-12-15T13:58:03","modified_gmt":"2020-12-15T13:58:03","slug":"salama-500g-bajta","status":"publish","type":"product","link":"https:\/\/trieste.green\/sl\/prodotto\/salama-500g-bajta\/","title":{"rendered":"Salama 500g &#8211; Bajta"},"content":{"rendered":"<p>Salame je iz mesa \u017eivali, ki \u017eivijo na prostem na podro\u010dju Sale\u017ea; te prosto rijejo pod hrasti, pod grmi ruja in divjega brina, pri tem pa lahko u\u017eivajo ob sunkih kra\u0161ke burje. Sestavljen je iz svinjskega mesa, vina, soli in za\u010dimb. Za te salame je zna\u010dilno, da 3 mesece zorijo v jami, ki se nahaja 10 m pod zemljo. Salame pokriva avtohtona plemenita plesen. Na ugriz je mehka in izra\u017ea terciarne arome tradicionalnega su\u0161enja.<\/p>\n","protected":false},"excerpt":{"rendered":"<p>Salame, pridelane iz svinjine \u017eivali proste reje s podro\u010dja Sale\u017ea 3 mesece zorijo v jami, ki se nahaja 10 m pod zemljo. Salame pokriva avtohtona plemenita plesen. Na ugriz je mehka in izra\u017ea terciarne arome tradicionalnega su\u0161enja.<\/p>\n","protected":false},"featured_media":13593,"comment_status":"closed","ping_status":"closed","template":"","meta":[],"product_brand":[],"product_cat":[329,327],"product_tag":[305],"class_list":{"0":"post-4410","1":"product","2":"type-product","3":"status-publish","4":"has-post-thumbnail","6":"product_cat-prasic-sl","7":"product_cat-suhomesnati-izdelki","8":"product_tag-kmetija-bajta","9":"territorio-zgonik","10":"one-third","12":"first","13":"instock","14":"taxable","15":"shipping-taxable","16":"product-type-simple"},"yoast_head":"<!-- This site is optimized with the Yoast SEO plugin v26.6 - https:\/\/yoast.com\/wordpress\/plugins\/seo\/ -->\n<title>Salama 500g - Bajta - Trieste Green<\/title>\n<meta name=\"robots\" content=\"index, follow, max-snippet:-1, max-image-preview:large, max-video-preview:-1\" \/>\n<link rel=\"canonical\" href=\"https:\/\/trieste.green\/sl\/prodotto\/salama-500g-bajta\/\" \/>\n<meta property=\"og:locale\" content=\"sl_SI\" \/>\n<meta property=\"og:type\" content=\"article\" \/>\n<meta property=\"og:title\" content=\"Salama 500g - Bajta - Trieste Green\" \/>\n<meta property=\"og:description\" content=\"Salame, pridelane iz svinjine \u017eivali proste reje s podro\u010dja Sale\u017ea 3 mesece zorijo v jami, ki se nahaja 10 m pod zemljo. Salame pokriva avtohtona plemenita plesen. Na ugriz je mehka in izra\u017ea terciarne arome tradicionalnega su\u0161enja.\" \/>\n<meta property=\"og:url\" content=\"https:\/\/trieste.green\/sl\/prodotto\/salama-500g-bajta\/\" \/>\n<meta property=\"og:site_name\" content=\"Trieste Green\" \/>\n<meta property=\"og:image\" content=\"https:\/\/trieste.green\/wp-content\/uploads\/2020\/12\/SALAME.BAJTA-NEW.png\" \/>\n\t<meta property=\"og:image:width\" content=\"1920\" \/>\n\t<meta property=\"og:image:height\" content=\"1920\" \/>\n\t<meta property=\"og:image:type\" content=\"image\/png\" \/>\n<meta name=\"twitter:card\" content=\"summary_large_image\" \/>\n<script type=\"application\/ld+json\" class=\"yoast-schema-graph\">{\"@context\":\"https:\/\/schema.org\",\"@graph\":[{\"@type\":\"WebPage\",\"@id\":\"https:\/\/trieste.green\/sl\/prodotto\/salama-500g-bajta\/\",\"url\":\"https:\/\/trieste.green\/sl\/prodotto\/salama-500g-bajta\/\",\"name\":\"Salama 500g - Bajta - Trieste Green\",\"isPartOf\":{\"@id\":\"https:\/\/trieste.green\/sl\/#website\"},\"primaryImageOfPage\":{\"@id\":\"https:\/\/trieste.green\/sl\/prodotto\/salama-500g-bajta\/#primaryimage\"},\"image\":{\"@id\":\"https:\/\/trieste.green\/sl\/prodotto\/salama-500g-bajta\/#primaryimage\"},\"thumbnailUrl\":\"https:\/\/trieste.green\/wp-content\/uploads\/2020\/12\/SALAME.BAJTA-NEW.png\",\"datePublished\":\"2020-12-15T13:58:03+00:00\",\"breadcrumb\":{\"@id\":\"https:\/\/trieste.green\/sl\/prodotto\/salama-500g-bajta\/#breadcrumb\"},\"inLanguage\":\"sl-SI\",\"potentialAction\":[{\"@type\":\"ReadAction\",\"target\":[\"https:\/\/trieste.green\/sl\/prodotto\/salama-500g-bajta\/\"]}]},{\"@type\":\"ImageObject\",\"inLanguage\":\"sl-SI\",\"@id\":\"https:\/\/trieste.green\/sl\/prodotto\/salama-500g-bajta\/#primaryimage\",\"url\":\"https:\/\/trieste.green\/wp-content\/uploads\/2020\/12\/SALAME.BAJTA-NEW.png\",\"contentUrl\":\"https:\/\/trieste.green\/wp-content\/uploads\/2020\/12\/SALAME.BAJTA-NEW.png\",\"width\":1920,\"height\":1920},{\"@type\":\"BreadcrumbList\",\"@id\":\"https:\/\/trieste.green\/sl\/prodotto\/salama-500g-bajta\/#breadcrumb\",\"itemListElement\":[{\"@type\":\"ListItem\",\"position\":1,\"name\":\"Home\",\"item\":\"https:\/\/trieste.green\/sl\/\"},{\"@type\":\"ListItem\",\"position\":2,\"name\":\"Shop\",\"item\":\"https:\/\/trieste.green\/botega\/\"},{\"@type\":\"ListItem\",\"position\":3,\"name\":\"Suhomesnati Izdelki\",\"item\":\"https:\/\/trieste.green\/sl\/categoria-prodotto\/suhomesnati-izdelki\/\"},{\"@type\":\"ListItem\",\"position\":4,\"name\":\"Pra\u0161i\u010d\",\"item\":\"https:\/\/trieste.green\/sl\/categoria-prodotto\/suhomesnati-izdelki\/prasic-sl\/\"},{\"@type\":\"ListItem\",\"position\":5,\"name\":\"Salama 500g &#8211; Bajta\"}]},{\"@type\":\"WebSite\",\"@id\":\"https:\/\/trieste.green\/sl\/#website\",\"url\":\"https:\/\/trieste.green\/sl\/\",\"name\":\"Trieste Green\",\"description\":\"\",\"publisher\":{\"@id\":\"https:\/\/trieste.green\/sl\/#organization\"},\"potentialAction\":[{\"@type\":\"SearchAction\",\"target\":{\"@type\":\"EntryPoint\",\"urlTemplate\":\"https:\/\/trieste.green\/sl\/?s={search_term_string}\"},\"query-input\":{\"@type\":\"PropertyValueSpecification\",\"valueRequired\":true,\"valueName\":\"search_term_string\"}}],\"inLanguage\":\"sl-SI\"},{\"@type\":\"Organization\",\"@id\":\"https:\/\/trieste.green\/sl\/#organization\",\"name\":\"Trieste Green\",\"url\":\"https:\/\/trieste.green\/sl\/\",\"logo\":{\"@type\":\"ImageObject\",\"inLanguage\":\"sl-SI\",\"@id\":\"https:\/\/trieste.green\/sl\/#\/schema\/logo\/image\/\",\"url\":\"http:\/\/trieste.green\/wp-content\/uploads\/2020\/08\/logo-tsgreen-1-128h.png\",\"contentUrl\":\"http:\/\/trieste.green\/wp-content\/uploads\/2020\/08\/logo-tsgreen-1-128h.png\",\"width\":128,\"height\":128,\"caption\":\"Trieste Green\"},\"image\":{\"@id\":\"https:\/\/trieste.green\/sl\/#\/schema\/logo\/image\/\"}}]}<\/script>\n<!-- \/ Yoast SEO plugin. -->","yoast_head_json":{"title":"Salama 500g - Bajta - Trieste Green","robots":{"index":"index","follow":"follow","max-snippet":"max-snippet:-1","max-image-preview":"max-image-preview:large","max-video-preview":"max-video-preview:-1"},"canonical":"https:\/\/trieste.green\/sl\/prodotto\/salama-500g-bajta\/","og_locale":"sl_SI","og_type":"article","og_title":"Salama 500g - Bajta - Trieste Green","og_description":"Salame, pridelane iz svinjine \u017eivali proste reje s podro\u010dja Sale\u017ea 3 mesece zorijo v jami, ki se nahaja 10 m pod zemljo. Salame pokriva avtohtona plemenita plesen. Na ugriz je mehka in izra\u017ea terciarne arome tradicionalnega su\u0161enja.","og_url":"https:\/\/trieste.green\/sl\/prodotto\/salama-500g-bajta\/","og_site_name":"Trieste Green","og_image":[{"width":1920,"height":1920,"url":"https:\/\/trieste.green\/wp-content\/uploads\/2020\/12\/SALAME.BAJTA-NEW.png","type":"image\/png"}],"twitter_card":"summary_large_image","schema":{"@context":"https:\/\/schema.org","@graph":[{"@type":"WebPage","@id":"https:\/\/trieste.green\/sl\/prodotto\/salama-500g-bajta\/","url":"https:\/\/trieste.green\/sl\/prodotto\/salama-500g-bajta\/","name":"Salama 500g - Bajta - Trieste Green","isPartOf":{"@id":"https:\/\/trieste.green\/sl\/#website"},"primaryImageOfPage":{"@id":"https:\/\/trieste.green\/sl\/prodotto\/salama-500g-bajta\/#primaryimage"},"image":{"@id":"https:\/\/trieste.green\/sl\/prodotto\/salama-500g-bajta\/#primaryimage"},"thumbnailUrl":"https:\/\/trieste.green\/wp-content\/uploads\/2020\/12\/SALAME.BAJTA-NEW.png","datePublished":"2020-12-15T13:58:03+00:00","breadcrumb":{"@id":"https:\/\/trieste.green\/sl\/prodotto\/salama-500g-bajta\/#breadcrumb"},"inLanguage":"sl-SI","potentialAction":[{"@type":"ReadAction","target":["https:\/\/trieste.green\/sl\/prodotto\/salama-500g-bajta\/"]}]},{"@type":"ImageObject","inLanguage":"sl-SI","@id":"https:\/\/trieste.green\/sl\/prodotto\/salama-500g-bajta\/#primaryimage","url":"https:\/\/trieste.green\/wp-content\/uploads\/2020\/12\/SALAME.BAJTA-NEW.png","contentUrl":"https:\/\/trieste.green\/wp-content\/uploads\/2020\/12\/SALAME.BAJTA-NEW.png","width":1920,"height":1920},{"@type":"BreadcrumbList","@id":"https:\/\/trieste.green\/sl\/prodotto\/salama-500g-bajta\/#breadcrumb","itemListElement":[{"@type":"ListItem","position":1,"name":"Home","item":"https:\/\/trieste.green\/sl\/"},{"@type":"ListItem","position":2,"name":"Shop","item":"https:\/\/trieste.green\/botega\/"},{"@type":"ListItem","position":3,"name":"Suhomesnati Izdelki","item":"https:\/\/trieste.green\/sl\/categoria-prodotto\/suhomesnati-izdelki\/"},{"@type":"ListItem","position":4,"name":"Pra\u0161i\u010d","item":"https:\/\/trieste.green\/sl\/categoria-prodotto\/suhomesnati-izdelki\/prasic-sl\/"},{"@type":"ListItem","position":5,"name":"Salama 500g &#8211; Bajta"}]},{"@type":"WebSite","@id":"https:\/\/trieste.green\/sl\/#website","url":"https:\/\/trieste.green\/sl\/","name":"Trieste Green","description":"","publisher":{"@id":"https:\/\/trieste.green\/sl\/#organization"},"potentialAction":[{"@type":"SearchAction","target":{"@type":"EntryPoint","urlTemplate":"https:\/\/trieste.green\/sl\/?s={search_term_string}"},"query-input":{"@type":"PropertyValueSpecification","valueRequired":true,"valueName":"search_term_string"}}],"inLanguage":"sl-SI"},{"@type":"Organization","@id":"https:\/\/trieste.green\/sl\/#organization","name":"Trieste Green","url":"https:\/\/trieste.green\/sl\/","logo":{"@type":"ImageObject","inLanguage":"sl-SI","@id":"https:\/\/trieste.green\/sl\/#\/schema\/logo\/image\/","url":"http:\/\/trieste.green\/wp-content\/uploads\/2020\/08\/logo-tsgreen-1-128h.png","contentUrl":"http:\/\/trieste.green\/wp-content\/uploads\/2020\/08\/logo-tsgreen-1-128h.png","width":128,"height":128,"caption":"Trieste Green"},"image":{"@id":"https:\/\/trieste.green\/sl\/#\/schema\/logo\/image\/"}}]}},"_links":{"self":[{"href":"https:\/\/trieste.green\/sl\/wp-json\/wp\/v2\/product\/4410","targetHints":{"allow":["GET"]}}],"collection":[{"href":"https:\/\/trieste.green\/sl\/wp-json\/wp\/v2\/product"}],"about":[{"href":"https:\/\/trieste.green\/sl\/wp-json\/wp\/v2\/types\/product"}],"replies":[{"embeddable":true,"href":"https:\/\/trieste.green\/sl\/wp-json\/wp\/v2\/comments?post=4410"}],"wp:featuredmedia":[{"embeddable":true,"href":"https:\/\/trieste.green\/sl\/wp-json\/wp\/v2\/media\/13593"}],"wp:attachment":[{"href":"https:\/\/trieste.green\/sl\/wp-json\/wp\/v2\/media?parent=4410"}],"wp:term":[{"taxonomy":"product_brand","embeddable":true,"href":"https:\/\/trieste.green\/sl\/wp-json\/wp\/v2\/product_brand?post=4410"},{"taxonomy":"product_cat","embeddable":true,"href":"https:\/\/trieste.green\/sl\/wp-json\/wp\/v2\/product_cat?post=4410"},{"taxonomy":"product_tag","embeddable":true,"href":"https:\/\/trieste.green\/sl\/wp-json\/wp\/v2\/product_tag?post=4410"}],"curies":[{"name":"wp","href":"https:\/\/api.w.org\/{rel}","templated":true}]}}