{"id":4352,"date":"2020-12-11T14:11:38","date_gmt":"2020-12-11T14:11:38","guid":{"rendered":"http:\/\/trieste.green\/prodotto\/paket-kraskih-penin\/"},"modified":"2020-12-11T14:11:38","modified_gmt":"2020-12-11T14:11:38","slug":"paket-kraskih-penin","status":"publish","type":"product","link":"https:\/\/trieste.green\/sl\/prodotto\/paket-kraskih-penin\/","title":{"rendered":"Paket &#8211; Kra\u0161kih penin"},"content":{"rendered":"<p>Tri kmetije, trije okoli\u0161i, tri metode. Darilni paket vsebuje tri penine iz treh razli\u010dnih obmo\u010dij: Kocijan\u010di\u010devo pene\u010de vino Brika (Breg) pridobivajo iz avtohtonih sort vitovska in malvazija. Sekundarna fermentacija poteka kar v steklenicah. \u0160tevilo steklenic je omejeno, in sicer do 500 na leto. Bajtino TerroRoza (Sale\u017e), ki je pridelana\u00a0po\u00a0klasi\u010dni metodi\u00a0iz 100-odstotnega\u00a0istrskega refo\u0161ka in Oustrouskovo Carpe Diem (Zagradec), ki je pridelana po metodi charmat iz grozdja istrske malvazije, sauvignona in chardonnaya. Paket vsebuje Briko Kocjan\u010di\u010da (0,75lt), TerraRozo Bajte (0,75lt), in Carpe Diem Ostrouske (0,75lt).<\/p>\n<p>La box contiene: Brika 0,75lt di Rado Kocijancic (Breg), TerraRoza 0,75lt di Bajta (Sales) e Carpe Diem 0,75lt di Ostrouska (Sagrado)<\/p>\n","protected":false},"excerpt":{"rendered":"<p class=\"p1\">Tri kmetije, trije okoli\u0161i, tri metode. Darilni paket vsebuje tri penine iz treh razli\u010dnih obmo\u010dij: Kocijan\u010di\u010devo Briko (Breg), Bajtino TerroRoza (Sale\u017e) in Oustrouskovo Carpe Diem (Zagradec).<\/p>\n","protected":false},"featured_media":4353,"comment_status":"closed","ping_status":"closed","template":"","meta":[],"product_brand":[],"product_cat":[303,302],"product_tag":[305,304,306],"class_list":{"0":"post-4352","1":"product","2":"type-product","3":"status-publish","4":"has-post-thumbnail","6":"product_cat-darilni-paket","7":"product_cat-vino-sl","8":"product_tag-kmetija-bajta","9":"product_tag-kmetija-kocjancic-rado","10":"product_tag-kmetija-ostrouska","11":"territorio-dolina","12":"territorio-zgonik","13":"one-third","15":"first","16":"outofstock","17":"taxable","18":"shipping-taxable","19":"purchasable","20":"product-type-simple"},"yoast_head":"<!-- This site is optimized with the Yoast SEO plugin v26.6 - https:\/\/yoast.com\/wordpress\/plugins\/seo\/ -->\n<title>Paket - Kra\u0161kih penin - Trieste Green<\/title>\n<meta name=\"robots\" content=\"index, follow, max-snippet:-1, max-image-preview:large, max-video-preview:-1\" \/>\n<link rel=\"canonical\" href=\"https:\/\/trieste.green\/sl\/prodotto\/paket-kraskih-penin\/\" \/>\n<meta property=\"og:locale\" content=\"sl_SI\" \/>\n<meta property=\"og:type\" content=\"article\" \/>\n<meta property=\"og:title\" content=\"Paket - Kra\u0161kih penin - Trieste Green\" \/>\n<meta property=\"og:description\" content=\"Tri kmetije, trije okoli\u0161i, tri metode. Darilni paket vsebuje tri penine iz treh razli\u010dnih obmo\u010dij: Kocijan\u010di\u010devo Briko (Breg), Bajtino TerroRoza (Sale\u017e) in Oustrouskovo Carpe Diem (Zagradec).\" \/>\n<meta property=\"og:url\" content=\"https:\/\/trieste.green\/sl\/prodotto\/paket-kraskih-penin\/\" \/>\n<meta property=\"og:site_name\" content=\"Trieste Green\" \/>\n<meta property=\"og:image\" content=\"https:\/\/trieste.green\/wp-content\/uploads\/2020\/12\/box-bollicine-q.png\" \/>\n\t<meta property=\"og:image:width\" content=\"1080\" \/>\n\t<meta property=\"og:image:height\" content=\"1080\" \/>\n\t<meta property=\"og:image:type\" content=\"image\/png\" \/>\n<meta name=\"twitter:card\" content=\"summary_large_image\" \/>\n<meta name=\"twitter:label1\" content=\"Est. reading time\" \/>\n\t<meta name=\"twitter:data1\" content=\"1 minuta\" \/>\n<script type=\"application\/ld+json\" class=\"yoast-schema-graph\">{\"@context\":\"https:\/\/schema.org\",\"@graph\":[{\"@type\":\"WebPage\",\"@id\":\"https:\/\/trieste.green\/sl\/prodotto\/paket-kraskih-penin\/\",\"url\":\"https:\/\/trieste.green\/sl\/prodotto\/paket-kraskih-penin\/\",\"name\":\"Paket - Kra\u0161kih penin - Trieste Green\",\"isPartOf\":{\"@id\":\"https:\/\/trieste.green\/sl\/#website\"},\"primaryImageOfPage\":{\"@id\":\"https:\/\/trieste.green\/sl\/prodotto\/paket-kraskih-penin\/#primaryimage\"},\"image\":{\"@id\":\"https:\/\/trieste.green\/sl\/prodotto\/paket-kraskih-penin\/#primaryimage\"},\"thumbnailUrl\":\"https:\/\/trieste.green\/wp-content\/uploads\/2020\/12\/box-bollicine-q.png\",\"datePublished\":\"2020-12-11T14:11:38+00:00\",\"breadcrumb\":{\"@id\":\"https:\/\/trieste.green\/sl\/prodotto\/paket-kraskih-penin\/#breadcrumb\"},\"inLanguage\":\"sl-SI\",\"potentialAction\":[{\"@type\":\"ReadAction\",\"target\":[\"https:\/\/trieste.green\/sl\/prodotto\/paket-kraskih-penin\/\"]}]},{\"@type\":\"ImageObject\",\"inLanguage\":\"sl-SI\",\"@id\":\"https:\/\/trieste.green\/sl\/prodotto\/paket-kraskih-penin\/#primaryimage\",\"url\":\"https:\/\/trieste.green\/wp-content\/uploads\/2020\/12\/box-bollicine-q.png\",\"contentUrl\":\"https:\/\/trieste.green\/wp-content\/uploads\/2020\/12\/box-bollicine-q.png\",\"width\":1080,\"height\":1080},{\"@type\":\"BreadcrumbList\",\"@id\":\"https:\/\/trieste.green\/sl\/prodotto\/paket-kraskih-penin\/#breadcrumb\",\"itemListElement\":[{\"@type\":\"ListItem\",\"position\":1,\"name\":\"Home\",\"item\":\"https:\/\/trieste.green\/sl\/\"},{\"@type\":\"ListItem\",\"position\":2,\"name\":\"Shop\",\"item\":\"https:\/\/trieste.green\/botega\/\"},{\"@type\":\"ListItem\",\"position\":3,\"name\":\"Darilni Paket\",\"item\":\"https:\/\/trieste.green\/sl\/categoria-prodotto\/darilni-paket\/\"},{\"@type\":\"ListItem\",\"position\":4,\"name\":\"Paket &#8211; Kra\u0161kih penin\"}]},{\"@type\":\"WebSite\",\"@id\":\"https:\/\/trieste.green\/sl\/#website\",\"url\":\"https:\/\/trieste.green\/sl\/\",\"name\":\"Trieste Green\",\"description\":\"\",\"publisher\":{\"@id\":\"https:\/\/trieste.green\/sl\/#organization\"},\"potentialAction\":[{\"@type\":\"SearchAction\",\"target\":{\"@type\":\"EntryPoint\",\"urlTemplate\":\"https:\/\/trieste.green\/sl\/?s={search_term_string}\"},\"query-input\":{\"@type\":\"PropertyValueSpecification\",\"valueRequired\":true,\"valueName\":\"search_term_string\"}}],\"inLanguage\":\"sl-SI\"},{\"@type\":\"Organization\",\"@id\":\"https:\/\/trieste.green\/sl\/#organization\",\"name\":\"Trieste Green\",\"url\":\"https:\/\/trieste.green\/sl\/\",\"logo\":{\"@type\":\"ImageObject\",\"inLanguage\":\"sl-SI\",\"@id\":\"https:\/\/trieste.green\/sl\/#\/schema\/logo\/image\/\",\"url\":\"http:\/\/trieste.green\/wp-content\/uploads\/2020\/08\/logo-tsgreen-1-128h.png\",\"contentUrl\":\"http:\/\/trieste.green\/wp-content\/uploads\/2020\/08\/logo-tsgreen-1-128h.png\",\"width\":128,\"height\":128,\"caption\":\"Trieste Green\"},\"image\":{\"@id\":\"https:\/\/trieste.green\/sl\/#\/schema\/logo\/image\/\"}}]}<\/script>\n<!-- \/ Yoast SEO plugin. -->","yoast_head_json":{"title":"Paket - Kra\u0161kih penin - Trieste Green","robots":{"index":"index","follow":"follow","max-snippet":"max-snippet:-1","max-image-preview":"max-image-preview:large","max-video-preview":"max-video-preview:-1"},"canonical":"https:\/\/trieste.green\/sl\/prodotto\/paket-kraskih-penin\/","og_locale":"sl_SI","og_type":"article","og_title":"Paket - Kra\u0161kih penin - Trieste Green","og_description":"Tri kmetije, trije okoli\u0161i, tri metode. Darilni paket vsebuje tri penine iz treh razli\u010dnih obmo\u010dij: Kocijan\u010di\u010devo Briko (Breg), Bajtino TerroRoza (Sale\u017e) in Oustrouskovo Carpe Diem (Zagradec).","og_url":"https:\/\/trieste.green\/sl\/prodotto\/paket-kraskih-penin\/","og_site_name":"Trieste Green","og_image":[{"width":1080,"height":1080,"url":"https:\/\/trieste.green\/wp-content\/uploads\/2020\/12\/box-bollicine-q.png","type":"image\/png"}],"twitter_card":"summary_large_image","twitter_misc":{"Est. reading time":"1 minuta"},"schema":{"@context":"https:\/\/schema.org","@graph":[{"@type":"WebPage","@id":"https:\/\/trieste.green\/sl\/prodotto\/paket-kraskih-penin\/","url":"https:\/\/trieste.green\/sl\/prodotto\/paket-kraskih-penin\/","name":"Paket - Kra\u0161kih penin - Trieste Green","isPartOf":{"@id":"https:\/\/trieste.green\/sl\/#website"},"primaryImageOfPage":{"@id":"https:\/\/trieste.green\/sl\/prodotto\/paket-kraskih-penin\/#primaryimage"},"image":{"@id":"https:\/\/trieste.green\/sl\/prodotto\/paket-kraskih-penin\/#primaryimage"},"thumbnailUrl":"https:\/\/trieste.green\/wp-content\/uploads\/2020\/12\/box-bollicine-q.png","datePublished":"2020-12-11T14:11:38+00:00","breadcrumb":{"@id":"https:\/\/trieste.green\/sl\/prodotto\/paket-kraskih-penin\/#breadcrumb"},"inLanguage":"sl-SI","potentialAction":[{"@type":"ReadAction","target":["https:\/\/trieste.green\/sl\/prodotto\/paket-kraskih-penin\/"]}]},{"@type":"ImageObject","inLanguage":"sl-SI","@id":"https:\/\/trieste.green\/sl\/prodotto\/paket-kraskih-penin\/#primaryimage","url":"https:\/\/trieste.green\/wp-content\/uploads\/2020\/12\/box-bollicine-q.png","contentUrl":"https:\/\/trieste.green\/wp-content\/uploads\/2020\/12\/box-bollicine-q.png","width":1080,"height":1080},{"@type":"BreadcrumbList","@id":"https:\/\/trieste.green\/sl\/prodotto\/paket-kraskih-penin\/#breadcrumb","itemListElement":[{"@type":"ListItem","position":1,"name":"Home","item":"https:\/\/trieste.green\/sl\/"},{"@type":"ListItem","position":2,"name":"Shop","item":"https:\/\/trieste.green\/botega\/"},{"@type":"ListItem","position":3,"name":"Darilni Paket","item":"https:\/\/trieste.green\/sl\/categoria-prodotto\/darilni-paket\/"},{"@type":"ListItem","position":4,"name":"Paket &#8211; Kra\u0161kih penin"}]},{"@type":"WebSite","@id":"https:\/\/trieste.green\/sl\/#website","url":"https:\/\/trieste.green\/sl\/","name":"Trieste Green","description":"","publisher":{"@id":"https:\/\/trieste.green\/sl\/#organization"},"potentialAction":[{"@type":"SearchAction","target":{"@type":"EntryPoint","urlTemplate":"https:\/\/trieste.green\/sl\/?s={search_term_string}"},"query-input":{"@type":"PropertyValueSpecification","valueRequired":true,"valueName":"search_term_string"}}],"inLanguage":"sl-SI"},{"@type":"Organization","@id":"https:\/\/trieste.green\/sl\/#organization","name":"Trieste Green","url":"https:\/\/trieste.green\/sl\/","logo":{"@type":"ImageObject","inLanguage":"sl-SI","@id":"https:\/\/trieste.green\/sl\/#\/schema\/logo\/image\/","url":"http:\/\/trieste.green\/wp-content\/uploads\/2020\/08\/logo-tsgreen-1-128h.png","contentUrl":"http:\/\/trieste.green\/wp-content\/uploads\/2020\/08\/logo-tsgreen-1-128h.png","width":128,"height":128,"caption":"Trieste Green"},"image":{"@id":"https:\/\/trieste.green\/sl\/#\/schema\/logo\/image\/"}}]}},"_links":{"self":[{"href":"https:\/\/trieste.green\/sl\/wp-json\/wp\/v2\/product\/4352","targetHints":{"allow":["GET"]}}],"collection":[{"href":"https:\/\/trieste.green\/sl\/wp-json\/wp\/v2\/product"}],"about":[{"href":"https:\/\/trieste.green\/sl\/wp-json\/wp\/v2\/types\/product"}],"replies":[{"embeddable":true,"href":"https:\/\/trieste.green\/sl\/wp-json\/wp\/v2\/comments?post=4352"}],"wp:featuredmedia":[{"embeddable":true,"href":"https:\/\/trieste.green\/sl\/wp-json\/wp\/v2\/media\/4353"}],"wp:attachment":[{"href":"https:\/\/trieste.green\/sl\/wp-json\/wp\/v2\/media?parent=4352"}],"wp:term":[{"taxonomy":"product_brand","embeddable":true,"href":"https:\/\/trieste.green\/sl\/wp-json\/wp\/v2\/product_brand?post=4352"},{"taxonomy":"product_cat","embeddable":true,"href":"https:\/\/trieste.green\/sl\/wp-json\/wp\/v2\/product_cat?post=4352"},{"taxonomy":"product_tag","embeddable":true,"href":"https:\/\/trieste.green\/sl\/wp-json\/wp\/v2\/product_tag?post=4352"}],"curies":[{"name":"wp","href":"https:\/\/api.w.org\/{rel}","templated":true}]}}