{"id":4347,"date":"2020-12-10T15:14:31","date_gmt":"2020-12-10T15:14:31","guid":{"rendered":"http:\/\/trieste.green\/prodotto\/milo-200ml-the-officinal\/"},"modified":"2021-03-12T16:00:22","modified_gmt":"2021-03-12T16:00:22","slug":"milo-200ml-the-officinal","status":"publish","type":"product","link":"https:\/\/trieste.green\/sl\/prodotto\/milo-200ml-the-officinal\/","title":{"rendered":"Milo 200ml &#8211; The Officinal"},"content":{"rendered":"<p class=\"p1\">Teko\u010de milo je sestavljeno iz razli\u010dnih snovi, ki so naravnega izvora in blagodejno u\u010dinkujejo na ko\u017eo. Milo, narejeno iz organskega gela aloe in biolo\u0161ko razgradljivih povr\u0161insko aktivnih snovi, za dobro po\u010dutje celotne dru\u017eine. Brezkompromisen pristop do surovin in naravnih aktivnih sestavin ob spo\u0161tovanju naravnega ravnovesja ko\u017ee in lasi\u0161\u010da. \u0160ampon\u00a0in\u00a0milo\u00a0uporabljamo za umivanje\u00a0las\u00a0pa\u00a0tudi celega telesa. Podjetje The Officinal se zavzema za za\u0161\u010dito in ohranjanje\u00a0okolja in uporablja plastenke iz reciklirane PET plastike, ki jih je mogo\u010de ponovno reciklirati.<\/p>\n","protected":false},"excerpt":{"rendered":"<p class=\"p1\">Milo, narejeno iz organskega gela aloe in biolo\u0161ko razgradljivih povr\u0161insko aktivnih snovi, za dobro po\u010dutje celotne dru\u017eine. Brezkompromisen pristop do surovin in naravnih aktivnih sestavin ob spo\u0161tovanju naravnega ravnovesja ko\u017ee in lasi\u0161\u010da.<\/p>\n","protected":false},"featured_media":13673,"comment_status":"closed","ping_status":"closed","template":"","meta":[],"product_brand":[],"product_cat":[300],"product_tag":[301],"class_list":{"0":"post-4347","1":"product","2":"type-product","3":"status-publish","4":"has-post-thumbnail","6":"product_cat-kozmetika","7":"product_tag-the-officinal-sl","8":"territorio-trst","9":"one-third","11":"first","12":"outofstock","13":"taxable","14":"shipping-taxable","15":"purchasable","16":"product-type-simple"},"yoast_head":"<!-- This site is optimized with the Yoast SEO plugin v26.6 - https:\/\/yoast.com\/wordpress\/plugins\/seo\/ -->\n<title>Milo 200ml - The Officinal - Trieste Green<\/title>\n<meta name=\"robots\" content=\"index, follow, max-snippet:-1, max-image-preview:large, max-video-preview:-1\" \/>\n<link rel=\"canonical\" href=\"https:\/\/trieste.green\/sl\/prodotto\/milo-200ml-the-officinal\/\" \/>\n<meta property=\"og:locale\" content=\"sl_SI\" \/>\n<meta property=\"og:type\" content=\"article\" \/>\n<meta property=\"og:title\" content=\"Milo 200ml - The Officinal - Trieste Green\" \/>\n<meta property=\"og:description\" content=\"Milo, narejeno iz organskega gela aloe in biolo\u0161ko razgradljivih povr\u0161insko aktivnih snovi, za dobro po\u010dutje celotne dru\u017eine. Brezkompromisen pristop do surovin in naravnih aktivnih sestavin ob spo\u0161tovanju naravnega ravnovesja ko\u017ee in lasi\u0161\u010da.\" \/>\n<meta property=\"og:url\" content=\"https:\/\/trieste.green\/sl\/prodotto\/milo-200ml-the-officinal\/\" \/>\n<meta property=\"og:site_name\" content=\"Trieste Green\" \/>\n<meta property=\"article:modified_time\" content=\"2021-03-12T16:00:22+00:00\" \/>\n<meta property=\"og:image\" content=\"https:\/\/trieste.green\/wp-content\/uploads\/2020\/12\/sapone200ml.png\" \/>\n\t<meta property=\"og:image:width\" content=\"1920\" \/>\n\t<meta property=\"og:image:height\" content=\"1920\" \/>\n\t<meta property=\"og:image:type\" content=\"image\/png\" \/>\n<meta name=\"twitter:card\" content=\"summary_large_image\" \/>\n<script type=\"application\/ld+json\" class=\"yoast-schema-graph\">{\"@context\":\"https:\/\/schema.org\",\"@graph\":[{\"@type\":\"WebPage\",\"@id\":\"https:\/\/trieste.green\/sl\/prodotto\/milo-200ml-the-officinal\/\",\"url\":\"https:\/\/trieste.green\/sl\/prodotto\/milo-200ml-the-officinal\/\",\"name\":\"Milo 200ml - The Officinal - Trieste Green\",\"isPartOf\":{\"@id\":\"https:\/\/trieste.green\/sl\/#website\"},\"primaryImageOfPage\":{\"@id\":\"https:\/\/trieste.green\/sl\/prodotto\/milo-200ml-the-officinal\/#primaryimage\"},\"image\":{\"@id\":\"https:\/\/trieste.green\/sl\/prodotto\/milo-200ml-the-officinal\/#primaryimage\"},\"thumbnailUrl\":\"https:\/\/trieste.green\/wp-content\/uploads\/2020\/12\/sapone200ml.png\",\"datePublished\":\"2020-12-10T15:14:31+00:00\",\"dateModified\":\"2021-03-12T16:00:22+00:00\",\"breadcrumb\":{\"@id\":\"https:\/\/trieste.green\/sl\/prodotto\/milo-200ml-the-officinal\/#breadcrumb\"},\"inLanguage\":\"sl-SI\",\"potentialAction\":[{\"@type\":\"ReadAction\",\"target\":[\"https:\/\/trieste.green\/sl\/prodotto\/milo-200ml-the-officinal\/\"]}]},{\"@type\":\"ImageObject\",\"inLanguage\":\"sl-SI\",\"@id\":\"https:\/\/trieste.green\/sl\/prodotto\/milo-200ml-the-officinal\/#primaryimage\",\"url\":\"https:\/\/trieste.green\/wp-content\/uploads\/2020\/12\/sapone200ml.png\",\"contentUrl\":\"https:\/\/trieste.green\/wp-content\/uploads\/2020\/12\/sapone200ml.png\",\"width\":1920,\"height\":1920},{\"@type\":\"BreadcrumbList\",\"@id\":\"https:\/\/trieste.green\/sl\/prodotto\/milo-200ml-the-officinal\/#breadcrumb\",\"itemListElement\":[{\"@type\":\"ListItem\",\"position\":1,\"name\":\"Home\",\"item\":\"https:\/\/trieste.green\/sl\/\"},{\"@type\":\"ListItem\",\"position\":2,\"name\":\"Shop\",\"item\":\"https:\/\/trieste.green\/botega\/\"},{\"@type\":\"ListItem\",\"position\":3,\"name\":\"Kozmetika\",\"item\":\"https:\/\/trieste.green\/sl\/categoria-prodotto\/kozmetika\/\"},{\"@type\":\"ListItem\",\"position\":4,\"name\":\"Milo 200ml &#8211; The Officinal\"}]},{\"@type\":\"WebSite\",\"@id\":\"https:\/\/trieste.green\/sl\/#website\",\"url\":\"https:\/\/trieste.green\/sl\/\",\"name\":\"Trieste Green\",\"description\":\"\",\"publisher\":{\"@id\":\"https:\/\/trieste.green\/sl\/#organization\"},\"potentialAction\":[{\"@type\":\"SearchAction\",\"target\":{\"@type\":\"EntryPoint\",\"urlTemplate\":\"https:\/\/trieste.green\/sl\/?s={search_term_string}\"},\"query-input\":{\"@type\":\"PropertyValueSpecification\",\"valueRequired\":true,\"valueName\":\"search_term_string\"}}],\"inLanguage\":\"sl-SI\"},{\"@type\":\"Organization\",\"@id\":\"https:\/\/trieste.green\/sl\/#organization\",\"name\":\"Trieste Green\",\"url\":\"https:\/\/trieste.green\/sl\/\",\"logo\":{\"@type\":\"ImageObject\",\"inLanguage\":\"sl-SI\",\"@id\":\"https:\/\/trieste.green\/sl\/#\/schema\/logo\/image\/\",\"url\":\"http:\/\/trieste.green\/wp-content\/uploads\/2020\/08\/logo-tsgreen-1-128h.png\",\"contentUrl\":\"http:\/\/trieste.green\/wp-content\/uploads\/2020\/08\/logo-tsgreen-1-128h.png\",\"width\":128,\"height\":128,\"caption\":\"Trieste Green\"},\"image\":{\"@id\":\"https:\/\/trieste.green\/sl\/#\/schema\/logo\/image\/\"}}]}<\/script>\n<!-- \/ Yoast SEO plugin. -->","yoast_head_json":{"title":"Milo 200ml - The Officinal - Trieste Green","robots":{"index":"index","follow":"follow","max-snippet":"max-snippet:-1","max-image-preview":"max-image-preview:large","max-video-preview":"max-video-preview:-1"},"canonical":"https:\/\/trieste.green\/sl\/prodotto\/milo-200ml-the-officinal\/","og_locale":"sl_SI","og_type":"article","og_title":"Milo 200ml - The Officinal - Trieste Green","og_description":"Milo, narejeno iz organskega gela aloe in biolo\u0161ko razgradljivih povr\u0161insko aktivnih snovi, za dobro po\u010dutje celotne dru\u017eine. Brezkompromisen pristop do surovin in naravnih aktivnih sestavin ob spo\u0161tovanju naravnega ravnovesja ko\u017ee in lasi\u0161\u010da.","og_url":"https:\/\/trieste.green\/sl\/prodotto\/milo-200ml-the-officinal\/","og_site_name":"Trieste Green","article_modified_time":"2021-03-12T16:00:22+00:00","og_image":[{"width":1920,"height":1920,"url":"https:\/\/trieste.green\/wp-content\/uploads\/2020\/12\/sapone200ml.png","type":"image\/png"}],"twitter_card":"summary_large_image","schema":{"@context":"https:\/\/schema.org","@graph":[{"@type":"WebPage","@id":"https:\/\/trieste.green\/sl\/prodotto\/milo-200ml-the-officinal\/","url":"https:\/\/trieste.green\/sl\/prodotto\/milo-200ml-the-officinal\/","name":"Milo 200ml - The Officinal - Trieste Green","isPartOf":{"@id":"https:\/\/trieste.green\/sl\/#website"},"primaryImageOfPage":{"@id":"https:\/\/trieste.green\/sl\/prodotto\/milo-200ml-the-officinal\/#primaryimage"},"image":{"@id":"https:\/\/trieste.green\/sl\/prodotto\/milo-200ml-the-officinal\/#primaryimage"},"thumbnailUrl":"https:\/\/trieste.green\/wp-content\/uploads\/2020\/12\/sapone200ml.png","datePublished":"2020-12-10T15:14:31+00:00","dateModified":"2021-03-12T16:00:22+00:00","breadcrumb":{"@id":"https:\/\/trieste.green\/sl\/prodotto\/milo-200ml-the-officinal\/#breadcrumb"},"inLanguage":"sl-SI","potentialAction":[{"@type":"ReadAction","target":["https:\/\/trieste.green\/sl\/prodotto\/milo-200ml-the-officinal\/"]}]},{"@type":"ImageObject","inLanguage":"sl-SI","@id":"https:\/\/trieste.green\/sl\/prodotto\/milo-200ml-the-officinal\/#primaryimage","url":"https:\/\/trieste.green\/wp-content\/uploads\/2020\/12\/sapone200ml.png","contentUrl":"https:\/\/trieste.green\/wp-content\/uploads\/2020\/12\/sapone200ml.png","width":1920,"height":1920},{"@type":"BreadcrumbList","@id":"https:\/\/trieste.green\/sl\/prodotto\/milo-200ml-the-officinal\/#breadcrumb","itemListElement":[{"@type":"ListItem","position":1,"name":"Home","item":"https:\/\/trieste.green\/sl\/"},{"@type":"ListItem","position":2,"name":"Shop","item":"https:\/\/trieste.green\/botega\/"},{"@type":"ListItem","position":3,"name":"Kozmetika","item":"https:\/\/trieste.green\/sl\/categoria-prodotto\/kozmetika\/"},{"@type":"ListItem","position":4,"name":"Milo 200ml &#8211; The Officinal"}]},{"@type":"WebSite","@id":"https:\/\/trieste.green\/sl\/#website","url":"https:\/\/trieste.green\/sl\/","name":"Trieste Green","description":"","publisher":{"@id":"https:\/\/trieste.green\/sl\/#organization"},"potentialAction":[{"@type":"SearchAction","target":{"@type":"EntryPoint","urlTemplate":"https:\/\/trieste.green\/sl\/?s={search_term_string}"},"query-input":{"@type":"PropertyValueSpecification","valueRequired":true,"valueName":"search_term_string"}}],"inLanguage":"sl-SI"},{"@type":"Organization","@id":"https:\/\/trieste.green\/sl\/#organization","name":"Trieste Green","url":"https:\/\/trieste.green\/sl\/","logo":{"@type":"ImageObject","inLanguage":"sl-SI","@id":"https:\/\/trieste.green\/sl\/#\/schema\/logo\/image\/","url":"http:\/\/trieste.green\/wp-content\/uploads\/2020\/08\/logo-tsgreen-1-128h.png","contentUrl":"http:\/\/trieste.green\/wp-content\/uploads\/2020\/08\/logo-tsgreen-1-128h.png","width":128,"height":128,"caption":"Trieste Green"},"image":{"@id":"https:\/\/trieste.green\/sl\/#\/schema\/logo\/image\/"}}]}},"_links":{"self":[{"href":"https:\/\/trieste.green\/sl\/wp-json\/wp\/v2\/product\/4347","targetHints":{"allow":["GET"]}}],"collection":[{"href":"https:\/\/trieste.green\/sl\/wp-json\/wp\/v2\/product"}],"about":[{"href":"https:\/\/trieste.green\/sl\/wp-json\/wp\/v2\/types\/product"}],"replies":[{"embeddable":true,"href":"https:\/\/trieste.green\/sl\/wp-json\/wp\/v2\/comments?post=4347"}],"wp:featuredmedia":[{"embeddable":true,"href":"https:\/\/trieste.green\/sl\/wp-json\/wp\/v2\/media\/13673"}],"wp:attachment":[{"href":"https:\/\/trieste.green\/sl\/wp-json\/wp\/v2\/media?parent=4347"}],"wp:term":[{"taxonomy":"product_brand","embeddable":true,"href":"https:\/\/trieste.green\/sl\/wp-json\/wp\/v2\/product_brand?post=4347"},{"taxonomy":"product_cat","embeddable":true,"href":"https:\/\/trieste.green\/sl\/wp-json\/wp\/v2\/product_cat?post=4347"},{"taxonomy":"product_tag","embeddable":true,"href":"https:\/\/trieste.green\/sl\/wp-json\/wp\/v2\/product_tag?post=4347"}],"curies":[{"name":"wp","href":"https:\/\/api.w.org\/{rel}","templated":true}]}}