{"id":5115,"date":"2021-04-06T17:19:32","date_gmt":"2021-04-06T17:19:32","guid":{"rendered":"http:\/\/trieste.green\/?page_id=5115"},"modified":"2021-04-24T11:42:55","modified_gmt":"2021-04-24T09:42:55","slug":"privacy-policy","status":"publish","type":"page","link":"https:\/\/trieste.green\/sl\/privacy-policy\/","title":{"rendered":"Politika zasebnosti"},"content":{"rendered":"<p>[vc_row][vc_column el_class=&#8221;box-padding&#8221;][vc_column_text]<\/p>\r\n<h1 class=\"wp-block-heading\">Obvestilo o obdelavi osebnih podatkov<\/h1>\r\n<h2>v skladu s 13. \u010dlenom Uredbe (EU) 2016\/679<\/h2>\r\n<p>Na tej strani so opisani na\u010dini obdelave osebnih podatkov uporabnikov, ki si ogledujejo spletno mesto dru\u017ebe GAL Carso \u2013 LAS Kras, ki je dostopna na naslednjem naslovu: <a href=\"http:\/\/trieste.green\/sl\/\">trieste.green<\/a><\/p>\r\n<p>Te informacije se ne nana\u0161ajo na druga spletna mesta, strani ali spletne storitve, do katerih je mogo\u010de dostopati prek hiperpovezav, in so morebiti objavljene na spletnih mestih, za katera GAL Carso \u2013 LAS Kras nikakor ni odgovoren.<\/p>\r\n<h2><strong>Upravljavec podatkov<\/strong><\/h2>\r\n<p>Upravljavec podatkov je GAL Carso \u2013 LAS Kras v osebi zakonitega zastopnika pro tempore s sede\u017eem v Trstu, Trg Vittorio Veneto 4, 34132 Trst, e-po\u0161ta: info@galcarso.eu.<\/p>\r\n<h2><strong>Vrsta obdelovanih podatkov in namen obdelave<\/strong><\/h2>\r\n<h3><em>Navigacijski podatki<\/em><\/h3>\r\n<p>Informacijski sistemi in softverski postopki, na katere se opira delovanje tega spletnega mesta, med normalnim delovanjem pridobivajo nekatere osebne podatke, katerih posredovanje je implicitno pri uporabi internetnih komunikacijskih protokolov.<\/p>\r\n<p>Gre za informacije, ki se ne zbirajo z namenom, da bi bile povezane z identificiranimi uporabniki, vendar zaradi svojega zna\u010daja \u2013 prek obdelav in povezave s podatki v lasti tretjih oseb \u2013 lahko omogo\u010dajo identifikacijo uporabnikov.<\/p>\r\n<p>Ta kategorija podatkov vklju\u010duje: naslove IP ali imena domen ra\u010dunalnikov in terminalov, ki jih uporabljajo uporabniki; naslove zahtevanih virov v zapisu URI\/URL (Uniform Resource Identifier \/ Locator); \u010das zahteve; na\u010din, uporabljen pri oddaji zahteve na stre\u017enik; velikost datoteke, pridobljene kot odgovor;<\/p>\r\n<p>\u0161tevil\u010dno kodo, ki ozna\u010duje stanje odziva stre\u017enika (uspe\u0161en, napaka itd.); druge parametre, povezane z operacijskim sistemom in uporabnikovim IT okoljem.<\/p>\r\n<p>Ti podatki, potrebni za uporabo spletnih storitev, se obdelujejo tudi za pridobitev statisti\u010dnih informacij o uporabi storitev (najbolj obiskane strani, \u0161tevilo obiskovalcev glede na \u010dasovno re\u017eo ali dan, geografska obmo\u010dja izvora itd.) in za preverjanje pravilnega delovanja ponujenih storitev ter se takoj po obdelavi izbri\u0161ejo.<\/p>\r\n<p>[\/vc_column_text][\/vc_column][\/vc_row]<\/p>","protected":false},"excerpt":{"rendered":"<p>[vc_row][vc_column el_class=&#8221;box-padding&#8221;][vc_column_text] Obvestilo o obdelavi osebnih podatkov v skladu s 13. \u010dlenom Uredbe (EU) 2016\/679 Na tej strani so opisani na\u010dini obdelave osebnih podatkov uporabnikov, ki si ogledujejo spletno mesto dru\u017ebe GAL Carso \u2013 LAS Kras, ki je dostopna na naslednjem naslovu: trieste.green Te informacije se ne nana\u0161ajo na druga spletna mesta, strani ali spletne [&hellip;]<\/p>\n","protected":false},"author":7,"featured_media":0,"parent":0,"menu_order":0,"comment_status":"closed","ping_status":"closed","template":"","meta":{"footnotes":""},"class_list":["post-5115","page","type-page","status-publish","hentry"],"yoast_head":"<!-- This site is optimized with the Yoast SEO plugin v26.6 - https:\/\/yoast.com\/wordpress\/plugins\/seo\/ -->\n<title>Politika zasebnosti - Trieste Green<\/title>\n<meta name=\"robots\" content=\"noindex, nofollow\" \/>\n<meta property=\"og:locale\" content=\"sl_SI\" \/>\n<meta property=\"og:type\" content=\"article\" \/>\n<meta property=\"og:title\" content=\"Politika zasebnosti - Trieste Green\" \/>\n<meta property=\"og:description\" content=\"[vc_row][vc_column el_class=&#8221;box-padding&#8221;][vc_column_text] Obvestilo o obdelavi osebnih podatkov v skladu s 13. \u010dlenom Uredbe (EU) 2016\/679 Na tej strani so opisani na\u010dini obdelave osebnih podatkov uporabnikov, ki si ogledujejo spletno mesto dru\u017ebe GAL Carso \u2013 LAS Kras, ki je dostopna na naslednjem naslovu: trieste.green Te informacije se ne nana\u0161ajo na druga spletna mesta, strani ali spletne [&hellip;]\" \/>\n<meta property=\"og:url\" content=\"https:\/\/trieste.green\/sl\/privacy-policy\/\" \/>\n<meta property=\"og:site_name\" content=\"Trieste Green\" \/>\n<meta property=\"article:modified_time\" content=\"2021-04-24T09:42:55+00:00\" \/>\n<meta name=\"twitter:card\" content=\"summary_large_image\" \/>\n<meta name=\"twitter:label1\" content=\"Est. reading time\" \/>\n\t<meta name=\"twitter:data1\" content=\"2 minuti\" \/>\n<script type=\"application\/ld+json\" class=\"yoast-schema-graph\">{\"@context\":\"https:\/\/schema.org\",\"@graph\":[{\"@type\":\"WebPage\",\"@id\":\"https:\/\/trieste.green\/sl\/privacy-policy\/\",\"url\":\"https:\/\/trieste.green\/sl\/privacy-policy\/\",\"name\":\"Politika zasebnosti - Trieste Green\",\"isPartOf\":{\"@id\":\"https:\/\/trieste.green\/sl\/#website\"},\"datePublished\":\"2021-04-06T17:19:32+00:00\",\"dateModified\":\"2021-04-24T09:42:55+00:00\",\"breadcrumb\":{\"@id\":\"https:\/\/trieste.green\/sl\/privacy-policy\/#breadcrumb\"},\"inLanguage\":\"sl-SI\",\"potentialAction\":[{\"@type\":\"ReadAction\",\"target\":[\"https:\/\/trieste.green\/sl\/privacy-policy\/\"]}]},{\"@type\":\"BreadcrumbList\",\"@id\":\"https:\/\/trieste.green\/sl\/privacy-policy\/#breadcrumb\",\"itemListElement\":[{\"@type\":\"ListItem\",\"position\":1,\"name\":\"Home\",\"item\":\"https:\/\/trieste.green\/sl\/\"},{\"@type\":\"ListItem\",\"position\":2,\"name\":\"Politika zasebnosti\"}]},{\"@type\":\"WebSite\",\"@id\":\"https:\/\/trieste.green\/sl\/#website\",\"url\":\"https:\/\/trieste.green\/sl\/\",\"name\":\"Trieste Green\",\"description\":\"\",\"publisher\":{\"@id\":\"https:\/\/trieste.green\/sl\/#organization\"},\"potentialAction\":[{\"@type\":\"SearchAction\",\"target\":{\"@type\":\"EntryPoint\",\"urlTemplate\":\"https:\/\/trieste.green\/sl\/?s={search_term_string}\"},\"query-input\":{\"@type\":\"PropertyValueSpecification\",\"valueRequired\":true,\"valueName\":\"search_term_string\"}}],\"inLanguage\":\"sl-SI\"},{\"@type\":\"Organization\",\"@id\":\"https:\/\/trieste.green\/sl\/#organization\",\"name\":\"Trieste Green\",\"url\":\"https:\/\/trieste.green\/sl\/\",\"logo\":{\"@type\":\"ImageObject\",\"inLanguage\":\"sl-SI\",\"@id\":\"https:\/\/trieste.green\/sl\/#\/schema\/logo\/image\/\",\"url\":\"http:\/\/trieste.green\/wp-content\/uploads\/2020\/08\/logo-tsgreen-1-128h.png\",\"contentUrl\":\"http:\/\/trieste.green\/wp-content\/uploads\/2020\/08\/logo-tsgreen-1-128h.png\",\"width\":128,\"height\":128,\"caption\":\"Trieste Green\"},\"image\":{\"@id\":\"https:\/\/trieste.green\/sl\/#\/schema\/logo\/image\/\"}}]}<\/script>\n<!-- \/ Yoast SEO plugin. -->","yoast_head_json":{"title":"Politika zasebnosti - Trieste Green","robots":{"index":"noindex","follow":"nofollow"},"og_locale":"sl_SI","og_type":"article","og_title":"Politika zasebnosti - Trieste Green","og_description":"[vc_row][vc_column el_class=&#8221;box-padding&#8221;][vc_column_text] Obvestilo o obdelavi osebnih podatkov v skladu s 13. \u010dlenom Uredbe (EU) 2016\/679 Na tej strani so opisani na\u010dini obdelave osebnih podatkov uporabnikov, ki si ogledujejo spletno mesto dru\u017ebe GAL Carso \u2013 LAS Kras, ki je dostopna na naslednjem naslovu: trieste.green Te informacije se ne nana\u0161ajo na druga spletna mesta, strani ali spletne [&hellip;]","og_url":"https:\/\/trieste.green\/sl\/privacy-policy\/","og_site_name":"Trieste Green","article_modified_time":"2021-04-24T09:42:55+00:00","twitter_card":"summary_large_image","twitter_misc":{"Est. reading time":"2 minuti"},"schema":{"@context":"https:\/\/schema.org","@graph":[{"@type":"WebPage","@id":"https:\/\/trieste.green\/sl\/privacy-policy\/","url":"https:\/\/trieste.green\/sl\/privacy-policy\/","name":"Politika zasebnosti - Trieste Green","isPartOf":{"@id":"https:\/\/trieste.green\/sl\/#website"},"datePublished":"2021-04-06T17:19:32+00:00","dateModified":"2021-04-24T09:42:55+00:00","breadcrumb":{"@id":"https:\/\/trieste.green\/sl\/privacy-policy\/#breadcrumb"},"inLanguage":"sl-SI","potentialAction":[{"@type":"ReadAction","target":["https:\/\/trieste.green\/sl\/privacy-policy\/"]}]},{"@type":"BreadcrumbList","@id":"https:\/\/trieste.green\/sl\/privacy-policy\/#breadcrumb","itemListElement":[{"@type":"ListItem","position":1,"name":"Home","item":"https:\/\/trieste.green\/sl\/"},{"@type":"ListItem","position":2,"name":"Politika zasebnosti"}]},{"@type":"WebSite","@id":"https:\/\/trieste.green\/sl\/#website","url":"https:\/\/trieste.green\/sl\/","name":"Trieste Green","description":"","publisher":{"@id":"https:\/\/trieste.green\/sl\/#organization"},"potentialAction":[{"@type":"SearchAction","target":{"@type":"EntryPoint","urlTemplate":"https:\/\/trieste.green\/sl\/?s={search_term_string}"},"query-input":{"@type":"PropertyValueSpecification","valueRequired":true,"valueName":"search_term_string"}}],"inLanguage":"sl-SI"},{"@type":"Organization","@id":"https:\/\/trieste.green\/sl\/#organization","name":"Trieste Green","url":"https:\/\/trieste.green\/sl\/","logo":{"@type":"ImageObject","inLanguage":"sl-SI","@id":"https:\/\/trieste.green\/sl\/#\/schema\/logo\/image\/","url":"http:\/\/trieste.green\/wp-content\/uploads\/2020\/08\/logo-tsgreen-1-128h.png","contentUrl":"http:\/\/trieste.green\/wp-content\/uploads\/2020\/08\/logo-tsgreen-1-128h.png","width":128,"height":128,"caption":"Trieste Green"},"image":{"@id":"https:\/\/trieste.green\/sl\/#\/schema\/logo\/image\/"}}]}},"_links":{"self":[{"href":"https:\/\/trieste.green\/sl\/wp-json\/wp\/v2\/pages\/5115","targetHints":{"allow":["GET"]}}],"collection":[{"href":"https:\/\/trieste.green\/sl\/wp-json\/wp\/v2\/pages"}],"about":[{"href":"https:\/\/trieste.green\/sl\/wp-json\/wp\/v2\/types\/page"}],"author":[{"embeddable":true,"href":"https:\/\/trieste.green\/sl\/wp-json\/wp\/v2\/users\/7"}],"replies":[{"embeddable":true,"href":"https:\/\/trieste.green\/sl\/wp-json\/wp\/v2\/comments?post=5115"}],"version-history":[{"count":0,"href":"https:\/\/trieste.green\/sl\/wp-json\/wp\/v2\/pages\/5115\/revisions"}],"wp:attachment":[{"href":"https:\/\/trieste.green\/sl\/wp-json\/wp\/v2\/media?parent=5115"}],"curies":[{"name":"wp","href":"https:\/\/api.w.org\/{rel}","templated":true}]}}