{"id":5034,"date":"2021-04-06T12:25:15","date_gmt":"2021-04-06T12:25:15","guid":{"rendered":"http:\/\/trieste.green\/?page_id=5034"},"modified":"2021-04-06T15:01:10","modified_gmt":"2021-04-06T15:01:10","slug":"geopark","status":"publish","type":"page","link":"https:\/\/trieste.green\/sl\/geopark\/","title":{"rendered":"Geopark"},"content":{"rendered":"<p>[vc_row full_width=&#8221;stretch_row_content&#8221; equal_height=&#8221;yes&#8221; content_placement=&#8221;middle&#8221; css_animation=&#8221;none&#8221; css=&#8221;.vc_custom_1603450409194{background: #ffffff url(http:\/\/trieste.green\/wp-content\/uploads\/2020\/10\/TFF002597-1.jpg?id=3370) !important;background-position: center !important;background-repeat: no-repeat !important;background-size: cover !important;}&#8221; el_class=&#8221;keyvisual&#8221;][vc_column width=&#8221;2\/3&#8243; css=&#8221;.vc_custom_1596671380614{padding-top: 0px !important;background-position: center !important;background-repeat: no-repeat !important;background-size: cover !important;}&#8221; offset=&#8221;vc_hidden-xs&#8221;][vc_custom_heading text=&#8221;Prihodnji Kra\u0161ki geopark&#8221; font_container=&#8221;tag:h1|text_align:left|color:%23ffffff&#8221; use_theme_fonts=&#8221;yes&#8221; css_animation=&#8221;fadeIn&#8221; css=&#8221;.vc_custom_1617712026232{padding-bottom: 10px !important;}&#8221; el_class=&#8221;box-padding&#8221;][\/vc_column][vc_column css_animation=&#8221;none&#8221; width=&#8221;1\/3&#8243; css=&#8221;.vc_custom_1596671385971{padding-right: 6.5vw !important;padding-left: 6.5vw !important;}&#8221; offset=&#8221;vc_hidden-xs&#8221;][vc_empty_space height=&#8221;550px&#8221;][\/vc_column][\/vc_row][vc_row full_width=&#8221;stretch_row_content&#8221; equal_height=&#8221;yes&#8221; content_placement=&#8221;middle&#8221; css_animation=&#8221;none&#8221; css=&#8221;.vc_custom_1596671419745{margin-top: 0px !important;margin-right: 0px !important;margin-bottom: 0px !important;margin-left: 0px !important;padding-top: 0px !important;padding-right: 0px !important;padding-bottom: 0px !important;padding-left: 0px !important;background-color: #ffffff !important;background-position: center !important;background-repeat: no-repeat !important;background-size: cover !important;}&#8221;][vc_column css=&#8221;.vc_custom_1596671299763{margin-top: 0px !important;margin-right: 0px !important;margin-bottom: 0px !important;margin-left: 0px !important;padding-top: 0px !important;padding-right: 0px !important;padding-bottom: 0px !important;padding-left: 0px !important;background-position: center !important;background-repeat: no-repeat !important;background-size: cover !important;}&#8221; offset=&#8221;vc_hidden-lg vc_hidden-md vc_hidden-sm&#8221;][vc_single_image image=&#8221;3370&#8243; css=&#8221;.vc_custom_1603449849976{margin-top: 0px !important;margin-right: 0px !important;margin-bottom: 0px !important;margin-left: 0px !important;padding-top: 0px !important;padding-right: 0px !important;padding-bottom: 0px !important;padding-left: 0px !important;}&#8221;][\/vc_column][vc_column offset=&#8221;vc_hidden-lg vc_hidden-md vc_hidden-sm&#8221; css=&#8221;.vc_custom_1596671583626{padding-bottom: 0px !important;}&#8221;][vc_custom_heading text=&#8221;Geopark&#8221; font_container=&#8221;tag:h1|text_align:left&#8221; use_theme_fonts=&#8221;yes&#8221; css_animation=&#8221;fadeIn&#8221; css=&#8221;.vc_custom_1617712056993{margin-bottom: 0px !important;border-bottom-width: 0px !important;padding-bottom: 0px !important;}&#8221;][\/vc_column][\/vc_row][vc_row full_width=&#8221;stretch_row_content&#8221;][vc_column el_class=&#8221;.box-padding&#8221;][vc_column_text css_animation=&#8221;fadeIn&#8221;]Na na\u0161em ozemlju se rojeva poseben projekt: prihodnji Kra\u0161ki geopark, ki bo ustanovljen s skupnimi mo\u010dmi, delno v Sloveniji in delno v Italiji.<\/p>\n<p>V naslednjih nekaj letih bo za\u017eivela ta ustanova za ovrednotenje na\u0161e edinstvene geolo\u0161ke dedi\u0161\u010dine: samo na italijanskem Krasu je ve\u010d kot 6000 kra\u0161kih dolin in ve\u010d kot 3000 podzemnih votlin (jam, po\u017eiralnikov in drugih zna\u010dilnih geolo\u0161kih pojavov).<\/p>\n<p>Povpre\u010dno imamo na vsakem kvadratnem kilometru kar 16 kra\u0161kih jam. V Sloveniji pa kra\u0161ki svet zaseda skoraj polovico dr\u017eavnega ozemlja in doslej je bilo zabele\u017eenih ve\u010d kot 8000 kra\u0161kih jam. Kras skriva v sebi o\u010darljive kraje, ki imajo tudi veliko znanstveno in kulturno-zgodovinsko vrednost. Pred vsemi drugimi omenimo kraje, na katerih se podzemna reka <strong>Timava<\/strong> nenadoma prika\u017ee \u010dlove\u0161kim o\u010dem, kot so izviri pri <strong>\u0160tivanu<\/strong> (San Giovanni di Duino). Reka se tu po ve\u010d kot 40 km skrite poti pod zemljo kon\u010dno izlije v morje. Na slovenski strani so posebno znamenite <strong>\u0160kocjanske jame<\/strong> (Grotte di San Canziano) \u2013 \u017ee na seznamu Unescove svetovne dedi\u0161\u010dine \u2013 kjer ista reka ponikne. \u0160e bolj veli\u010dastne so morda <strong>Devinske<\/strong> stene v Italiji: bela kra\u0161ka skala se tu nenadoma spu\u0161\u010da v <strong>Tr\u017ea\u0161ki<\/strong> zaliv.<\/p>\n<p>Samo v <strong>italijanskem delu prihodnjega geoparka je 57 geolo\u0161kih znamenitosti<\/strong>, to je &#8220;krajev ali obmo\u010dij s pomembnimi geolo\u0161kimi zna\u010dilnostmi, ki omogo\u010dajo razumevanje zgodovine Zemlje, njenih kamnin, mineralov, fosilov in pokrajin&#8221; . Izmed teh geolo\u0161kih znamenitosti, opredeljenih s strani De\u017eele Furlanije \u2013 Julijske krajine, jih je 11 pomembnih na nacionalni ravni, 7 pa na mednarodni ravni.<\/p>\n<p>To kamnito ozemlje je navdihovalo pesnike in pridelovalce, ki so ustvarili edinstvene verze, pa tudi izjemna vina, sire, med itd.<\/p>\n<p>Scipio Slataper je zapisal:<\/p>\n<p>&#8220;Trd in dober je moj Kras.<br \/>\nVsaka njegova bilka se je morala prebiti skozi skalo, da je vzniknila,<br \/>\nvsak od njegovih cvetov se je napil pripeke, da bi se razprl.<br \/>\nZato je njegovo mleko zdravo in njegov med di\u0161e\u010d\u00a0&#8230;&#8221;<\/p>\n<p>Obmo\u010dje na\u0161ega &#8220;<strong>mati\u010dnega krasa<\/strong>&#8221; je ozemlje, na katerem so bili geolo\u0161ki kra\u0161ki pojavi prvi\u010d preu\u010devani \u2013 \u0161e v \u010dasu vladanja Avstroogrske monarhije.<\/p>\n<p>Gre za ozemlja ob\u010din, kjer bo ustanovljen prihodnji geopark: v Sloveniji so to ob\u010dine Diva\u010da, Hrpelje-Kozina, Komen, Miren-Kostanjevica in Se\u017eana, v Italiji pa ob\u010dine Doberdob (Doberd\u00f2 del Lago), Devin Nabre\u017eina (Duino Aurisina), Foljan-Sredipolje (Fogliano-Redipuglia), Tr\u017ei\u010d (Monfalcone), Repentabor (Monrupino), Ronke (Ronchi dei Legionari), Zagrajec (Sagrado), Dolina (San Dorligo della Valle), San Pier d&#8217;Isonzo, Sovodnje ob So\u010di (Savogna d\u2019Isonzo), Zgonik (Sgonico) in Trst.<\/p>\n<p>\u0160tevilne javne ustanove, vklju\u010dno z ob\u010dinami zgoraj omenjenih ozemelj in De\u017eelo Furlanije \u2013 Julijske krajine, si prizadevajo ne le za vzpostavitev \u010dezmejnega Kra\u0161kega geoparka, temve\u010d tudi za njegovo vklju\u010ditev v svetovno mre\u017eo geoparkov, ki jo priznava Unesco.<\/p>\n<p>[\/vc_column_text][\/vc_column][\/vc_row][vc_row el_class=&#8221;box-padding&#8221; css=&#8221;.vc_custom_1601559490540{padding-top: 90px !important;padding-bottom: 90px !important;}&#8221;][vc_column][vc_custom_heading text=&#8221;Odkrij prihodnji Kra\u0161ki geopark&#8221; font_container=&#8221;tag:h2|text_align:center&#8221; use_theme_fonts=&#8221;yes&#8221; css_animation=&#8221;fadeIn&#8221; css=&#8221;.vc_custom_1617712404285{padding-bottom: 10px !important;}&#8221; el_class=&#8221;box-padding&#8221;][vc_basic_grid post_type=&#8221;post&#8221; max_items=&#8221;6&#8243; initial_loading_animation=&#8221;none&#8221; grid_id=&#8221;vc_gid:1617711949941-0535aef5-ff58-10&#8243; taxonomies=&#8221;130&#8243;][\/vc_column][\/vc_row][vc_row el_class=&#8221;box-padding&#8221; css=&#8221;.vc_custom_1601559477629{padding-top: 90px !important;padding-bottom: 90px !important;}&#8221;][vc_column][vc_custom_heading text=&#8221;Aktivno do\u017eivljanje prihodnjega Kra\u0161kega geoparka&#8221; font_container=&#8221;tag:h2|text_align:center&#8221; use_theme_fonts=&#8221;yes&#8221; css_animation=&#8221;fadeIn&#8221; css=&#8221;.vc_custom_1617712429775{padding-bottom: 10px !important;}&#8221; el_class=&#8221;box-padding&#8221;]<div class=\"widget widget-sidebar \"><div class=\"s-title\"><h2><\/h2><\/div><p>Unfortunately no tours were found.<\/p><\/div>[\/vc_column][\/vc_row]<\/p>\n","protected":false},"excerpt":{"rendered":"<p>[vc_row full_width=&#8221;stretch_row_content&#8221; equal_height=&#8221;yes&#8221; content_placement=&#8221;middle&#8221; css_animation=&#8221;none&#8221; css=&#8221;.vc_custom_1603450409194{background: #ffffff url(http:\/\/trieste.green\/wp-content\/uploads\/2020\/10\/TFF002597-1.jpg?id=3370) !important;background-position: center !important;background-repeat: no-repeat !important;background-size: cover !important;}&#8221; el_class=&#8221;keyvisual&#8221;][vc_column width=&#8221;2\/3&#8243; css=&#8221;.vc_custom_1596671380614{padding-top: 0px !important;background-position: center !important;background-repeat: no-repeat !important;background-size: cover !important;}&#8221; offset=&#8221;vc_hidden-xs&#8221;][vc_custom_heading text=&#8221;Prihodnji Kra\u0161ki geopark&#8221; font_container=&#8221;tag:h1|text_align:left|color:%23ffffff&#8221; use_theme_fonts=&#8221;yes&#8221; css_animation=&#8221;fadeIn&#8221; css=&#8221;.vc_custom_1617712026232{padding-bottom: 10px !important;}&#8221; el_class=&#8221;box-padding&#8221;][\/vc_column][vc_column css_animation=&#8221;none&#8221; width=&#8221;1\/3&#8243; css=&#8221;.vc_custom_1596671385971{padding-right: 6.5vw !important;padding-left: 6.5vw !important;}&#8221; offset=&#8221;vc_hidden-xs&#8221;][vc_empty_space height=&#8221;550px&#8221;][\/vc_column][\/vc_row][vc_row full_width=&#8221;stretch_row_content&#8221; equal_height=&#8221;yes&#8221; content_placement=&#8221;middle&#8221; css_animation=&#8221;none&#8221; css=&#8221;.vc_custom_1596671419745{margin-top: 0px !important;margin-right: 0px !important;margin-bottom: [&hellip;]<\/p>\n","protected":false},"author":7,"featured_media":5539,"parent":0,"menu_order":0,"comment_status":"closed","ping_status":"closed","template":"page-blank.php","meta":{"footnotes":""},"class_list":["post-5034","page","type-page","status-publish","has-post-thumbnail","hentry"],"yoast_head":"<!-- This site is optimized with the Yoast SEO plugin v26.6 - https:\/\/yoast.com\/wordpress\/plugins\/seo\/ -->\n<title>Geopark - Trieste Green<\/title>\n<meta name=\"robots\" content=\"index, follow, max-snippet:-1, max-image-preview:large, max-video-preview:-1\" \/>\n<link rel=\"canonical\" href=\"https:\/\/trieste.green\/sl\/geopark\/\" \/>\n<meta property=\"og:locale\" content=\"sl_SI\" \/>\n<meta property=\"og:type\" content=\"article\" \/>\n<meta property=\"og:title\" content=\"Geopark - Trieste Green\" \/>\n<meta property=\"og:description\" content=\"[vc_row full_width=&#8221;stretch_row_content&#8221; equal_height=&#8221;yes&#8221; content_placement=&#8221;middle&#8221; css_animation=&#8221;none&#8221; css=&#8221;.vc_custom_1603450409194{background: #ffffff url(http:\/\/trieste.green\/wp-content\/uploads\/2020\/10\/TFF002597-1.jpg?id=3370) !important;background-position: center !important;background-repeat: no-repeat !important;background-size: cover !important;}&#8221; el_class=&#8221;keyvisual&#8221;][vc_column width=&#8221;2\/3&#8243; css=&#8221;.vc_custom_1596671380614{padding-top: 0px !important;background-position: center !important;background-repeat: no-repeat !important;background-size: cover !important;}&#8221; offset=&#8221;vc_hidden-xs&#8221;][vc_custom_heading text=&#8221;Prihodnji Kra\u0161ki geopark&#8221; font_container=&#8221;tag:h1|text_align:left|color:%23ffffff&#8221; use_theme_fonts=&#8221;yes&#8221; css_animation=&#8221;fadeIn&#8221; css=&#8221;.vc_custom_1617712026232{padding-bottom: 10px !important;}&#8221; el_class=&#8221;box-padding&#8221;][\/vc_column][vc_column css_animation=&#8221;none&#8221; width=&#8221;1\/3&#8243; css=&#8221;.vc_custom_1596671385971{padding-right: 6.5vw !important;padding-left: 6.5vw !important;}&#8221; offset=&#8221;vc_hidden-xs&#8221;][vc_empty_space height=&#8221;550px&#8221;][\/vc_column][\/vc_row][vc_row full_width=&#8221;stretch_row_content&#8221; equal_height=&#8221;yes&#8221; content_placement=&#8221;middle&#8221; css_animation=&#8221;none&#8221; css=&#8221;.vc_custom_1596671419745{margin-top: 0px !important;margin-right: 0px !important;margin-bottom: [&hellip;]\" \/>\n<meta property=\"og:url\" content=\"https:\/\/trieste.green\/sl\/geopark\/\" \/>\n<meta property=\"og:site_name\" content=\"Trieste Green\" \/>\n<meta property=\"article:modified_time\" content=\"2021-04-06T15:01:10+00:00\" \/>\n<meta property=\"og:image\" content=\"https:\/\/trieste.green\/wp-content\/uploads\/2020\/10\/TFF002597-1.jpg\" \/>\n\t<meta property=\"og:image:width\" content=\"1920\" \/>\n\t<meta property=\"og:image:height\" content=\"1280\" \/>\n\t<meta property=\"og:image:type\" content=\"image\/jpeg\" \/>\n<meta name=\"twitter:card\" content=\"summary_large_image\" \/>\n<meta name=\"twitter:label1\" content=\"Est. reading time\" \/>\n\t<meta name=\"twitter:data1\" content=\"5 minut\" \/>\n<script type=\"application\/ld+json\" class=\"yoast-schema-graph\">{\"@context\":\"https:\/\/schema.org\",\"@graph\":[{\"@type\":\"WebPage\",\"@id\":\"https:\/\/trieste.green\/sl\/geopark\/\",\"url\":\"https:\/\/trieste.green\/sl\/geopark\/\",\"name\":\"Geopark - Trieste Green\",\"isPartOf\":{\"@id\":\"https:\/\/trieste.green\/sl\/#website\"},\"primaryImageOfPage\":{\"@id\":\"https:\/\/trieste.green\/sl\/geopark\/#primaryimage\"},\"image\":{\"@id\":\"https:\/\/trieste.green\/sl\/geopark\/#primaryimage\"},\"thumbnailUrl\":\"https:\/\/trieste.green\/wp-content\/uploads\/2020\/10\/TFF002597-1.jpg\",\"datePublished\":\"2021-04-06T12:25:15+00:00\",\"dateModified\":\"2021-04-06T15:01:10+00:00\",\"breadcrumb\":{\"@id\":\"https:\/\/trieste.green\/sl\/geopark\/#breadcrumb\"},\"inLanguage\":\"sl-SI\",\"potentialAction\":[{\"@type\":\"ReadAction\",\"target\":[\"https:\/\/trieste.green\/sl\/geopark\/\"]}]},{\"@type\":\"ImageObject\",\"inLanguage\":\"sl-SI\",\"@id\":\"https:\/\/trieste.green\/sl\/geopark\/#primaryimage\",\"url\":\"https:\/\/trieste.green\/wp-content\/uploads\/2020\/10\/TFF002597-1.jpg\",\"contentUrl\":\"https:\/\/trieste.green\/wp-content\/uploads\/2020\/10\/TFF002597-1.jpg\",\"width\":1920,\"height\":1280},{\"@type\":\"BreadcrumbList\",\"@id\":\"https:\/\/trieste.green\/sl\/geopark\/#breadcrumb\",\"itemListElement\":[{\"@type\":\"ListItem\",\"position\":1,\"name\":\"Home\",\"item\":\"https:\/\/trieste.green\/sl\/\"},{\"@type\":\"ListItem\",\"position\":2,\"name\":\"Geopark\"}]},{\"@type\":\"WebSite\",\"@id\":\"https:\/\/trieste.green\/sl\/#website\",\"url\":\"https:\/\/trieste.green\/sl\/\",\"name\":\"Trieste Green\",\"description\":\"\",\"publisher\":{\"@id\":\"https:\/\/trieste.green\/sl\/#organization\"},\"potentialAction\":[{\"@type\":\"SearchAction\",\"target\":{\"@type\":\"EntryPoint\",\"urlTemplate\":\"https:\/\/trieste.green\/sl\/?s={search_term_string}\"},\"query-input\":{\"@type\":\"PropertyValueSpecification\",\"valueRequired\":true,\"valueName\":\"search_term_string\"}}],\"inLanguage\":\"sl-SI\"},{\"@type\":\"Organization\",\"@id\":\"https:\/\/trieste.green\/sl\/#organization\",\"name\":\"Trieste Green\",\"url\":\"https:\/\/trieste.green\/sl\/\",\"logo\":{\"@type\":\"ImageObject\",\"inLanguage\":\"sl-SI\",\"@id\":\"https:\/\/trieste.green\/sl\/#\/schema\/logo\/image\/\",\"url\":\"http:\/\/trieste.green\/wp-content\/uploads\/2020\/08\/logo-tsgreen-1-128h.png\",\"contentUrl\":\"http:\/\/trieste.green\/wp-content\/uploads\/2020\/08\/logo-tsgreen-1-128h.png\",\"width\":128,\"height\":128,\"caption\":\"Trieste Green\"},\"image\":{\"@id\":\"https:\/\/trieste.green\/sl\/#\/schema\/logo\/image\/\"}}]}<\/script>\n<!-- \/ Yoast SEO plugin. -->","yoast_head_json":{"title":"Geopark - Trieste Green","robots":{"index":"index","follow":"follow","max-snippet":"max-snippet:-1","max-image-preview":"max-image-preview:large","max-video-preview":"max-video-preview:-1"},"canonical":"https:\/\/trieste.green\/sl\/geopark\/","og_locale":"sl_SI","og_type":"article","og_title":"Geopark - Trieste Green","og_description":"[vc_row full_width=&#8221;stretch_row_content&#8221; equal_height=&#8221;yes&#8221; content_placement=&#8221;middle&#8221; css_animation=&#8221;none&#8221; css=&#8221;.vc_custom_1603450409194{background: #ffffff url(http:\/\/trieste.green\/wp-content\/uploads\/2020\/10\/TFF002597-1.jpg?id=3370) !important;background-position: center !important;background-repeat: no-repeat !important;background-size: cover !important;}&#8221; el_class=&#8221;keyvisual&#8221;][vc_column width=&#8221;2\/3&#8243; css=&#8221;.vc_custom_1596671380614{padding-top: 0px !important;background-position: center !important;background-repeat: no-repeat !important;background-size: cover !important;}&#8221; offset=&#8221;vc_hidden-xs&#8221;][vc_custom_heading text=&#8221;Prihodnji Kra\u0161ki geopark&#8221; font_container=&#8221;tag:h1|text_align:left|color:%23ffffff&#8221; use_theme_fonts=&#8221;yes&#8221; css_animation=&#8221;fadeIn&#8221; css=&#8221;.vc_custom_1617712026232{padding-bottom: 10px !important;}&#8221; el_class=&#8221;box-padding&#8221;][\/vc_column][vc_column css_animation=&#8221;none&#8221; width=&#8221;1\/3&#8243; css=&#8221;.vc_custom_1596671385971{padding-right: 6.5vw !important;padding-left: 6.5vw !important;}&#8221; offset=&#8221;vc_hidden-xs&#8221;][vc_empty_space height=&#8221;550px&#8221;][\/vc_column][\/vc_row][vc_row full_width=&#8221;stretch_row_content&#8221; equal_height=&#8221;yes&#8221; content_placement=&#8221;middle&#8221; css_animation=&#8221;none&#8221; css=&#8221;.vc_custom_1596671419745{margin-top: 0px !important;margin-right: 0px !important;margin-bottom: [&hellip;]","og_url":"https:\/\/trieste.green\/sl\/geopark\/","og_site_name":"Trieste Green","article_modified_time":"2021-04-06T15:01:10+00:00","og_image":[{"width":1920,"height":1280,"url":"https:\/\/trieste.green\/wp-content\/uploads\/2020\/10\/TFF002597-1.jpg","type":"image\/jpeg"}],"twitter_card":"summary_large_image","twitter_misc":{"Est. reading time":"5 minut"},"schema":{"@context":"https:\/\/schema.org","@graph":[{"@type":"WebPage","@id":"https:\/\/trieste.green\/sl\/geopark\/","url":"https:\/\/trieste.green\/sl\/geopark\/","name":"Geopark - Trieste Green","isPartOf":{"@id":"https:\/\/trieste.green\/sl\/#website"},"primaryImageOfPage":{"@id":"https:\/\/trieste.green\/sl\/geopark\/#primaryimage"},"image":{"@id":"https:\/\/trieste.green\/sl\/geopark\/#primaryimage"},"thumbnailUrl":"https:\/\/trieste.green\/wp-content\/uploads\/2020\/10\/TFF002597-1.jpg","datePublished":"2021-04-06T12:25:15+00:00","dateModified":"2021-04-06T15:01:10+00:00","breadcrumb":{"@id":"https:\/\/trieste.green\/sl\/geopark\/#breadcrumb"},"inLanguage":"sl-SI","potentialAction":[{"@type":"ReadAction","target":["https:\/\/trieste.green\/sl\/geopark\/"]}]},{"@type":"ImageObject","inLanguage":"sl-SI","@id":"https:\/\/trieste.green\/sl\/geopark\/#primaryimage","url":"https:\/\/trieste.green\/wp-content\/uploads\/2020\/10\/TFF002597-1.jpg","contentUrl":"https:\/\/trieste.green\/wp-content\/uploads\/2020\/10\/TFF002597-1.jpg","width":1920,"height":1280},{"@type":"BreadcrumbList","@id":"https:\/\/trieste.green\/sl\/geopark\/#breadcrumb","itemListElement":[{"@type":"ListItem","position":1,"name":"Home","item":"https:\/\/trieste.green\/sl\/"},{"@type":"ListItem","position":2,"name":"Geopark"}]},{"@type":"WebSite","@id":"https:\/\/trieste.green\/sl\/#website","url":"https:\/\/trieste.green\/sl\/","name":"Trieste Green","description":"","publisher":{"@id":"https:\/\/trieste.green\/sl\/#organization"},"potentialAction":[{"@type":"SearchAction","target":{"@type":"EntryPoint","urlTemplate":"https:\/\/trieste.green\/sl\/?s={search_term_string}"},"query-input":{"@type":"PropertyValueSpecification","valueRequired":true,"valueName":"search_term_string"}}],"inLanguage":"sl-SI"},{"@type":"Organization","@id":"https:\/\/trieste.green\/sl\/#organization","name":"Trieste Green","url":"https:\/\/trieste.green\/sl\/","logo":{"@type":"ImageObject","inLanguage":"sl-SI","@id":"https:\/\/trieste.green\/sl\/#\/schema\/logo\/image\/","url":"http:\/\/trieste.green\/wp-content\/uploads\/2020\/08\/logo-tsgreen-1-128h.png","contentUrl":"http:\/\/trieste.green\/wp-content\/uploads\/2020\/08\/logo-tsgreen-1-128h.png","width":128,"height":128,"caption":"Trieste Green"},"image":{"@id":"https:\/\/trieste.green\/sl\/#\/schema\/logo\/image\/"}}]}},"_links":{"self":[{"href":"https:\/\/trieste.green\/sl\/wp-json\/wp\/v2\/pages\/5034","targetHints":{"allow":["GET"]}}],"collection":[{"href":"https:\/\/trieste.green\/sl\/wp-json\/wp\/v2\/pages"}],"about":[{"href":"https:\/\/trieste.green\/sl\/wp-json\/wp\/v2\/types\/page"}],"author":[{"embeddable":true,"href":"https:\/\/trieste.green\/sl\/wp-json\/wp\/v2\/users\/7"}],"replies":[{"embeddable":true,"href":"https:\/\/trieste.green\/sl\/wp-json\/wp\/v2\/comments?post=5034"}],"version-history":[{"count":0,"href":"https:\/\/trieste.green\/sl\/wp-json\/wp\/v2\/pages\/5034\/revisions"}],"wp:featuredmedia":[{"embeddable":true,"href":"https:\/\/trieste.green\/sl\/wp-json\/wp\/v2\/media\/5539"}],"wp:attachment":[{"href":"https:\/\/trieste.green\/sl\/wp-json\/wp\/v2\/media?parent=5034"}],"curies":[{"name":"wp","href":"https:\/\/api.w.org\/{rel}","templated":true}]}}