{"id":5453,"date":"2020-07-14T11:49:14","date_gmt":"2020-07-14T11:49:14","guid":{"rendered":"http:\/\/trieste.green\/privacy-policy\/"},"modified":"2021-05-31T12:51:27","modified_gmt":"2021-05-31T10:51:27","slug":"privacy-policy","status":"publish","type":"page","link":"https:\/\/trieste.green\/de\/privacy-policy\/","title":{"rendered":"Datenschutz-Bestimmungen"},"content":{"rendered":"<p>[vc_row][vc_column el_class=&#8220;box-padding&#8220;][vc_column_text]<\/p>\n<h2>Angaben zur Verarbeitung personenbezogener Daten<\/h2>\n<h2>Gem\u00e4\u00df art.13 der EU-Verordnung 2016\/679<\/h2>\n<p>Diese Seite beschreibt die Methoden zur Verarbeitung der personenbezogenen Daten von Benutzern, die die Website der GAL Carso \u2013 LAS Kras besuchen, die elektronisch unter folgender Adresse zug\u00e4nglich sind: trieste.green.<\/p>\n<p>Diese Informationen betreffen keine anderen Websites, Seiten oder Onlinedienste, die \u00fcber Hypertext-Links erreicht werden k\u00f6nnen, die m\u00f6glicherweise auf den Websites ver\u00f6ffentlicht werden, f\u00fcr die GAL Carso \u2013 LAS Kras in keiner Weise verantwortlich ist.<\/p>\n<p><strong>Inhaber der Behandlung<\/strong><\/p>\n<p>Der f\u00fcr die Datenverarbeitung Verantwortliche ist GAL Carso \u2013 LAS Kras in der Person seines vorl\u00e4ufigen gesetzlichen Vertreters mit Sitz in Triest, Piazza Vittorio Veneto 4, 34132 Triest, E-Mail: <a href=\"mailto:info@galcarso.eu\">info@galcarso.eu<\/a>.<\/p>\n<p><strong>Art der verarbeiteten Daten und Zweck der Verarbeitung<\/strong><\/p>\n<p>Navigationsdaten<\/p>\n<p>Die zum Betrieb der Website verwendeten Computersysteme und Softwareverfahren erfassen w\u00e4hrend ihres normalen Betriebs einige personenbezogene Daten, deren \u00dcbertragung mit der Verwendung von Internetkommunikationsprotokollen verbunden ist.<\/p>\n<p>Hierbei handelt es sich um Informationen, die nicht gesammelt werden, um mit identifizierten interessierten Parteien in Verbindung gebracht zu werden, die jedoch aufgrund ihrer Verarbeitung mit Daten, die von Dritten gespeichert werden, die Identifizierung von Benutzern erm\u00f6glichen k\u00f6nnten.<\/p>\n<p>Diese Datenkategorie umfasst IP-Adressen oder Dom\u00e4nennamen der von Benutzern verwendeten Computer und Terminals, die URI \/ URL-Adressen (Uniform Resource Identifier \/ Locator) der angeforderten Ressourcen, den Zeitpunkt der Anforderung und die Methode zum Senden der Anforderung an den Server, die Gr\u00f6\u00dfe der als Antwort erhaltenen Datei.<\/p>\n<p>Der numerische Code, der den Status der vom Server gegebenen Antwort (erfolgreich, Fehler usw.) und andere Parameter, die sich auf das Betriebssystem und die IT-Umgebung des Benutzers beziehen, angibt.<\/p>\n<p>Diese Daten, die f\u00fcr die Nutzung von Webdiensten erforderlich sind, werden auch verarbeitet, um statistische Informationen \u00fcber die Nutzung der Dienste zu erhalten (meistbesuchte Seiten, Anzahl der Besucher nach Zeit oder Tag, geografische Herkunftsgebiete usw.) und um die korrekte Funktion der angebotenen Dienste zu \u00fcberpr\u00fcfen und werden sofort nach deren Verarbeitung gel\u00f6scht.<\/p>\n<p>[\/vc_column_text][\/vc_column][\/vc_row]<\/p>\n","protected":false},"excerpt":{"rendered":"<p>[vc_row][vc_column el_class=&#8220;box-padding&#8220;][vc_column_text] Angaben zur Verarbeitung personenbezogener Daten Gem\u00e4\u00df art.13 der EU-Verordnung 2016\/679 Diese Seite beschreibt die Methoden zur Verarbeitung der personenbezogenen Daten von Benutzern, die die Website der GAL Carso \u2013 LAS Kras besuchen, die elektronisch unter folgender Adresse zug\u00e4nglich sind: trieste.green. Diese Informationen betreffen keine anderen Websites, Seiten oder Onlinedienste, die \u00fcber Hypertext-Links erreicht [&hellip;]<\/p>\n","protected":false},"author":7,"featured_media":0,"parent":0,"menu_order":0,"comment_status":"closed","ping_status":"closed","template":"","meta":{"footnotes":""},"class_list":["post-5453","page","type-page","status-publish","hentry"],"yoast_head":"<!-- This site is optimized with the Yoast SEO plugin v26.6 - https:\/\/yoast.com\/wordpress\/plugins\/seo\/ -->\n<title>Datenschutz-Bestimmungen - Trieste Green<\/title>\n<meta name=\"robots\" content=\"noindex, nofollow\" \/>\n<meta property=\"og:locale\" content=\"de_DE\" \/>\n<meta property=\"og:type\" content=\"article\" \/>\n<meta property=\"og:title\" content=\"Datenschutz-Bestimmungen - Trieste Green\" \/>\n<meta property=\"og:description\" content=\"[vc_row][vc_column el_class=&#8220;box-padding&#8220;][vc_column_text] Angaben zur Verarbeitung personenbezogener Daten Gem\u00e4\u00df art.13 der EU-Verordnung 2016\/679 Diese Seite beschreibt die Methoden zur Verarbeitung der personenbezogenen Daten von Benutzern, die die Website der GAL Carso \u2013 LAS Kras besuchen, die elektronisch unter folgender Adresse zug\u00e4nglich sind: trieste.green. Diese Informationen betreffen keine anderen Websites, Seiten oder Onlinedienste, die \u00fcber Hypertext-Links erreicht [&hellip;]\" \/>\n<meta property=\"og:url\" content=\"https:\/\/trieste.green\/de\/privacy-policy\/\" \/>\n<meta property=\"og:site_name\" content=\"Trieste Green\" \/>\n<meta property=\"article:modified_time\" content=\"2021-05-31T10:51:27+00:00\" \/>\n<meta name=\"twitter:card\" content=\"summary_large_image\" \/>\n<meta name=\"twitter:label1\" content=\"Gesch\u00e4tzte Lesezeit\" \/>\n\t<meta name=\"twitter:data1\" content=\"2\u00a0Minuten\" \/>\n<script type=\"application\/ld+json\" class=\"yoast-schema-graph\">{\"@context\":\"https:\/\/schema.org\",\"@graph\":[{\"@type\":\"WebPage\",\"@id\":\"https:\/\/trieste.green\/de\/privacy-policy\/\",\"url\":\"https:\/\/trieste.green\/de\/privacy-policy\/\",\"name\":\"Datenschutz-Bestimmungen - Trieste Green\",\"isPartOf\":{\"@id\":\"https:\/\/trieste.green\/de\/#website\"},\"datePublished\":\"2020-07-14T11:49:14+00:00\",\"dateModified\":\"2021-05-31T10:51:27+00:00\",\"breadcrumb\":{\"@id\":\"https:\/\/trieste.green\/de\/privacy-policy\/#breadcrumb\"},\"inLanguage\":\"de\",\"potentialAction\":[{\"@type\":\"ReadAction\",\"target\":[\"https:\/\/trieste.green\/de\/privacy-policy\/\"]}]},{\"@type\":\"BreadcrumbList\",\"@id\":\"https:\/\/trieste.green\/de\/privacy-policy\/#breadcrumb\",\"itemListElement\":[{\"@type\":\"ListItem\",\"position\":1,\"name\":\"Home\",\"item\":\"https:\/\/trieste.green\/de\/\"},{\"@type\":\"ListItem\",\"position\":2,\"name\":\"Datenschutz-Bestimmungen\"}]},{\"@type\":\"WebSite\",\"@id\":\"https:\/\/trieste.green\/de\/#website\",\"url\":\"https:\/\/trieste.green\/de\/\",\"name\":\"Trieste Green\",\"description\":\"\",\"publisher\":{\"@id\":\"https:\/\/trieste.green\/de\/#organization\"},\"potentialAction\":[{\"@type\":\"SearchAction\",\"target\":{\"@type\":\"EntryPoint\",\"urlTemplate\":\"https:\/\/trieste.green\/de\/?s={search_term_string}\"},\"query-input\":{\"@type\":\"PropertyValueSpecification\",\"valueRequired\":true,\"valueName\":\"search_term_string\"}}],\"inLanguage\":\"de\"},{\"@type\":\"Organization\",\"@id\":\"https:\/\/trieste.green\/de\/#organization\",\"name\":\"Trieste Green\",\"url\":\"https:\/\/trieste.green\/de\/\",\"logo\":{\"@type\":\"ImageObject\",\"inLanguage\":\"de\",\"@id\":\"https:\/\/trieste.green\/de\/#\/schema\/logo\/image\/\",\"url\":\"http:\/\/trieste.green\/wp-content\/uploads\/2020\/08\/logo-tsgreen-1-128h.png\",\"contentUrl\":\"http:\/\/trieste.green\/wp-content\/uploads\/2020\/08\/logo-tsgreen-1-128h.png\",\"width\":128,\"height\":128,\"caption\":\"Trieste Green\"},\"image\":{\"@id\":\"https:\/\/trieste.green\/de\/#\/schema\/logo\/image\/\"}}]}<\/script>\n<!-- \/ Yoast SEO plugin. -->","yoast_head_json":{"title":"Datenschutz-Bestimmungen - Trieste Green","robots":{"index":"noindex","follow":"nofollow"},"og_locale":"de_DE","og_type":"article","og_title":"Datenschutz-Bestimmungen - Trieste Green","og_description":"[vc_row][vc_column el_class=&#8220;box-padding&#8220;][vc_column_text] Angaben zur Verarbeitung personenbezogener Daten Gem\u00e4\u00df art.13 der EU-Verordnung 2016\/679 Diese Seite beschreibt die Methoden zur Verarbeitung der personenbezogenen Daten von Benutzern, die die Website der GAL Carso \u2013 LAS Kras besuchen, die elektronisch unter folgender Adresse zug\u00e4nglich sind: trieste.green. Diese Informationen betreffen keine anderen Websites, Seiten oder Onlinedienste, die \u00fcber Hypertext-Links erreicht [&hellip;]","og_url":"https:\/\/trieste.green\/de\/privacy-policy\/","og_site_name":"Trieste Green","article_modified_time":"2021-05-31T10:51:27+00:00","twitter_card":"summary_large_image","twitter_misc":{"Gesch\u00e4tzte Lesezeit":"2\u00a0Minuten"},"schema":{"@context":"https:\/\/schema.org","@graph":[{"@type":"WebPage","@id":"https:\/\/trieste.green\/de\/privacy-policy\/","url":"https:\/\/trieste.green\/de\/privacy-policy\/","name":"Datenschutz-Bestimmungen - Trieste Green","isPartOf":{"@id":"https:\/\/trieste.green\/de\/#website"},"datePublished":"2020-07-14T11:49:14+00:00","dateModified":"2021-05-31T10:51:27+00:00","breadcrumb":{"@id":"https:\/\/trieste.green\/de\/privacy-policy\/#breadcrumb"},"inLanguage":"de","potentialAction":[{"@type":"ReadAction","target":["https:\/\/trieste.green\/de\/privacy-policy\/"]}]},{"@type":"BreadcrumbList","@id":"https:\/\/trieste.green\/de\/privacy-policy\/#breadcrumb","itemListElement":[{"@type":"ListItem","position":1,"name":"Home","item":"https:\/\/trieste.green\/de\/"},{"@type":"ListItem","position":2,"name":"Datenschutz-Bestimmungen"}]},{"@type":"WebSite","@id":"https:\/\/trieste.green\/de\/#website","url":"https:\/\/trieste.green\/de\/","name":"Trieste Green","description":"","publisher":{"@id":"https:\/\/trieste.green\/de\/#organization"},"potentialAction":[{"@type":"SearchAction","target":{"@type":"EntryPoint","urlTemplate":"https:\/\/trieste.green\/de\/?s={search_term_string}"},"query-input":{"@type":"PropertyValueSpecification","valueRequired":true,"valueName":"search_term_string"}}],"inLanguage":"de"},{"@type":"Organization","@id":"https:\/\/trieste.green\/de\/#organization","name":"Trieste Green","url":"https:\/\/trieste.green\/de\/","logo":{"@type":"ImageObject","inLanguage":"de","@id":"https:\/\/trieste.green\/de\/#\/schema\/logo\/image\/","url":"http:\/\/trieste.green\/wp-content\/uploads\/2020\/08\/logo-tsgreen-1-128h.png","contentUrl":"http:\/\/trieste.green\/wp-content\/uploads\/2020\/08\/logo-tsgreen-1-128h.png","width":128,"height":128,"caption":"Trieste Green"},"image":{"@id":"https:\/\/trieste.green\/de\/#\/schema\/logo\/image\/"}}]}},"_links":{"self":[{"href":"https:\/\/trieste.green\/de\/wp-json\/wp\/v2\/pages\/5453","targetHints":{"allow":["GET"]}}],"collection":[{"href":"https:\/\/trieste.green\/de\/wp-json\/wp\/v2\/pages"}],"about":[{"href":"https:\/\/trieste.green\/de\/wp-json\/wp\/v2\/types\/page"}],"author":[{"embeddable":true,"href":"https:\/\/trieste.green\/de\/wp-json\/wp\/v2\/users\/7"}],"replies":[{"embeddable":true,"href":"https:\/\/trieste.green\/de\/wp-json\/wp\/v2\/comments?post=5453"}],"version-history":[{"count":0,"href":"https:\/\/trieste.green\/de\/wp-json\/wp\/v2\/pages\/5453\/revisions"}],"wp:attachment":[{"href":"https:\/\/trieste.green\/de\/wp-json\/wp\/v2\/media?parent=5453"}],"curies":[{"name":"wp","href":"https:\/\/api.w.org\/{rel}","templated":true}]}}