{"id":5323,"date":"2020-07-28T11:24:26","date_gmt":"2020-07-28T11:24:26","guid":{"rendered":"http:\/\/trieste.green\/geoparco\/"},"modified":"2021-05-11T10:49:44","modified_gmt":"2021-05-11T08:49:44","slug":"geopark","status":"publish","type":"page","link":"https:\/\/trieste.green\/de\/geopark\/","title":{"rendered":"Geopark"},"content":{"rendered":"<p>[vc_row full_width=&#8220;stretch_row_content&#8220; equal_height=&#8220;yes&#8220; content_placement=&#8220;middle&#8220; css_animation=&#8220;none&#8220; css=&#8220;.vc_custom_1603450409194{background: #ffffff url(http:\/\/trieste.green\/wp-content\/uploads\/2020\/10\/TFF002597-1.jpg?id=3370) !important;background-position: center !important;background-repeat: no-repeat !important;background-size: cover !important;}&#8220; el_class=&#8220;keyvisual&#8220;][vc_column width=&#8220;2\/3&#8243; css=&#8220;.vc_custom_1596671380614{padding-top: 0px !important;background-position: center !important;background-repeat: no-repeat !important;background-size: cover !important;}&#8220; offset=&#8220;vc_hidden-xs&#8220;][vc_custom_heading text=&#8220;K\u00fcnftiger Geopark des Karsts&#8220; font_container=&#8220;tag:h1|text_align:left|color:%23ffffff&#8220; use_theme_fonts=&#8220;yes&#8220; css_animation=&#8220;fadeIn&#8220; css=&#8220;.vc_custom_1620722028761{padding-bottom: 10px !important;}&#8220; el_class=&#8220;box-padding&#8220;][\/vc_column][vc_column css_animation=&#8220;none&#8220; width=&#8220;1\/3&#8243; css=&#8220;.vc_custom_1596671385971{padding-right: 6.5vw !important;padding-left: 6.5vw !important;}&#8220; offset=&#8220;vc_hidden-xs&#8220;][vc_empty_space height=&#8220;550px&#8220;][\/vc_column][\/vc_row][vc_row full_width=&#8220;stretch_row_content&#8220; equal_height=&#8220;yes&#8220; content_placement=&#8220;middle&#8220; css_animation=&#8220;none&#8220; css=&#8220;.vc_custom_1596671419745{margin-top: 0px !important;margin-right: 0px !important;margin-bottom: 0px !important;margin-left: 0px !important;padding-top: 0px !important;padding-right: 0px !important;padding-bottom: 0px !important;padding-left: 0px !important;background-color: #ffffff !important;background-position: center !important;background-repeat: no-repeat !important;background-size: cover !important;}&#8220;][vc_column css=&#8220;.vc_custom_1596671299763{margin-top: 0px !important;margin-right: 0px !important;margin-bottom: 0px !important;margin-left: 0px !important;padding-top: 0px !important;padding-right: 0px !important;padding-bottom: 0px !important;padding-left: 0px !important;background-position: center !important;background-repeat: no-repeat !important;background-size: cover !important;}&#8220; offset=&#8220;vc_hidden-lg vc_hidden-md vc_hidden-sm&#8220;][vc_single_image image=&#8220;3372&#8243; css=&#8220;.vc_custom_1603449849976{margin-top: 0px !important;margin-right: 0px !important;margin-bottom: 0px !important;margin-left: 0px !important;padding-top: 0px !important;padding-right: 0px !important;padding-bottom: 0px !important;padding-left: 0px !important;}&#8220;][\/vc_column][vc_column offset=&#8220;vc_hidden-lg vc_hidden-md vc_hidden-sm&#8220; css=&#8220;.vc_custom_1596671583626{padding-bottom: 0px !important;}&#8220;][vc_custom_heading text=&#8220;Geopark&#8220; font_container=&#8220;tag:h1|text_align:left&#8220; use_theme_fonts=&#8220;yes&#8220; css_animation=&#8220;fadeIn&#8220; css=&#8220;.vc_custom_1620722042353{margin-bottom: 0px !important;border-bottom-width: 0px !important;padding-bottom: 0px !important;}&#8220;][\/vc_column][\/vc_row][vc_row full_width=&#8220;stretch_row_content&#8220;][vc_column el_class=&#8220;.box-padding&#8220;][vc_column_text css_animation=&#8220;fadeIn&#8220;]Unsere Region hat ein Projekt in Arbeit: die gemeinsame Errichtung des k\u00fcnftigen <strong>Geoparks des Karsts<\/strong>, zur H\u00e4lfte in Slowenien und zur H\u00e4lfte in Italien.<\/p>\n<p>Und so wird in den n\u00e4chsten Jahren dieses <strong>System zur Valorisierung<\/strong> <strong>eines einzigartigen geologischen<\/strong> Schatzes Formen annehmen: Allein im italienischen Karst wurden mehr als <strong>6.000 Dolinen<\/strong> und mehr als <strong>3.000 unterirdische H\u00f6hlen registriert<\/strong>, mit einem Durchschnitt von 16 Grotten pro Quadratmeter.<\/p>\n<p>Dieses Gebiet setzt sich in Slowenien fort, dessen Landesfl\u00e4che fast zur H\u00e4lfte aus Karst besteht, mit mehr als <strong>8.000 registrierten Grotten.<\/strong><\/p>\n<p>In unserem Karst gibt es magische Pl\u00e4tze, die einen gro\u00dfen wissenschaftlichen und historisch-kulturellen Wert haben: Von ihnen allen seien hier die Stellen genannt, an denen sich der unterirdische <strong>Fluss Timavo<\/strong> den Menschen zeigt, so wie in <strong>San Giovanni di Duino-\u0160tivan<\/strong> in Italien. Hier, nach mehr als 40 km unterirdischem Verlauf, m\u00fcndet der Fluss ins Meer. Auf der anderen Seite der Grenze gibt es die besonders ber\u00fchmten, bereits zum UNESCO Weltnaturerbe deklarierten <strong>Grotten von Canziano<\/strong> (\u0160kocjanske jame), wo der Fluss in der Tiefe verschwindet. Die vielleicht spektakul\u00e4rsten sind die <strong>Kliffs Kliffe von Duino<\/strong> in Italien: wei\u00dfer Karstfelsen, der sich gleichsam unvermittelt aus dem Golf von Triest erhebt.<\/p>\n<p>Allein im italienischen Teil des k\u00fcnftigen <strong>Geoparks gibt es 57 Geo-St\u00e4tten<\/strong>, d.h. \u201eOrte oder Gebiete mit geologischen Eigenschaften, die so spezifisch sind, dass sie die Geschichte der Gegend, ihrer Felsen, Mineralien, Fossilien und Landschaften zu verstehen helfen\u201c. Davon haben 11 von der Region Friaul-Julisch Venetien registrierte Geo-St\u00e4tten nationale und 7 \u00fcbernationale Bedeutung.<\/p>\n<p>Dieses Gebiet aus Stein hat Dichter und Landwirte inspiriert, die hier einzigartige Gedichte, aber auch herausragenden Wein, K\u00e4se und Honig geschaffen haben&#8230;<\/p>\n<blockquote><p><strong>Scipio Slataper<\/strong> schrieb:<br \/>\n&#8222;Mein Karst ist hart und gut.<br \/>\nJeder seiner Grashalme hat den Felsen gespalten, um ans Licht zu kommen, jede<br \/>\nseiner Blumen hat die Glut getrunken, um sich zu \u00f6ffnen.<br \/>\nDeshalb ist seine Milch gesund und sein Honig voller Duft&#8230;&#8220;<\/p><\/blockquote>\n<p>Das Gebiet unseres <strong>\u201eKlassischen Karsts\u201c<\/strong> (\u201eMati\u010dni Kras\u201c) ist das Gebiet, wo w\u00e4hrend der Zeit von \u00d6sterreich-Ungarn erstmalig das geologische Ph\u00e4nomen des Karsts erforscht wurde.<\/p>\n<p>Was die Gebiete der Orte anbelangt, in denen sich der k\u00fcnftige Geopark ansiedeln m\u00f6chte, so sind es in Slowenien die Gemeinden von Diva\u010da, Hrpelje-Kozina, Komen, Miren-Kostanjevica und Se\u017eana; in Italien die Gemeinden von Doberd\u00f2 del Lago \u2013 Doberdob, Duino Aurisina \u2013 Devin Nabre\u017eina, Fogliano Redipuglia, Monfalcone, Monrupino \u2013 Repentabor, Ronchi dei Legionari, Sagrado, San Dorligo della Valle \u2013 Dolina, San Pier d\u2019Isonzo, Savogna d\u2019Isonzo \u2013 Sovodnje ob So\u010di, Sgonico \u2013 Zgonik und Triest.<\/p>\n<p>Das Ziel der Arbeit von vielen \u00f6ffentlichen Einrichtungen, darunter die Ortsverwaltungen der oben genannten Gebiete und die Regionalverwaltung von Friaul-Julisch Venetien, ist es nicht nur, den grenz\u00fcberschreitenden Geopark des Karsts zu gr\u00fcnden, sondern ihn auch Teil des Netzwerks der UNESCO Global Geoparks werden zu lassen.<\/p>\n<p>[\/vc_column_text][\/vc_column][\/vc_row][vc_row el_class=&#8220;box-padding&#8220; css=&#8220;.vc_custom_1601559490540{padding-top: 90px !important;padding-bottom: 90px !important;}&#8220;][vc_column][vc_custom_heading text=&#8220;Entdecken Sie den k\u00fcnftigen Geopark des Karsts&#8220; font_container=&#8220;tag:h2|text_align:center&#8220; use_theme_fonts=&#8220;yes&#8220; css_animation=&#8220;fadeIn&#8220; css=&#8220;.vc_custom_1620722625523{padding-bottom: 10px !important;}&#8220; el_class=&#8220;box-padding&#8220;][vc_basic_grid post_type=&#8220;post&#8220; max_items=&#8220;6&#8243; initial_loading_animation=&#8220;none&#8220; grid_id=&#8220;vc_gid:1620721962176-a1b59070-0217-6&#8243; taxonomies=&#8220;130&#8243;][\/vc_column][\/vc_row][vc_row el_class=&#8220;box-padding&#8220; css=&#8220;.vc_custom_1601559477629{padding-top: 90px !important;padding-bottom: 90px !important;}&#8220;][vc_column][vc_custom_heading text=&#8220;Aktivit\u00e4ten und Erlebnisse im k\u00fcnftigen Geopark des Karsts&#8220; font_container=&#8220;tag:h2|text_align:center&#8220; use_theme_fonts=&#8220;yes&#8220; css_animation=&#8220;fadeIn&#8220; css=&#8220;.vc_custom_1620722656866{padding-bottom: 10px !important;}&#8220; el_class=&#8220;box-padding&#8220;]<div class=\"widget widget-sidebar \"><div class=\"s-title\"><h2><\/h2><\/div><p>Unfortunately no tours were found.<\/p><\/div>[\/vc_column][\/vc_row]<\/p>\n","protected":false},"excerpt":{"rendered":"<p>[vc_row full_width=&#8220;stretch_row_content&#8220; equal_height=&#8220;yes&#8220; content_placement=&#8220;middle&#8220; css_animation=&#8220;none&#8220; css=&#8220;.vc_custom_1603450409194{background: #ffffff url(http:\/\/trieste.green\/wp-content\/uploads\/2020\/10\/TFF002597-1.jpg?id=3370) !important;background-position: center !important;background-repeat: no-repeat !important;background-size: cover !important;}&#8220; el_class=&#8220;keyvisual&#8220;][vc_column width=&#8220;2\/3&#8243; css=&#8220;.vc_custom_1596671380614{padding-top: 0px !important;background-position: center !important;background-repeat: no-repeat !important;background-size: cover !important;}&#8220; offset=&#8220;vc_hidden-xs&#8220;][vc_custom_heading text=&#8220;K\u00fcnftiger Geopark des Karsts&#8220; font_container=&#8220;tag:h1|text_align:left|color:%23ffffff&#8220; use_theme_fonts=&#8220;yes&#8220; css_animation=&#8220;fadeIn&#8220; css=&#8220;.vc_custom_1620722028761{padding-bottom: 10px !important;}&#8220; el_class=&#8220;box-padding&#8220;][\/vc_column][vc_column css_animation=&#8220;none&#8220; width=&#8220;1\/3&#8243; css=&#8220;.vc_custom_1596671385971{padding-right: 6.5vw !important;padding-left: 6.5vw !important;}&#8220; offset=&#8220;vc_hidden-xs&#8220;][vc_empty_space height=&#8220;550px&#8220;][\/vc_column][\/vc_row][vc_row full_width=&#8220;stretch_row_content&#8220; equal_height=&#8220;yes&#8220; content_placement=&#8220;middle&#8220; css_animation=&#8220;none&#8220; css=&#8220;.vc_custom_1596671419745{margin-top: 0px !important;margin-right: 0px [&hellip;]<\/p>\n","protected":false},"author":3,"featured_media":3372,"parent":0,"menu_order":0,"comment_status":"closed","ping_status":"closed","template":"page-blank.php","meta":{"footnotes":""},"class_list":["post-5323","page","type-page","status-publish","has-post-thumbnail","hentry"],"yoast_head":"<!-- This site is optimized with the Yoast SEO plugin v26.6 - https:\/\/yoast.com\/wordpress\/plugins\/seo\/ -->\n<title>Geopark - Trieste Green<\/title>\n<meta name=\"robots\" content=\"index, follow, max-snippet:-1, max-image-preview:large, max-video-preview:-1\" \/>\n<link rel=\"canonical\" href=\"https:\/\/trieste.green\/de\/geopark\/\" \/>\n<meta property=\"og:locale\" content=\"de_DE\" \/>\n<meta property=\"og:type\" content=\"article\" \/>\n<meta property=\"og:title\" content=\"Geopark - Trieste Green\" \/>\n<meta property=\"og:description\" content=\"[vc_row full_width=&#8220;stretch_row_content&#8220; equal_height=&#8220;yes&#8220; content_placement=&#8220;middle&#8220; css_animation=&#8220;none&#8220; css=&#8220;.vc_custom_1603450409194{background: #ffffff url(http:\/\/trieste.green\/wp-content\/uploads\/2020\/10\/TFF002597-1.jpg?id=3370) !important;background-position: center !important;background-repeat: no-repeat !important;background-size: cover !important;}&#8220; el_class=&#8220;keyvisual&#8220;][vc_column width=&#8220;2\/3&#8243; css=&#8220;.vc_custom_1596671380614{padding-top: 0px !important;background-position: center !important;background-repeat: no-repeat !important;background-size: cover !important;}&#8220; offset=&#8220;vc_hidden-xs&#8220;][vc_custom_heading text=&#8220;K\u00fcnftiger Geopark des Karsts&#8220; font_container=&#8220;tag:h1|text_align:left|color:%23ffffff&#8220; use_theme_fonts=&#8220;yes&#8220; css_animation=&#8220;fadeIn&#8220; css=&#8220;.vc_custom_1620722028761{padding-bottom: 10px !important;}&#8220; el_class=&#8220;box-padding&#8220;][\/vc_column][vc_column css_animation=&#8220;none&#8220; width=&#8220;1\/3&#8243; css=&#8220;.vc_custom_1596671385971{padding-right: 6.5vw !important;padding-left: 6.5vw !important;}&#8220; offset=&#8220;vc_hidden-xs&#8220;][vc_empty_space height=&#8220;550px&#8220;][\/vc_column][\/vc_row][vc_row full_width=&#8220;stretch_row_content&#8220; equal_height=&#8220;yes&#8220; content_placement=&#8220;middle&#8220; css_animation=&#8220;none&#8220; css=&#8220;.vc_custom_1596671419745{margin-top: 0px !important;margin-right: 0px [&hellip;]\" \/>\n<meta property=\"og:url\" content=\"https:\/\/trieste.green\/de\/geopark\/\" \/>\n<meta property=\"og:site_name\" content=\"Trieste Green\" \/>\n<meta property=\"article:modified_time\" content=\"2021-05-11T08:49:44+00:00\" \/>\n<meta property=\"og:image\" content=\"https:\/\/trieste.green\/wp-content\/uploads\/2020\/10\/TFF002597-1.jpg\" \/>\n\t<meta property=\"og:image:width\" content=\"1920\" \/>\n\t<meta property=\"og:image:height\" content=\"1280\" \/>\n\t<meta property=\"og:image:type\" content=\"image\/jpeg\" \/>\n<meta name=\"twitter:card\" content=\"summary_large_image\" \/>\n<meta name=\"twitter:label1\" content=\"Gesch\u00e4tzte Lesezeit\" \/>\n\t<meta name=\"twitter:data1\" content=\"5\u00a0Minuten\" \/>\n<script type=\"application\/ld+json\" class=\"yoast-schema-graph\">{\"@context\":\"https:\/\/schema.org\",\"@graph\":[{\"@type\":\"WebPage\",\"@id\":\"https:\/\/trieste.green\/de\/geopark\/\",\"url\":\"https:\/\/trieste.green\/de\/geopark\/\",\"name\":\"Geopark - Trieste Green\",\"isPartOf\":{\"@id\":\"https:\/\/trieste.green\/de\/#website\"},\"primaryImageOfPage\":{\"@id\":\"https:\/\/trieste.green\/de\/geopark\/#primaryimage\"},\"image\":{\"@id\":\"https:\/\/trieste.green\/de\/geopark\/#primaryimage\"},\"thumbnailUrl\":\"https:\/\/trieste.green\/wp-content\/uploads\/2020\/10\/TFF002597-1.jpg\",\"datePublished\":\"2020-07-28T11:24:26+00:00\",\"dateModified\":\"2021-05-11T08:49:44+00:00\",\"breadcrumb\":{\"@id\":\"https:\/\/trieste.green\/de\/geopark\/#breadcrumb\"},\"inLanguage\":\"de\",\"potentialAction\":[{\"@type\":\"ReadAction\",\"target\":[\"https:\/\/trieste.green\/de\/geopark\/\"]}]},{\"@type\":\"ImageObject\",\"inLanguage\":\"de\",\"@id\":\"https:\/\/trieste.green\/de\/geopark\/#primaryimage\",\"url\":\"https:\/\/trieste.green\/wp-content\/uploads\/2020\/10\/TFF002597-1.jpg\",\"contentUrl\":\"https:\/\/trieste.green\/wp-content\/uploads\/2020\/10\/TFF002597-1.jpg\",\"width\":1920,\"height\":1280},{\"@type\":\"BreadcrumbList\",\"@id\":\"https:\/\/trieste.green\/de\/geopark\/#breadcrumb\",\"itemListElement\":[{\"@type\":\"ListItem\",\"position\":1,\"name\":\"Home\",\"item\":\"https:\/\/trieste.green\/de\/\"},{\"@type\":\"ListItem\",\"position\":2,\"name\":\"Geopark\"}]},{\"@type\":\"WebSite\",\"@id\":\"https:\/\/trieste.green\/de\/#website\",\"url\":\"https:\/\/trieste.green\/de\/\",\"name\":\"Trieste Green\",\"description\":\"\",\"publisher\":{\"@id\":\"https:\/\/trieste.green\/de\/#organization\"},\"potentialAction\":[{\"@type\":\"SearchAction\",\"target\":{\"@type\":\"EntryPoint\",\"urlTemplate\":\"https:\/\/trieste.green\/de\/?s={search_term_string}\"},\"query-input\":{\"@type\":\"PropertyValueSpecification\",\"valueRequired\":true,\"valueName\":\"search_term_string\"}}],\"inLanguage\":\"de\"},{\"@type\":\"Organization\",\"@id\":\"https:\/\/trieste.green\/de\/#organization\",\"name\":\"Trieste Green\",\"url\":\"https:\/\/trieste.green\/de\/\",\"logo\":{\"@type\":\"ImageObject\",\"inLanguage\":\"de\",\"@id\":\"https:\/\/trieste.green\/de\/#\/schema\/logo\/image\/\",\"url\":\"http:\/\/trieste.green\/wp-content\/uploads\/2020\/08\/logo-tsgreen-1-128h.png\",\"contentUrl\":\"http:\/\/trieste.green\/wp-content\/uploads\/2020\/08\/logo-tsgreen-1-128h.png\",\"width\":128,\"height\":128,\"caption\":\"Trieste Green\"},\"image\":{\"@id\":\"https:\/\/trieste.green\/de\/#\/schema\/logo\/image\/\"}}]}<\/script>\n<!-- \/ Yoast SEO plugin. -->","yoast_head_json":{"title":"Geopark - Trieste Green","robots":{"index":"index","follow":"follow","max-snippet":"max-snippet:-1","max-image-preview":"max-image-preview:large","max-video-preview":"max-video-preview:-1"},"canonical":"https:\/\/trieste.green\/de\/geopark\/","og_locale":"de_DE","og_type":"article","og_title":"Geopark - Trieste Green","og_description":"[vc_row full_width=&#8220;stretch_row_content&#8220; equal_height=&#8220;yes&#8220; content_placement=&#8220;middle&#8220; css_animation=&#8220;none&#8220; css=&#8220;.vc_custom_1603450409194{background: #ffffff url(http:\/\/trieste.green\/wp-content\/uploads\/2020\/10\/TFF002597-1.jpg?id=3370) !important;background-position: center !important;background-repeat: no-repeat !important;background-size: cover !important;}&#8220; el_class=&#8220;keyvisual&#8220;][vc_column width=&#8220;2\/3&#8243; css=&#8220;.vc_custom_1596671380614{padding-top: 0px !important;background-position: center !important;background-repeat: no-repeat !important;background-size: cover !important;}&#8220; offset=&#8220;vc_hidden-xs&#8220;][vc_custom_heading text=&#8220;K\u00fcnftiger Geopark des Karsts&#8220; font_container=&#8220;tag:h1|text_align:left|color:%23ffffff&#8220; use_theme_fonts=&#8220;yes&#8220; css_animation=&#8220;fadeIn&#8220; css=&#8220;.vc_custom_1620722028761{padding-bottom: 10px !important;}&#8220; el_class=&#8220;box-padding&#8220;][\/vc_column][vc_column css_animation=&#8220;none&#8220; width=&#8220;1\/3&#8243; css=&#8220;.vc_custom_1596671385971{padding-right: 6.5vw !important;padding-left: 6.5vw !important;}&#8220; offset=&#8220;vc_hidden-xs&#8220;][vc_empty_space height=&#8220;550px&#8220;][\/vc_column][\/vc_row][vc_row full_width=&#8220;stretch_row_content&#8220; equal_height=&#8220;yes&#8220; content_placement=&#8220;middle&#8220; css_animation=&#8220;none&#8220; css=&#8220;.vc_custom_1596671419745{margin-top: 0px !important;margin-right: 0px [&hellip;]","og_url":"https:\/\/trieste.green\/de\/geopark\/","og_site_name":"Trieste Green","article_modified_time":"2021-05-11T08:49:44+00:00","og_image":[{"width":1920,"height":1280,"url":"https:\/\/trieste.green\/wp-content\/uploads\/2020\/10\/TFF002597-1.jpg","type":"image\/jpeg"}],"twitter_card":"summary_large_image","twitter_misc":{"Gesch\u00e4tzte Lesezeit":"5\u00a0Minuten"},"schema":{"@context":"https:\/\/schema.org","@graph":[{"@type":"WebPage","@id":"https:\/\/trieste.green\/de\/geopark\/","url":"https:\/\/trieste.green\/de\/geopark\/","name":"Geopark - Trieste Green","isPartOf":{"@id":"https:\/\/trieste.green\/de\/#website"},"primaryImageOfPage":{"@id":"https:\/\/trieste.green\/de\/geopark\/#primaryimage"},"image":{"@id":"https:\/\/trieste.green\/de\/geopark\/#primaryimage"},"thumbnailUrl":"https:\/\/trieste.green\/wp-content\/uploads\/2020\/10\/TFF002597-1.jpg","datePublished":"2020-07-28T11:24:26+00:00","dateModified":"2021-05-11T08:49:44+00:00","breadcrumb":{"@id":"https:\/\/trieste.green\/de\/geopark\/#breadcrumb"},"inLanguage":"de","potentialAction":[{"@type":"ReadAction","target":["https:\/\/trieste.green\/de\/geopark\/"]}]},{"@type":"ImageObject","inLanguage":"de","@id":"https:\/\/trieste.green\/de\/geopark\/#primaryimage","url":"https:\/\/trieste.green\/wp-content\/uploads\/2020\/10\/TFF002597-1.jpg","contentUrl":"https:\/\/trieste.green\/wp-content\/uploads\/2020\/10\/TFF002597-1.jpg","width":1920,"height":1280},{"@type":"BreadcrumbList","@id":"https:\/\/trieste.green\/de\/geopark\/#breadcrumb","itemListElement":[{"@type":"ListItem","position":1,"name":"Home","item":"https:\/\/trieste.green\/de\/"},{"@type":"ListItem","position":2,"name":"Geopark"}]},{"@type":"WebSite","@id":"https:\/\/trieste.green\/de\/#website","url":"https:\/\/trieste.green\/de\/","name":"Trieste Green","description":"","publisher":{"@id":"https:\/\/trieste.green\/de\/#organization"},"potentialAction":[{"@type":"SearchAction","target":{"@type":"EntryPoint","urlTemplate":"https:\/\/trieste.green\/de\/?s={search_term_string}"},"query-input":{"@type":"PropertyValueSpecification","valueRequired":true,"valueName":"search_term_string"}}],"inLanguage":"de"},{"@type":"Organization","@id":"https:\/\/trieste.green\/de\/#organization","name":"Trieste Green","url":"https:\/\/trieste.green\/de\/","logo":{"@type":"ImageObject","inLanguage":"de","@id":"https:\/\/trieste.green\/de\/#\/schema\/logo\/image\/","url":"http:\/\/trieste.green\/wp-content\/uploads\/2020\/08\/logo-tsgreen-1-128h.png","contentUrl":"http:\/\/trieste.green\/wp-content\/uploads\/2020\/08\/logo-tsgreen-1-128h.png","width":128,"height":128,"caption":"Trieste Green"},"image":{"@id":"https:\/\/trieste.green\/de\/#\/schema\/logo\/image\/"}}]}},"_links":{"self":[{"href":"https:\/\/trieste.green\/de\/wp-json\/wp\/v2\/pages\/5323","targetHints":{"allow":["GET"]}}],"collection":[{"href":"https:\/\/trieste.green\/de\/wp-json\/wp\/v2\/pages"}],"about":[{"href":"https:\/\/trieste.green\/de\/wp-json\/wp\/v2\/types\/page"}],"author":[{"embeddable":true,"href":"https:\/\/trieste.green\/de\/wp-json\/wp\/v2\/users\/3"}],"replies":[{"embeddable":true,"href":"https:\/\/trieste.green\/de\/wp-json\/wp\/v2\/comments?post=5323"}],"version-history":[{"count":0,"href":"https:\/\/trieste.green\/de\/wp-json\/wp\/v2\/pages\/5323\/revisions"}],"wp:featuredmedia":[{"embeddable":true,"href":"https:\/\/trieste.green\/de\/wp-json\/wp\/v2\/media\/3372"}],"wp:attachment":[{"href":"https:\/\/trieste.green\/de\/wp-json\/wp\/v2\/media?parent=5323"}],"curies":[{"name":"wp","href":"https:\/\/api.w.org\/{rel}","templated":true}]}}