{"id":5318,"date":"2020-07-28T11:23:32","date_gmt":"2020-07-28T11:23:32","guid":{"rendered":"http:\/\/trieste.green\/scopri-il-territorio\/"},"modified":"2021-05-17T16:19:01","modified_gmt":"2021-05-17T14:19:01","slug":"entdecken-sie-die-gegend","status":"publish","type":"page","link":"https:\/\/trieste.green\/de\/entdecken-sie-die-gegend\/","title":{"rendered":"Entdecken Sie die Gegend"},"content":{"rendered":"<p>[vc_row full_width=&#8220;stretch_row_content&#8220; equal_height=&#8220;yes&#8220; rtl_reverse=&#8220;yes&#8220; content_placement=&#8220;middle&#8220; css_animation=&#8220;none&#8220; css=&#8220;.vc_custom_1596670243376{margin-top: 0px !important;margin-right: 0px !important;margin-left: 0px !important;border-top-width: 0px !important;border-right-width: 0px !important;border-left-width: 0px !important;padding-top: 0px !important;padding-right: 0px !important;padding-left: 0px !important;}&#8220;][vc_column css=&#8220;.vc_custom_1596704106845{margin-top: 0px !important;margin-right: 0px !important;margin-bottom: 0px !important;margin-left: 0px !important;border-top-width: 0px !important;border-right-width: 0px !important;border-bottom-width: 0px !important;border-left-width: 0px !important;padding-top: 0px !important;padding-right: 0px !important;padding-bottom: 0px !important;padding-left: 0px !important;}&#8220; offset=&#8220;vc_hidden-lg vc_hidden-md vc_hidden-sm&#8220;][vc_single_image image=&#8220;1664&#8243; alignment=&#8220;center&#8220; css=&#8220;.vc_custom_1620721379700{margin-top: 0px !important;margin-right: 0px !important;margin-bottom: 0px !important;margin-left: 0px !important;border-top-width: 0px !important;border-right-width: 0px !important;border-bottom-width: 0px !important;border-left-width: 0px !important;padding-top: 0px !important;padding-right: 0px !important;padding-bottom: 0px !important;padding-left: 0px !important;}&#8220;][\/vc_column][vc_column css_animation=&#8220;none&#8220; width=&#8220;1\/2&#8243; css=&#8220;.vc_custom_1596729147231{background-color: #3aaa35 !important;}&#8220;][vc_row_inner el_class=&#8220;.box-padding&#8220;][vc_column_inner][vc_custom_heading text=&#8220;Entdecken Sie die Gegend&#8220; font_container=&#8220;tag:h1|text_align:left|color:%23ffffff&#8220; use_theme_fonts=&#8220;yes&#8220; css_animation=&#8220;fadeIn&#8220; css=&#8220;.vc_custom_1620721390855{padding-bottom: 10px !important;}&#8220;][vc_column_text css_animation=&#8220;fadeIn&#8220;]<span style=\"color: #ffffff;\">Karst, Istrien und Triest: nachhaltige Aktivit\u00e4ten, nachhaltige Produkte. Wir k\u00f6nnen hier bei uns eine gr\u00fcne Zukunft aufbauen und auf diese Weise etwas f\u00fcr unseren Planeten tun.<\/span>[\/vc_column_text][\/vc_column_inner][\/vc_row_inner][\/vc_column][vc_column width=&#8220;1\/2&#8243; css=&#8220;.vc_custom_1596670197317{padding-top: 0px !important;background-image: url(http:\/\/trieste.green\/wp-content\/uploads\/2020\/08\/Rilke_2015-7084-web.jpg?id=1662) !important;background-position: center !important;background-repeat: no-repeat !important;background-size: cover !important;}&#8220; el_class=&#8220;keyvisual&#8220; offset=&#8220;vc_hidden-xs&#8220;][vc_empty_space height=&#8220;550px&#8220;][\/vc_column][\/vc_row][vc_row css=&#8220;.vc_custom_1596729214698{padding-top: 30px !important;}&#8220; el_class=&#8220;.box-padding&#8220;][vc_column][vc_basic_grid post_type=&#8220;post&#8220; max_items=&#8220;-1&#8243; initial_loading_animation=&#8220;none&#8220; grid_id=&#8220;vc_gid:1621260793050-7541731d-e9aa-9&#8243;][\/vc_column][\/vc_row][vc_row full_width=&#8220;stretch_row_content&#8220; equal_height=&#8220;yes&#8220; rtl_reverse=&#8220;yes&#8220; content_placement=&#8220;middle&#8220; css_animation=&#8220;none&#8220; css=&#8220;.vc_custom_1600855108493{margin-top: 0px !important;margin-right: 0px !important;margin-left: 0px !important;border-top-width: 0px !important;border-right-width: 0px !important;border-left-width: 0px !important;padding-top: 0px !important;padding-right: 0px !important;padding-left: 0px !important;}&#8220;][vc_column css=&#8220;.vc_custom_1596704106845{margin-top: 0px !important;margin-right: 0px !important;margin-bottom: 0px !important;margin-left: 0px !important;border-top-width: 0px !important;border-right-width: 0px !important;border-bottom-width: 0px !important;border-left-width: 0px !important;padding-top: 0px !important;padding-right: 0px !important;padding-bottom: 0px !important;padding-left: 0px !important;}&#8220; offset=&#8220;vc_hidden-lg vc_hidden-md vc_hidden-sm&#8220;][vc_single_image image=&#8220;1664&#8243; alignment=&#8220;center&#8220; css=&#8220;.vc_custom_1596670571261{margin-top: 0px !important;margin-right: 0px !important;margin-bottom: 0px !important;margin-left: 0px !important;border-top-width: 0px !important;border-right-width: 0px !important;border-bottom-width: 0px !important;border-left-width: 0px !important;padding-top: 0px !important;padding-right: 0px !important;padding-bottom: 0px !important;padding-left: 0px !important;}&#8220;][\/vc_column][vc_column width=&#8220;1\/2&#8243; css=&#8220;.vc_custom_1602068650175{padding-top: 0px !important;background-image: url(http:\/\/trieste.green\/wp-content\/uploads\/2020\/10\/agriturismo_antonic.jpg?id=3145) !important;background-position: center !important;background-repeat: no-repeat !important;background-size: cover !important;}&#8220; el_class=&#8220;keyvisual&#8220; offset=&#8220;vc_hidden-xs&#8220;][vc_empty_space height=&#8220;550px&#8220;][\/vc_column][vc_column css_animation=&#8220;none&#8220; width=&#8220;1\/2&#8243; css=&#8220;.vc_custom_1596729147231{background-color: #3aaa35 !important;}&#8220;][vc_row_inner el_class=&#8220;.box-padding&#8220;][vc_column_inner][vc_custom_heading text=&#8220;Einheimische Erzeuger&#8220; font_container=&#8220;tag:h1|text_align:left|color:%23ffffff&#8220; use_theme_fonts=&#8220;yes&#8220; css_animation=&#8220;fadeIn&#8220; css=&#8220;.vc_custom_1620721459503{padding-bottom: 10px !important;}&#8220;][vc_column_text css_animation=&#8220;fadeIn&#8220;]<span style=\"color: #ffffff;\">Handwerkliche Herstellung, Qualit\u00e4t und Nachhaltigkeit sind die Erkennungszeichen der Landg\u00fcter und Bauernh\u00f6fe auf dem Gebiet des Karsts und in Istrien. Aus der Zusammenarbeit mit unseren Partnern erw\u00e4chst eine Synergie zur F\u00f6rderung unserer wunderbaren Region.<\/span>[\/vc_column_text][vc_btn title=&#8220;Entdecken Sie die einheimischen Erzeuger&#8220; color=&#8220;white&#8220; link=&#8220;url:%2Fproduttori%2F|||&#8220;][\/vc_column_inner][\/vc_row_inner][\/vc_column][\/vc_row][vc_row disable_element=&#8220;yes&#8220; el_class=&#8220;box-padding&#8220; css=&#8220;.vc_custom_1621260812018{padding-top: 90px !important;padding-bottom: 90px !important;}&#8220;][vc_column][vc_custom_heading text=&#8220;Nachhaltiges Einkaufen mit den Produkten vom Karst und aus Istrien.&#8220; font_container=&#8220;tag:h1|text_align:center|color:%23171a18&#8243; use_theme_fonts=&#8220;yes&#8220; css_animation=&#8220;slideInUp&#8220; css=&#8220;.vc_custom_1620721621509{padding-top: 30px !important;padding-bottom: 30px !important;}&#8220;][vc_row_inner][vc_column_inner]<div class=\"woocommerce columns-3 \"><\/div>[\/vc_column_inner][\/vc_row_inner][vc_btn title=&#8220;Alle Produkte&#8220; style=&#8220;classic&#8220; color=&#8220;sky&#8220; size=&#8220;lg&#8220; align=&#8220;center&#8220; link=&#8220;url:http%3A%2F%2Ftrieste.green%2Fbotega%2Ftutti-i-prodotti%2F|title:Tutti%20i%20prodotti||&#8220;][\/vc_column][\/vc_row][vc_row css=&#8220;.vc_custom_1602674918754{padding-top: 60px !important;padding-right: 5vw !important;padding-bottom: 30px !important;padding-left: 5vw !important;}&#8220;][vc_column css=&#8220;.vc_custom_1560081049926{padding-top: 0px !important;}&#8220;][vc_custom_heading text=&#8220;In Zusammenarbeit mit&#8220; font_container=&#8220;tag:h2|text_align:center|color:%23171a18&#8243; use_theme_fonts=&#8220;yes&#8220; css_animation=&#8220;slideInUp&#8220; css=&#8220;.vc_custom_1620721652429{padding-top: 30px !important;padding-bottom: 0px !important;}&#8220;][vc_row_inner][vc_column_inner width=&#8220;1\/3&#8243; offset=&#8220;vc_col-xs-12&#8243;][\/vc_column_inner][vc_column_inner width=&#8220;1\/3&#8243; offset=&#8220;vc_col-xs-12&#8243;][vc_single_image image=&#8220;3215&#8243; img_size=&#8220;full&#8220; alignment=&#8220;center&#8220;][\/vc_column_inner][vc_column_inner width=&#8220;1\/3&#8243; offset=&#8220;vc_col-xs-12&#8243;][\/vc_column_inner][\/vc_row_inner][\/vc_column][\/vc_row]<\/p>\n","protected":false},"excerpt":{"rendered":"<p>[vc_row full_width=&#8220;stretch_row_content&#8220; equal_height=&#8220;yes&#8220; rtl_reverse=&#8220;yes&#8220; content_placement=&#8220;middle&#8220; css_animation=&#8220;none&#8220; css=&#8220;.vc_custom_1596670243376{margin-top: 0px !important;margin-right: 0px !important;margin-left: 0px !important;border-top-width: 0px !important;border-right-width: 0px !important;border-left-width: 0px !important;padding-top: 0px !important;padding-right: 0px !important;padding-left: 0px !important;}&#8220;][vc_column css=&#8220;.vc_custom_1596704106845{margin-top: 0px !important;margin-right: 0px !important;margin-bottom: 0px !important;margin-left: 0px !important;border-top-width: 0px !important;border-right-width: 0px !important;border-bottom-width: 0px !important;border-left-width: 0px !important;padding-top: 0px !important;padding-right: 0px !important;padding-bottom: 0px !important;padding-left: 0px !important;}&#8220; offset=&#8220;vc_hidden-lg vc_hidden-md vc_hidden-sm&#8220;][vc_single_image image=&#8220;1664&#8243; alignment=&#8220;center&#8220; [&hellip;]<\/p>\n","protected":false},"author":3,"featured_media":1778,"parent":0,"menu_order":0,"comment_status":"closed","ping_status":"closed","template":"page-blank.php","meta":{"footnotes":""},"class_list":["post-5318","page","type-page","status-publish","has-post-thumbnail","hentry"],"yoast_head":"<!-- This site is optimized with the Yoast SEO plugin v26.6 - https:\/\/yoast.com\/wordpress\/plugins\/seo\/ -->\n<title>Entdecken Sie die Gegend - Trieste Green<\/title>\n<meta name=\"robots\" content=\"index, follow, max-snippet:-1, max-image-preview:large, max-video-preview:-1\" \/>\n<link rel=\"canonical\" href=\"https:\/\/trieste.green\/de\/entdecken-sie-die-gegend\/\" \/>\n<meta property=\"og:locale\" content=\"de_DE\" \/>\n<meta property=\"og:type\" content=\"article\" \/>\n<meta property=\"og:title\" content=\"Entdecken Sie die Gegend - Trieste Green\" \/>\n<meta property=\"og:description\" content=\"[vc_row full_width=&#8220;stretch_row_content&#8220; equal_height=&#8220;yes&#8220; rtl_reverse=&#8220;yes&#8220; content_placement=&#8220;middle&#8220; css_animation=&#8220;none&#8220; css=&#8220;.vc_custom_1596670243376{margin-top: 0px !important;margin-right: 0px !important;margin-left: 0px !important;border-top-width: 0px !important;border-right-width: 0px !important;border-left-width: 0px !important;padding-top: 0px !important;padding-right: 0px !important;padding-left: 0px !important;}&#8220;][vc_column css=&#8220;.vc_custom_1596704106845{margin-top: 0px !important;margin-right: 0px !important;margin-bottom: 0px !important;margin-left: 0px !important;border-top-width: 0px !important;border-right-width: 0px !important;border-bottom-width: 0px !important;border-left-width: 0px !important;padding-top: 0px !important;padding-right: 0px !important;padding-bottom: 0px !important;padding-left: 0px !important;}&#8220; offset=&#8220;vc_hidden-lg vc_hidden-md vc_hidden-sm&#8220;][vc_single_image image=&#8220;1664&#8243; alignment=&#8220;center&#8220; [&hellip;]\" \/>\n<meta property=\"og:url\" content=\"https:\/\/trieste.green\/de\/entdecken-sie-die-gegend\/\" \/>\n<meta property=\"og:site_name\" content=\"Trieste Green\" \/>\n<meta property=\"article:modified_time\" content=\"2021-05-17T14:19:01+00:00\" \/>\n<meta property=\"og:image\" content=\"https:\/\/trieste.green\/wp-content\/uploads\/2020\/08\/IMG_5316-scaled.jpg\" \/>\n\t<meta property=\"og:image:width\" content=\"2560\" \/>\n\t<meta property=\"og:image:height\" content=\"1920\" \/>\n\t<meta property=\"og:image:type\" content=\"image\/jpeg\" \/>\n<meta name=\"twitter:card\" content=\"summary_large_image\" \/>\n<meta name=\"twitter:label1\" content=\"Gesch\u00e4tzte Lesezeit\" \/>\n\t<meta name=\"twitter:data1\" content=\"4\u00a0Minuten\" \/>\n<script type=\"application\/ld+json\" class=\"yoast-schema-graph\">{\"@context\":\"https:\/\/schema.org\",\"@graph\":[{\"@type\":\"WebPage\",\"@id\":\"https:\/\/trieste.green\/de\/entdecken-sie-die-gegend\/\",\"url\":\"https:\/\/trieste.green\/de\/entdecken-sie-die-gegend\/\",\"name\":\"Entdecken Sie die Gegend - Trieste Green\",\"isPartOf\":{\"@id\":\"https:\/\/trieste.green\/de\/#website\"},\"primaryImageOfPage\":{\"@id\":\"https:\/\/trieste.green\/de\/entdecken-sie-die-gegend\/#primaryimage\"},\"image\":{\"@id\":\"https:\/\/trieste.green\/de\/entdecken-sie-die-gegend\/#primaryimage\"},\"thumbnailUrl\":\"https:\/\/trieste.green\/wp-content\/uploads\/2020\/08\/IMG_5316-scaled.jpg\",\"datePublished\":\"2020-07-28T11:23:32+00:00\",\"dateModified\":\"2021-05-17T14:19:01+00:00\",\"breadcrumb\":{\"@id\":\"https:\/\/trieste.green\/de\/entdecken-sie-die-gegend\/#breadcrumb\"},\"inLanguage\":\"de\",\"potentialAction\":[{\"@type\":\"ReadAction\",\"target\":[\"https:\/\/trieste.green\/de\/entdecken-sie-die-gegend\/\"]}]},{\"@type\":\"ImageObject\",\"inLanguage\":\"de\",\"@id\":\"https:\/\/trieste.green\/de\/entdecken-sie-die-gegend\/#primaryimage\",\"url\":\"https:\/\/trieste.green\/wp-content\/uploads\/2020\/08\/IMG_5316-scaled.jpg\",\"contentUrl\":\"https:\/\/trieste.green\/wp-content\/uploads\/2020\/08\/IMG_5316-scaled.jpg\",\"width\":2560,\"height\":1920,\"caption\":\"Tour delle trincee in e-bike\"},{\"@type\":\"BreadcrumbList\",\"@id\":\"https:\/\/trieste.green\/de\/entdecken-sie-die-gegend\/#breadcrumb\",\"itemListElement\":[{\"@type\":\"ListItem\",\"position\":1,\"name\":\"Home\",\"item\":\"https:\/\/trieste.green\/de\/\"},{\"@type\":\"ListItem\",\"position\":2,\"name\":\"Entdecken Sie die Gegend\"}]},{\"@type\":\"WebSite\",\"@id\":\"https:\/\/trieste.green\/de\/#website\",\"url\":\"https:\/\/trieste.green\/de\/\",\"name\":\"Trieste Green\",\"description\":\"\",\"publisher\":{\"@id\":\"https:\/\/trieste.green\/de\/#organization\"},\"potentialAction\":[{\"@type\":\"SearchAction\",\"target\":{\"@type\":\"EntryPoint\",\"urlTemplate\":\"https:\/\/trieste.green\/de\/?s={search_term_string}\"},\"query-input\":{\"@type\":\"PropertyValueSpecification\",\"valueRequired\":true,\"valueName\":\"search_term_string\"}}],\"inLanguage\":\"de\"},{\"@type\":\"Organization\",\"@id\":\"https:\/\/trieste.green\/de\/#organization\",\"name\":\"Trieste Green\",\"url\":\"https:\/\/trieste.green\/de\/\",\"logo\":{\"@type\":\"ImageObject\",\"inLanguage\":\"de\",\"@id\":\"https:\/\/trieste.green\/de\/#\/schema\/logo\/image\/\",\"url\":\"http:\/\/trieste.green\/wp-content\/uploads\/2020\/08\/logo-tsgreen-1-128h.png\",\"contentUrl\":\"http:\/\/trieste.green\/wp-content\/uploads\/2020\/08\/logo-tsgreen-1-128h.png\",\"width\":128,\"height\":128,\"caption\":\"Trieste Green\"},\"image\":{\"@id\":\"https:\/\/trieste.green\/de\/#\/schema\/logo\/image\/\"}}]}<\/script>\n<!-- \/ Yoast SEO plugin. -->","yoast_head_json":{"title":"Entdecken Sie die Gegend - Trieste Green","robots":{"index":"index","follow":"follow","max-snippet":"max-snippet:-1","max-image-preview":"max-image-preview:large","max-video-preview":"max-video-preview:-1"},"canonical":"https:\/\/trieste.green\/de\/entdecken-sie-die-gegend\/","og_locale":"de_DE","og_type":"article","og_title":"Entdecken Sie die Gegend - Trieste Green","og_description":"[vc_row full_width=&#8220;stretch_row_content&#8220; equal_height=&#8220;yes&#8220; rtl_reverse=&#8220;yes&#8220; content_placement=&#8220;middle&#8220; css_animation=&#8220;none&#8220; css=&#8220;.vc_custom_1596670243376{margin-top: 0px !important;margin-right: 0px !important;margin-left: 0px !important;border-top-width: 0px !important;border-right-width: 0px !important;border-left-width: 0px !important;padding-top: 0px !important;padding-right: 0px !important;padding-left: 0px !important;}&#8220;][vc_column css=&#8220;.vc_custom_1596704106845{margin-top: 0px !important;margin-right: 0px !important;margin-bottom: 0px !important;margin-left: 0px !important;border-top-width: 0px !important;border-right-width: 0px !important;border-bottom-width: 0px !important;border-left-width: 0px !important;padding-top: 0px !important;padding-right: 0px !important;padding-bottom: 0px !important;padding-left: 0px !important;}&#8220; offset=&#8220;vc_hidden-lg vc_hidden-md vc_hidden-sm&#8220;][vc_single_image image=&#8220;1664&#8243; alignment=&#8220;center&#8220; [&hellip;]","og_url":"https:\/\/trieste.green\/de\/entdecken-sie-die-gegend\/","og_site_name":"Trieste Green","article_modified_time":"2021-05-17T14:19:01+00:00","og_image":[{"width":2560,"height":1920,"url":"https:\/\/trieste.green\/wp-content\/uploads\/2020\/08\/IMG_5316-scaled.jpg","type":"image\/jpeg"}],"twitter_card":"summary_large_image","twitter_misc":{"Gesch\u00e4tzte Lesezeit":"4\u00a0Minuten"},"schema":{"@context":"https:\/\/schema.org","@graph":[{"@type":"WebPage","@id":"https:\/\/trieste.green\/de\/entdecken-sie-die-gegend\/","url":"https:\/\/trieste.green\/de\/entdecken-sie-die-gegend\/","name":"Entdecken Sie die Gegend - Trieste Green","isPartOf":{"@id":"https:\/\/trieste.green\/de\/#website"},"primaryImageOfPage":{"@id":"https:\/\/trieste.green\/de\/entdecken-sie-die-gegend\/#primaryimage"},"image":{"@id":"https:\/\/trieste.green\/de\/entdecken-sie-die-gegend\/#primaryimage"},"thumbnailUrl":"https:\/\/trieste.green\/wp-content\/uploads\/2020\/08\/IMG_5316-scaled.jpg","datePublished":"2020-07-28T11:23:32+00:00","dateModified":"2021-05-17T14:19:01+00:00","breadcrumb":{"@id":"https:\/\/trieste.green\/de\/entdecken-sie-die-gegend\/#breadcrumb"},"inLanguage":"de","potentialAction":[{"@type":"ReadAction","target":["https:\/\/trieste.green\/de\/entdecken-sie-die-gegend\/"]}]},{"@type":"ImageObject","inLanguage":"de","@id":"https:\/\/trieste.green\/de\/entdecken-sie-die-gegend\/#primaryimage","url":"https:\/\/trieste.green\/wp-content\/uploads\/2020\/08\/IMG_5316-scaled.jpg","contentUrl":"https:\/\/trieste.green\/wp-content\/uploads\/2020\/08\/IMG_5316-scaled.jpg","width":2560,"height":1920,"caption":"Tour delle trincee in e-bike"},{"@type":"BreadcrumbList","@id":"https:\/\/trieste.green\/de\/entdecken-sie-die-gegend\/#breadcrumb","itemListElement":[{"@type":"ListItem","position":1,"name":"Home","item":"https:\/\/trieste.green\/de\/"},{"@type":"ListItem","position":2,"name":"Entdecken Sie die Gegend"}]},{"@type":"WebSite","@id":"https:\/\/trieste.green\/de\/#website","url":"https:\/\/trieste.green\/de\/","name":"Trieste Green","description":"","publisher":{"@id":"https:\/\/trieste.green\/de\/#organization"},"potentialAction":[{"@type":"SearchAction","target":{"@type":"EntryPoint","urlTemplate":"https:\/\/trieste.green\/de\/?s={search_term_string}"},"query-input":{"@type":"PropertyValueSpecification","valueRequired":true,"valueName":"search_term_string"}}],"inLanguage":"de"},{"@type":"Organization","@id":"https:\/\/trieste.green\/de\/#organization","name":"Trieste Green","url":"https:\/\/trieste.green\/de\/","logo":{"@type":"ImageObject","inLanguage":"de","@id":"https:\/\/trieste.green\/de\/#\/schema\/logo\/image\/","url":"http:\/\/trieste.green\/wp-content\/uploads\/2020\/08\/logo-tsgreen-1-128h.png","contentUrl":"http:\/\/trieste.green\/wp-content\/uploads\/2020\/08\/logo-tsgreen-1-128h.png","width":128,"height":128,"caption":"Trieste Green"},"image":{"@id":"https:\/\/trieste.green\/de\/#\/schema\/logo\/image\/"}}]}},"_links":{"self":[{"href":"https:\/\/trieste.green\/de\/wp-json\/wp\/v2\/pages\/5318","targetHints":{"allow":["GET"]}}],"collection":[{"href":"https:\/\/trieste.green\/de\/wp-json\/wp\/v2\/pages"}],"about":[{"href":"https:\/\/trieste.green\/de\/wp-json\/wp\/v2\/types\/page"}],"author":[{"embeddable":true,"href":"https:\/\/trieste.green\/de\/wp-json\/wp\/v2\/users\/3"}],"replies":[{"embeddable":true,"href":"https:\/\/trieste.green\/de\/wp-json\/wp\/v2\/comments?post=5318"}],"version-history":[{"count":0,"href":"https:\/\/trieste.green\/de\/wp-json\/wp\/v2\/pages\/5318\/revisions"}],"wp:featuredmedia":[{"embeddable":true,"href":"https:\/\/trieste.green\/de\/wp-json\/wp\/v2\/media\/1778"}],"wp:attachment":[{"href":"https:\/\/trieste.green\/de\/wp-json\/wp\/v2\/media?parent=5318"}],"curies":[{"name":"wp","href":"https:\/\/api.w.org\/{rel}","templated":true}]}}